{"id":15138,"date":"2025-04-19T16:14:27","date_gmt":"2025-04-19T13:14:27","guid":{"rendered":"https:\/\/www.duunauspalvelutjarvi.fi\/?post_type=product&#038;p=15138"},"modified":"2026-02-17T01:08:12","modified_gmt":"2026-02-16T23:08:12","slug":"wwjd-duo-pack","status":"publish","type":"product","link":"https:\/\/www.duunauspalvelutjarvi.fi\/?product=wwjd-duo-pack","title":{"rendered":"WWJD Duo-Pack"},"content":{"rendered":"<p class=\"\" data-start=\"829\" data-end=\"861\">Molemmat mallit \u2013 yksi sanoma.<\/p>\n<p class=\"\" data-start=\"868\" data-end=\"971\">T\u00e4ydellinen yhdistelm\u00e4 molempia WWJD-rannekkeita. Pid\u00e4 toinen itsell\u00e4si ja lahjoita toinen yst\u00e4v\u00e4lle.<\/p>\n<p class=\"\" data-start=\"978\" data-end=\"1106\">\u2705 Sis\u00e4lt\u00e4\u00e4 1 silikonirannekkeen ja 1 kangasrannekkeen<\/p>\n<p class=\"\" data-start=\"978\" data-end=\"1106\">\u2705 Edullinen pakettihinta<\/p>\n<p class=\"\" data-start=\"978\" data-end=\"1106\">\u2705 Symboloi uskoa, rohkaisua ja yhteytt\u00e4<\/p>\n<p data-start=\"978\" data-end=\"1106\">\u2705 Useita v\u00e4rej\u00e4 \u2013 Randomi v\u00e4rit<\/p>\n<p class=\"\" data-start=\"1113\" data-end=\"1190\">\ud83d\udcac WWJD muistuttaa, ett\u00e4 jokainen valinta on mahdollisuus toimia rakkaudessa.<\/p>\n","protected":false},"excerpt":{"rendered":"<p>Molemmat mallit \u2013 yksi sanoma. T\u00e4ydellinen yhdistelm\u00e4 molempia WWJD-rannekkeita. Pid\u00e4 toinen itsell\u00e4si ja lahjoita toinen yst\u00e4v\u00e4lle. \u2705 Sis\u00e4lt\u00e4\u00e4 1 silikonirannekkeen ja 1 kangasrannekkeen \u2705 Edullinen pakettihinta \u2705 Symboloi uskoa, rohkaisua ja yhteytt\u00e4 \u2705 Useita v\u00e4rej\u00e4 \u2013 Randomi v\u00e4rit \ud83d\udcac WWJD muistuttaa, ett\u00e4 jokainen valinta on mahdollisuus toimia rakkaudessa.<\/p>\n","protected":false},"featured_media":15133,"comment_status":"open","ping_status":"closed","template":"","meta":[],"product_brand":[],"product_cat":[721],"product_tag":[],"class_list":{"0":"post-15138","1":"product","2":"type-product","3":"status-publish","4":"has-post-thumbnail","6":"product_cat-rannekkeet-korut","7":"product_shipping_class-ilmainen","9":"first","10":"outofstock","11":"taxable","12":"shipping-taxable","13":"purchasable","14":"product-type-simple"},"yoast_head":"<!-- This site is optimized with the Yoast SEO plugin v27.5 - https:\/\/yoast.com\/product\/yoast-seo-wordpress\/ -->\n<title>WWJD Duo-Pack -<\/title>\n<meta name=\"robots\" content=\"index, follow, max-snippet:-1, max-image-preview:large, max-video-preview:-1\" \/>\n<link rel=\"canonical\" href=\"https:\/\/www.duunauspalvelutjarvi.fi\/?product=wwjd-duo-pack\" \/>\n<meta property=\"og:locale\" content=\"fi_FI\" \/>\n<meta property=\"og:type\" content=\"article\" \/>\n<meta property=\"og:title\" content=\"WWJD Duo-Pack -\" \/>\n<meta property=\"og:description\" content=\"Molemmat mallit \u2013 yksi sanoma. T\u00e4ydellinen yhdistelm\u00e4 molempia WWJD-rannekkeita. Pid\u00e4 toinen itsell\u00e4si ja lahjoita toinen yst\u00e4v\u00e4lle. \u2705 Sis\u00e4lt\u00e4\u00e4 1 silikonirannekkeen ja 1 kangasrannekkeen \u2705 Edullinen pakettihinta \u2705 Symboloi uskoa, rohkaisua ja yhteytt\u00e4 \u2705 Useita v\u00e4rej\u00e4 \u2013 Randomi v\u00e4rit \ud83d\udcac WWJD muistuttaa, ett\u00e4 jokainen valinta on mahdollisuus toimia rakkaudessa.\" \/>\n<meta property=\"og:url\" content=\"https:\/\/www.duunauspalvelutjarvi.fi\/?product=wwjd-duo-pack\" \/>\n<meta property=\"article:modified_time\" content=\"2026-02-16T23:08:12+00:00\" \/>\n<meta property=\"og:image\" content=\"https:\/\/www.duunauspalvelutjarvi.fi\/wp-content\/uploads\/2025\/04\/WhatsApp-Kuva-2025-04-19-klo-14.21.29_2f2c6858.jpg\" \/>\n\t<meta property=\"og:image:width\" content=\"1024\" \/>\n\t<meta property=\"og:image:height\" content=\"1536\" \/>\n\t<meta property=\"og:image:type\" content=\"image\/jpeg\" \/>\n<meta name=\"twitter:card\" content=\"summary_large_image\" \/>\n<meta name=\"twitter:label1\" content=\"Arvioitu lukuaika\" \/>\n\t<meta name=\"twitter:data1\" content=\"1 minuutti\" \/>\n<script type=\"application\/ld+json\" class=\"yoast-schema-graph\">{\"@context\":\"https:\\\/\\\/schema.org\",\"@graph\":[{\"@type\":\"WebPage\",\"@id\":\"https:\\\/\\\/www.duunauspalvelutjarvi.fi\\\/?product=wwjd-duo-pack\",\"url\":\"https:\\\/\\\/www.duunauspalvelutjarvi.fi\\\/?product=wwjd-duo-pack\",\"name\":\"WWJD Duo-Pack -\",\"isPartOf\":{\"@id\":\"https:\\\/\\\/www.duunauspalvelutjarvi.fi\\\/#website\"},\"primaryImageOfPage\":{\"@id\":\"https:\\\/\\\/www.duunauspalvelutjarvi.fi\\\/?product=wwjd-duo-pack#primaryimage\"},\"image\":{\"@id\":\"https:\\\/\\\/www.duunauspalvelutjarvi.fi\\\/?product=wwjd-duo-pack#primaryimage\"},\"thumbnailUrl\":\"https:\\\/\\\/www.duunauspalvelutjarvi.fi\\\/wp-content\\\/uploads\\\/2025\\\/04\\\/WhatsApp-Kuva-2025-04-19-klo-14.21.29_2f2c6858.jpg\",\"datePublished\":\"2025-04-19T13:14:27+00:00\",\"dateModified\":\"2026-02-16T23:08:12+00:00\",\"breadcrumb\":{\"@id\":\"https:\\\/\\\/www.duunauspalvelutjarvi.fi\\\/?product=wwjd-duo-pack#breadcrumb\"},\"inLanguage\":\"fi\",\"potentialAction\":[{\"@type\":\"ReadAction\",\"target\":[\"https:\\\/\\\/www.duunauspalvelutjarvi.fi\\\/?product=wwjd-duo-pack\"]}]},{\"@type\":\"ImageObject\",\"inLanguage\":\"fi\",\"@id\":\"https:\\\/\\\/www.duunauspalvelutjarvi.fi\\\/?product=wwjd-duo-pack#primaryimage\",\"url\":\"https:\\\/\\\/www.duunauspalvelutjarvi.fi\\\/wp-content\\\/uploads\\\/2025\\\/04\\\/WhatsApp-Kuva-2025-04-19-klo-14.21.29_2f2c6858.jpg\",\"contentUrl\":\"https:\\\/\\\/www.duunauspalvelutjarvi.fi\\\/wp-content\\\/uploads\\\/2025\\\/04\\\/WhatsApp-Kuva-2025-04-19-klo-14.21.29_2f2c6858.jpg\",\"width\":1024,\"height\":1536},{\"@type\":\"BreadcrumbList\",\"@id\":\"https:\\\/\\\/www.duunauspalvelutjarvi.fi\\\/?product=wwjd-duo-pack#breadcrumb\",\"itemListElement\":[{\"@type\":\"ListItem\",\"position\":1,\"name\":\"Etusivu\",\"item\":\"https:\\\/\\\/www.duunauspalvelutjarvi.fi\\\/\"},{\"@type\":\"ListItem\",\"position\":2,\"name\":\"Etusivu\",\"item\":\"https:\\\/\\\/www.duunauspalvelutjarvi.fi\\\/\"},{\"@type\":\"ListItem\",\"position\":3,\"name\":\"WWJD Duo-Pack\"}]},{\"@type\":\"WebSite\",\"@id\":\"https:\\\/\\\/www.duunauspalvelutjarvi.fi\\\/#website\",\"url\":\"https:\\\/\\\/www.duunauspalvelutjarvi.fi\\\/\",\"name\":\"\",\"description\":\"\",\"potentialAction\":[{\"@type\":\"SearchAction\",\"target\":{\"@type\":\"EntryPoint\",\"urlTemplate\":\"https:\\\/\\\/www.duunauspalvelutjarvi.fi\\\/?s={search_term_string}\"},\"query-input\":{\"@type\":\"PropertyValueSpecification\",\"valueRequired\":true,\"valueName\":\"search_term_string\"}}],\"inLanguage\":\"fi\"}]}<\/script>\n<!-- \/ Yoast SEO plugin. -->","yoast_head_json":{"title":"WWJD Duo-Pack -","robots":{"index":"index","follow":"follow","max-snippet":"max-snippet:-1","max-image-preview":"max-image-preview:large","max-video-preview":"max-video-preview:-1"},"canonical":"https:\/\/www.duunauspalvelutjarvi.fi\/?product=wwjd-duo-pack","og_locale":"fi_FI","og_type":"article","og_title":"WWJD Duo-Pack -","og_description":"Molemmat mallit \u2013 yksi sanoma. T\u00e4ydellinen yhdistelm\u00e4 molempia WWJD-rannekkeita. Pid\u00e4 toinen itsell\u00e4si ja lahjoita toinen yst\u00e4v\u00e4lle. \u2705 Sis\u00e4lt\u00e4\u00e4 1 silikonirannekkeen ja 1 kangasrannekkeen \u2705 Edullinen pakettihinta \u2705 Symboloi uskoa, rohkaisua ja yhteytt\u00e4 \u2705 Useita v\u00e4rej\u00e4 \u2013 Randomi v\u00e4rit \ud83d\udcac WWJD muistuttaa, ett\u00e4 jokainen valinta on mahdollisuus toimia rakkaudessa.","og_url":"https:\/\/www.duunauspalvelutjarvi.fi\/?product=wwjd-duo-pack","article_modified_time":"2026-02-16T23:08:12+00:00","og_image":[{"width":1024,"height":1536,"url":"https:\/\/www.duunauspalvelutjarvi.fi\/wp-content\/uploads\/2025\/04\/WhatsApp-Kuva-2025-04-19-klo-14.21.29_2f2c6858.jpg","type":"image\/jpeg"}],"twitter_card":"summary_large_image","twitter_misc":{"Arvioitu lukuaika":"1 minuutti"},"schema":{"@context":"https:\/\/schema.org","@graph":[{"@type":"WebPage","@id":"https:\/\/www.duunauspalvelutjarvi.fi\/?product=wwjd-duo-pack","url":"https:\/\/www.duunauspalvelutjarvi.fi\/?product=wwjd-duo-pack","name":"WWJD Duo-Pack -","isPartOf":{"@id":"https:\/\/www.duunauspalvelutjarvi.fi\/#website"},"primaryImageOfPage":{"@id":"https:\/\/www.duunauspalvelutjarvi.fi\/?product=wwjd-duo-pack#primaryimage"},"image":{"@id":"https:\/\/www.duunauspalvelutjarvi.fi\/?product=wwjd-duo-pack#primaryimage"},"thumbnailUrl":"https:\/\/www.duunauspalvelutjarvi.fi\/wp-content\/uploads\/2025\/04\/WhatsApp-Kuva-2025-04-19-klo-14.21.29_2f2c6858.jpg","datePublished":"2025-04-19T13:14:27+00:00","dateModified":"2026-02-16T23:08:12+00:00","breadcrumb":{"@id":"https:\/\/www.duunauspalvelutjarvi.fi\/?product=wwjd-duo-pack#breadcrumb"},"inLanguage":"fi","potentialAction":[{"@type":"ReadAction","target":["https:\/\/www.duunauspalvelutjarvi.fi\/?product=wwjd-duo-pack"]}]},{"@type":"ImageObject","inLanguage":"fi","@id":"https:\/\/www.duunauspalvelutjarvi.fi\/?product=wwjd-duo-pack#primaryimage","url":"https:\/\/www.duunauspalvelutjarvi.fi\/wp-content\/uploads\/2025\/04\/WhatsApp-Kuva-2025-04-19-klo-14.21.29_2f2c6858.jpg","contentUrl":"https:\/\/www.duunauspalvelutjarvi.fi\/wp-content\/uploads\/2025\/04\/WhatsApp-Kuva-2025-04-19-klo-14.21.29_2f2c6858.jpg","width":1024,"height":1536},{"@type":"BreadcrumbList","@id":"https:\/\/www.duunauspalvelutjarvi.fi\/?product=wwjd-duo-pack#breadcrumb","itemListElement":[{"@type":"ListItem","position":1,"name":"Etusivu","item":"https:\/\/www.duunauspalvelutjarvi.fi\/"},{"@type":"ListItem","position":2,"name":"Etusivu","item":"https:\/\/www.duunauspalvelutjarvi.fi\/"},{"@type":"ListItem","position":3,"name":"WWJD Duo-Pack"}]},{"@type":"WebSite","@id":"https:\/\/www.duunauspalvelutjarvi.fi\/#website","url":"https:\/\/www.duunauspalvelutjarvi.fi\/","name":"","description":"","potentialAction":[{"@type":"SearchAction","target":{"@type":"EntryPoint","urlTemplate":"https:\/\/www.duunauspalvelutjarvi.fi\/?s={search_term_string}"},"query-input":{"@type":"PropertyValueSpecification","valueRequired":true,"valueName":"search_term_string"}}],"inLanguage":"fi"}]}},"jetpack_sharing_enabled":true,"_links":{"self":[{"href":"https:\/\/www.duunauspalvelutjarvi.fi\/index.php?rest_route=\/wp\/v2\/product\/15138","targetHints":{"allow":["GET"]}}],"collection":[{"href":"https:\/\/www.duunauspalvelutjarvi.fi\/index.php?rest_route=\/wp\/v2\/product"}],"about":[{"href":"https:\/\/www.duunauspalvelutjarvi.fi\/index.php?rest_route=\/wp\/v2\/types\/product"}],"replies":[{"embeddable":true,"href":"https:\/\/www.duunauspalvelutjarvi.fi\/index.php?rest_route=%2Fwp%2Fv2%2Fcomments&post=15138"}],"wp:featuredmedia":[{"embeddable":true,"href":"https:\/\/www.duunauspalvelutjarvi.fi\/index.php?rest_route=\/wp\/v2\/media\/15133"}],"wp:attachment":[{"href":"https:\/\/www.duunauspalvelutjarvi.fi\/index.php?rest_route=%2Fwp%2Fv2%2Fmedia&parent=15138"}],"wp:term":[{"taxonomy":"product_brand","embeddable":true,"href":"https:\/\/www.duunauspalvelutjarvi.fi\/index.php?rest_route=%2Fwp%2Fv2%2Fproduct_brand&post=15138"},{"taxonomy":"product_cat","embeddable":true,"href":"https:\/\/www.duunauspalvelutjarvi.fi\/index.php?rest_route=%2Fwp%2Fv2%2Fproduct_cat&post=15138"},{"taxonomy":"product_tag","embeddable":true,"href":"https:\/\/www.duunauspalvelutjarvi.fi\/index.php?rest_route=%2Fwp%2Fv2%2Fproduct_tag&post=15138"}],"curies":[{"name":"wp","href":"https:\/\/api.w.org\/{rel}","templated":true}]}}