{"id":15284,"date":"2025-08-10T21:21:16","date_gmt":"2025-08-10T18:21:16","guid":{"rendered":"https:\/\/www.duunauspalvelutjarvi.fi\/?post_type=product&#038;p=15284"},"modified":"2025-10-09T11:36:46","modified_gmt":"2025-10-09T08:36:46","slug":"luminalights-defender-max-9-amber-spot-led-lisavalo","status":"publish","type":"product","link":"https:\/\/www.duunauspalvelutjarvi.fi\/?product=luminalights-defender-max-9-amber-spot-led-lisavalo","title":{"rendered":"LuminaLights Defender+ MAX 9 Amber Spot led-lis\u00e4valo"},"content":{"rendered":"<p>LuminaLights Defender+ MAX 9 SPOT Amber on Defender+ sarjan huippu-uutuus. Keltaisen linssin ansiosta sumussa sek\u00e4 lumisateessa ajaminen on suoraan sanoen nautinto! T\u00e4m\u00e4 lis\u00e4valo on varustettu eritt\u00e4in kauaskantoisella pistevalokuviolla. Siit\u00e4 syyst\u00e4 t\u00e4m\u00e4 kyseinen lis\u00e4valo onkin vain hyv\u00e4ksytty maastok\u00e4ytt\u00f6\u00f6n. Taattua LuminaLights laatua 24kk takuulla!<\/p>\n<p><strong>Valitse pelkk\u00e4 valaisin, tai valmis lis\u00e4valopaketti.<\/strong><\/p>\n<p>2 valon t\u00e4ydellinen lis\u00e4valopaketti sis\u00e4lt\u00e4\u00e4:<\/p>\n<ul>\n<li>2 x Defender+ MAX 9 AMBER SPOT lis\u00e4valo<\/li>\n<li>2 x Tukitanko<\/li>\n<li>Lis\u00e4valoteline RST Pro 3mm<\/li>\n<li>Relejohtosarja<\/li>\n<li>Kiinnitysruuvit lis\u00e4valotelineelle<\/li>\n<\/ul>\n<p><strong>3 valon t\u00e4ydellinen lis\u00e4valopaketti sis\u00e4lt\u00e4\u00e4:<\/strong><\/p>\n<ul>\n<li>3 x Defender+ MAX 9 AMBER SPOT lis\u00e4valo<\/li>\n<li>3 x Tukitanko<\/li>\n<li>Lis\u00e4valoteline 3-valolle Wide RST<\/li>\n<li>Relejohtosarjat<\/li>\n<li>Kiinnitysruuvit lis\u00e4valotelineelle<\/li>\n<\/ul>\n<p><strong><em>HUOM! Vain maastok\u00e4ytt\u00f6\u00f6n!<\/em><\/strong><\/p>\n<div class=\"ProductFile__name\"><strong><a href=\"https:\/\/www.duunauspalvelutjarvi.fi\/wp-content\/uploads\/2021\/02\/8020105206-LuminaLights_DEFENDER_manual_a1ed79ff3d4537a187cf91af3ea06601.pdf\">LuminaLights_DEFENDER+_manual.pdf<\/a><\/strong><\/div>\n<div id=\"videoData\" data-video-ids=\"youtube:Row0LvB_Uw4\"><\/div>\n","protected":false},"excerpt":{"rendered":"<p>LuminaLights Defender+ MAX 9 SPOT Amber on Defender+ sarjan huippu-uutuus. Keltaisen linssin ansiosta sumussa sek\u00e4 lumisateessa ajaminen on suoraan sanoen nautinto! T\u00e4m\u00e4 lis\u00e4valo on varustettu eritt\u00e4in kauaskantoisella pistevalokuviolla. Siit\u00e4 syyst\u00e4 t\u00e4m\u00e4 kyseinen lis\u00e4valo onkin vain hyv\u00e4ksytty maastok\u00e4ytt\u00f6\u00f6n. Taattua LuminaLights laatua 24kk takuulla! Valitse pelkk\u00e4 valaisin, tai valmis lis\u00e4valopaketti. 2 valon t\u00e4ydellinen lis\u00e4valopaketti sis\u00e4lt\u00e4\u00e4: 2 x [&hellip;]<\/p>\n","protected":false},"featured_media":15285,"comment_status":"open","ping_status":"closed","template":"","meta":[],"product_brand":[704],"product_cat":[43],"product_tag":[],"class_list":{"0":"post-15284","1":"product","2":"type-product","3":"status-publish","4":"has-post-thumbnail","6":"product_brand-luminalights","7":"product_cat-pyoreat-lisavalot","8":"product_shipping_class-l-paketti","10":"first","11":"instock","12":"taxable","13":"shipping-taxable","14":"purchasable","15":"product-type-variable"},"yoast_head":"<!-- This site is optimized with the Yoast SEO plugin v27.3 - https:\/\/yoast.com\/product\/yoast-seo-wordpress\/ -->\n<title>LuminaLights Defender+ MAX 9 Amber Spot led-lis\u00e4valo -<\/title>\n<meta name=\"robots\" content=\"index, follow, max-snippet:-1, max-image-preview:large, max-video-preview:-1\" \/>\n<link rel=\"canonical\" href=\"https:\/\/www.duunauspalvelutjarvi.fi\/?product=luminalights-defender-max-9-amber-spot-led-lisavalo\" \/>\n<meta property=\"og:locale\" content=\"fi_FI\" \/>\n<meta property=\"og:type\" content=\"article\" \/>\n<meta property=\"og:title\" content=\"LuminaLights Defender+ MAX 9 Amber Spot led-lis\u00e4valo -\" \/>\n<meta property=\"og:description\" content=\"LuminaLights Defender+ MAX 9 SPOT Amber on Defender+ sarjan huippu-uutuus. Keltaisen linssin ansiosta sumussa sek\u00e4 lumisateessa ajaminen on suoraan sanoen nautinto! T\u00e4m\u00e4 lis\u00e4valo on varustettu eritt\u00e4in kauaskantoisella pistevalokuviolla. Siit\u00e4 syyst\u00e4 t\u00e4m\u00e4 kyseinen lis\u00e4valo onkin vain hyv\u00e4ksytty maastok\u00e4ytt\u00f6\u00f6n. Taattua LuminaLights laatua 24kk takuulla! Valitse pelkk\u00e4 valaisin, tai valmis lis\u00e4valopaketti. 2 valon t\u00e4ydellinen lis\u00e4valopaketti sis\u00e4lt\u00e4\u00e4: 2 x [&hellip;]\" \/>\n<meta property=\"og:url\" content=\"https:\/\/www.duunauspalvelutjarvi.fi\/?product=luminalights-defender-max-9-amber-spot-led-lisavalo\" \/>\n<meta property=\"article:modified_time\" content=\"2025-10-09T08:36:46+00:00\" \/>\n<meta property=\"og:image\" content=\"https:\/\/www.duunauspalvelutjarvi.fi\/wp-content\/uploads\/2025\/08\/tuotesivu_luminalightsdefendermax9amberspot_8020105207_9674a8c55bca_2.webp\" \/>\n\t<meta property=\"og:image:width\" content=\"732\" \/>\n\t<meta property=\"og:image:height\" content=\"732\" \/>\n\t<meta property=\"og:image:type\" content=\"image\/webp\" \/>\n<meta name=\"twitter:card\" content=\"summary_large_image\" \/>\n<meta name=\"twitter:label1\" content=\"Arvioitu lukuaika\" \/>\n\t<meta name=\"twitter:data1\" content=\"1 minuutti\" \/>\n<script type=\"application\/ld+json\" class=\"yoast-schema-graph\">{\"@context\":\"https:\\\/\\\/schema.org\",\"@graph\":[{\"@type\":\"WebPage\",\"@id\":\"https:\\\/\\\/www.duunauspalvelutjarvi.fi\\\/?product=luminalights-defender-max-9-amber-spot-led-lisavalo\",\"url\":\"https:\\\/\\\/www.duunauspalvelutjarvi.fi\\\/?product=luminalights-defender-max-9-amber-spot-led-lisavalo\",\"name\":\"LuminaLights Defender+ MAX 9 Amber Spot led-lis\u00e4valo -\",\"isPartOf\":{\"@id\":\"https:\\\/\\\/www.duunauspalvelutjarvi.fi\\\/#website\"},\"primaryImageOfPage\":{\"@id\":\"https:\\\/\\\/www.duunauspalvelutjarvi.fi\\\/?product=luminalights-defender-max-9-amber-spot-led-lisavalo#primaryimage\"},\"image\":{\"@id\":\"https:\\\/\\\/www.duunauspalvelutjarvi.fi\\\/?product=luminalights-defender-max-9-amber-spot-led-lisavalo#primaryimage\"},\"thumbnailUrl\":\"https:\\\/\\\/www.duunauspalvelutjarvi.fi\\\/wp-content\\\/uploads\\\/2025\\\/08\\\/tuotesivu_luminalightsdefendermax9amberspot_8020105207_9674a8c55bca_2.webp\",\"datePublished\":\"2025-08-10T18:21:16+00:00\",\"dateModified\":\"2025-10-09T08:36:46+00:00\",\"breadcrumb\":{\"@id\":\"https:\\\/\\\/www.duunauspalvelutjarvi.fi\\\/?product=luminalights-defender-max-9-amber-spot-led-lisavalo#breadcrumb\"},\"inLanguage\":\"fi\",\"potentialAction\":[{\"@type\":\"ReadAction\",\"target\":[\"https:\\\/\\\/www.duunauspalvelutjarvi.fi\\\/?product=luminalights-defender-max-9-amber-spot-led-lisavalo\"]}]},{\"@type\":\"ImageObject\",\"inLanguage\":\"fi\",\"@id\":\"https:\\\/\\\/www.duunauspalvelutjarvi.fi\\\/?product=luminalights-defender-max-9-amber-spot-led-lisavalo#primaryimage\",\"url\":\"https:\\\/\\\/www.duunauspalvelutjarvi.fi\\\/wp-content\\\/uploads\\\/2025\\\/08\\\/tuotesivu_luminalightsdefendermax9amberspot_8020105207_9674a8c55bca_2.webp\",\"contentUrl\":\"https:\\\/\\\/www.duunauspalvelutjarvi.fi\\\/wp-content\\\/uploads\\\/2025\\\/08\\\/tuotesivu_luminalightsdefendermax9amberspot_8020105207_9674a8c55bca_2.webp\",\"width\":732,\"height\":732},{\"@type\":\"BreadcrumbList\",\"@id\":\"https:\\\/\\\/www.duunauspalvelutjarvi.fi\\\/?product=luminalights-defender-max-9-amber-spot-led-lisavalo#breadcrumb\",\"itemListElement\":[{\"@type\":\"ListItem\",\"position\":1,\"name\":\"Etusivu\",\"item\":\"https:\\\/\\\/www.duunauspalvelutjarvi.fi\\\/\"},{\"@type\":\"ListItem\",\"position\":2,\"name\":\"Etusivu\",\"item\":\"https:\\\/\\\/www.duunauspalvelutjarvi.fi\\\/\"},{\"@type\":\"ListItem\",\"position\":3,\"name\":\"LuminaLights Defender+ MAX 9 Amber Spot led-lis\u00e4valo\"}]},{\"@type\":\"WebSite\",\"@id\":\"https:\\\/\\\/www.duunauspalvelutjarvi.fi\\\/#website\",\"url\":\"https:\\\/\\\/www.duunauspalvelutjarvi.fi\\\/\",\"name\":\"\",\"description\":\"\",\"potentialAction\":[{\"@type\":\"SearchAction\",\"target\":{\"@type\":\"EntryPoint\",\"urlTemplate\":\"https:\\\/\\\/www.duunauspalvelutjarvi.fi\\\/?s={search_term_string}\"},\"query-input\":{\"@type\":\"PropertyValueSpecification\",\"valueRequired\":true,\"valueName\":\"search_term_string\"}}],\"inLanguage\":\"fi\"}]}<\/script>\n<!-- \/ Yoast SEO plugin. -->","yoast_head_json":{"title":"LuminaLights Defender+ MAX 9 Amber Spot led-lis\u00e4valo -","robots":{"index":"index","follow":"follow","max-snippet":"max-snippet:-1","max-image-preview":"max-image-preview:large","max-video-preview":"max-video-preview:-1"},"canonical":"https:\/\/www.duunauspalvelutjarvi.fi\/?product=luminalights-defender-max-9-amber-spot-led-lisavalo","og_locale":"fi_FI","og_type":"article","og_title":"LuminaLights Defender+ MAX 9 Amber Spot led-lis\u00e4valo -","og_description":"LuminaLights Defender+ MAX 9 SPOT Amber on Defender+ sarjan huippu-uutuus. Keltaisen linssin ansiosta sumussa sek\u00e4 lumisateessa ajaminen on suoraan sanoen nautinto! T\u00e4m\u00e4 lis\u00e4valo on varustettu eritt\u00e4in kauaskantoisella pistevalokuviolla. Siit\u00e4 syyst\u00e4 t\u00e4m\u00e4 kyseinen lis\u00e4valo onkin vain hyv\u00e4ksytty maastok\u00e4ytt\u00f6\u00f6n. Taattua LuminaLights laatua 24kk takuulla! Valitse pelkk\u00e4 valaisin, tai valmis lis\u00e4valopaketti. 2 valon t\u00e4ydellinen lis\u00e4valopaketti sis\u00e4lt\u00e4\u00e4: 2 x [&hellip;]","og_url":"https:\/\/www.duunauspalvelutjarvi.fi\/?product=luminalights-defender-max-9-amber-spot-led-lisavalo","article_modified_time":"2025-10-09T08:36:46+00:00","og_image":[{"width":732,"height":732,"url":"https:\/\/www.duunauspalvelutjarvi.fi\/wp-content\/uploads\/2025\/08\/tuotesivu_luminalightsdefendermax9amberspot_8020105207_9674a8c55bca_2.webp","type":"image\/webp"}],"twitter_card":"summary_large_image","twitter_misc":{"Arvioitu lukuaika":"1 minuutti"},"schema":{"@context":"https:\/\/schema.org","@graph":[{"@type":"WebPage","@id":"https:\/\/www.duunauspalvelutjarvi.fi\/?product=luminalights-defender-max-9-amber-spot-led-lisavalo","url":"https:\/\/www.duunauspalvelutjarvi.fi\/?product=luminalights-defender-max-9-amber-spot-led-lisavalo","name":"LuminaLights Defender+ MAX 9 Amber Spot led-lis\u00e4valo -","isPartOf":{"@id":"https:\/\/www.duunauspalvelutjarvi.fi\/#website"},"primaryImageOfPage":{"@id":"https:\/\/www.duunauspalvelutjarvi.fi\/?product=luminalights-defender-max-9-amber-spot-led-lisavalo#primaryimage"},"image":{"@id":"https:\/\/www.duunauspalvelutjarvi.fi\/?product=luminalights-defender-max-9-amber-spot-led-lisavalo#primaryimage"},"thumbnailUrl":"https:\/\/www.duunauspalvelutjarvi.fi\/wp-content\/uploads\/2025\/08\/tuotesivu_luminalightsdefendermax9amberspot_8020105207_9674a8c55bca_2.webp","datePublished":"2025-08-10T18:21:16+00:00","dateModified":"2025-10-09T08:36:46+00:00","breadcrumb":{"@id":"https:\/\/www.duunauspalvelutjarvi.fi\/?product=luminalights-defender-max-9-amber-spot-led-lisavalo#breadcrumb"},"inLanguage":"fi","potentialAction":[{"@type":"ReadAction","target":["https:\/\/www.duunauspalvelutjarvi.fi\/?product=luminalights-defender-max-9-amber-spot-led-lisavalo"]}]},{"@type":"ImageObject","inLanguage":"fi","@id":"https:\/\/www.duunauspalvelutjarvi.fi\/?product=luminalights-defender-max-9-amber-spot-led-lisavalo#primaryimage","url":"https:\/\/www.duunauspalvelutjarvi.fi\/wp-content\/uploads\/2025\/08\/tuotesivu_luminalightsdefendermax9amberspot_8020105207_9674a8c55bca_2.webp","contentUrl":"https:\/\/www.duunauspalvelutjarvi.fi\/wp-content\/uploads\/2025\/08\/tuotesivu_luminalightsdefendermax9amberspot_8020105207_9674a8c55bca_2.webp","width":732,"height":732},{"@type":"BreadcrumbList","@id":"https:\/\/www.duunauspalvelutjarvi.fi\/?product=luminalights-defender-max-9-amber-spot-led-lisavalo#breadcrumb","itemListElement":[{"@type":"ListItem","position":1,"name":"Etusivu","item":"https:\/\/www.duunauspalvelutjarvi.fi\/"},{"@type":"ListItem","position":2,"name":"Etusivu","item":"https:\/\/www.duunauspalvelutjarvi.fi\/"},{"@type":"ListItem","position":3,"name":"LuminaLights Defender+ MAX 9 Amber Spot led-lis\u00e4valo"}]},{"@type":"WebSite","@id":"https:\/\/www.duunauspalvelutjarvi.fi\/#website","url":"https:\/\/www.duunauspalvelutjarvi.fi\/","name":"","description":"","potentialAction":[{"@type":"SearchAction","target":{"@type":"EntryPoint","urlTemplate":"https:\/\/www.duunauspalvelutjarvi.fi\/?s={search_term_string}"},"query-input":{"@type":"PropertyValueSpecification","valueRequired":true,"valueName":"search_term_string"}}],"inLanguage":"fi"}]}},"jetpack_sharing_enabled":true,"_links":{"self":[{"href":"https:\/\/www.duunauspalvelutjarvi.fi\/index.php?rest_route=\/wp\/v2\/product\/15284","targetHints":{"allow":["GET"]}}],"collection":[{"href":"https:\/\/www.duunauspalvelutjarvi.fi\/index.php?rest_route=\/wp\/v2\/product"}],"about":[{"href":"https:\/\/www.duunauspalvelutjarvi.fi\/index.php?rest_route=\/wp\/v2\/types\/product"}],"replies":[{"embeddable":true,"href":"https:\/\/www.duunauspalvelutjarvi.fi\/index.php?rest_route=%2Fwp%2Fv2%2Fcomments&post=15284"}],"wp:featuredmedia":[{"embeddable":true,"href":"https:\/\/www.duunauspalvelutjarvi.fi\/index.php?rest_route=\/wp\/v2\/media\/15285"}],"wp:attachment":[{"href":"https:\/\/www.duunauspalvelutjarvi.fi\/index.php?rest_route=%2Fwp%2Fv2%2Fmedia&parent=15284"}],"wp:term":[{"taxonomy":"product_brand","embeddable":true,"href":"https:\/\/www.duunauspalvelutjarvi.fi\/index.php?rest_route=%2Fwp%2Fv2%2Fproduct_brand&post=15284"},{"taxonomy":"product_cat","embeddable":true,"href":"https:\/\/www.duunauspalvelutjarvi.fi\/index.php?rest_route=%2Fwp%2Fv2%2Fproduct_cat&post=15284"},{"taxonomy":"product_tag","embeddable":true,"href":"https:\/\/www.duunauspalvelutjarvi.fi\/index.php?rest_route=%2Fwp%2Fv2%2Fproduct_tag&post=15284"}],"curies":[{"name":"wp","href":"https:\/\/api.w.org\/{rel}","templated":true}]}}