{"id":15299,"date":"2025-08-10T21:56:45","date_gmt":"2025-08-10T18:56:45","guid":{"rendered":"https:\/\/www.duunauspalvelutjarvi.fi\/?post_type=product&#038;p=15299"},"modified":"2025-10-09T11:36:46","modified_gmt":"2025-10-09T08:36:46","slug":"luminalights-power-x-6-led-lisavalo","status":"publish","type":"product","link":"https:\/\/www.duunauspalvelutjarvi.fi\/?product=luminalights-power-x-6-led-lisavalo","title":{"rendered":"LuminaLights Power X 6 LED-Lis\u00e4valo"},"content":{"rendered":"<h3><span class=\"NormalTextRun SpellingErrorV2Themed SCXW46346915 BCX0\" data-ccp-parastyle=\"heading 3\">LuminaLights<\/span><span class=\"NormalTextRun SCXW46346915 BCX0\" data-ccp-parastyle=\"heading 3\">\u00a0POWER X6 \u2013\u00a0<\/span><span class=\"NormalTextRun SCXW46346915 BCX0\" data-ccp-parastyle=\"heading 3\">COMPACT POWER<\/span><\/h3>\n<p><span class=\"TextRun SCXW73812254 BCX0\" lang=\"FI-FI\" xml:lang=\"FI-FI\" data-contrast=\"none\"><strong><span class=\"NormalTextRun SCXW73812254 BCX0\">Lis\u00e4valojen klassikon paluu!<\/span><\/strong>\u00a0<span class=\"NormalTextRun SCXW73812254 BCX0\">POWER X6<\/span><span class=\"NormalTextRun SCXW73812254 BCX0\">\u00a0LED-lis\u00e4valo<\/span>\u00a0<\/span><span class=\"TextRun SCXW73812254 BCX0\" lang=\"FI-FI\" xml:lang=\"FI-FI\" data-contrast=\"none\"><span class=\"NormalTextRun SCXW73812254 BCX0\">yhdist\u00e4\u00e4 huippuluokan suoritustehon uuteen muotoiluun ja parkkivalolla varustettuun rakenteeseen. Kompaktin kokoisen POWER X6 -lis\u00e4valon uusi\u00a0<\/span><span class=\"NormalTextRun SCXW73812254 BCX0\">h<\/span><span class=\"NormalTextRun SCXW73812254 BCX0\">eijast<\/span><span class=\"NormalTextRun SCXW73812254 BCX0\">inoptiikka ja<\/span>\u00a0<span class=\"NormalTextRun SCXW73812254 BCX0\">teho mahdollistavat valokuvion\u00a0<\/span><span class=\"NormalTextRun SCXW73812254 BCX0\">yli kilometrin kantaman\u00a0<\/span><span class=\"NormalTextRun SCXW73812254 BCX0\">ja\u00a0<\/span><span class=\"NormalTextRun SCXW73812254 BCX0\">120 metrin levey<\/span><span class=\"NormalTextRun SCXW73812254 BCX0\">den<\/span><span class=\"NormalTextRun SCXW73812254 BCX0\">.<\/span><\/span><\/p>\n<p><span class=\"TextRun SCXW73812254 BCX0\" lang=\"FI-FI\" xml:lang=\"FI-FI\" data-contrast=\"none\"><span class=\"NormalTextRun SCXW73812254 BCX0\"><span class=\"TextRun SCXW1862173 BCX0\" lang=\"FI-FI\" xml:lang=\"FI-FI\" data-contrast=\"none\"><span class=\"NormalTextRun SCXW1862173 BCX0\"><span class=\"NormalTextRun SCXW218315036 BCX0\"><span class=\"TextRun SCXW193372531 BCX0\" lang=\"FI-FI\" xml:lang=\"FI-FI\" data-contrast=\"none\"><span class=\"NormalTextRun SCXW193372531 BCX0\">LuminaLights X sarjasta l\u00f6yd\u00e4t\u00a0<\/span><span class=\"NormalTextRun SCXW193372531 BCX0\">t\u00e4ydelliset valot\u00a0<\/span><span class=\"NormalTextRun SCXW193372531 BCX0\">niin\u00a0<\/span><span class=\"NormalTextRun SCXW193372531 BCX0\">henkil\u00f6autoihin, pakettiautoihin, kuorma-autoihin kuin\u00a0<\/span><span class=\"NormalTextRun SCXW193372531 BCX0\">ty\u00f6koneisiin<\/span><span class=\"NormalTextRun SCXW193372531 BCX0\">.<\/span><\/span><\/span><\/span><\/span><\/span><\/span><\/p>\n<hr \/>\n<p><strong><span class=\"TextRun SCXW73812254 BCX0\" lang=\"FI-FI\" xml:lang=\"FI-FI\" data-contrast=\"none\"><span class=\"NormalTextRun SCXW73812254 BCX0\"><span class=\"EOP SCXW116728543 BCX0\" data-ccp-props=\"{&quot;134233117&quot;:false,&quot;134233118&quot;:false,&quot;335551550&quot;:1,&quot;335551620&quot;:1,&quot;335557856&quot;:16777215,&quot;335559738&quot;:0,&quot;335559739&quot;:240}\"><span class=\"TextRun SCXW138936193 BCX0\" lang=\"FI-FI\" xml:lang=\"FI-FI\" data-contrast=\"none\"><span class=\"NormalTextRun SpellingErrorV2Themed SCXW138936193 BCX0\"><img loading=\"lazy\" decoding=\"async\" src=\"https:\/\/www.dsmdesign.se\/storage\/editor_files\/campaign\/banners\/powerx-banner-1.jpg\" alt=\"\" width=\"1402\" height=\"262\" \/><\/span><\/span><\/span><\/span><\/span><\/strong><\/p>\n<hr \/>\n<h3><strong><span class=\"TextRun SCXW263405767 BCX0\" lang=\"FI-FI\" xml:lang=\"FI-FI\" data-contrast=\"none\"><span class=\"NormalTextRun SpellingErrorV2Themed SCXW263405767 BCX0\">LuminaLights<\/span><span class=\"NormalTextRun SCXW263405767 BCX0\">\u00a0POWER X6 lis\u00e4valon ominaisuudet:<\/span><\/span><\/strong><\/h3>\n<p><strong><span class=\"TextRun SCXW236706638 BCX0\" lang=\"FI-FI\" xml:lang=\"FI-FI\" data-contrast=\"none\"><span class=\"NormalTextRun SCXW236706638 BCX0\">\u2022 Kompakti koko &amp; uskomaton<\/span><\/span><span class=\"TextRun SCXW236706638 BCX0\" lang=\"FI-FI\" xml:lang=\"FI-FI\" data-contrast=\"none\"><span class=\"NormalTextRun SCXW236706638 BCX0\">\u00a0valoteho:<\/span><\/span><\/strong><span class=\"TextRun SCXW236706638 BCX0\" lang=\"FI-FI\" xml:lang=\"FI-FI\" data-contrast=\"none\"><span class=\"NormalTextRun SCXW236706638 BCX0\">\u00a0Teho 180W \/\u00a012 000\u00a0<\/span><span class=\"NormalTextRun SpellingErrorV2Themed SCXW236706638 BCX0\">lumenia<\/span><span class=\"NormalTextRun SCXW236706638 BCX0\">, joka valaisee jopa 530 metriin (1 lux).<\/span><\/span><span class=\"EOP SCXW236706638 BCX0\" data-ccp-props=\"{&quot;134233117&quot;:false,&quot;134233118&quot;:false,&quot;335551550&quot;:1,&quot;335551620&quot;:1,&quot;335557856&quot;:16777215,&quot;335559738&quot;:0,&quot;335559739&quot;:240}\">\u00a0<\/span><\/p>\n<p><strong><span class=\"TextRun SCXW179372977 BCX0\" lang=\"FI-FI\" xml:lang=\"FI-FI\" data-contrast=\"none\"><span class=\"NormalTextRun SCXW179372977 BCX0\">\u2022\u00a0<\/span><\/span><span class=\"TextRun SCXW179372977 BCX0\" lang=\"FI-FI\" xml:lang=\"FI-FI\" data-contrast=\"none\"><span class=\"NormalTextRun SCXW179372977 BCX0\">Uusi muotoilu:<\/span><\/span><\/strong><span class=\"TextRun SCXW179372977 BCX0\" lang=\"FI-FI\" xml:lang=\"FI-FI\" data-contrast=\"none\"><span class=\"NormalTextRun SCXW179372977 BCX0\">\u00a0T\u00e4ysin uudella rungolla, X parkkivalolla ja tummalla optiikalla varustettu Power X sopii uudempaankin autoon.<\/span><\/span><span class=\"EOP SCXW179372977 BCX0\" data-ccp-props=\"{&quot;134233117&quot;:false,&quot;134233118&quot;:false,&quot;335551550&quot;:1,&quot;335551620&quot;:1,&quot;335557856&quot;:16777215,&quot;335559738&quot;:0,&quot;335559739&quot;:240}\">\u00a0<\/span><\/p>\n<p><span class=\"EOP SCXW179372977 BCX0\" data-ccp-props=\"{&quot;134233117&quot;:false,&quot;134233118&quot;:false,&quot;335551550&quot;:1,&quot;335551620&quot;:1,&quot;335557856&quot;:16777215,&quot;335559738&quot;:0,&quot;335559739&quot;:240}\"><strong><span class=\"TextRun SCXW185735464 BCX0\" lang=\"FI-FI\" xml:lang=\"FI-FI\" data-contrast=\"none\"><span class=\"NormalTextRun SCXW185735464 BCX0\">\u2022\u00a0<\/span><\/span><span class=\"TextRun SCXW185735464 BCX0\" lang=\"FI-FI\" xml:lang=\"FI-FI\" data-contrast=\"none\"><span class=\"NormalTextRun SpellingErrorV2Themed SCXW185735464 BCX0\">Frameless<\/span><span class=\"NormalTextRun SCXW185735464 BCX0\">-rakenne:<\/span><\/span><\/strong><span class=\"TextRun SCXW185735464 BCX0\" lang=\"FI-FI\" xml:lang=\"FI-FI\" data-contrast=\"none\"><span class=\"NormalTextRun SCXW185735464 BCX0\">\u00a0Varustettu reunattomalla ja kest\u00e4v\u00e4ll\u00e4 Lexan-<\/span><span class=\"NormalTextRun SpellingErrorV2Themed SCXW185735464 BCX0\">polykarbonaattilinsill\u00e4, tyylik\u00e4s ilme<\/span><span class=\"NormalTextRun SCXW185735464 BCX0\">\u00a0ja maksimaalinen kest\u00e4vyys.<\/span><\/span><span class=\"EOP SCXW185735464 BCX0\" data-ccp-props=\"{&quot;134233117&quot;:false,&quot;134233118&quot;:false,&quot;335551550&quot;:1,&quot;335551620&quot;:1,&quot;335557856&quot;:16777215,&quot;335559738&quot;:0,&quot;335559739&quot;:240}\">\u00a0<\/span><\/span><\/p>\n<p><strong><span class=\"TextRun SCXW67544040 BCX0\" lang=\"FI-FI\" xml:lang=\"FI-FI\" data-contrast=\"none\"><span class=\"NormalTextRun SCXW67544040 BCX0\">\u2022\u00a0<\/span><\/span><span class=\"TextRun SCXW67544040 BCX0\" lang=\"FI-FI\" xml:lang=\"FI-FI\" data-contrast=\"none\"><span class=\"NormalTextRun SCXW67544040 BCX0\">Pohjoiseen suunniteltu v\u00e4ril\u00e4mp\u00f6tila:<\/span><\/span><\/strong><span class=\"TextRun SCXW67544040 BCX0\" lang=\"FI-FI\" xml:lang=\"FI-FI\" data-contrast=\"none\"><span class=\"NormalTextRun SCXW67544040 BCX0\">\u00a05500K v\u00e4ril\u00e4mp\u00f6tila on miellytt\u00e4v\u00e4 silmille ja v\u00e4hent\u00e4\u00e4 v\u00e4symyst\u00e4 pitkill\u00e4 ajomatkoilla.<\/span><\/span><span class=\"EOP SCXW67544040 BCX0\" data-ccp-props=\"{&quot;134233117&quot;:false,&quot;134233118&quot;:false,&quot;335551550&quot;:1,&quot;335551620&quot;:1,&quot;335557856&quot;:16777215,&quot;335559738&quot;:0,&quot;335559739&quot;:240}\">\u00a0<\/span><\/p>\n<p><strong><span class=\"TextRun SCXW236719655 BCX0\" lang=\"FI-FI\" xml:lang=\"FI-FI\" data-contrast=\"none\"><span class=\"NormalTextRun SCXW236719655 BCX0\">\u2022\u00a0<\/span><\/span><span class=\"TextRun SCXW236719655 BCX0\" lang=\"FI-FI\" xml:lang=\"FI-FI\" data-contrast=\"none\"><span class=\"NormalTextRun SCXW236719655 BCX0\">Vilkku- ja parkkivalo:<\/span><\/span><\/strong><span class=\"TextRun SCXW236719655 BCX0\" lang=\"FI-FI\" xml:lang=\"FI-FI\" data-contrast=\"none\"><span class=\"NormalTextRun SCXW236719655 BCX0\">\u00a0Integroitu varoitusvalotoiminto sek\u00e4 valittavissa oleva oranssi tai valkoinen parkkivalo.<\/span><\/span><span class=\"EOP SCXW236719655 BCX0\" data-ccp-props=\"{&quot;134233117&quot;:false,&quot;134233118&quot;:false,&quot;335551550&quot;:1,&quot;335551620&quot;:1,&quot;335557856&quot;:16777215,&quot;335559738&quot;:0,&quot;335559739&quot;:240}\">\u00a0<\/span><\/p>\n<p><strong><span class=\"TextRun SCXW122765054 BCX0\" lang=\"FI-FI\" xml:lang=\"FI-FI\" data-contrast=\"none\"><span class=\"NormalTextRun SCXW122765054 BCX0\">\u2022\u00a0<\/span><\/span><span class=\"TextRun SCXW122765054 BCX0\" lang=\"FI-FI\" xml:lang=\"FI-FI\" data-contrast=\"none\"><span class=\"NormalTextRun SpellingErrorV2Themed SCXW122765054 BCX0\">Double<\/span>\u00a0<span class=\"NormalTextRun SpellingErrorV2Themed SCXW122765054 BCX0\">Up<\/span><span class=\"NormalTextRun SCXW122765054 BCX0\">\u00a0BOOST -toiminto:<\/span><\/span><\/strong><span class=\"TextRun SCXW122765054 BCX0\" lang=\"FI-FI\" xml:lang=\"FI-FI\" data-contrast=\"none\"><span class=\"NormalTextRun SCXW122765054 BCX0\">\u00a0Vaihdettavissa e-hyv\u00e4ksytyst\u00e4 tieliikennetilasta rajoittamattomaan BOOST-tilaan.<\/span><\/span><\/p>\n<h3><\/h3>\n<hr \/>\n<h3><strong><span data-contrast=\"none\">POWER X9 &amp; X6\u00a0<\/span><\/strong><span data-ccp-props=\"{&quot;134233117&quot;:false,&quot;134233118&quot;:false,&quot;134245418&quot;:true,&quot;134245529&quot;:true,&quot;335551550&quot;:1,&quot;335551620&quot;:1,&quot;335557856&quot;:16777215,&quot;335559738&quot;:0,&quot;335559739&quot;:120}\">\u00a0<\/span><\/h3>\n<p><span data-contrast=\"none\">Uusi POWER X on kuusituumaisen X6 mallin lis\u00e4ksi saatavana my\u00f6s yhdeks\u00e4n tuuman X9 versiona! Suurempi\u00a0<a href=\"https:\/\/www.duunauspalvelutjarvi.fi\/?post_type=product&amp;p=15313&amp;preview=true\" target=\"_blank\" rel=\"noopener\"><strong>LuminaLights POWER X9<\/strong><\/a>\u00a0on viel\u00e4 tehokkaampi lis\u00e4valo suurinta valotehoa tarvitsevalle.<\/span><span data-ccp-props=\"{&quot;134233117&quot;:false,&quot;134233118&quot;:false,&quot;335551550&quot;:1,&quot;335551620&quot;:1,&quot;335557856&quot;:16777215,&quot;335559738&quot;:0,&quot;335559739&quot;:240}\">\u00a0<\/span><\/p>\n<h3><\/h3>\n<hr \/>\n<table border=\"1\">\n<thead>\n<tr>\n<th>Ominaisuus<\/th>\n<th>Tiedot<\/th>\n<\/tr>\n<\/thead>\n<tbody>\n<tr>\n<td>Tuote<\/td>\n<td>8020110042 POWER X 6<\/td>\n<\/tr>\n<tr>\n<td>Tehollinen wattim\u00e4\u00e4r\u00e4<\/td>\n<td>180W (45W x 4 LED-valot)<\/td>\n<\/tr>\n<tr>\n<td>Mitattu wattim\u00e4\u00e4r\u00e4<\/td>\n<td>120W<\/td>\n<\/tr>\n<tr>\n<td>Virrankulutus<\/td>\n<td>8.76A @ 13.7V<\/td>\n<\/tr>\n<tr>\n<td>Lumen (teoreettinen)<\/td>\n<td>22.400 Lm<\/td>\n<\/tr>\n<tr>\n<td>Lumen (todellinen)<\/td>\n<td>12.000 Lm<\/td>\n<\/tr>\n<tr>\n<td>V\u00e4ril\u00e4mp\u00f6tila<\/td>\n<td>5500K<\/td>\n<\/tr>\n<tr>\n<td>Referenssi<\/td>\n<td>17.5<\/td>\n<\/tr>\n<tr>\n<td>Lux per valo 1 LUX<\/td>\n<td>530m<\/td>\n<\/tr>\n<tr>\n<td>Yhteisvalon kantama 1 LUX<\/td>\n<td>1060m<\/td>\n<\/tr>\n<tr>\n<td>K\u00e4ytt\u00f6j\u00e4nnite<\/td>\n<td>12V, 24V &amp; 36V<\/td>\n<\/tr>\n<tr>\n<td>Paikkavalo<\/td>\n<td>Oranssi &amp; Valkoinen<\/td>\n<\/tr>\n<tr>\n<td>Strobovalo<\/td>\n<td>Kyll\u00e4, vilkkuva oranssi<\/td>\n<\/tr>\n<tr>\n<td>Stabilointitangon kiinnitys<\/td>\n<td>Kyll\u00e4<\/td>\n<\/tr>\n<tr>\n<td>Hyv\u00e4ksynn\u00e4t<\/td>\n<td>E-hyv\u00e4ksytty &amp; CE, EMC, R10, R148, R149<\/td>\n<\/tr>\n<tr>\n<td>Tehostetoiminto<\/td>\n<td>Kyll\u00e4<\/td>\n<\/tr>\n<tr>\n<td>Takuu<\/td>\n<td>3 vuotta<\/td>\n<\/tr>\n<tr>\n<td>Koko<\/td>\n<td>Halkaisija 145mm x Korkeus 160mm jalalla x Syvyys 75mm<\/td>\n<\/tr>\n<tr>\n<td>Liitin<\/td>\n<td>DT4<\/td>\n<\/tr>\n<\/tbody>\n<\/table>\n<hr \/>\n<p><strong><span lang=\"en\">Valitse pelkk\u00e4 valaisin, tai valmis lis\u00e4valopaketti.<\/span><\/strong><\/p>\n<p>2 valon t\u00e4ydellinen lis\u00e4valopaketti sis\u00e4lt\u00e4\u00e4:<\/p>\n<ul>\n<li><span lang=\"en\">2kpl LuminaLights POWER X 6 lis\u00e4valo<\/span><\/li>\n<li><span lang=\"en\">Lis\u00e4valoteline<\/span><\/li>\n<li><span lang=\"en\">Relejohtosarjat<\/span><\/li>\n<li><span lang=\"en\">Tukitangot<\/span><\/li>\n<\/ul>\n<p><span lang=\"en\"><strong>3 valon t\u00e4ydellinen lis\u00e4valopaketti sis\u00e4lt\u00e4\u00e4:<\/strong><\/span><\/p>\n<ul>\n<li><span lang=\"en\">3kpl LuminaLights POWER X 6 lis\u00e4valo<\/span><\/li>\n<li><span lang=\"en\">Lis\u00e4valoteline<\/span><\/li>\n<li><span lang=\"en\">Relejohtosarjat<\/span><\/li>\n<li><span lang=\"en\">Tukitangot<\/span><\/li>\n<\/ul>\n","protected":false},"excerpt":{"rendered":"<p>LuminaLights\u00a0POWER X6 \u2013\u00a0COMPACT POWER Lis\u00e4valojen klassikon paluu!\u00a0POWER X6\u00a0LED-lis\u00e4valo\u00a0yhdist\u00e4\u00e4 huippuluokan suoritustehon uuteen muotoiluun ja parkkivalolla varustettuun rakenteeseen. Kompaktin kokoisen POWER X6 -lis\u00e4valon uusi\u00a0heijastinoptiikka ja\u00a0teho mahdollistavat valokuvion\u00a0yli kilometrin kantaman\u00a0ja\u00a0120 metrin leveyden. LuminaLights X sarjasta l\u00f6yd\u00e4t\u00a0t\u00e4ydelliset valot\u00a0niin\u00a0henkil\u00f6autoihin, pakettiautoihin, kuorma-autoihin kuin\u00a0ty\u00f6koneisiin. LuminaLights\u00a0POWER X6 lis\u00e4valon ominaisuudet: \u2022 Kompakti koko &amp; uskomaton\u00a0valoteho:\u00a0Teho 180W \/\u00a012 000\u00a0lumenia, joka valaisee jopa 530 metriin (1 [&hellip;]<\/p>\n","protected":false},"featured_media":15302,"comment_status":"open","ping_status":"closed","template":"","meta":[],"product_brand":[704],"product_cat":[43],"product_tag":[],"class_list":{"0":"post-15299","1":"product","2":"type-product","3":"status-publish","4":"has-post-thumbnail","6":"product_brand-luminalights","7":"product_cat-pyoreat-lisavalot","8":"product_shipping_class-l-paketti","10":"first","11":"instock","12":"taxable","13":"shipping-taxable","14":"purchasable","15":"product-type-variable"},"yoast_head":"<!-- This site is optimized with the Yoast SEO plugin v27.3 - https:\/\/yoast.com\/product\/yoast-seo-wordpress\/ -->\n<title>LuminaLights Power X 6 LED-Lis\u00e4valo -<\/title>\n<meta name=\"robots\" content=\"index, follow, max-snippet:-1, max-image-preview:large, max-video-preview:-1\" \/>\n<link rel=\"canonical\" href=\"https:\/\/www.duunauspalvelutjarvi.fi\/?product=luminalights-power-x-6-led-lisavalo\" \/>\n<meta property=\"og:locale\" content=\"fi_FI\" \/>\n<meta property=\"og:type\" content=\"article\" \/>\n<meta property=\"og:title\" content=\"LuminaLights Power X 6 LED-Lis\u00e4valo -\" \/>\n<meta property=\"og:description\" content=\"LuminaLights\u00a0POWER X6 \u2013\u00a0COMPACT POWER Lis\u00e4valojen klassikon paluu!\u00a0POWER X6\u00a0LED-lis\u00e4valo\u00a0yhdist\u00e4\u00e4 huippuluokan suoritustehon uuteen muotoiluun ja parkkivalolla varustettuun rakenteeseen. Kompaktin kokoisen POWER X6 -lis\u00e4valon uusi\u00a0heijastinoptiikka ja\u00a0teho mahdollistavat valokuvion\u00a0yli kilometrin kantaman\u00a0ja\u00a0120 metrin leveyden. LuminaLights X sarjasta l\u00f6yd\u00e4t\u00a0t\u00e4ydelliset valot\u00a0niin\u00a0henkil\u00f6autoihin, pakettiautoihin, kuorma-autoihin kuin\u00a0ty\u00f6koneisiin. LuminaLights\u00a0POWER X6 lis\u00e4valon ominaisuudet: \u2022 Kompakti koko &amp; uskomaton\u00a0valoteho:\u00a0Teho 180W \/\u00a012 000\u00a0lumenia, joka valaisee jopa 530 metriin (1 [&hellip;]\" \/>\n<meta property=\"og:url\" content=\"https:\/\/www.duunauspalvelutjarvi.fi\/?product=luminalights-power-x-6-led-lisavalo\" \/>\n<meta property=\"article:modified_time\" content=\"2025-10-09T08:36:46+00:00\" \/>\n<meta property=\"og:image\" content=\"https:\/\/www.duunauspalvelutjarvi.fi\/wp-content\/uploads\/2025\/08\/luminalightspowerx6led-lisavalo_8020110042_37d0516faa55_2.webp\" \/>\n\t<meta property=\"og:image:width\" content=\"2200\" \/>\n\t<meta property=\"og:image:height\" content=\"2200\" \/>\n\t<meta property=\"og:image:type\" content=\"image\/webp\" \/>\n<meta name=\"twitter:card\" content=\"summary_large_image\" \/>\n<meta name=\"twitter:label1\" content=\"Arvioitu lukuaika\" \/>\n\t<meta name=\"twitter:data1\" content=\"3 minuuttia\" \/>\n<script type=\"application\/ld+json\" class=\"yoast-schema-graph\">{\"@context\":\"https:\\\/\\\/schema.org\",\"@graph\":[{\"@type\":\"WebPage\",\"@id\":\"https:\\\/\\\/www.duunauspalvelutjarvi.fi\\\/?product=luminalights-power-x-6-led-lisavalo\",\"url\":\"https:\\\/\\\/www.duunauspalvelutjarvi.fi\\\/?product=luminalights-power-x-6-led-lisavalo\",\"name\":\"LuminaLights Power X 6 LED-Lis\u00e4valo -\",\"isPartOf\":{\"@id\":\"https:\\\/\\\/www.duunauspalvelutjarvi.fi\\\/#website\"},\"primaryImageOfPage\":{\"@id\":\"https:\\\/\\\/www.duunauspalvelutjarvi.fi\\\/?product=luminalights-power-x-6-led-lisavalo#primaryimage\"},\"image\":{\"@id\":\"https:\\\/\\\/www.duunauspalvelutjarvi.fi\\\/?product=luminalights-power-x-6-led-lisavalo#primaryimage\"},\"thumbnailUrl\":\"https:\\\/\\\/www.duunauspalvelutjarvi.fi\\\/wp-content\\\/uploads\\\/2025\\\/08\\\/luminalightspowerx6led-lisavalo_8020110042_37d0516faa55_2.webp\",\"datePublished\":\"2025-08-10T18:56:45+00:00\",\"dateModified\":\"2025-10-09T08:36:46+00:00\",\"breadcrumb\":{\"@id\":\"https:\\\/\\\/www.duunauspalvelutjarvi.fi\\\/?product=luminalights-power-x-6-led-lisavalo#breadcrumb\"},\"inLanguage\":\"fi\",\"potentialAction\":[{\"@type\":\"ReadAction\",\"target\":[\"https:\\\/\\\/www.duunauspalvelutjarvi.fi\\\/?product=luminalights-power-x-6-led-lisavalo\"]}]},{\"@type\":\"ImageObject\",\"inLanguage\":\"fi\",\"@id\":\"https:\\\/\\\/www.duunauspalvelutjarvi.fi\\\/?product=luminalights-power-x-6-led-lisavalo#primaryimage\",\"url\":\"https:\\\/\\\/www.duunauspalvelutjarvi.fi\\\/wp-content\\\/uploads\\\/2025\\\/08\\\/luminalightspowerx6led-lisavalo_8020110042_37d0516faa55_2.webp\",\"contentUrl\":\"https:\\\/\\\/www.duunauspalvelutjarvi.fi\\\/wp-content\\\/uploads\\\/2025\\\/08\\\/luminalightspowerx6led-lisavalo_8020110042_37d0516faa55_2.webp\",\"width\":2200,\"height\":2200},{\"@type\":\"BreadcrumbList\",\"@id\":\"https:\\\/\\\/www.duunauspalvelutjarvi.fi\\\/?product=luminalights-power-x-6-led-lisavalo#breadcrumb\",\"itemListElement\":[{\"@type\":\"ListItem\",\"position\":1,\"name\":\"Etusivu\",\"item\":\"https:\\\/\\\/www.duunauspalvelutjarvi.fi\\\/\"},{\"@type\":\"ListItem\",\"position\":2,\"name\":\"Etusivu\",\"item\":\"https:\\\/\\\/www.duunauspalvelutjarvi.fi\\\/\"},{\"@type\":\"ListItem\",\"position\":3,\"name\":\"LuminaLights Power X 6 LED-Lis\u00e4valo\"}]},{\"@type\":\"WebSite\",\"@id\":\"https:\\\/\\\/www.duunauspalvelutjarvi.fi\\\/#website\",\"url\":\"https:\\\/\\\/www.duunauspalvelutjarvi.fi\\\/\",\"name\":\"\",\"description\":\"\",\"potentialAction\":[{\"@type\":\"SearchAction\",\"target\":{\"@type\":\"EntryPoint\",\"urlTemplate\":\"https:\\\/\\\/www.duunauspalvelutjarvi.fi\\\/?s={search_term_string}\"},\"query-input\":{\"@type\":\"PropertyValueSpecification\",\"valueRequired\":true,\"valueName\":\"search_term_string\"}}],\"inLanguage\":\"fi\"}]}<\/script>\n<!-- \/ Yoast SEO plugin. -->","yoast_head_json":{"title":"LuminaLights Power X 6 LED-Lis\u00e4valo -","robots":{"index":"index","follow":"follow","max-snippet":"max-snippet:-1","max-image-preview":"max-image-preview:large","max-video-preview":"max-video-preview:-1"},"canonical":"https:\/\/www.duunauspalvelutjarvi.fi\/?product=luminalights-power-x-6-led-lisavalo","og_locale":"fi_FI","og_type":"article","og_title":"LuminaLights Power X 6 LED-Lis\u00e4valo -","og_description":"LuminaLights\u00a0POWER X6 \u2013\u00a0COMPACT POWER Lis\u00e4valojen klassikon paluu!\u00a0POWER X6\u00a0LED-lis\u00e4valo\u00a0yhdist\u00e4\u00e4 huippuluokan suoritustehon uuteen muotoiluun ja parkkivalolla varustettuun rakenteeseen. Kompaktin kokoisen POWER X6 -lis\u00e4valon uusi\u00a0heijastinoptiikka ja\u00a0teho mahdollistavat valokuvion\u00a0yli kilometrin kantaman\u00a0ja\u00a0120 metrin leveyden. LuminaLights X sarjasta l\u00f6yd\u00e4t\u00a0t\u00e4ydelliset valot\u00a0niin\u00a0henkil\u00f6autoihin, pakettiautoihin, kuorma-autoihin kuin\u00a0ty\u00f6koneisiin. LuminaLights\u00a0POWER X6 lis\u00e4valon ominaisuudet: \u2022 Kompakti koko &amp; uskomaton\u00a0valoteho:\u00a0Teho 180W \/\u00a012 000\u00a0lumenia, joka valaisee jopa 530 metriin (1 [&hellip;]","og_url":"https:\/\/www.duunauspalvelutjarvi.fi\/?product=luminalights-power-x-6-led-lisavalo","article_modified_time":"2025-10-09T08:36:46+00:00","og_image":[{"width":2200,"height":2200,"url":"https:\/\/www.duunauspalvelutjarvi.fi\/wp-content\/uploads\/2025\/08\/luminalightspowerx6led-lisavalo_8020110042_37d0516faa55_2.webp","type":"image\/webp"}],"twitter_card":"summary_large_image","twitter_misc":{"Arvioitu lukuaika":"3 minuuttia"},"schema":{"@context":"https:\/\/schema.org","@graph":[{"@type":"WebPage","@id":"https:\/\/www.duunauspalvelutjarvi.fi\/?product=luminalights-power-x-6-led-lisavalo","url":"https:\/\/www.duunauspalvelutjarvi.fi\/?product=luminalights-power-x-6-led-lisavalo","name":"LuminaLights Power X 6 LED-Lis\u00e4valo -","isPartOf":{"@id":"https:\/\/www.duunauspalvelutjarvi.fi\/#website"},"primaryImageOfPage":{"@id":"https:\/\/www.duunauspalvelutjarvi.fi\/?product=luminalights-power-x-6-led-lisavalo#primaryimage"},"image":{"@id":"https:\/\/www.duunauspalvelutjarvi.fi\/?product=luminalights-power-x-6-led-lisavalo#primaryimage"},"thumbnailUrl":"https:\/\/www.duunauspalvelutjarvi.fi\/wp-content\/uploads\/2025\/08\/luminalightspowerx6led-lisavalo_8020110042_37d0516faa55_2.webp","datePublished":"2025-08-10T18:56:45+00:00","dateModified":"2025-10-09T08:36:46+00:00","breadcrumb":{"@id":"https:\/\/www.duunauspalvelutjarvi.fi\/?product=luminalights-power-x-6-led-lisavalo#breadcrumb"},"inLanguage":"fi","potentialAction":[{"@type":"ReadAction","target":["https:\/\/www.duunauspalvelutjarvi.fi\/?product=luminalights-power-x-6-led-lisavalo"]}]},{"@type":"ImageObject","inLanguage":"fi","@id":"https:\/\/www.duunauspalvelutjarvi.fi\/?product=luminalights-power-x-6-led-lisavalo#primaryimage","url":"https:\/\/www.duunauspalvelutjarvi.fi\/wp-content\/uploads\/2025\/08\/luminalightspowerx6led-lisavalo_8020110042_37d0516faa55_2.webp","contentUrl":"https:\/\/www.duunauspalvelutjarvi.fi\/wp-content\/uploads\/2025\/08\/luminalightspowerx6led-lisavalo_8020110042_37d0516faa55_2.webp","width":2200,"height":2200},{"@type":"BreadcrumbList","@id":"https:\/\/www.duunauspalvelutjarvi.fi\/?product=luminalights-power-x-6-led-lisavalo#breadcrumb","itemListElement":[{"@type":"ListItem","position":1,"name":"Etusivu","item":"https:\/\/www.duunauspalvelutjarvi.fi\/"},{"@type":"ListItem","position":2,"name":"Etusivu","item":"https:\/\/www.duunauspalvelutjarvi.fi\/"},{"@type":"ListItem","position":3,"name":"LuminaLights Power X 6 LED-Lis\u00e4valo"}]},{"@type":"WebSite","@id":"https:\/\/www.duunauspalvelutjarvi.fi\/#website","url":"https:\/\/www.duunauspalvelutjarvi.fi\/","name":"","description":"","potentialAction":[{"@type":"SearchAction","target":{"@type":"EntryPoint","urlTemplate":"https:\/\/www.duunauspalvelutjarvi.fi\/?s={search_term_string}"},"query-input":{"@type":"PropertyValueSpecification","valueRequired":true,"valueName":"search_term_string"}}],"inLanguage":"fi"}]}},"jetpack_sharing_enabled":true,"_links":{"self":[{"href":"https:\/\/www.duunauspalvelutjarvi.fi\/index.php?rest_route=\/wp\/v2\/product\/15299","targetHints":{"allow":["GET"]}}],"collection":[{"href":"https:\/\/www.duunauspalvelutjarvi.fi\/index.php?rest_route=\/wp\/v2\/product"}],"about":[{"href":"https:\/\/www.duunauspalvelutjarvi.fi\/index.php?rest_route=\/wp\/v2\/types\/product"}],"replies":[{"embeddable":true,"href":"https:\/\/www.duunauspalvelutjarvi.fi\/index.php?rest_route=%2Fwp%2Fv2%2Fcomments&post=15299"}],"wp:featuredmedia":[{"embeddable":true,"href":"https:\/\/www.duunauspalvelutjarvi.fi\/index.php?rest_route=\/wp\/v2\/media\/15302"}],"wp:attachment":[{"href":"https:\/\/www.duunauspalvelutjarvi.fi\/index.php?rest_route=%2Fwp%2Fv2%2Fmedia&parent=15299"}],"wp:term":[{"taxonomy":"product_brand","embeddable":true,"href":"https:\/\/www.duunauspalvelutjarvi.fi\/index.php?rest_route=%2Fwp%2Fv2%2Fproduct_brand&post=15299"},{"taxonomy":"product_cat","embeddable":true,"href":"https:\/\/www.duunauspalvelutjarvi.fi\/index.php?rest_route=%2Fwp%2Fv2%2Fproduct_cat&post=15299"},{"taxonomy":"product_tag","embeddable":true,"href":"https:\/\/www.duunauspalvelutjarvi.fi\/index.php?rest_route=%2Fwp%2Fv2%2Fproduct_tag&post=15299"}],"curies":[{"name":"wp","href":"https:\/\/api.w.org\/{rel}","templated":true}]}}