{"id":15325,"date":"2025-08-27T16:16:28","date_gmt":"2025-08-27T13:16:28","guid":{"rendered":"https:\/\/www.duunauspalvelutjarvi.fi\/?post_type=product&#038;p=15325"},"modified":"2025-10-09T11:36:05","modified_gmt":"2025-10-09T08:36:05","slug":"gzr-dominanc-e-3-0-sahkofatbike-17","status":"publish","type":"product","link":"https:\/\/www.duunauspalvelutjarvi.fi\/?product=gzr-dominanc-e-3-0-sahkofatbike-17","title":{"rendered":"GZR Dominanc-e 3.0 s\u00e4hk\u00f6fatbike 17&#8243;"},"content":{"rendered":"<div class=\"sc-jXbUNg bJxHvF\">\n<section class=\"sc-1mi8925-0 ckdpOg\">\n<div class=\"sc-hgRRfv cUttLr sc-ffric6-0 ciReDT\">\n<h3>GZR Dominanc-e tarjoaa ajonautintoa ymp\u00e4ri vuoden<\/h3>\n<p>GZR Dominanc-e takaa ajokokemuksen, jota et edes ole osannut odottaa. Tehokas, varmatoiminen ja v\u00e4\u00e4nt\u00e4v\u00e4 Bosch Performance CX 4gen -moottori takaa pitk\u00e4n toimintas\u00e4teen lis\u00e4ksi etenemiskyvyn, jota muut yritt\u00e4v\u00e4t j\u00e4ljitell\u00e4. Moottori tarjoaa paremman responsiivisuuden ja mahdollisuuden hallita avustusta ja takaa 4&#8243; renkaille paremman pidon, s\u00e4ilytt\u00e4en kuitenkin py\u00f6r\u00e4n ketteryyden. Tehokas Boschin 625 Wh -akku tarjoaa jopa 150 kilometrin kantomatkan. Bosch Kiox -n\u00e4ytt\u00f6 toimii tarvittaessa s\u00e4hk\u00f6isen\u00e4 lukkona ja tuo liitett\u00e4vyyden uudelle tasolle.<\/p>\n<p>Voimansiirrossa luotetaan XT:n varmatoimisiin ratkaisuihin, s\u00e4hk\u00f6py\u00f6r\u00e4\u00e4n sopivilla v\u00e4lityksill\u00e4. Manitou Mastodon Comp -etuhaarukka vaimentaa t\u00f6yssyt ja tasoittaa ajamista ep\u00e4tasaisella alustalla. Tehokkaat nelim\u00e4nt\u00e4iset hydrayliset levyjarrut purevat kiinni tehokkaasti 203 mm levyihin ja pys\u00e4ytt\u00e4v\u00e4t varmasti nopeastakin kyydist\u00e4.<\/p>\n<h3>Tekniset tiedot<\/h3>\n<ul>\n<li style=\"list-style-type: none;\">\n<ul>\n<li>Rungon koko: 17&#8243;<\/li>\n<li>Ajajan suosituspituus: 165 -178 cm<\/li>\n<li>Runko: alumiini 6061, hydromuokattu<\/li>\n<li>Haarukka: Manitou Mastodon Comp, 15 mm Dorado Air, 100 mm<\/li>\n<li>Takavaihtaja: Shimano Deore XT<\/li>\n<li>Vaihdevivut: Shimano Deoe XT<\/li>\n<li>Kammet: SAMOX 170 mm, 30 mm offset, isis<\/li>\n<li>Takarattaat: Shimano 12-v<\/li>\n<li>Ketju: KMC<\/li>\n<li>Jarrukahvat: Shimano Deore BL-M501<\/li>\n<li>Jarru (etu): Shimano Deore BR-M520 -nelim\u00e4nt\u00e4<\/li>\n<li>Jarru (taka): Shimano Deore BR-M520 -nelim\u00e4nt\u00e4<\/li>\n<li>Jarrulevyt: Shimano SM-RT86 203 mm<\/li>\n<li>Renkaat: Schwalbe Jumbo Jim Performance 26 x 4,8<\/li>\n<li>Vanteet: Sunringl\u00e9 Mulefut 80 SL, tubeless ready<\/li>\n<li>Etunapa: 150 mm,Sunringle SRC-F, 15 mm thru axle<\/li>\n<li>Takanapa: 197 mm, Sunringle SRC-R, 12 mm thru axle<\/li>\n<li>Pinnat: black 2,0 mm<\/li>\n<li>Ohjaustanko: FSA V-Drive , 740 MM low riser 15 MM, 9\u00b0<\/li>\n<li>Gripit: Velo<\/li>\n<li>Ohjainkannatin: FSA V-Drive 60 MM<\/li>\n<li>Ohjainlaakerit: FSA No. 57E, tapered<\/li>\n<li>Satulaputki: GZR 30,9 x 400 mm<\/li>\n<li>Polkimet: Flat pedal<\/li>\n<li>Suurin sallittu kuorma: 120 kg<\/li>\n<li>Paino ilman polkimia: 22,5 kg<\/li>\n<\/ul>\n<\/li>\n<\/ul>\n<p>&nbsp;<\/p>\n<ul>\n<li style=\"list-style-type: none;\">\n<ul>\n<li>Moottori: Bosch Performance CX 4gen moottori<\/li>\n<li>Akku: Bosch Powerpack 625 Wh<\/li>\n<li>Akku lukkiutuu kiinni py\u00f6r\u00e4\u00e4n ja se voidaan irrottaa avaimella latausta varten<\/li>\n<li>Bosch kiox n\u00e4ytt\u00f6<\/li>\n<li>Toimintamatka s\u00e4hk\u00f6ll\u00e4 jopa 100-150 km eco asetuksella, katso tarkemmin https:\/\/www.bosch-ebike.com\/en\/service\/range-assistant\/<\/li>\n<li>Mukana laturi, latausaika 3-6 h<\/li>\n<li>Viisitasoinen avustuksen valitsin<\/li>\n<li>Polkutunnistus momentilla<\/li>\n<\/ul>\n<\/li>\n<\/ul>\n<p>Py\u00f6r\u00e4 toimitetaan tehdaspakkauksessa l\u00e4hes ajovalmiiksi kasattuna. Jos py\u00f6r\u00e4n kohdalla ei ole ilmoitettu muuta, on kasausaste 95%. Pienill\u00e4 toimenpiteill\u00e4 saat py\u00f6r\u00e4n ajovalmiiksi.<\/p>\n<p>Polkimia asennettaessa kannattaa kierteisiin laittaa rasvaa tai \u00f6ljy\u00e4. Olethan tarkkana, ett\u00e4 vasen ja oikea poljin menev\u00e4t oikein p\u00e4in. Aloita kiristys sormin ja k\u00e4yt\u00e4 ty\u00f6kalua vasta loppuvaiheessa. Kirist\u00e4 polkimet huolellisesti.<\/p>\n<p>Tarkista jarrujen ja vaihteiden s\u00e4\u00e4d\u00f6t ennen ensimm\u00e4ist\u00e4 ajokertaa.<\/p>\n<p>Pienet osat kuten kello ja heijastimet ovat p\u00e4\u00e4s\u00e4\u00e4nt\u00f6isesti irrallaan, muista asentaa ne turvallista liikkumista varten. Lue lis\u00e4\u00e4 kasausvinkkej\u00e4 yleisohjeestamme.<\/p>\n<p>Suosittelemme, ett\u00e4 py\u00f6r\u00e4\u00e4n tehd\u00e4\u00e4n ensihuolto 100-300 km ajon j\u00e4lkeen asiantuntevassa py\u00f6r\u00e4huoltoliikkeess\u00e4. Mik\u00e4li sinulla on vaikeuksia saada py\u00f6r\u00e4\u00e4 viimeistelty\u00e4 ajokuntoon kannattaa k\u00e4\u00e4nty\u00e4 asiantuntevan py\u00f6r\u00e4huollon puoleen.<\/p>\n<p>Tuotteen saatavuus saattaa vaihdella. Valmistaja pid\u00e4tt\u00e4\u00e4 oikeuden muutoksiin v\u00e4rien, materiaalien, komponenttien, teknisten tietojen ja mallien osalta. Valmiusaste, komponentit ja tekniset tiedot saattavat vaihdella eri tuotantoerien kohdalla.<\/p>\n<h3>Kasausasteet:<\/h3>\n<p>98% \u201dready to ride\u201d &#8211; Eturengas, polkimet ja satulatolppa ovat asentamatta. Ohjainkannatin pit\u00e4\u00e4 k\u00e4\u00e4nt\u00e4\u00e4 oikeaan asentoon ja kirist\u00e4\u00e4. Vaihteet ja jarrut ovat jo s\u00e4\u00e4detty tehtaalla.95% &#8211; Eturengas, polkimet, satulatolppa ja ohjaustanko ovat asentamatta. Tarkista pulttien ja mutterien kireys. Vaihteiden sek\u00e4 jarrujen s\u00e4\u00e4d\u00f6t ovat hienos\u00e4\u00e4t\u00f6\u00e4 vaille valmiit.90% &#8211; Eturengas, polkimet, satulatolppa ja ohjaustanko ovat asentamatta. Lokasuojat ja mahdollinen kori ovat asentamatta. Tarkista pulttien ja mutterien kireys. Vaihteiden sek\u00e4 jarrujen s\u00e4\u00e4d\u00f6t eiv\u00e4t todenn\u00e4k\u00f6isesti ole kohdillaan.<\/p>\n<\/div>\n<\/section>\n<\/div>\n<div class=\"sc-jXbUNg sc-1mi8925-2 bJxHvF\">\n<div class=\"sc-jXbUNg sc-1mi8925-3 jjlwFC\"><a class=\"sc-hknOHE sc-14fhipk-1 kljPSi dJAtLs\" href=\"https:\/\/www.verkkokauppa.com\/fi\/product\/878707\/GZR-Dominanc-e-3-0-sahkofatbike-17\" name=\"GZR Dominanc-e 3.0 s\u00e4hk\u00f6fatbike 17&quot;\" aria-label=\"Kopioi lyhyt linkki\"><\/a><\/div>\n<\/div>\n","protected":false},"excerpt":{"rendered":"<p>GZR Dominanc-e tarjoaa ajonautintoa ymp\u00e4ri vuoden GZR Dominanc-e takaa ajokokemuksen, jota et edes ole osannut odottaa. Tehokas, varmatoiminen ja v\u00e4\u00e4nt\u00e4v\u00e4 Bosch Performance CX 4gen -moottori takaa pitk\u00e4n toimintas\u00e4teen lis\u00e4ksi etenemiskyvyn, jota muut yritt\u00e4v\u00e4t j\u00e4ljitell\u00e4. Moottori tarjoaa paremman responsiivisuuden ja mahdollisuuden hallita avustusta ja takaa 4&#8243; renkaille paremman pidon, s\u00e4ilytt\u00e4en kuitenkin py\u00f6r\u00e4n ketteryyden. Tehokas Boschin 625 [&hellip;]<\/p>\n","protected":false},"featured_media":15328,"comment_status":"open","ping_status":"closed","template":"","meta":[],"product_brand":[],"product_cat":[663],"product_tag":[],"class_list":{"0":"post-15325","1":"product","2":"type-product","3":"status-publish","4":"has-post-thumbnail","6":"product_cat-polkupyorat","7":"product_shipping_class-polkupyorat","9":"first","10":"instock","11":"sale","12":"taxable","13":"shipping-taxable","14":"purchasable","15":"product-type-simple"},"yoast_head":"<!-- This site is optimized with the Yoast SEO plugin v27.3 - https:\/\/yoast.com\/product\/yoast-seo-wordpress\/ -->\n<title>GZR Dominanc-e 3.0 s\u00e4hk\u00f6fatbike 17&quot; -<\/title>\n<meta name=\"robots\" content=\"index, follow, max-snippet:-1, max-image-preview:large, max-video-preview:-1\" \/>\n<link rel=\"canonical\" href=\"https:\/\/www.duunauspalvelutjarvi.fi\/?product=gzr-dominanc-e-3-0-sahkofatbike-17\" \/>\n<meta property=\"og:locale\" content=\"fi_FI\" \/>\n<meta property=\"og:type\" content=\"article\" \/>\n<meta property=\"og:title\" content=\"GZR Dominanc-e 3.0 s\u00e4hk\u00f6fatbike 17&quot; -\" \/>\n<meta property=\"og:description\" content=\"GZR Dominanc-e tarjoaa ajonautintoa ymp\u00e4ri vuoden GZR Dominanc-e takaa ajokokemuksen, jota et edes ole osannut odottaa. Tehokas, varmatoiminen ja v\u00e4\u00e4nt\u00e4v\u00e4 Bosch Performance CX 4gen -moottori takaa pitk\u00e4n toimintas\u00e4teen lis\u00e4ksi etenemiskyvyn, jota muut yritt\u00e4v\u00e4t j\u00e4ljitell\u00e4. Moottori tarjoaa paremman responsiivisuuden ja mahdollisuuden hallita avustusta ja takaa 4&#8243; renkaille paremman pidon, s\u00e4ilytt\u00e4en kuitenkin py\u00f6r\u00e4n ketteryyden. Tehokas Boschin 625 [&hellip;]\" \/>\n<meta property=\"og:url\" content=\"https:\/\/www.duunauspalvelutjarvi.fi\/?product=gzr-dominanc-e-3-0-sahkofatbike-17\" \/>\n<meta property=\"article:modified_time\" content=\"2025-10-09T08:36:05+00:00\" \/>\n<meta property=\"og:image\" content=\"https:\/\/www.duunauspalvelutjarvi.fi\/wp-content\/uploads\/2025\/08\/2_878704-800x483-1.jpg\" \/>\n\t<meta property=\"og:image:width\" content=\"800\" \/>\n\t<meta property=\"og:image:height\" content=\"483\" \/>\n\t<meta property=\"og:image:type\" content=\"image\/jpeg\" \/>\n<meta name=\"twitter:card\" content=\"summary_large_image\" \/>\n<meta name=\"twitter:label1\" content=\"Arvioitu lukuaika\" \/>\n\t<meta name=\"twitter:data1\" content=\"4 minuuttia\" \/>\n<script type=\"application\/ld+json\" class=\"yoast-schema-graph\">{\"@context\":\"https:\\\/\\\/schema.org\",\"@graph\":[{\"@type\":\"WebPage\",\"@id\":\"https:\\\/\\\/www.duunauspalvelutjarvi.fi\\\/?product=gzr-dominanc-e-3-0-sahkofatbike-17\",\"url\":\"https:\\\/\\\/www.duunauspalvelutjarvi.fi\\\/?product=gzr-dominanc-e-3-0-sahkofatbike-17\",\"name\":\"GZR Dominanc-e 3.0 s\u00e4hk\u00f6fatbike 17\\\" -\",\"isPartOf\":{\"@id\":\"https:\\\/\\\/www.duunauspalvelutjarvi.fi\\\/#website\"},\"primaryImageOfPage\":{\"@id\":\"https:\\\/\\\/www.duunauspalvelutjarvi.fi\\\/?product=gzr-dominanc-e-3-0-sahkofatbike-17#primaryimage\"},\"image\":{\"@id\":\"https:\\\/\\\/www.duunauspalvelutjarvi.fi\\\/?product=gzr-dominanc-e-3-0-sahkofatbike-17#primaryimage\"},\"thumbnailUrl\":\"https:\\\/\\\/www.duunauspalvelutjarvi.fi\\\/wp-content\\\/uploads\\\/2025\\\/08\\\/2_878704-800x483-1.jpg\",\"datePublished\":\"2025-08-27T13:16:28+00:00\",\"dateModified\":\"2025-10-09T08:36:05+00:00\",\"breadcrumb\":{\"@id\":\"https:\\\/\\\/www.duunauspalvelutjarvi.fi\\\/?product=gzr-dominanc-e-3-0-sahkofatbike-17#breadcrumb\"},\"inLanguage\":\"fi\",\"potentialAction\":[{\"@type\":\"ReadAction\",\"target\":[\"https:\\\/\\\/www.duunauspalvelutjarvi.fi\\\/?product=gzr-dominanc-e-3-0-sahkofatbike-17\"]}]},{\"@type\":\"ImageObject\",\"inLanguage\":\"fi\",\"@id\":\"https:\\\/\\\/www.duunauspalvelutjarvi.fi\\\/?product=gzr-dominanc-e-3-0-sahkofatbike-17#primaryimage\",\"url\":\"https:\\\/\\\/www.duunauspalvelutjarvi.fi\\\/wp-content\\\/uploads\\\/2025\\\/08\\\/2_878704-800x483-1.jpg\",\"contentUrl\":\"https:\\\/\\\/www.duunauspalvelutjarvi.fi\\\/wp-content\\\/uploads\\\/2025\\\/08\\\/2_878704-800x483-1.jpg\",\"width\":800,\"height\":483},{\"@type\":\"BreadcrumbList\",\"@id\":\"https:\\\/\\\/www.duunauspalvelutjarvi.fi\\\/?product=gzr-dominanc-e-3-0-sahkofatbike-17#breadcrumb\",\"itemListElement\":[{\"@type\":\"ListItem\",\"position\":1,\"name\":\"Etusivu\",\"item\":\"https:\\\/\\\/www.duunauspalvelutjarvi.fi\\\/\"},{\"@type\":\"ListItem\",\"position\":2,\"name\":\"Etusivu\",\"item\":\"https:\\\/\\\/www.duunauspalvelutjarvi.fi\\\/\"},{\"@type\":\"ListItem\",\"position\":3,\"name\":\"GZR Dominanc-e 3.0 s\u00e4hk\u00f6fatbike 17&#8243;\"}]},{\"@type\":\"WebSite\",\"@id\":\"https:\\\/\\\/www.duunauspalvelutjarvi.fi\\\/#website\",\"url\":\"https:\\\/\\\/www.duunauspalvelutjarvi.fi\\\/\",\"name\":\"\",\"description\":\"\",\"potentialAction\":[{\"@type\":\"SearchAction\",\"target\":{\"@type\":\"EntryPoint\",\"urlTemplate\":\"https:\\\/\\\/www.duunauspalvelutjarvi.fi\\\/?s={search_term_string}\"},\"query-input\":{\"@type\":\"PropertyValueSpecification\",\"valueRequired\":true,\"valueName\":\"search_term_string\"}}],\"inLanguage\":\"fi\"}]}<\/script>\n<!-- \/ Yoast SEO plugin. -->","yoast_head_json":{"title":"GZR Dominanc-e 3.0 s\u00e4hk\u00f6fatbike 17\" -","robots":{"index":"index","follow":"follow","max-snippet":"max-snippet:-1","max-image-preview":"max-image-preview:large","max-video-preview":"max-video-preview:-1"},"canonical":"https:\/\/www.duunauspalvelutjarvi.fi\/?product=gzr-dominanc-e-3-0-sahkofatbike-17","og_locale":"fi_FI","og_type":"article","og_title":"GZR Dominanc-e 3.0 s\u00e4hk\u00f6fatbike 17\" -","og_description":"GZR Dominanc-e tarjoaa ajonautintoa ymp\u00e4ri vuoden GZR Dominanc-e takaa ajokokemuksen, jota et edes ole osannut odottaa. Tehokas, varmatoiminen ja v\u00e4\u00e4nt\u00e4v\u00e4 Bosch Performance CX 4gen -moottori takaa pitk\u00e4n toimintas\u00e4teen lis\u00e4ksi etenemiskyvyn, jota muut yritt\u00e4v\u00e4t j\u00e4ljitell\u00e4. Moottori tarjoaa paremman responsiivisuuden ja mahdollisuuden hallita avustusta ja takaa 4&#8243; renkaille paremman pidon, s\u00e4ilytt\u00e4en kuitenkin py\u00f6r\u00e4n ketteryyden. Tehokas Boschin 625 [&hellip;]","og_url":"https:\/\/www.duunauspalvelutjarvi.fi\/?product=gzr-dominanc-e-3-0-sahkofatbike-17","article_modified_time":"2025-10-09T08:36:05+00:00","og_image":[{"width":800,"height":483,"url":"https:\/\/www.duunauspalvelutjarvi.fi\/wp-content\/uploads\/2025\/08\/2_878704-800x483-1.jpg","type":"image\/jpeg"}],"twitter_card":"summary_large_image","twitter_misc":{"Arvioitu lukuaika":"4 minuuttia"},"schema":{"@context":"https:\/\/schema.org","@graph":[{"@type":"WebPage","@id":"https:\/\/www.duunauspalvelutjarvi.fi\/?product=gzr-dominanc-e-3-0-sahkofatbike-17","url":"https:\/\/www.duunauspalvelutjarvi.fi\/?product=gzr-dominanc-e-3-0-sahkofatbike-17","name":"GZR Dominanc-e 3.0 s\u00e4hk\u00f6fatbike 17\" -","isPartOf":{"@id":"https:\/\/www.duunauspalvelutjarvi.fi\/#website"},"primaryImageOfPage":{"@id":"https:\/\/www.duunauspalvelutjarvi.fi\/?product=gzr-dominanc-e-3-0-sahkofatbike-17#primaryimage"},"image":{"@id":"https:\/\/www.duunauspalvelutjarvi.fi\/?product=gzr-dominanc-e-3-0-sahkofatbike-17#primaryimage"},"thumbnailUrl":"https:\/\/www.duunauspalvelutjarvi.fi\/wp-content\/uploads\/2025\/08\/2_878704-800x483-1.jpg","datePublished":"2025-08-27T13:16:28+00:00","dateModified":"2025-10-09T08:36:05+00:00","breadcrumb":{"@id":"https:\/\/www.duunauspalvelutjarvi.fi\/?product=gzr-dominanc-e-3-0-sahkofatbike-17#breadcrumb"},"inLanguage":"fi","potentialAction":[{"@type":"ReadAction","target":["https:\/\/www.duunauspalvelutjarvi.fi\/?product=gzr-dominanc-e-3-0-sahkofatbike-17"]}]},{"@type":"ImageObject","inLanguage":"fi","@id":"https:\/\/www.duunauspalvelutjarvi.fi\/?product=gzr-dominanc-e-3-0-sahkofatbike-17#primaryimage","url":"https:\/\/www.duunauspalvelutjarvi.fi\/wp-content\/uploads\/2025\/08\/2_878704-800x483-1.jpg","contentUrl":"https:\/\/www.duunauspalvelutjarvi.fi\/wp-content\/uploads\/2025\/08\/2_878704-800x483-1.jpg","width":800,"height":483},{"@type":"BreadcrumbList","@id":"https:\/\/www.duunauspalvelutjarvi.fi\/?product=gzr-dominanc-e-3-0-sahkofatbike-17#breadcrumb","itemListElement":[{"@type":"ListItem","position":1,"name":"Etusivu","item":"https:\/\/www.duunauspalvelutjarvi.fi\/"},{"@type":"ListItem","position":2,"name":"Etusivu","item":"https:\/\/www.duunauspalvelutjarvi.fi\/"},{"@type":"ListItem","position":3,"name":"GZR Dominanc-e 3.0 s\u00e4hk\u00f6fatbike 17&#8243;"}]},{"@type":"WebSite","@id":"https:\/\/www.duunauspalvelutjarvi.fi\/#website","url":"https:\/\/www.duunauspalvelutjarvi.fi\/","name":"","description":"","potentialAction":[{"@type":"SearchAction","target":{"@type":"EntryPoint","urlTemplate":"https:\/\/www.duunauspalvelutjarvi.fi\/?s={search_term_string}"},"query-input":{"@type":"PropertyValueSpecification","valueRequired":true,"valueName":"search_term_string"}}],"inLanguage":"fi"}]}},"jetpack_sharing_enabled":true,"_links":{"self":[{"href":"https:\/\/www.duunauspalvelutjarvi.fi\/index.php?rest_route=\/wp\/v2\/product\/15325","targetHints":{"allow":["GET"]}}],"collection":[{"href":"https:\/\/www.duunauspalvelutjarvi.fi\/index.php?rest_route=\/wp\/v2\/product"}],"about":[{"href":"https:\/\/www.duunauspalvelutjarvi.fi\/index.php?rest_route=\/wp\/v2\/types\/product"}],"replies":[{"embeddable":true,"href":"https:\/\/www.duunauspalvelutjarvi.fi\/index.php?rest_route=%2Fwp%2Fv2%2Fcomments&post=15325"}],"wp:featuredmedia":[{"embeddable":true,"href":"https:\/\/www.duunauspalvelutjarvi.fi\/index.php?rest_route=\/wp\/v2\/media\/15328"}],"wp:attachment":[{"href":"https:\/\/www.duunauspalvelutjarvi.fi\/index.php?rest_route=%2Fwp%2Fv2%2Fmedia&parent=15325"}],"wp:term":[{"taxonomy":"product_brand","embeddable":true,"href":"https:\/\/www.duunauspalvelutjarvi.fi\/index.php?rest_route=%2Fwp%2Fv2%2Fproduct_brand&post=15325"},{"taxonomy":"product_cat","embeddable":true,"href":"https:\/\/www.duunauspalvelutjarvi.fi\/index.php?rest_route=%2Fwp%2Fv2%2Fproduct_cat&post=15325"},{"taxonomy":"product_tag","embeddable":true,"href":"https:\/\/www.duunauspalvelutjarvi.fi\/index.php?rest_route=%2Fwp%2Fv2%2Fproduct_tag&post=15325"}],"curies":[{"name":"wp","href":"https:\/\/api.w.org\/{rel}","templated":true}]}}