{"id":15349,"date":"2025-10-03T19:39:12","date_gmt":"2025-10-03T16:39:12","guid":{"rendered":"https:\/\/www.duunauspalvelutjarvi.fi\/?post_type=product&#038;p=15349"},"modified":"2025-10-03T19:45:57","modified_gmt":"2025-10-03T16:45:57","slug":"xbb-obd-dongle-ja-powerunit-kytkentasarja","status":"publish","type":"product","link":"https:\/\/www.duunauspalvelutjarvi.fi\/?product=xbb-obd-dongle-ja-powerunit-kytkentasarja","title":{"rendered":"XBB OBD Dongle ja PowerUnit kytkent\u00e4sarja"},"content":{"rendered":"<p><strong>XBB OBD-lis\u00e4valojen kytkent\u00e4laite<\/strong>\u00a0tekee lis\u00e4valojen kytkenn\u00e4st\u00e4 todella helppoa! XBB Dongle havaitsee lis\u00e4valojen her\u00e4tetiedon OBD-portin kautta suoraan auton CAN-v\u00e4yl\u00e4st\u00e4 ja l\u00e4hett\u00e4\u00e4 sen langattomasti XBB Power Unit -releelle. Rele voidaan kytke\u00e4 suoraan normaaliin relejohtosarjaan vakioreleen tilalle. XBB Dongle ja XBB Power Unit toimivat langattomasti, ilman konehuoneen ja auton sis\u00e4tilan v\u00e4lille vedett\u00e4vi\u00e4 johtoja.<\/p>\n<p>Maksimikuorma: 180 W @ 12 V. Yli 180 W valoja varten katso asennuskaavio. Jos maksimikuorma ylittyy, t\u00e4ytyy lis\u00e4rele kytke\u00e4.<\/p>\n<p>Asennus viimeistell\u00e4\u00e4n valitsemalla automallin asetukset k\u00e4nnykk\u00e4\u00e4n ladattavan XBB Configurator-sovelluksen avulla. T\u00e4m\u00e4n helpommaksi lis\u00e4valojen asennus my\u00f6s uusiin autoihin ei voisi en\u00e4\u00e4 menn\u00e4!<\/p>\n<p><em>Huom! Mik\u00e4li automallia ei l\u00f6ydy yhteensopivuuslistalta, niin emme takaa yhteensopivuutta.<\/em><\/p>\n<p><a href=\"https:\/\/www.xbb.se\/en\/snabbguide\/\">Quick guide asennukseen (en)<\/a><br \/>\n<a href=\"https:\/\/www.xbb.se\/en\/faq\/\">Usein kysytyt kysymykset (en)<\/a><\/p>\n<div id=\"compatibility\">\n<div class=\"ProductFile\">\n<div class=\"ProductFile__name\"><a href=\"https:\/\/www.duunauspalvelutjarvi.fi\/wp-content\/uploads\/2025\/10\/8020103700-AsennuskaavioXBBDongle_70d6adde810b69caa84de98af4ecc80f.pdf\">Asennuskaavio XBB Dongle.pdf<\/a><\/div>\n<div class=\"ProductFile__download\">\u00a0<span class=\"ProductFile__download-text\">Lataa<\/span><\/div>\n<\/div>\n<div class=\"ProductFile\">\n<div class=\"ProductFile__name\"><a href=\"https:\/\/www.duunauspalvelutjarvi.fi\/wp-content\/uploads\/2025\/10\/8020103700-AsennusohjeXBBDongle_9f80c1bd1aa345c6ec881ac450e04fc7.pdf\">Asennusohje XBB Dongle.pdf<\/a><\/div>\n<div class=\"ProductFile__download\">\u00a0<span class=\"ProductFile__download-text\">Lataa<\/span><\/div>\n<\/div>\n<div class=\"ProductFile\">\n<div class=\"ProductFile__name\"><a href=\"https:\/\/www.duunauspalvelutjarvi.fi\/wp-content\/uploads\/2025\/10\/8020103700-XBBDONGLEMANUAL_dcc5524b241edbb6e5486934f89cd2df.pdf\">XBB DONGLE MANUAL<\/a><\/div>\n<div class=\"ProductFile__download\">\u00a0<span class=\"ProductFile__download-text\">Lataa<\/span><\/div>\n<\/div>\n<\/div>\n","protected":false},"excerpt":{"rendered":"<p>XBB OBD-lis\u00e4valojen kytkent\u00e4laite\u00a0tekee lis\u00e4valojen kytkenn\u00e4st\u00e4 todella helppoa! XBB Dongle havaitsee lis\u00e4valojen her\u00e4tetiedon OBD-portin kautta suoraan auton CAN-v\u00e4yl\u00e4st\u00e4 ja l\u00e4hett\u00e4\u00e4 sen langattomasti XBB Power Unit -releelle. Rele voidaan kytke\u00e4 suoraan normaaliin relejohtosarjaan vakioreleen tilalle. XBB Dongle ja XBB Power Unit toimivat langattomasti, ilman konehuoneen ja auton sis\u00e4tilan v\u00e4lille vedett\u00e4vi\u00e4 johtoja. Maksimikuorma: 180 W @ 12 V. [&hellip;]<\/p>\n","protected":false},"featured_media":15350,"comment_status":"open","ping_status":"closed","template":"","meta":[],"product_brand":[],"product_cat":[250],"product_tag":[],"class_list":{"0":"post-15349","1":"product","2":"type-product","3":"status-publish","4":"has-post-thumbnail","6":"product_cat-relejohtosarjat","8":"first","9":"instock","10":"taxable","11":"shipping-taxable","12":"purchasable","13":"product-type-simple"},"yoast_head":"<!-- This site is optimized with the Yoast SEO plugin v27.3 - https:\/\/yoast.com\/product\/yoast-seo-wordpress\/ -->\n<title>XBB OBD Dongle ja PowerUnit kytkent\u00e4sarja -<\/title>\n<meta name=\"robots\" content=\"index, follow, max-snippet:-1, max-image-preview:large, max-video-preview:-1\" \/>\n<link rel=\"canonical\" href=\"https:\/\/www.duunauspalvelutjarvi.fi\/?product=xbb-obd-dongle-ja-powerunit-kytkentasarja\" \/>\n<meta property=\"og:locale\" content=\"fi_FI\" \/>\n<meta property=\"og:type\" content=\"article\" \/>\n<meta property=\"og:title\" content=\"XBB OBD Dongle ja PowerUnit kytkent\u00e4sarja -\" \/>\n<meta property=\"og:description\" content=\"XBB OBD-lis\u00e4valojen kytkent\u00e4laite\u00a0tekee lis\u00e4valojen kytkenn\u00e4st\u00e4 todella helppoa! XBB Dongle havaitsee lis\u00e4valojen her\u00e4tetiedon OBD-portin kautta suoraan auton CAN-v\u00e4yl\u00e4st\u00e4 ja l\u00e4hett\u00e4\u00e4 sen langattomasti XBB Power Unit -releelle. Rele voidaan kytke\u00e4 suoraan normaaliin relejohtosarjaan vakioreleen tilalle. XBB Dongle ja XBB Power Unit toimivat langattomasti, ilman konehuoneen ja auton sis\u00e4tilan v\u00e4lille vedett\u00e4vi\u00e4 johtoja. Maksimikuorma: 180 W @ 12 V. [&hellip;]\" \/>\n<meta property=\"og:url\" content=\"https:\/\/www.duunauspalvelutjarvi.fi\/?product=xbb-obd-dongle-ja-powerunit-kytkentasarja\" \/>\n<meta property=\"article:modified_time\" content=\"2025-10-03T16:45:57+00:00\" \/>\n<meta property=\"og:image\" content=\"https:\/\/www.duunauspalvelutjarvi.fi\/wp-content\/uploads\/2025\/10\/xbbobddonglejapowerunitkytkentasarja_8020103700_73f49d8c609c_7.webp\" \/>\n\t<meta property=\"og:image:width\" content=\"1080\" \/>\n\t<meta property=\"og:image:height\" content=\"1080\" \/>\n\t<meta property=\"og:image:type\" content=\"image\/webp\" \/>\n<meta name=\"twitter:card\" content=\"summary_large_image\" \/>\n<meta name=\"twitter:label1\" content=\"Arvioitu lukuaika\" \/>\n\t<meta name=\"twitter:data1\" content=\"1 minuutti\" \/>\n<script type=\"application\/ld+json\" class=\"yoast-schema-graph\">{\"@context\":\"https:\\\/\\\/schema.org\",\"@graph\":[{\"@type\":\"WebPage\",\"@id\":\"https:\\\/\\\/www.duunauspalvelutjarvi.fi\\\/?product=xbb-obd-dongle-ja-powerunit-kytkentasarja\",\"url\":\"https:\\\/\\\/www.duunauspalvelutjarvi.fi\\\/?product=xbb-obd-dongle-ja-powerunit-kytkentasarja\",\"name\":\"XBB OBD Dongle ja PowerUnit kytkent\u00e4sarja -\",\"isPartOf\":{\"@id\":\"https:\\\/\\\/www.duunauspalvelutjarvi.fi\\\/#website\"},\"primaryImageOfPage\":{\"@id\":\"https:\\\/\\\/www.duunauspalvelutjarvi.fi\\\/?product=xbb-obd-dongle-ja-powerunit-kytkentasarja#primaryimage\"},\"image\":{\"@id\":\"https:\\\/\\\/www.duunauspalvelutjarvi.fi\\\/?product=xbb-obd-dongle-ja-powerunit-kytkentasarja#primaryimage\"},\"thumbnailUrl\":\"https:\\\/\\\/www.duunauspalvelutjarvi.fi\\\/wp-content\\\/uploads\\\/2025\\\/10\\\/xbbobddonglejapowerunitkytkentasarja_8020103700_73f49d8c609c_7.webp\",\"datePublished\":\"2025-10-03T16:39:12+00:00\",\"dateModified\":\"2025-10-03T16:45:57+00:00\",\"breadcrumb\":{\"@id\":\"https:\\\/\\\/www.duunauspalvelutjarvi.fi\\\/?product=xbb-obd-dongle-ja-powerunit-kytkentasarja#breadcrumb\"},\"inLanguage\":\"fi\",\"potentialAction\":[{\"@type\":\"ReadAction\",\"target\":[\"https:\\\/\\\/www.duunauspalvelutjarvi.fi\\\/?product=xbb-obd-dongle-ja-powerunit-kytkentasarja\"]}]},{\"@type\":\"ImageObject\",\"inLanguage\":\"fi\",\"@id\":\"https:\\\/\\\/www.duunauspalvelutjarvi.fi\\\/?product=xbb-obd-dongle-ja-powerunit-kytkentasarja#primaryimage\",\"url\":\"https:\\\/\\\/www.duunauspalvelutjarvi.fi\\\/wp-content\\\/uploads\\\/2025\\\/10\\\/xbbobddonglejapowerunitkytkentasarja_8020103700_73f49d8c609c_7.webp\",\"contentUrl\":\"https:\\\/\\\/www.duunauspalvelutjarvi.fi\\\/wp-content\\\/uploads\\\/2025\\\/10\\\/xbbobddonglejapowerunitkytkentasarja_8020103700_73f49d8c609c_7.webp\",\"width\":1080,\"height\":1080},{\"@type\":\"BreadcrumbList\",\"@id\":\"https:\\\/\\\/www.duunauspalvelutjarvi.fi\\\/?product=xbb-obd-dongle-ja-powerunit-kytkentasarja#breadcrumb\",\"itemListElement\":[{\"@type\":\"ListItem\",\"position\":1,\"name\":\"Etusivu\",\"item\":\"https:\\\/\\\/www.duunauspalvelutjarvi.fi\\\/\"},{\"@type\":\"ListItem\",\"position\":2,\"name\":\"Etusivu\",\"item\":\"https:\\\/\\\/www.duunauspalvelutjarvi.fi\\\/\"},{\"@type\":\"ListItem\",\"position\":3,\"name\":\"XBB OBD Dongle ja PowerUnit kytkent\u00e4sarja\"}]},{\"@type\":\"WebSite\",\"@id\":\"https:\\\/\\\/www.duunauspalvelutjarvi.fi\\\/#website\",\"url\":\"https:\\\/\\\/www.duunauspalvelutjarvi.fi\\\/\",\"name\":\"\",\"description\":\"\",\"potentialAction\":[{\"@type\":\"SearchAction\",\"target\":{\"@type\":\"EntryPoint\",\"urlTemplate\":\"https:\\\/\\\/www.duunauspalvelutjarvi.fi\\\/?s={search_term_string}\"},\"query-input\":{\"@type\":\"PropertyValueSpecification\",\"valueRequired\":true,\"valueName\":\"search_term_string\"}}],\"inLanguage\":\"fi\"}]}<\/script>\n<!-- \/ Yoast SEO plugin. -->","yoast_head_json":{"title":"XBB OBD Dongle ja PowerUnit kytkent\u00e4sarja -","robots":{"index":"index","follow":"follow","max-snippet":"max-snippet:-1","max-image-preview":"max-image-preview:large","max-video-preview":"max-video-preview:-1"},"canonical":"https:\/\/www.duunauspalvelutjarvi.fi\/?product=xbb-obd-dongle-ja-powerunit-kytkentasarja","og_locale":"fi_FI","og_type":"article","og_title":"XBB OBD Dongle ja PowerUnit kytkent\u00e4sarja -","og_description":"XBB OBD-lis\u00e4valojen kytkent\u00e4laite\u00a0tekee lis\u00e4valojen kytkenn\u00e4st\u00e4 todella helppoa! XBB Dongle havaitsee lis\u00e4valojen her\u00e4tetiedon OBD-portin kautta suoraan auton CAN-v\u00e4yl\u00e4st\u00e4 ja l\u00e4hett\u00e4\u00e4 sen langattomasti XBB Power Unit -releelle. Rele voidaan kytke\u00e4 suoraan normaaliin relejohtosarjaan vakioreleen tilalle. XBB Dongle ja XBB Power Unit toimivat langattomasti, ilman konehuoneen ja auton sis\u00e4tilan v\u00e4lille vedett\u00e4vi\u00e4 johtoja. Maksimikuorma: 180 W @ 12 V. [&hellip;]","og_url":"https:\/\/www.duunauspalvelutjarvi.fi\/?product=xbb-obd-dongle-ja-powerunit-kytkentasarja","article_modified_time":"2025-10-03T16:45:57+00:00","og_image":[{"width":1080,"height":1080,"url":"https:\/\/www.duunauspalvelutjarvi.fi\/wp-content\/uploads\/2025\/10\/xbbobddonglejapowerunitkytkentasarja_8020103700_73f49d8c609c_7.webp","type":"image\/webp"}],"twitter_card":"summary_large_image","twitter_misc":{"Arvioitu lukuaika":"1 minuutti"},"schema":{"@context":"https:\/\/schema.org","@graph":[{"@type":"WebPage","@id":"https:\/\/www.duunauspalvelutjarvi.fi\/?product=xbb-obd-dongle-ja-powerunit-kytkentasarja","url":"https:\/\/www.duunauspalvelutjarvi.fi\/?product=xbb-obd-dongle-ja-powerunit-kytkentasarja","name":"XBB OBD Dongle ja PowerUnit kytkent\u00e4sarja -","isPartOf":{"@id":"https:\/\/www.duunauspalvelutjarvi.fi\/#website"},"primaryImageOfPage":{"@id":"https:\/\/www.duunauspalvelutjarvi.fi\/?product=xbb-obd-dongle-ja-powerunit-kytkentasarja#primaryimage"},"image":{"@id":"https:\/\/www.duunauspalvelutjarvi.fi\/?product=xbb-obd-dongle-ja-powerunit-kytkentasarja#primaryimage"},"thumbnailUrl":"https:\/\/www.duunauspalvelutjarvi.fi\/wp-content\/uploads\/2025\/10\/xbbobddonglejapowerunitkytkentasarja_8020103700_73f49d8c609c_7.webp","datePublished":"2025-10-03T16:39:12+00:00","dateModified":"2025-10-03T16:45:57+00:00","breadcrumb":{"@id":"https:\/\/www.duunauspalvelutjarvi.fi\/?product=xbb-obd-dongle-ja-powerunit-kytkentasarja#breadcrumb"},"inLanguage":"fi","potentialAction":[{"@type":"ReadAction","target":["https:\/\/www.duunauspalvelutjarvi.fi\/?product=xbb-obd-dongle-ja-powerunit-kytkentasarja"]}]},{"@type":"ImageObject","inLanguage":"fi","@id":"https:\/\/www.duunauspalvelutjarvi.fi\/?product=xbb-obd-dongle-ja-powerunit-kytkentasarja#primaryimage","url":"https:\/\/www.duunauspalvelutjarvi.fi\/wp-content\/uploads\/2025\/10\/xbbobddonglejapowerunitkytkentasarja_8020103700_73f49d8c609c_7.webp","contentUrl":"https:\/\/www.duunauspalvelutjarvi.fi\/wp-content\/uploads\/2025\/10\/xbbobddonglejapowerunitkytkentasarja_8020103700_73f49d8c609c_7.webp","width":1080,"height":1080},{"@type":"BreadcrumbList","@id":"https:\/\/www.duunauspalvelutjarvi.fi\/?product=xbb-obd-dongle-ja-powerunit-kytkentasarja#breadcrumb","itemListElement":[{"@type":"ListItem","position":1,"name":"Etusivu","item":"https:\/\/www.duunauspalvelutjarvi.fi\/"},{"@type":"ListItem","position":2,"name":"Etusivu","item":"https:\/\/www.duunauspalvelutjarvi.fi\/"},{"@type":"ListItem","position":3,"name":"XBB OBD Dongle ja PowerUnit kytkent\u00e4sarja"}]},{"@type":"WebSite","@id":"https:\/\/www.duunauspalvelutjarvi.fi\/#website","url":"https:\/\/www.duunauspalvelutjarvi.fi\/","name":"","description":"","potentialAction":[{"@type":"SearchAction","target":{"@type":"EntryPoint","urlTemplate":"https:\/\/www.duunauspalvelutjarvi.fi\/?s={search_term_string}"},"query-input":{"@type":"PropertyValueSpecification","valueRequired":true,"valueName":"search_term_string"}}],"inLanguage":"fi"}]}},"jetpack_sharing_enabled":true,"_links":{"self":[{"href":"https:\/\/www.duunauspalvelutjarvi.fi\/index.php?rest_route=\/wp\/v2\/product\/15349","targetHints":{"allow":["GET"]}}],"collection":[{"href":"https:\/\/www.duunauspalvelutjarvi.fi\/index.php?rest_route=\/wp\/v2\/product"}],"about":[{"href":"https:\/\/www.duunauspalvelutjarvi.fi\/index.php?rest_route=\/wp\/v2\/types\/product"}],"replies":[{"embeddable":true,"href":"https:\/\/www.duunauspalvelutjarvi.fi\/index.php?rest_route=%2Fwp%2Fv2%2Fcomments&post=15349"}],"wp:featuredmedia":[{"embeddable":true,"href":"https:\/\/www.duunauspalvelutjarvi.fi\/index.php?rest_route=\/wp\/v2\/media\/15350"}],"wp:attachment":[{"href":"https:\/\/www.duunauspalvelutjarvi.fi\/index.php?rest_route=%2Fwp%2Fv2%2Fmedia&parent=15349"}],"wp:term":[{"taxonomy":"product_brand","embeddable":true,"href":"https:\/\/www.duunauspalvelutjarvi.fi\/index.php?rest_route=%2Fwp%2Fv2%2Fproduct_brand&post=15349"},{"taxonomy":"product_cat","embeddable":true,"href":"https:\/\/www.duunauspalvelutjarvi.fi\/index.php?rest_route=%2Fwp%2Fv2%2Fproduct_cat&post=15349"},{"taxonomy":"product_tag","embeddable":true,"href":"https:\/\/www.duunauspalvelutjarvi.fi\/index.php?rest_route=%2Fwp%2Fv2%2Fproduct_tag&post=15349"}],"curies":[{"name":"wp","href":"https:\/\/api.w.org\/{rel}","templated":true}]}}