{"id":2938,"date":"2021-02-12T14:55:49","date_gmt":"2021-02-12T12:55:49","guid":{"rendered":"http:\/\/www.duunauspalvelutjarvi.fi\/?post_type=product&#038;p=2938"},"modified":"2025-08-10T22:11:18","modified_gmt":"2025-08-10T19:11:18","slug":"relejohtosarja-lisavalojen-asennukseen-dt-liittimilla-luminalights","status":"publish","type":"product","link":"https:\/\/www.duunauspalvelutjarvi.fi\/?product=relejohtosarja-lisavalojen-asennukseen-dt-liittimilla-luminalights","title":{"rendered":"Relejohtosarja lis\u00e4valojen asennukseen DT-liittimill\u00e4, LuminaLights"},"content":{"rendered":"<p><strong>LuminaLights\u00a0relejohtosarja DT2-nap. liittimill\u00e4<\/strong>\u00a0on markkinoiden ainoa relejohtosarja\u00a0lis\u00e4valojen asennukseen, jossa on valmiina vesitiiviit Deutch\u00a0DT-2-nap. yhteensopivat liittimet. T\u00e4ll\u00e4 sarjalla esim.\u00a0<a href=\"https:\/\/www.lumise.fi\/tuote\/led-lis%C3%A4valo-35w-luminalights-x-ref-12-5-9-32v-ref12-5-9-32v\/3010130010\/\">LuminaLights X Led-lis\u00e4valojen\u00a0<\/a>asentaminen on todella helppoa! Relejohtosarjalla saadaan asennettua 2kpl lis\u00e4valoja. Lis\u00e4valojen \u00a0asennus ei ole ikin\u00e4 ollut n\u00e4in helppoa!<\/p>\n<p><b>Tiedot:<br \/>\n<\/b>\u2022 Merkkivalollinen kytkin (voidaan asentaa my\u00f6s ilman kytkint\u00e4)<br \/>\n\u2022 Roiskevesitiivis sulakerasia 15A sulakkeella<br \/>\n\u2022 12V rele suojadiodilla, joka est\u00e4\u00e4 elektroniikalle vahingollisen j\u00e4nnitepiikin.<br \/>\n\u2022 Rosvoliitin her\u00e4tevirran haaroittamiseen<br \/>\n\u2022 2x Deutch urosliitin naaraspinneill\u00e4<br \/>\n\u2022 Mukana suomenkieliset asennusohjeet<br \/>\n\u2022 Johdot releelt\u00e4 valoille: 1m ja 1,5m<br \/>\n\u2022 LuminaLights<br \/>\n\u2022 Takuu 12kk<\/p>\n","protected":false},"excerpt":{"rendered":"<p><a href=\"https:\/\/www.duunauspalvelutjarvi.fi\/?term=&amp;s=LuminaLights&amp;post_type=product&amp;taxonomy=product_cat\"><img loading=\"lazy\" decoding=\"async\" class=\"alignnone size-full wp-image-9939\" src=\"https:\/\/www.duunauspalvelutjarvi.fi\/wp-content\/uploads\/2021\/08\/luminalights_manufacturer_image.png\" alt=\"\" width=\"200\" height=\"65\" \/><\/a><\/p>\n","protected":false},"featured_media":0,"comment_status":"open","ping_status":"closed","template":"","meta":[],"product_brand":[704],"product_cat":[250],"product_tag":[],"class_list":{"0":"post-2938","1":"product","2":"type-product","3":"status-publish","5":"product_brand-luminalights","6":"product_cat-relejohtosarjat","8":"first","9":"instock","10":"taxable","11":"shipping-taxable","12":"purchasable","13":"product-type-simple"},"yoast_head":"<!-- This site is optimized with the Yoast SEO plugin v27.5 - https:\/\/yoast.com\/product\/yoast-seo-wordpress\/ -->\n<title>Relejohtosarja lis\u00e4valojen asennukseen DT-liittimill\u00e4, LuminaLights -<\/title>\n<meta name=\"robots\" content=\"index, follow, max-snippet:-1, max-image-preview:large, max-video-preview:-1\" \/>\n<link rel=\"canonical\" href=\"https:\/\/www.duunauspalvelutjarvi.fi\/?product=relejohtosarja-lisavalojen-asennukseen-dt-liittimilla-luminalights\" \/>\n<meta property=\"og:locale\" content=\"fi_FI\" \/>\n<meta property=\"og:type\" content=\"article\" \/>\n<meta property=\"og:title\" content=\"Relejohtosarja lis\u00e4valojen asennukseen DT-liittimill\u00e4, LuminaLights -\" \/>\n<meta property=\"og:url\" content=\"https:\/\/www.duunauspalvelutjarvi.fi\/?product=relejohtosarja-lisavalojen-asennukseen-dt-liittimilla-luminalights\" \/>\n<meta property=\"article:modified_time\" content=\"2025-08-10T19:11:18+00:00\" \/>\n<meta name=\"twitter:card\" content=\"summary_large_image\" \/>\n<script type=\"application\/ld+json\" class=\"yoast-schema-graph\">{\"@context\":\"https:\\\/\\\/schema.org\",\"@graph\":[{\"@type\":\"WebPage\",\"@id\":\"https:\\\/\\\/www.duunauspalvelutjarvi.fi\\\/?product=relejohtosarja-lisavalojen-asennukseen-dt-liittimilla-luminalights\",\"url\":\"https:\\\/\\\/www.duunauspalvelutjarvi.fi\\\/?product=relejohtosarja-lisavalojen-asennukseen-dt-liittimilla-luminalights\",\"name\":\"Relejohtosarja lis\u00e4valojen asennukseen DT-liittimill\u00e4, LuminaLights -\",\"isPartOf\":{\"@id\":\"https:\\\/\\\/www.duunauspalvelutjarvi.fi\\\/#website\"},\"datePublished\":\"2021-02-12T12:55:49+00:00\",\"dateModified\":\"2025-08-10T19:11:18+00:00\",\"breadcrumb\":{\"@id\":\"https:\\\/\\\/www.duunauspalvelutjarvi.fi\\\/?product=relejohtosarja-lisavalojen-asennukseen-dt-liittimilla-luminalights#breadcrumb\"},\"inLanguage\":\"fi\",\"potentialAction\":[{\"@type\":\"ReadAction\",\"target\":[\"https:\\\/\\\/www.duunauspalvelutjarvi.fi\\\/?product=relejohtosarja-lisavalojen-asennukseen-dt-liittimilla-luminalights\"]}]},{\"@type\":\"BreadcrumbList\",\"@id\":\"https:\\\/\\\/www.duunauspalvelutjarvi.fi\\\/?product=relejohtosarja-lisavalojen-asennukseen-dt-liittimilla-luminalights#breadcrumb\",\"itemListElement\":[{\"@type\":\"ListItem\",\"position\":1,\"name\":\"Etusivu\",\"item\":\"https:\\\/\\\/www.duunauspalvelutjarvi.fi\\\/\"},{\"@type\":\"ListItem\",\"position\":2,\"name\":\"Etusivu\",\"item\":\"https:\\\/\\\/www.duunauspalvelutjarvi.fi\\\/\"},{\"@type\":\"ListItem\",\"position\":3,\"name\":\"Relejohtosarja lis\u00e4valojen asennukseen DT-liittimill\u00e4, LuminaLights\"}]},{\"@type\":\"WebSite\",\"@id\":\"https:\\\/\\\/www.duunauspalvelutjarvi.fi\\\/#website\",\"url\":\"https:\\\/\\\/www.duunauspalvelutjarvi.fi\\\/\",\"name\":\"\",\"description\":\"\",\"potentialAction\":[{\"@type\":\"SearchAction\",\"target\":{\"@type\":\"EntryPoint\",\"urlTemplate\":\"https:\\\/\\\/www.duunauspalvelutjarvi.fi\\\/?s={search_term_string}\"},\"query-input\":{\"@type\":\"PropertyValueSpecification\",\"valueRequired\":true,\"valueName\":\"search_term_string\"}}],\"inLanguage\":\"fi\"}]}<\/script>\n<!-- \/ Yoast SEO plugin. -->","yoast_head_json":{"title":"Relejohtosarja lis\u00e4valojen asennukseen DT-liittimill\u00e4, LuminaLights -","robots":{"index":"index","follow":"follow","max-snippet":"max-snippet:-1","max-image-preview":"max-image-preview:large","max-video-preview":"max-video-preview:-1"},"canonical":"https:\/\/www.duunauspalvelutjarvi.fi\/?product=relejohtosarja-lisavalojen-asennukseen-dt-liittimilla-luminalights","og_locale":"fi_FI","og_type":"article","og_title":"Relejohtosarja lis\u00e4valojen asennukseen DT-liittimill\u00e4, LuminaLights -","og_url":"https:\/\/www.duunauspalvelutjarvi.fi\/?product=relejohtosarja-lisavalojen-asennukseen-dt-liittimilla-luminalights","article_modified_time":"2025-08-10T19:11:18+00:00","twitter_card":"summary_large_image","schema":{"@context":"https:\/\/schema.org","@graph":[{"@type":"WebPage","@id":"https:\/\/www.duunauspalvelutjarvi.fi\/?product=relejohtosarja-lisavalojen-asennukseen-dt-liittimilla-luminalights","url":"https:\/\/www.duunauspalvelutjarvi.fi\/?product=relejohtosarja-lisavalojen-asennukseen-dt-liittimilla-luminalights","name":"Relejohtosarja lis\u00e4valojen asennukseen DT-liittimill\u00e4, LuminaLights -","isPartOf":{"@id":"https:\/\/www.duunauspalvelutjarvi.fi\/#website"},"datePublished":"2021-02-12T12:55:49+00:00","dateModified":"2025-08-10T19:11:18+00:00","breadcrumb":{"@id":"https:\/\/www.duunauspalvelutjarvi.fi\/?product=relejohtosarja-lisavalojen-asennukseen-dt-liittimilla-luminalights#breadcrumb"},"inLanguage":"fi","potentialAction":[{"@type":"ReadAction","target":["https:\/\/www.duunauspalvelutjarvi.fi\/?product=relejohtosarja-lisavalojen-asennukseen-dt-liittimilla-luminalights"]}]},{"@type":"BreadcrumbList","@id":"https:\/\/www.duunauspalvelutjarvi.fi\/?product=relejohtosarja-lisavalojen-asennukseen-dt-liittimilla-luminalights#breadcrumb","itemListElement":[{"@type":"ListItem","position":1,"name":"Etusivu","item":"https:\/\/www.duunauspalvelutjarvi.fi\/"},{"@type":"ListItem","position":2,"name":"Etusivu","item":"https:\/\/www.duunauspalvelutjarvi.fi\/"},{"@type":"ListItem","position":3,"name":"Relejohtosarja lis\u00e4valojen asennukseen DT-liittimill\u00e4, LuminaLights"}]},{"@type":"WebSite","@id":"https:\/\/www.duunauspalvelutjarvi.fi\/#website","url":"https:\/\/www.duunauspalvelutjarvi.fi\/","name":"","description":"","potentialAction":[{"@type":"SearchAction","target":{"@type":"EntryPoint","urlTemplate":"https:\/\/www.duunauspalvelutjarvi.fi\/?s={search_term_string}"},"query-input":{"@type":"PropertyValueSpecification","valueRequired":true,"valueName":"search_term_string"}}],"inLanguage":"fi"}]}},"jetpack_sharing_enabled":true,"_links":{"self":[{"href":"https:\/\/www.duunauspalvelutjarvi.fi\/index.php?rest_route=\/wp\/v2\/product\/2938","targetHints":{"allow":["GET"]}}],"collection":[{"href":"https:\/\/www.duunauspalvelutjarvi.fi\/index.php?rest_route=\/wp\/v2\/product"}],"about":[{"href":"https:\/\/www.duunauspalvelutjarvi.fi\/index.php?rest_route=\/wp\/v2\/types\/product"}],"replies":[{"embeddable":true,"href":"https:\/\/www.duunauspalvelutjarvi.fi\/index.php?rest_route=%2Fwp%2Fv2%2Fcomments&post=2938"}],"wp:attachment":[{"href":"https:\/\/www.duunauspalvelutjarvi.fi\/index.php?rest_route=%2Fwp%2Fv2%2Fmedia&parent=2938"}],"wp:term":[{"taxonomy":"product_brand","embeddable":true,"href":"https:\/\/www.duunauspalvelutjarvi.fi\/index.php?rest_route=%2Fwp%2Fv2%2Fproduct_brand&post=2938"},{"taxonomy":"product_cat","embeddable":true,"href":"https:\/\/www.duunauspalvelutjarvi.fi\/index.php?rest_route=%2Fwp%2Fv2%2Fproduct_cat&post=2938"},{"taxonomy":"product_tag","embeddable":true,"href":"https:\/\/www.duunauspalvelutjarvi.fi\/index.php?rest_route=%2Fwp%2Fv2%2Fproduct_tag&post=2938"}],"curies":[{"name":"wp","href":"https:\/\/api.w.org\/{rel}","templated":true}]}}