{"id":2957,"date":"2021-02-12T20:28:40","date_gmt":"2021-02-12T18:28:40","guid":{"rendered":"https:\/\/www.duunauspalvelutjarvi.fi\/?post_type=product&#038;p=2957"},"modified":"2024-03-24T22:14:39","modified_gmt":"2024-03-24T20:14:39","slug":"led-tyovalo-48w-basic-sae","status":"publish","type":"product","link":"https:\/\/www.duunauspalvelutjarvi.fi\/?product=led-tyovalo-48w-basic-sae","title":{"rendered":"LED-ty\u00f6valo 48W BASIC, SAE"},"content":{"rendered":"<p><strong>LED-ty\u00f6valo BASIC, SAE<\/strong>. Riisuttu perusmalli 48W:sta ty\u00f6valosta. Soveltuu erinomaisesti harrastek\u00e4ytt\u00f6\u00f6n.<\/p>\n<p><strong>Tekniset tiedot:<\/strong><br \/>\n\u2022 Valmistajan ilmoittama teoreettinen teho: 48W<br \/>\n\u2022 Todellinen teho 33,6W<br \/>\n\u2022 K\u00e4ytt\u00f6j\u00e4nnite: 10-30V<br \/>\n\u2022 Alumiinirunko<br \/>\n\u2022 PMMA-akryylilasi<br \/>\n\u2022 Deutsch-liitin<br \/>\n\u2022 Leve\u00e4 valokuvio, l\u00e4hialueen valaisuun<br \/>\n\u2022 Leveys: 127mm<br \/>\n\u2022 Korkeus: 127mm (jalan kanssa 155mm)<br \/>\n\u2022 Syvyys: 55mm<br \/>\n\u2022 IP68<br \/>\n\u2022 EMC-hyv\u00e4kytty<br \/>\n\u2022 R10-hyv\u00e4ksynt\u00e4<br \/>\n\u2022 0,3m johto<br \/>\n\u2022 EMC-hyv\u00e4ksytty<br \/>\n\u2022 Takuu 12kk<\/p>\n","protected":false},"excerpt":{"rendered":"<p><a href=\"https:\/\/www.duunauspalvelutjarvi.fi\/?term=&amp;s=sae&amp;post_type=product&amp;taxonomy=product_cat\"><img loading=\"lazy\" decoding=\"async\" class=\"alignnone size-full wp-image-9975\" src=\"https:\/\/www.duunauspalvelutjarvi.fi\/wp-content\/uploads\/2021\/03\/kuva_2021-08-25_015054.png\" alt=\"\" width=\"200\" height=\"65\" \/><\/a><\/p>\n","protected":false},"featured_media":13852,"comment_status":"open","ping_status":"closed","template":"","meta":[],"product_brand":[],"product_cat":[50],"product_tag":[],"class_list":{"0":"post-2957","1":"product","2":"type-product","3":"status-publish","4":"has-post-thumbnail","6":"product_cat-led-tyovalot-28-49w","8":"first","9":"instock","10":"taxable","11":"shipping-taxable","12":"purchasable","13":"product-type-simple"},"yoast_head":"<!-- This site is optimized with the Yoast SEO plugin v27.5 - https:\/\/yoast.com\/product\/yoast-seo-wordpress\/ -->\n<title>LED-ty\u00f6valo 48W BASIC, SAE -<\/title>\n<meta name=\"robots\" content=\"index, follow, max-snippet:-1, max-image-preview:large, max-video-preview:-1\" \/>\n<link rel=\"canonical\" href=\"https:\/\/www.duunauspalvelutjarvi.fi\/?product=led-tyovalo-48w-basic-sae\" \/>\n<meta property=\"og:locale\" content=\"fi_FI\" \/>\n<meta property=\"og:type\" content=\"article\" \/>\n<meta property=\"og:title\" content=\"LED-ty\u00f6valo 48W BASIC, SAE -\" \/>\n<meta property=\"og:url\" content=\"https:\/\/www.duunauspalvelutjarvi.fi\/?product=led-tyovalo-48w-basic-sae\" \/>\n<meta property=\"article:modified_time\" content=\"2024-03-24T20:14:39+00:00\" \/>\n<meta property=\"og:image\" content=\"https:\/\/www.duunauspalvelutjarvi.fi\/wp-content\/uploads\/2021\/02\/LED-tyovalo48WBASICSAE_2020110026_2799dcd602b9cacbcb47a16cb8ad4df7_1.jpg\" \/>\n\t<meta property=\"og:image:width\" content=\"340\" \/>\n\t<meta property=\"og:image:height\" content=\"340\" \/>\n\t<meta property=\"og:image:type\" content=\"image\/jpeg\" \/>\n<meta name=\"twitter:card\" content=\"summary_large_image\" \/>\n<script type=\"application\/ld+json\" class=\"yoast-schema-graph\">{\"@context\":\"https:\\\/\\\/schema.org\",\"@graph\":[{\"@type\":\"WebPage\",\"@id\":\"https:\\\/\\\/www.duunauspalvelutjarvi.fi\\\/?product=led-tyovalo-48w-basic-sae\",\"url\":\"https:\\\/\\\/www.duunauspalvelutjarvi.fi\\\/?product=led-tyovalo-48w-basic-sae\",\"name\":\"LED-ty\u00f6valo 48W BASIC, SAE -\",\"isPartOf\":{\"@id\":\"https:\\\/\\\/www.duunauspalvelutjarvi.fi\\\/#website\"},\"primaryImageOfPage\":{\"@id\":\"https:\\\/\\\/www.duunauspalvelutjarvi.fi\\\/?product=led-tyovalo-48w-basic-sae#primaryimage\"},\"image\":{\"@id\":\"https:\\\/\\\/www.duunauspalvelutjarvi.fi\\\/?product=led-tyovalo-48w-basic-sae#primaryimage\"},\"thumbnailUrl\":\"https:\\\/\\\/www.duunauspalvelutjarvi.fi\\\/wp-content\\\/uploads\\\/2021\\\/02\\\/LED-tyovalo48WBASICSAE_2020110026_2799dcd602b9cacbcb47a16cb8ad4df7_1.jpg\",\"datePublished\":\"2021-02-12T18:28:40+00:00\",\"dateModified\":\"2024-03-24T20:14:39+00:00\",\"breadcrumb\":{\"@id\":\"https:\\\/\\\/www.duunauspalvelutjarvi.fi\\\/?product=led-tyovalo-48w-basic-sae#breadcrumb\"},\"inLanguage\":\"fi\",\"potentialAction\":[{\"@type\":\"ReadAction\",\"target\":[\"https:\\\/\\\/www.duunauspalvelutjarvi.fi\\\/?product=led-tyovalo-48w-basic-sae\"]}]},{\"@type\":\"ImageObject\",\"inLanguage\":\"fi\",\"@id\":\"https:\\\/\\\/www.duunauspalvelutjarvi.fi\\\/?product=led-tyovalo-48w-basic-sae#primaryimage\",\"url\":\"https:\\\/\\\/www.duunauspalvelutjarvi.fi\\\/wp-content\\\/uploads\\\/2021\\\/02\\\/LED-tyovalo48WBASICSAE_2020110026_2799dcd602b9cacbcb47a16cb8ad4df7_1.jpg\",\"contentUrl\":\"https:\\\/\\\/www.duunauspalvelutjarvi.fi\\\/wp-content\\\/uploads\\\/2021\\\/02\\\/LED-tyovalo48WBASICSAE_2020110026_2799dcd602b9cacbcb47a16cb8ad4df7_1.jpg\",\"width\":340,\"height\":340},{\"@type\":\"BreadcrumbList\",\"@id\":\"https:\\\/\\\/www.duunauspalvelutjarvi.fi\\\/?product=led-tyovalo-48w-basic-sae#breadcrumb\",\"itemListElement\":[{\"@type\":\"ListItem\",\"position\":1,\"name\":\"Etusivu\",\"item\":\"https:\\\/\\\/www.duunauspalvelutjarvi.fi\\\/\"},{\"@type\":\"ListItem\",\"position\":2,\"name\":\"Etusivu\",\"item\":\"https:\\\/\\\/www.duunauspalvelutjarvi.fi\\\/\"},{\"@type\":\"ListItem\",\"position\":3,\"name\":\"LED-ty\u00f6valo 48W BASIC, SAE\"}]},{\"@type\":\"WebSite\",\"@id\":\"https:\\\/\\\/www.duunauspalvelutjarvi.fi\\\/#website\",\"url\":\"https:\\\/\\\/www.duunauspalvelutjarvi.fi\\\/\",\"name\":\"\",\"description\":\"\",\"potentialAction\":[{\"@type\":\"SearchAction\",\"target\":{\"@type\":\"EntryPoint\",\"urlTemplate\":\"https:\\\/\\\/www.duunauspalvelutjarvi.fi\\\/?s={search_term_string}\"},\"query-input\":{\"@type\":\"PropertyValueSpecification\",\"valueRequired\":true,\"valueName\":\"search_term_string\"}}],\"inLanguage\":\"fi\"}]}<\/script>\n<!-- \/ Yoast SEO plugin. -->","yoast_head_json":{"title":"LED-ty\u00f6valo 48W BASIC, SAE -","robots":{"index":"index","follow":"follow","max-snippet":"max-snippet:-1","max-image-preview":"max-image-preview:large","max-video-preview":"max-video-preview:-1"},"canonical":"https:\/\/www.duunauspalvelutjarvi.fi\/?product=led-tyovalo-48w-basic-sae","og_locale":"fi_FI","og_type":"article","og_title":"LED-ty\u00f6valo 48W BASIC, SAE -","og_url":"https:\/\/www.duunauspalvelutjarvi.fi\/?product=led-tyovalo-48w-basic-sae","article_modified_time":"2024-03-24T20:14:39+00:00","og_image":[{"width":340,"height":340,"url":"https:\/\/www.duunauspalvelutjarvi.fi\/wp-content\/uploads\/2021\/02\/LED-tyovalo48WBASICSAE_2020110026_2799dcd602b9cacbcb47a16cb8ad4df7_1.jpg","type":"image\/jpeg"}],"twitter_card":"summary_large_image","schema":{"@context":"https:\/\/schema.org","@graph":[{"@type":"WebPage","@id":"https:\/\/www.duunauspalvelutjarvi.fi\/?product=led-tyovalo-48w-basic-sae","url":"https:\/\/www.duunauspalvelutjarvi.fi\/?product=led-tyovalo-48w-basic-sae","name":"LED-ty\u00f6valo 48W BASIC, SAE -","isPartOf":{"@id":"https:\/\/www.duunauspalvelutjarvi.fi\/#website"},"primaryImageOfPage":{"@id":"https:\/\/www.duunauspalvelutjarvi.fi\/?product=led-tyovalo-48w-basic-sae#primaryimage"},"image":{"@id":"https:\/\/www.duunauspalvelutjarvi.fi\/?product=led-tyovalo-48w-basic-sae#primaryimage"},"thumbnailUrl":"https:\/\/www.duunauspalvelutjarvi.fi\/wp-content\/uploads\/2021\/02\/LED-tyovalo48WBASICSAE_2020110026_2799dcd602b9cacbcb47a16cb8ad4df7_1.jpg","datePublished":"2021-02-12T18:28:40+00:00","dateModified":"2024-03-24T20:14:39+00:00","breadcrumb":{"@id":"https:\/\/www.duunauspalvelutjarvi.fi\/?product=led-tyovalo-48w-basic-sae#breadcrumb"},"inLanguage":"fi","potentialAction":[{"@type":"ReadAction","target":["https:\/\/www.duunauspalvelutjarvi.fi\/?product=led-tyovalo-48w-basic-sae"]}]},{"@type":"ImageObject","inLanguage":"fi","@id":"https:\/\/www.duunauspalvelutjarvi.fi\/?product=led-tyovalo-48w-basic-sae#primaryimage","url":"https:\/\/www.duunauspalvelutjarvi.fi\/wp-content\/uploads\/2021\/02\/LED-tyovalo48WBASICSAE_2020110026_2799dcd602b9cacbcb47a16cb8ad4df7_1.jpg","contentUrl":"https:\/\/www.duunauspalvelutjarvi.fi\/wp-content\/uploads\/2021\/02\/LED-tyovalo48WBASICSAE_2020110026_2799dcd602b9cacbcb47a16cb8ad4df7_1.jpg","width":340,"height":340},{"@type":"BreadcrumbList","@id":"https:\/\/www.duunauspalvelutjarvi.fi\/?product=led-tyovalo-48w-basic-sae#breadcrumb","itemListElement":[{"@type":"ListItem","position":1,"name":"Etusivu","item":"https:\/\/www.duunauspalvelutjarvi.fi\/"},{"@type":"ListItem","position":2,"name":"Etusivu","item":"https:\/\/www.duunauspalvelutjarvi.fi\/"},{"@type":"ListItem","position":3,"name":"LED-ty\u00f6valo 48W BASIC, SAE"}]},{"@type":"WebSite","@id":"https:\/\/www.duunauspalvelutjarvi.fi\/#website","url":"https:\/\/www.duunauspalvelutjarvi.fi\/","name":"","description":"","potentialAction":[{"@type":"SearchAction","target":{"@type":"EntryPoint","urlTemplate":"https:\/\/www.duunauspalvelutjarvi.fi\/?s={search_term_string}"},"query-input":{"@type":"PropertyValueSpecification","valueRequired":true,"valueName":"search_term_string"}}],"inLanguage":"fi"}]}},"jetpack_sharing_enabled":true,"_links":{"self":[{"href":"https:\/\/www.duunauspalvelutjarvi.fi\/index.php?rest_route=\/wp\/v2\/product\/2957","targetHints":{"allow":["GET"]}}],"collection":[{"href":"https:\/\/www.duunauspalvelutjarvi.fi\/index.php?rest_route=\/wp\/v2\/product"}],"about":[{"href":"https:\/\/www.duunauspalvelutjarvi.fi\/index.php?rest_route=\/wp\/v2\/types\/product"}],"replies":[{"embeddable":true,"href":"https:\/\/www.duunauspalvelutjarvi.fi\/index.php?rest_route=%2Fwp%2Fv2%2Fcomments&post=2957"}],"wp:featuredmedia":[{"embeddable":true,"href":"https:\/\/www.duunauspalvelutjarvi.fi\/index.php?rest_route=\/wp\/v2\/media\/13852"}],"wp:attachment":[{"href":"https:\/\/www.duunauspalvelutjarvi.fi\/index.php?rest_route=%2Fwp%2Fv2%2Fmedia&parent=2957"}],"wp:term":[{"taxonomy":"product_brand","embeddable":true,"href":"https:\/\/www.duunauspalvelutjarvi.fi\/index.php?rest_route=%2Fwp%2Fv2%2Fproduct_brand&post=2957"},{"taxonomy":"product_cat","embeddable":true,"href":"https:\/\/www.duunauspalvelutjarvi.fi\/index.php?rest_route=%2Fwp%2Fv2%2Fproduct_cat&post=2957"},{"taxonomy":"product_tag","embeddable":true,"href":"https:\/\/www.duunauspalvelutjarvi.fi\/index.php?rest_route=%2Fwp%2Fv2%2Fproduct_tag&post=2957"}],"curies":[{"name":"wp","href":"https:\/\/api.w.org\/{rel}","templated":true}]}}