{"id":2972,"date":"2021-02-12T20:49:48","date_gmt":"2021-02-12T18:49:48","guid":{"rendered":"https:\/\/www.duunauspalvelutjarvi.fi\/?post_type=product&#038;p=2972"},"modified":"2021-12-01T22:52:03","modified_gmt":"2021-12-01T20:52:03","slug":"led-tyovalopaneeli-bullpro-160w","status":"publish","type":"product","link":"https:\/\/www.duunauspalvelutjarvi.fi\/?product=led-tyovalopaneeli-bullpro-160w","title":{"rendered":"LED-otsalamppu Fenix HM61R"},"content":{"rendered":"<p><strong>LED-otsalamppu Fenix HM61R<\/strong>\u00a0on kaikkien aikojen suorituskykyisin monitoimiotsalamppu. HM61R on todella tehokas 1200 lumenin monitoimilamppu punavalotoiminnolla. Fenix HM61R otsalampun markkinoiden nopein lataus lataa suurikokoisen 3500 mAh akun t\u00e4yteen vaivaisessa 4 tunnissa! \u00a0Monipuolisen k\u00e4yt\u00f6n takaa t\u00e4m\u00e4n lampun lukuisat eri kiinnitys mahdollisuudet. Voit k\u00e4ytt\u00e4\u00e4 sit\u00e4 otsalamppuna, k\u00e4silamppuna, kyp\u00e4r\u00e4lamppuna tai kiinnitt\u00e4\u00e4 sen taskun suuhun tai jopa metallisiin pintoihin. Uusi Fenix HM61R on todellinen lamppujen &#8221;monitoimity\u00f6kalu&#8221; joka valaisee eritt\u00e4in tasaisesti ja pitk\u00e4lle.<br \/>\n<strong><br \/>\nPakkaus sis\u00e4lt\u00e4\u00e4:<\/strong><br \/>\n\u2022 Fenix HM61R otsalamppu<br \/>\n\u2022 P\u00e4\u00e4- ja otsapanta<br \/>\n\u2022 Fenix ARB-L18-3500U mAh ladattava akku<br \/>\n\u2022 USB Magneettilatausjohto<br \/>\n\u2022 Otsapannan solki<br \/>\n\u2022 Vaihdettava O-rengastiiviste<br \/>\n\u2022 K\u00e4ytt\u00f6ohje<\/p>\n<p><strong>Tekniset tiedot:<\/strong><br \/>\n\u2022 Valoteho: 1200 lumenia<br \/>\n\u2022 Kantama: 145 m<br \/>\n\u2022 Valokeilan intensiteetti: 5287 kandela<br \/>\n\u2022 Iskunkest\u00e4vyys: 2metri\u00e4<br \/>\n\u2022 IP68<br \/>\n\u2022 K\u00e4ytt\u00f6tilat: 8kpl<br \/>\n\u2022 LED-tyyppi: Luminous SST40 Natural light LED, Everlight punainen<br \/>\n\u2022 Mitat: 101mm x 16mm x 36mm<br \/>\n\u2022 Paino: 99g ilman akkua, 149g akun kanssa<br \/>\n\u2022 Akkutyyppi: 18650 (sis\u00e4ltyy pakettiin) \/ 2xCR123A ei sis.<br \/>\n\u2022 Hyv\u00e4ksynn\u00e4t: ANSI\/NEMA FL-1, ROHS, CE<br \/>\n\u2022 Takuu: 5 vuotta<\/p>\n<p><strong>K\u00e4ytt\u00f6tilat:<\/strong><br \/>\n\u2022 Turbo: 1200lm\/2h<br \/>\n\u2022 Korkea: 400lm\/4h<br \/>\n\u2022 Keski: 150lm\/12h<br \/>\n\u2022 Matala: 50lm\/38h<br \/>\n\u2022 Eko: 5lm\/300h<br \/>\n\u2022 Punavalo jatkuva: 5lm\/80 h, 1lm\/400h<br \/>\n\u2022 Punavalo vilkku: 5lm\/160h<\/p>\n","protected":false},"excerpt":{"rendered":"<p><a href=\"https:\/\/www.duunauspalvelutjarvi.fi\/?term=&amp;s=fenix&amp;post_type=product&amp;taxonomy=product_cat\"><img loading=\"lazy\" decoding=\"async\" class=\"alignnone size-full wp-image-10327\" src=\"https:\/\/www.duunauspalvelutjarvi.fi\/wp-content\/uploads\/2021\/09\/kuva_2021-09-01_002656.png\" alt=\"\" width=\"200\" height=\"65\" \/><\/a><\/p>\n","protected":false},"featured_media":0,"comment_status":"open","ping_status":"closed","template":"","meta":[],"product_brand":[],"product_cat":[452],"product_tag":[],"class_list":{"0":"post-2972","1":"product","2":"type-product","3":"status-publish","5":"product_cat-otsalamput","7":"first","8":"instock","9":"taxable","10":"shipping-taxable","11":"purchasable","12":"product-type-simple"},"yoast_head":"<!-- This site is optimized with the Yoast SEO plugin v27.4 - https:\/\/yoast.com\/product\/yoast-seo-wordpress\/ -->\n<title>LED-otsalamppu Fenix HM61R -<\/title>\n<meta name=\"robots\" content=\"index, follow, max-snippet:-1, max-image-preview:large, max-video-preview:-1\" \/>\n<link rel=\"canonical\" href=\"https:\/\/www.duunauspalvelutjarvi.fi\/?product=led-tyovalopaneeli-bullpro-160w\" \/>\n<meta property=\"og:locale\" content=\"fi_FI\" \/>\n<meta property=\"og:type\" content=\"article\" \/>\n<meta property=\"og:title\" content=\"LED-otsalamppu Fenix HM61R -\" \/>\n<meta property=\"og:url\" content=\"https:\/\/www.duunauspalvelutjarvi.fi\/?product=led-tyovalopaneeli-bullpro-160w\" \/>\n<meta property=\"article:modified_time\" content=\"2021-12-01T20:52:03+00:00\" \/>\n<meta name=\"twitter:card\" content=\"summary_large_image\" \/>\n<meta name=\"twitter:label1\" content=\"Arvioitu lukuaika\" \/>\n\t<meta name=\"twitter:data1\" content=\"1 minuutti\" \/>\n<script type=\"application\/ld+json\" class=\"yoast-schema-graph\">{\"@context\":\"https:\\\/\\\/schema.org\",\"@graph\":[{\"@type\":\"WebPage\",\"@id\":\"https:\\\/\\\/www.duunauspalvelutjarvi.fi\\\/?product=led-tyovalopaneeli-bullpro-160w\",\"url\":\"https:\\\/\\\/www.duunauspalvelutjarvi.fi\\\/?product=led-tyovalopaneeli-bullpro-160w\",\"name\":\"LED-otsalamppu Fenix HM61R -\",\"isPartOf\":{\"@id\":\"https:\\\/\\\/www.duunauspalvelutjarvi.fi\\\/#website\"},\"datePublished\":\"2021-02-12T18:49:48+00:00\",\"dateModified\":\"2021-12-01T20:52:03+00:00\",\"breadcrumb\":{\"@id\":\"https:\\\/\\\/www.duunauspalvelutjarvi.fi\\\/?product=led-tyovalopaneeli-bullpro-160w#breadcrumb\"},\"inLanguage\":\"fi\",\"potentialAction\":[{\"@type\":\"ReadAction\",\"target\":[\"https:\\\/\\\/www.duunauspalvelutjarvi.fi\\\/?product=led-tyovalopaneeli-bullpro-160w\"]}]},{\"@type\":\"BreadcrumbList\",\"@id\":\"https:\\\/\\\/www.duunauspalvelutjarvi.fi\\\/?product=led-tyovalopaneeli-bullpro-160w#breadcrumb\",\"itemListElement\":[{\"@type\":\"ListItem\",\"position\":1,\"name\":\"Etusivu\",\"item\":\"https:\\\/\\\/www.duunauspalvelutjarvi.fi\\\/\"},{\"@type\":\"ListItem\",\"position\":2,\"name\":\"Etusivu\",\"item\":\"https:\\\/\\\/www.duunauspalvelutjarvi.fi\\\/\"},{\"@type\":\"ListItem\",\"position\":3,\"name\":\"LED-otsalamppu Fenix HM61R\"}]},{\"@type\":\"WebSite\",\"@id\":\"https:\\\/\\\/www.duunauspalvelutjarvi.fi\\\/#website\",\"url\":\"https:\\\/\\\/www.duunauspalvelutjarvi.fi\\\/\",\"name\":\"\",\"description\":\"\",\"potentialAction\":[{\"@type\":\"SearchAction\",\"target\":{\"@type\":\"EntryPoint\",\"urlTemplate\":\"https:\\\/\\\/www.duunauspalvelutjarvi.fi\\\/?s={search_term_string}\"},\"query-input\":{\"@type\":\"PropertyValueSpecification\",\"valueRequired\":true,\"valueName\":\"search_term_string\"}}],\"inLanguage\":\"fi\"}]}<\/script>\n<!-- \/ Yoast SEO plugin. -->","yoast_head_json":{"title":"LED-otsalamppu Fenix HM61R -","robots":{"index":"index","follow":"follow","max-snippet":"max-snippet:-1","max-image-preview":"max-image-preview:large","max-video-preview":"max-video-preview:-1"},"canonical":"https:\/\/www.duunauspalvelutjarvi.fi\/?product=led-tyovalopaneeli-bullpro-160w","og_locale":"fi_FI","og_type":"article","og_title":"LED-otsalamppu Fenix HM61R -","og_url":"https:\/\/www.duunauspalvelutjarvi.fi\/?product=led-tyovalopaneeli-bullpro-160w","article_modified_time":"2021-12-01T20:52:03+00:00","twitter_card":"summary_large_image","twitter_misc":{"Arvioitu lukuaika":"1 minuutti"},"schema":{"@context":"https:\/\/schema.org","@graph":[{"@type":"WebPage","@id":"https:\/\/www.duunauspalvelutjarvi.fi\/?product=led-tyovalopaneeli-bullpro-160w","url":"https:\/\/www.duunauspalvelutjarvi.fi\/?product=led-tyovalopaneeli-bullpro-160w","name":"LED-otsalamppu Fenix HM61R -","isPartOf":{"@id":"https:\/\/www.duunauspalvelutjarvi.fi\/#website"},"datePublished":"2021-02-12T18:49:48+00:00","dateModified":"2021-12-01T20:52:03+00:00","breadcrumb":{"@id":"https:\/\/www.duunauspalvelutjarvi.fi\/?product=led-tyovalopaneeli-bullpro-160w#breadcrumb"},"inLanguage":"fi","potentialAction":[{"@type":"ReadAction","target":["https:\/\/www.duunauspalvelutjarvi.fi\/?product=led-tyovalopaneeli-bullpro-160w"]}]},{"@type":"BreadcrumbList","@id":"https:\/\/www.duunauspalvelutjarvi.fi\/?product=led-tyovalopaneeli-bullpro-160w#breadcrumb","itemListElement":[{"@type":"ListItem","position":1,"name":"Etusivu","item":"https:\/\/www.duunauspalvelutjarvi.fi\/"},{"@type":"ListItem","position":2,"name":"Etusivu","item":"https:\/\/www.duunauspalvelutjarvi.fi\/"},{"@type":"ListItem","position":3,"name":"LED-otsalamppu Fenix HM61R"}]},{"@type":"WebSite","@id":"https:\/\/www.duunauspalvelutjarvi.fi\/#website","url":"https:\/\/www.duunauspalvelutjarvi.fi\/","name":"","description":"","potentialAction":[{"@type":"SearchAction","target":{"@type":"EntryPoint","urlTemplate":"https:\/\/www.duunauspalvelutjarvi.fi\/?s={search_term_string}"},"query-input":{"@type":"PropertyValueSpecification","valueRequired":true,"valueName":"search_term_string"}}],"inLanguage":"fi"}]}},"jetpack_sharing_enabled":true,"_links":{"self":[{"href":"https:\/\/www.duunauspalvelutjarvi.fi\/index.php?rest_route=\/wp\/v2\/product\/2972","targetHints":{"allow":["GET"]}}],"collection":[{"href":"https:\/\/www.duunauspalvelutjarvi.fi\/index.php?rest_route=\/wp\/v2\/product"}],"about":[{"href":"https:\/\/www.duunauspalvelutjarvi.fi\/index.php?rest_route=\/wp\/v2\/types\/product"}],"replies":[{"embeddable":true,"href":"https:\/\/www.duunauspalvelutjarvi.fi\/index.php?rest_route=%2Fwp%2Fv2%2Fcomments&post=2972"}],"wp:attachment":[{"href":"https:\/\/www.duunauspalvelutjarvi.fi\/index.php?rest_route=%2Fwp%2Fv2%2Fmedia&parent=2972"}],"wp:term":[{"taxonomy":"product_brand","embeddable":true,"href":"https:\/\/www.duunauspalvelutjarvi.fi\/index.php?rest_route=%2Fwp%2Fv2%2Fproduct_brand&post=2972"},{"taxonomy":"product_cat","embeddable":true,"href":"https:\/\/www.duunauspalvelutjarvi.fi\/index.php?rest_route=%2Fwp%2Fv2%2Fproduct_cat&post=2972"},{"taxonomy":"product_tag","embeddable":true,"href":"https:\/\/www.duunauspalvelutjarvi.fi\/index.php?rest_route=%2Fwp%2Fv2%2Fproduct_tag&post=2972"}],"curies":[{"name":"wp","href":"https:\/\/api.w.org\/{rel}","templated":true}]}}