{"id":2978,"date":"2021-02-12T21:00:35","date_gmt":"2021-02-12T19:00:35","guid":{"rendered":"https:\/\/www.duunauspalvelutjarvi.fi\/?post_type=product&#038;p=2978"},"modified":"2025-08-10T22:11:18","modified_gmt":"2025-08-10T19:11:18","slug":"led-lisavalo-luminalights-striker-h-220-lammitettavalla-lasilla","status":"publish","type":"product","link":"https:\/\/www.duunauspalvelutjarvi.fi\/?product=led-lisavalo-luminalights-striker-h-220-lammitettavalla-lasilla","title":{"rendered":"LuminaLights Striker H 220, l\u00e4mmitett\u00e4v\u00e4ll\u00e4 lasilla"},"content":{"rendered":"<p><strong>LED-lis\u00e4valopaneeli LuminaLights Striker H 220, l\u00e4mmitett\u00e4v\u00e4ll\u00e4 linssill\u00e4<\/strong>\u00a0on Luminalights Striker tuoteperheen mullistava uutuus, joka tarjoaa ensimm\u00e4isten joukossa lis\u00e4valoon erillisesti l\u00e4mmitett\u00e4v\u00e4n linssin! Linssin l\u00e4mmitys kytkeytyy p\u00e4\u00e4lle aina, kun valo kytket\u00e4\u00e4n p\u00e4\u00e4lle ja valaisimen l\u00e4mp\u00f6tila on alle 5\u00b0C. L\u00e4mmitys sammuu, kun valaisin on ollut hetken aikaa k\u00e4yt\u00f6ss\u00e4 ja l\u00e4mmennyt. L\u00e4mmitys ei kytkeydy automaattisesti uudelleen p\u00e4\u00e4lle k\u00e4yt\u00f6ss\u00e4 vaan se vaatii valaisimen j\u00e4\u00e4htymisen. Valaisimen j\u00e4\u00e4hdytty\u00e4 l\u00e4mmitys kytkeytyy uudelleen toimintaan, kun valaisin laitetaan p\u00e4\u00e4lle. L\u00e4mmityksen avulla valaisimen polykarbonaattilinssiin muodostuva kuura saadaan sulatettua eik\u00e4 j\u00e4\u00e4rapaa tarvita! Valaisimen linssin vieress\u00e4 oleva merkkivalo osoittaa, milloin l\u00e4mmitystoiminto on p\u00e4\u00e4ll\u00e4.<\/p>\n<p>&nbsp;<\/p>\n<p>LuminaLights Striker tuoteperheen\u00a0 paneelivalo soveltuu erinomaisesti henkil\u00f6autoon, sill\u00e4 pienen kokonsa ansiosta se istuu hyvin kaikenlaisten autojen keulaa suurempaa huomiota her\u00e4tt\u00e4m\u00e4tt\u00e4. Lis\u00e4valon yhdistelm\u00e4valokuvio t\u00e4ydent\u00e4\u00e4 erinomaisesti auton omia valoja, olipa k\u00e4yt\u00f6ss\u00e4 sitten halogen-, xenon- tai led-valot. Lis\u00e4valopaneeli sopii my\u00f6s autoihin, joihin ei voida asentaa normaaleja lis\u00e4valoja lis\u00e4valon korkeuden vuoksi. ). Erinomainen hinta-\/ laatusuhde! Lis\u00e4valolla 24kk takuu.<\/p>\n<p>&nbsp;<\/p>\n<p><strong>Tekniset tiedot:<\/strong><br \/>\n\u2022 K\u00e4ytt\u00f6j\u00e4nnite 10-30V DC<br \/>\n\u2022 Teoreettinen maksimiteho: 12 x 3W Cree LED<br \/>\n\u2022 Todellinen ottoteho: 25W<br \/>\n\u2022 Valoteho: 3240lm (valmistajan ilmoittama)<br \/>\n\u2022 Referenssiluku: 12,5<br \/>\n\u2022 Automaattinen linssinl\u00e4mmitys*<br \/>\n\u2022 V\u00e4ril\u00e4mp\u00f6tila: 6000K<br \/>\n\u2022 Parkkivalo<br \/>\n\u2022 Mitat: 220 x 79 x 65mm (LxKxS)<br \/>\n\u2022 Takaylitys: 40mm<br \/>\n\u2022 Virtajohdossa (50cm) Deutch DT 3-pin liitin<br \/>\n\u2022 Sis\u00e4lt\u00e4\u00e4 my\u00f6s Deutch DT 3-pin liittimen vastakappaleen 35cm johdolla<br \/>\n\u2022 Kest\u00e4v\u00e4 polykarbonaattilinssi<br \/>\n\u2022 Alumiinirunko<br \/>\n\u2022 RST-ruuvit<br \/>\n\u2022 Tukevat alakiinnitysjalat<br \/>\n\u2022 Helppo tasos\u00e4\u00e4t\u00f6<br \/>\n\u2022 Paino: 1200g<br \/>\n\u2022 Hyv\u00e4ksytty tieliikennek\u00e4ytt\u00f6\u00f6n<br \/>\n\u2022 IP67<br \/>\n\u2022 Takuu 24kk<\/p>\n<p><strong>*HUOM!<\/strong>\u00a0Linssin l\u00e4mmitys kytkeytyy p\u00e4\u00e4lle aina, kun valo kytket\u00e4\u00e4n kylm\u00e4n\u00e4 p\u00e4\u00e4lle ja sammuu, kun valaisin on ollut hetken aikaa k\u00e4yt\u00f6ss\u00e4 ja l\u00e4mmennyt. L\u00e4mmitys ei kytkeydy automaattisesti uudelleen p\u00e4\u00e4lle k\u00e4yt\u00f6ss\u00e4 vaan se vaatii valaisimen j\u00e4\u00e4htymisen, kun valaisin ei ole k\u00e4yt\u00f6ss\u00e4. Valaisimen j\u00e4\u00e4hdytty\u00e4 l\u00e4mmitys kytkeytyy uudelleen toimintaan, kun valaisin laitetaan p\u00e4\u00e4lle. L\u00e4mmityksen avulla valaisimen polykarbonaattilinssi saadaan pysym\u00e4\u00e4n paremmin sulana sek\u00e4 sulamaan kylm\u00e4n\u00e4 huonommillakin keleill\u00e4 ilman erillist\u00e4 valaisimen puhdistamista. Valaisimen linssin vieress\u00e4 oleva merkkivalo osoittaa, milloin l\u00e4mmitystoiminto on p\u00e4\u00e4ll\u00e4. Valo syttyy aina l\u00e4mmityksen k\u00e4ynnistyess\u00e4 ja sammuu l\u00e4mmityksen sammuessa.<\/p>\n<p><strong>Valot myyd\u00e4\u00e4n kappaleittain. Jos valoon halutaan kiinnitt\u00e4\u00e4 tukitanko, tulee valon j\u00e4\u00e4hdytysripaan tehd\u00e4 reik\u00e4 tukitangon kiinnitysruuville.<\/strong><\/p>\n","protected":false},"excerpt":{"rendered":"<p><a href=\"https:\/\/www.duunauspalvelutjarvi.fi\/?term=&amp;s=LuminaLights&amp;post_type=product&amp;taxonomy=product_cat\"><img loading=\"lazy\" decoding=\"async\" class=\"alignnone size-full wp-image-9939\" src=\"https:\/\/www.duunauspalvelutjarvi.fi\/wp-content\/uploads\/2021\/08\/luminalights_manufacturer_image.png\" alt=\"\" width=\"200\" height=\"65\" \/><\/a><\/p>\n","protected":false},"featured_media":0,"comment_status":"open","ping_status":"closed","template":"","meta":[],"product_brand":[704],"product_cat":[44],"product_tag":[],"class_list":{"0":"post-2978","1":"product","2":"type-product","3":"status-publish","5":"product_brand-luminalights","6":"product_cat-led-lisavalopaneelit","8":"first","9":"instock","10":"taxable","11":"shipping-taxable","12":"purchasable","13":"product-type-variable","14":"has-default-attributes"},"yoast_head":"<!-- This site is optimized with the Yoast SEO plugin v27.3 - https:\/\/yoast.com\/product\/yoast-seo-wordpress\/ -->\n<title>LuminaLights Striker H 220, l\u00e4mmitett\u00e4v\u00e4ll\u00e4 lasilla -<\/title>\n<meta name=\"robots\" content=\"index, follow, max-snippet:-1, max-image-preview:large, max-video-preview:-1\" \/>\n<link rel=\"canonical\" href=\"https:\/\/www.duunauspalvelutjarvi.fi\/?product=led-lisavalo-luminalights-striker-h-220-lammitettavalla-lasilla\" \/>\n<meta property=\"og:locale\" content=\"fi_FI\" \/>\n<meta property=\"og:type\" content=\"article\" \/>\n<meta property=\"og:title\" content=\"LuminaLights Striker H 220, l\u00e4mmitett\u00e4v\u00e4ll\u00e4 lasilla -\" \/>\n<meta property=\"og:url\" content=\"https:\/\/www.duunauspalvelutjarvi.fi\/?product=led-lisavalo-luminalights-striker-h-220-lammitettavalla-lasilla\" \/>\n<meta property=\"article:modified_time\" content=\"2025-08-10T19:11:18+00:00\" \/>\n<meta name=\"twitter:card\" content=\"summary_large_image\" \/>\n<meta name=\"twitter:label1\" content=\"Arvioitu lukuaika\" \/>\n\t<meta name=\"twitter:data1\" content=\"2 minuuttia\" \/>\n<script type=\"application\/ld+json\" class=\"yoast-schema-graph\">{\"@context\":\"https:\\\/\\\/schema.org\",\"@graph\":[{\"@type\":\"WebPage\",\"@id\":\"https:\\\/\\\/www.duunauspalvelutjarvi.fi\\\/?product=led-lisavalo-luminalights-striker-h-220-lammitettavalla-lasilla\",\"url\":\"https:\\\/\\\/www.duunauspalvelutjarvi.fi\\\/?product=led-lisavalo-luminalights-striker-h-220-lammitettavalla-lasilla\",\"name\":\"LuminaLights Striker H 220, l\u00e4mmitett\u00e4v\u00e4ll\u00e4 lasilla -\",\"isPartOf\":{\"@id\":\"https:\\\/\\\/www.duunauspalvelutjarvi.fi\\\/#website\"},\"datePublished\":\"2021-02-12T19:00:35+00:00\",\"dateModified\":\"2025-08-10T19:11:18+00:00\",\"breadcrumb\":{\"@id\":\"https:\\\/\\\/www.duunauspalvelutjarvi.fi\\\/?product=led-lisavalo-luminalights-striker-h-220-lammitettavalla-lasilla#breadcrumb\"},\"inLanguage\":\"fi\",\"potentialAction\":[{\"@type\":\"ReadAction\",\"target\":[\"https:\\\/\\\/www.duunauspalvelutjarvi.fi\\\/?product=led-lisavalo-luminalights-striker-h-220-lammitettavalla-lasilla\"]}]},{\"@type\":\"BreadcrumbList\",\"@id\":\"https:\\\/\\\/www.duunauspalvelutjarvi.fi\\\/?product=led-lisavalo-luminalights-striker-h-220-lammitettavalla-lasilla#breadcrumb\",\"itemListElement\":[{\"@type\":\"ListItem\",\"position\":1,\"name\":\"Etusivu\",\"item\":\"https:\\\/\\\/www.duunauspalvelutjarvi.fi\\\/\"},{\"@type\":\"ListItem\",\"position\":2,\"name\":\"Etusivu\",\"item\":\"https:\\\/\\\/www.duunauspalvelutjarvi.fi\\\/\"},{\"@type\":\"ListItem\",\"position\":3,\"name\":\"LuminaLights Striker H 220, l\u00e4mmitett\u00e4v\u00e4ll\u00e4 lasilla\"}]},{\"@type\":\"WebSite\",\"@id\":\"https:\\\/\\\/www.duunauspalvelutjarvi.fi\\\/#website\",\"url\":\"https:\\\/\\\/www.duunauspalvelutjarvi.fi\\\/\",\"name\":\"\",\"description\":\"\",\"potentialAction\":[{\"@type\":\"SearchAction\",\"target\":{\"@type\":\"EntryPoint\",\"urlTemplate\":\"https:\\\/\\\/www.duunauspalvelutjarvi.fi\\\/?s={search_term_string}\"},\"query-input\":{\"@type\":\"PropertyValueSpecification\",\"valueRequired\":true,\"valueName\":\"search_term_string\"}}],\"inLanguage\":\"fi\"}]}<\/script>\n<!-- \/ Yoast SEO plugin. -->","yoast_head_json":{"title":"LuminaLights Striker H 220, l\u00e4mmitett\u00e4v\u00e4ll\u00e4 lasilla -","robots":{"index":"index","follow":"follow","max-snippet":"max-snippet:-1","max-image-preview":"max-image-preview:large","max-video-preview":"max-video-preview:-1"},"canonical":"https:\/\/www.duunauspalvelutjarvi.fi\/?product=led-lisavalo-luminalights-striker-h-220-lammitettavalla-lasilla","og_locale":"fi_FI","og_type":"article","og_title":"LuminaLights Striker H 220, l\u00e4mmitett\u00e4v\u00e4ll\u00e4 lasilla -","og_url":"https:\/\/www.duunauspalvelutjarvi.fi\/?product=led-lisavalo-luminalights-striker-h-220-lammitettavalla-lasilla","article_modified_time":"2025-08-10T19:11:18+00:00","twitter_card":"summary_large_image","twitter_misc":{"Arvioitu lukuaika":"2 minuuttia"},"schema":{"@context":"https:\/\/schema.org","@graph":[{"@type":"WebPage","@id":"https:\/\/www.duunauspalvelutjarvi.fi\/?product=led-lisavalo-luminalights-striker-h-220-lammitettavalla-lasilla","url":"https:\/\/www.duunauspalvelutjarvi.fi\/?product=led-lisavalo-luminalights-striker-h-220-lammitettavalla-lasilla","name":"LuminaLights Striker H 220, l\u00e4mmitett\u00e4v\u00e4ll\u00e4 lasilla -","isPartOf":{"@id":"https:\/\/www.duunauspalvelutjarvi.fi\/#website"},"datePublished":"2021-02-12T19:00:35+00:00","dateModified":"2025-08-10T19:11:18+00:00","breadcrumb":{"@id":"https:\/\/www.duunauspalvelutjarvi.fi\/?product=led-lisavalo-luminalights-striker-h-220-lammitettavalla-lasilla#breadcrumb"},"inLanguage":"fi","potentialAction":[{"@type":"ReadAction","target":["https:\/\/www.duunauspalvelutjarvi.fi\/?product=led-lisavalo-luminalights-striker-h-220-lammitettavalla-lasilla"]}]},{"@type":"BreadcrumbList","@id":"https:\/\/www.duunauspalvelutjarvi.fi\/?product=led-lisavalo-luminalights-striker-h-220-lammitettavalla-lasilla#breadcrumb","itemListElement":[{"@type":"ListItem","position":1,"name":"Etusivu","item":"https:\/\/www.duunauspalvelutjarvi.fi\/"},{"@type":"ListItem","position":2,"name":"Etusivu","item":"https:\/\/www.duunauspalvelutjarvi.fi\/"},{"@type":"ListItem","position":3,"name":"LuminaLights Striker H 220, l\u00e4mmitett\u00e4v\u00e4ll\u00e4 lasilla"}]},{"@type":"WebSite","@id":"https:\/\/www.duunauspalvelutjarvi.fi\/#website","url":"https:\/\/www.duunauspalvelutjarvi.fi\/","name":"","description":"","potentialAction":[{"@type":"SearchAction","target":{"@type":"EntryPoint","urlTemplate":"https:\/\/www.duunauspalvelutjarvi.fi\/?s={search_term_string}"},"query-input":{"@type":"PropertyValueSpecification","valueRequired":true,"valueName":"search_term_string"}}],"inLanguage":"fi"}]}},"jetpack_sharing_enabled":true,"_links":{"self":[{"href":"https:\/\/www.duunauspalvelutjarvi.fi\/index.php?rest_route=\/wp\/v2\/product\/2978","targetHints":{"allow":["GET"]}}],"collection":[{"href":"https:\/\/www.duunauspalvelutjarvi.fi\/index.php?rest_route=\/wp\/v2\/product"}],"about":[{"href":"https:\/\/www.duunauspalvelutjarvi.fi\/index.php?rest_route=\/wp\/v2\/types\/product"}],"replies":[{"embeddable":true,"href":"https:\/\/www.duunauspalvelutjarvi.fi\/index.php?rest_route=%2Fwp%2Fv2%2Fcomments&post=2978"}],"wp:attachment":[{"href":"https:\/\/www.duunauspalvelutjarvi.fi\/index.php?rest_route=%2Fwp%2Fv2%2Fmedia&parent=2978"}],"wp:term":[{"taxonomy":"product_brand","embeddable":true,"href":"https:\/\/www.duunauspalvelutjarvi.fi\/index.php?rest_route=%2Fwp%2Fv2%2Fproduct_brand&post=2978"},{"taxonomy":"product_cat","embeddable":true,"href":"https:\/\/www.duunauspalvelutjarvi.fi\/index.php?rest_route=%2Fwp%2Fv2%2Fproduct_cat&post=2978"},{"taxonomy":"product_tag","embeddable":true,"href":"https:\/\/www.duunauspalvelutjarvi.fi\/index.php?rest_route=%2Fwp%2Fv2%2Fproduct_tag&post=2978"}],"curies":[{"name":"wp","href":"https:\/\/api.w.org\/{rel}","templated":true}]}}