{"id":2996,"date":"2021-02-12T21:19:08","date_gmt":"2021-02-12T19:19:08","guid":{"rendered":"https:\/\/www.duunauspalvelutjarvi.fi\/?post_type=product&#038;p=2996"},"modified":"2021-12-01T22:58:49","modified_gmt":"2021-12-01T20:58:49","slug":"led-otsalamppu-ledwise-legend-valkoinen","status":"publish","type":"product","link":"https:\/\/www.duunauspalvelutjarvi.fi\/?product=led-otsalamppu-ledwise-legend-valkoinen","title":{"rendered":"LED-otsalamppu Ledwise Legend, valkoinen"},"content":{"rendered":"<p>LEDWISE LEGEND \u2013 COLD -monitoimivalaisin kylm\u00e4ll\u00e4 valkoisella valolla tuottaa huiman 1700 lumenin todellisen valotehon (teoreettinen valoteho 2300lm). Eritt\u00e4in kompaktin kokoinen valaisin on suunniteltu jokap\u00e4iv\u00e4iseen k\u00e4ytt\u00f6\u00f6n ja on todellinen ammattilaisen ty\u00f6kalu. 4-portainen yksinkertainen k\u00e4ytt\u00f6j\u00e4rjestelm\u00e4 on helppo k\u00e4ytt\u00e4\u00e4 ja oikea valoteho l\u00f6ytyy jokaiseen k\u00e4ytt\u00f6\u00f6n helposti 3400mAh akun huolehtiessa virran riitt\u00e4vyydest\u00e4. Valon l\u00e4hteen\u00e4 toimii Cree XHP 50 LED, v\u00e4ril\u00e4mp\u00f6n\u00e4 6000K. Strobo- ja SOS-moodit on karsittu kokonaan pois. Valaisimen lataus on toteutettu tehokkaalla USB-magneettilatauspistokkeella, kuluvia tai irrotettavia osia ei ladattaessa ole. Valaisimella on 2 vuoden takuu ja se voidaan p\u00e4ivitt\u00e4\u00e4 rekister\u00f6im\u00e4ll\u00e4 5 vuodeksi. Akulla yhden vuoden takuu.<\/p>\n<p>&nbsp;<\/p>\n<p>Tehokas otsavalo l\u00e4mpenee suurilla valotehoilla. Saavuttaessaan l\u00e4mp\u00f6tilarajan, valaisin laskee valotehoa automaattisesti.<\/p>\n<p>Rekister\u00f6i tuote The Lights sivuostolla takuuajan pident\u00e4miseksi kahdesta viiteen vuoteen. Rekister\u00f6intisivulle p\u00e4\u00e4set klikkaamalla<a href=\"https:\/\/thelights.fi\/fi\/rekisterointi\/\">\u00a0t\u00e4st\u00e4.<\/a><\/p>\n","protected":false},"excerpt":{"rendered":"<p><a href=\"https:\/\/www.duunauspalvelutjarvi.fi\/?term=&amp;s=LEDWISE&amp;post_type=product&amp;taxonomy=product_cat\"><img loading=\"lazy\" decoding=\"async\" class=\"alignnone size-full wp-image-11754\" src=\"https:\/\/www.duunauspalvelutjarvi.fi\/wp-content\/uploads\/2021\/12\/ledwise_logo_manufacturer_image.png\" alt=\"\" width=\"200\" height=\"65\" \/><\/a><\/p>\n","protected":false},"featured_media":0,"comment_status":"open","ping_status":"closed","template":"","meta":[],"product_brand":[],"product_cat":[452],"product_tag":[],"class_list":{"0":"post-2996","1":"product","2":"type-product","3":"status-publish","5":"product_cat-otsalamput","7":"first","8":"instock","9":"taxable","10":"shipping-taxable","11":"purchasable","12":"product-type-simple"},"yoast_head":"<!-- This site is optimized with the Yoast SEO plugin v27.4 - https:\/\/yoast.com\/product\/yoast-seo-wordpress\/ -->\n<title>LED-otsalamppu Ledwise Legend, valkoinen -<\/title>\n<meta name=\"robots\" content=\"index, follow, max-snippet:-1, max-image-preview:large, max-video-preview:-1\" \/>\n<link rel=\"canonical\" href=\"https:\/\/www.duunauspalvelutjarvi.fi\/?product=led-otsalamppu-ledwise-legend-valkoinen\" \/>\n<meta property=\"og:locale\" content=\"fi_FI\" \/>\n<meta property=\"og:type\" content=\"article\" \/>\n<meta property=\"og:title\" content=\"LED-otsalamppu Ledwise Legend, valkoinen -\" \/>\n<meta property=\"og:url\" content=\"https:\/\/www.duunauspalvelutjarvi.fi\/?product=led-otsalamppu-ledwise-legend-valkoinen\" \/>\n<meta property=\"article:modified_time\" content=\"2021-12-01T20:58:49+00:00\" \/>\n<meta name=\"twitter:card\" content=\"summary_large_image\" \/>\n<meta name=\"twitter:label1\" content=\"Arvioitu lukuaika\" \/>\n\t<meta name=\"twitter:data1\" content=\"1 minuutti\" \/>\n<script type=\"application\/ld+json\" class=\"yoast-schema-graph\">{\"@context\":\"https:\\\/\\\/schema.org\",\"@graph\":[{\"@type\":\"WebPage\",\"@id\":\"https:\\\/\\\/www.duunauspalvelutjarvi.fi\\\/?product=led-otsalamppu-ledwise-legend-valkoinen\",\"url\":\"https:\\\/\\\/www.duunauspalvelutjarvi.fi\\\/?product=led-otsalamppu-ledwise-legend-valkoinen\",\"name\":\"LED-otsalamppu Ledwise Legend, valkoinen -\",\"isPartOf\":{\"@id\":\"https:\\\/\\\/www.duunauspalvelutjarvi.fi\\\/#website\"},\"datePublished\":\"2021-02-12T19:19:08+00:00\",\"dateModified\":\"2021-12-01T20:58:49+00:00\",\"breadcrumb\":{\"@id\":\"https:\\\/\\\/www.duunauspalvelutjarvi.fi\\\/?product=led-otsalamppu-ledwise-legend-valkoinen#breadcrumb\"},\"inLanguage\":\"fi\",\"potentialAction\":[{\"@type\":\"ReadAction\",\"target\":[\"https:\\\/\\\/www.duunauspalvelutjarvi.fi\\\/?product=led-otsalamppu-ledwise-legend-valkoinen\"]}]},{\"@type\":\"BreadcrumbList\",\"@id\":\"https:\\\/\\\/www.duunauspalvelutjarvi.fi\\\/?product=led-otsalamppu-ledwise-legend-valkoinen#breadcrumb\",\"itemListElement\":[{\"@type\":\"ListItem\",\"position\":1,\"name\":\"Etusivu\",\"item\":\"https:\\\/\\\/www.duunauspalvelutjarvi.fi\\\/\"},{\"@type\":\"ListItem\",\"position\":2,\"name\":\"Etusivu\",\"item\":\"https:\\\/\\\/www.duunauspalvelutjarvi.fi\\\/\"},{\"@type\":\"ListItem\",\"position\":3,\"name\":\"LED-otsalamppu Ledwise Legend, valkoinen\"}]},{\"@type\":\"WebSite\",\"@id\":\"https:\\\/\\\/www.duunauspalvelutjarvi.fi\\\/#website\",\"url\":\"https:\\\/\\\/www.duunauspalvelutjarvi.fi\\\/\",\"name\":\"\",\"description\":\"\",\"potentialAction\":[{\"@type\":\"SearchAction\",\"target\":{\"@type\":\"EntryPoint\",\"urlTemplate\":\"https:\\\/\\\/www.duunauspalvelutjarvi.fi\\\/?s={search_term_string}\"},\"query-input\":{\"@type\":\"PropertyValueSpecification\",\"valueRequired\":true,\"valueName\":\"search_term_string\"}}],\"inLanguage\":\"fi\"}]}<\/script>\n<!-- \/ Yoast SEO plugin. -->","yoast_head_json":{"title":"LED-otsalamppu Ledwise Legend, valkoinen -","robots":{"index":"index","follow":"follow","max-snippet":"max-snippet:-1","max-image-preview":"max-image-preview:large","max-video-preview":"max-video-preview:-1"},"canonical":"https:\/\/www.duunauspalvelutjarvi.fi\/?product=led-otsalamppu-ledwise-legend-valkoinen","og_locale":"fi_FI","og_type":"article","og_title":"LED-otsalamppu Ledwise Legend, valkoinen -","og_url":"https:\/\/www.duunauspalvelutjarvi.fi\/?product=led-otsalamppu-ledwise-legend-valkoinen","article_modified_time":"2021-12-01T20:58:49+00:00","twitter_card":"summary_large_image","twitter_misc":{"Arvioitu lukuaika":"1 minuutti"},"schema":{"@context":"https:\/\/schema.org","@graph":[{"@type":"WebPage","@id":"https:\/\/www.duunauspalvelutjarvi.fi\/?product=led-otsalamppu-ledwise-legend-valkoinen","url":"https:\/\/www.duunauspalvelutjarvi.fi\/?product=led-otsalamppu-ledwise-legend-valkoinen","name":"LED-otsalamppu Ledwise Legend, valkoinen -","isPartOf":{"@id":"https:\/\/www.duunauspalvelutjarvi.fi\/#website"},"datePublished":"2021-02-12T19:19:08+00:00","dateModified":"2021-12-01T20:58:49+00:00","breadcrumb":{"@id":"https:\/\/www.duunauspalvelutjarvi.fi\/?product=led-otsalamppu-ledwise-legend-valkoinen#breadcrumb"},"inLanguage":"fi","potentialAction":[{"@type":"ReadAction","target":["https:\/\/www.duunauspalvelutjarvi.fi\/?product=led-otsalamppu-ledwise-legend-valkoinen"]}]},{"@type":"BreadcrumbList","@id":"https:\/\/www.duunauspalvelutjarvi.fi\/?product=led-otsalamppu-ledwise-legend-valkoinen#breadcrumb","itemListElement":[{"@type":"ListItem","position":1,"name":"Etusivu","item":"https:\/\/www.duunauspalvelutjarvi.fi\/"},{"@type":"ListItem","position":2,"name":"Etusivu","item":"https:\/\/www.duunauspalvelutjarvi.fi\/"},{"@type":"ListItem","position":3,"name":"LED-otsalamppu Ledwise Legend, valkoinen"}]},{"@type":"WebSite","@id":"https:\/\/www.duunauspalvelutjarvi.fi\/#website","url":"https:\/\/www.duunauspalvelutjarvi.fi\/","name":"","description":"","potentialAction":[{"@type":"SearchAction","target":{"@type":"EntryPoint","urlTemplate":"https:\/\/www.duunauspalvelutjarvi.fi\/?s={search_term_string}"},"query-input":{"@type":"PropertyValueSpecification","valueRequired":true,"valueName":"search_term_string"}}],"inLanguage":"fi"}]}},"jetpack_sharing_enabled":true,"_links":{"self":[{"href":"https:\/\/www.duunauspalvelutjarvi.fi\/index.php?rest_route=\/wp\/v2\/product\/2996","targetHints":{"allow":["GET"]}}],"collection":[{"href":"https:\/\/www.duunauspalvelutjarvi.fi\/index.php?rest_route=\/wp\/v2\/product"}],"about":[{"href":"https:\/\/www.duunauspalvelutjarvi.fi\/index.php?rest_route=\/wp\/v2\/types\/product"}],"replies":[{"embeddable":true,"href":"https:\/\/www.duunauspalvelutjarvi.fi\/index.php?rest_route=%2Fwp%2Fv2%2Fcomments&post=2996"}],"wp:attachment":[{"href":"https:\/\/www.duunauspalvelutjarvi.fi\/index.php?rest_route=%2Fwp%2Fv2%2Fmedia&parent=2996"}],"wp:term":[{"taxonomy":"product_brand","embeddable":true,"href":"https:\/\/www.duunauspalvelutjarvi.fi\/index.php?rest_route=%2Fwp%2Fv2%2Fproduct_brand&post=2996"},{"taxonomy":"product_cat","embeddable":true,"href":"https:\/\/www.duunauspalvelutjarvi.fi\/index.php?rest_route=%2Fwp%2Fv2%2Fproduct_cat&post=2996"},{"taxonomy":"product_tag","embeddable":true,"href":"https:\/\/www.duunauspalvelutjarvi.fi\/index.php?rest_route=%2Fwp%2Fv2%2Fproduct_tag&post=2996"}],"curies":[{"name":"wp","href":"https:\/\/api.w.org\/{rel}","templated":true}]}}