{"id":3008,"date":"2021-02-12T21:34:34","date_gmt":"2021-02-12T19:34:34","guid":{"rendered":"https:\/\/www.duunauspalvelutjarvi.fi\/?post_type=product&#038;p=3008"},"modified":"2025-08-10T22:11:17","modified_gmt":"2025-08-10T19:11:17","slug":"led-muutossarja-luminalights-proline-360-mp-3900lm","status":"publish","type":"product","link":"https:\/\/www.duunauspalvelutjarvi.fi\/?product=led-muutossarja-luminalights-proline-360-mp-3900lm","title":{"rendered":"LED-muutossarja LuminaLights PROLINE 360 MP, 3900lm"},"content":{"rendered":"<p><strong>LED-muutossarja LuminaLights PROLINE 360 MP.\u00a0<\/strong>Kauden 2019\/2020 kovin LED-muutossarja uutuus 360 astetta s\u00e4\u00e4dett\u00e4v\u00e4n polttimonsa ansiosta. S\u00e4\u00e4t\u00f6 mahdollistaa juuri optimaalisen valokuvion useimpiin umpioihin. Mekaanisen tuulettimen sijaan polttimon j\u00e4\u00e4hdytykseen k\u00e4ytet\u00e4\u00e4n l\u00e4hes rikkoutumattomia passiivisia j\u00e4\u00e4hdytyselementtej\u00e4.<\/p>\n<p>&nbsp;<\/p>\n<p><strong>HUOM: MP Sarja sis\u00e4lt\u00e4\u00e4 yhden polttimon, saatavilla on my\u00f6s kahden polttimon sarja:<br \/>\n<\/strong><br \/>\n<a class=\"btn btn-success\" role=\"button\" href=\"https:\/\/www.duunauspalvelutjarvi.fi\/?product=led-muutossarja-luminalights-proline-3603900lm\">LED-muutossarja LuminaLights Proline 360<\/a><\/p>\n<p>&nbsp;<\/p>\n<p><strong>Tekniset tiedot:<\/strong><br \/>\n\u2022 K\u00e4ytt\u00f6j\u00e4nnite: 12-24V<br \/>\n\u2022 360\u00b0 s\u00e4\u00e4dett\u00e4viss\u00e4 oleva polttimo<br \/>\n\u2022 V\u00e4ril\u00e4mp\u00f6tila: 6000K<br \/>\n\u2022 Philips Lumileds-ledit<br \/>\n\u2022 Passiivinen j\u00e4\u00e4hdytys<br \/>\n\u2022 Erinomainen hy\u00f6tysuhde<br \/>\n\u2022 Jopa +150% enemm\u00e4n valotehoa<br \/>\n\u2022 CAN-v\u00e4yl\u00e4 yhteensopiva useimpiin autoihin<br \/>\n\u2022 MP-sarja sis\u00e4lt\u00e4\u00e4 yhden polttimon<br \/>\n\u2022 H4 ja H13 polttimossa lyhyt ja pitk\u00e4 toiminto<br \/>\n\u2022 Takuu 12kk<br \/>\n\u2022 Ei hyv\u00e4ksytty tieliikennek\u00e4ytt\u00f6\u00f6n, vain maastok\u00e4ytt\u00f6\u00f6n<\/p>\n<p><b><i>Huom<\/i><\/b><em><strong>!<\/strong><\/em><br \/>\n<em><strong>Mik\u00e4li et ole varma yhteensopivuudesta autoosi, otathan yhteytt\u00e4 asiakaspalveluumme.<\/strong><\/em><\/p>\n","protected":false},"excerpt":{"rendered":"<p><a href=\"https:\/\/www.duunauspalvelutjarvi.fi\/?term=&amp;s=LuminaLights&amp;post_type=product&amp;taxonomy=product_cat\"><img loading=\"lazy\" decoding=\"async\" class=\"alignnone size-full wp-image-9939\" src=\"https:\/\/www.duunauspalvelutjarvi.fi\/wp-content\/uploads\/2021\/08\/luminalights_manufacturer_image.png\" alt=\"\" width=\"200\" height=\"65\" \/><\/a><\/p>\n","protected":false},"featured_media":0,"comment_status":"open","ping_status":"closed","template":"","meta":[],"product_brand":[704],"product_cat":[61],"product_tag":[],"class_list":{"0":"post-3008","1":"product","2":"type-product","3":"status-publish","5":"product_brand-luminalights","6":"product_cat-led-muutossarjat","8":"first","9":"instock","10":"taxable","11":"shipping-taxable","12":"purchasable","13":"product-type-variable"},"yoast_head":"<!-- This site is optimized with the Yoast SEO plugin v27.5 - https:\/\/yoast.com\/product\/yoast-seo-wordpress\/ -->\n<title>LED-muutossarja LuminaLights PROLINE 360 MP, 3900lm -<\/title>\n<meta name=\"robots\" content=\"index, follow, max-snippet:-1, max-image-preview:large, max-video-preview:-1\" \/>\n<link rel=\"canonical\" href=\"https:\/\/www.duunauspalvelutjarvi.fi\/?product=led-muutossarja-luminalights-proline-360-mp-3900lm\" \/>\n<meta property=\"og:locale\" content=\"fi_FI\" \/>\n<meta property=\"og:type\" content=\"article\" \/>\n<meta property=\"og:title\" content=\"LED-muutossarja LuminaLights PROLINE 360 MP, 3900lm -\" \/>\n<meta property=\"og:url\" content=\"https:\/\/www.duunauspalvelutjarvi.fi\/?product=led-muutossarja-luminalights-proline-360-mp-3900lm\" \/>\n<meta property=\"article:modified_time\" content=\"2025-08-10T19:11:17+00:00\" \/>\n<meta name=\"twitter:card\" content=\"summary_large_image\" \/>\n<meta name=\"twitter:label1\" content=\"Arvioitu lukuaika\" \/>\n\t<meta name=\"twitter:data1\" content=\"1 minuutti\" \/>\n<script type=\"application\/ld+json\" class=\"yoast-schema-graph\">{\"@context\":\"https:\\\/\\\/schema.org\",\"@graph\":[{\"@type\":\"WebPage\",\"@id\":\"https:\\\/\\\/www.duunauspalvelutjarvi.fi\\\/?product=led-muutossarja-luminalights-proline-360-mp-3900lm\",\"url\":\"https:\\\/\\\/www.duunauspalvelutjarvi.fi\\\/?product=led-muutossarja-luminalights-proline-360-mp-3900lm\",\"name\":\"LED-muutossarja LuminaLights PROLINE 360 MP, 3900lm -\",\"isPartOf\":{\"@id\":\"https:\\\/\\\/www.duunauspalvelutjarvi.fi\\\/#website\"},\"datePublished\":\"2021-02-12T19:34:34+00:00\",\"dateModified\":\"2025-08-10T19:11:17+00:00\",\"breadcrumb\":{\"@id\":\"https:\\\/\\\/www.duunauspalvelutjarvi.fi\\\/?product=led-muutossarja-luminalights-proline-360-mp-3900lm#breadcrumb\"},\"inLanguage\":\"fi\",\"potentialAction\":[{\"@type\":\"ReadAction\",\"target\":[\"https:\\\/\\\/www.duunauspalvelutjarvi.fi\\\/?product=led-muutossarja-luminalights-proline-360-mp-3900lm\"]}]},{\"@type\":\"BreadcrumbList\",\"@id\":\"https:\\\/\\\/www.duunauspalvelutjarvi.fi\\\/?product=led-muutossarja-luminalights-proline-360-mp-3900lm#breadcrumb\",\"itemListElement\":[{\"@type\":\"ListItem\",\"position\":1,\"name\":\"Etusivu\",\"item\":\"https:\\\/\\\/www.duunauspalvelutjarvi.fi\\\/\"},{\"@type\":\"ListItem\",\"position\":2,\"name\":\"Etusivu\",\"item\":\"https:\\\/\\\/www.duunauspalvelutjarvi.fi\\\/\"},{\"@type\":\"ListItem\",\"position\":3,\"name\":\"LED-muutossarja LuminaLights PROLINE 360 MP, 3900lm\"}]},{\"@type\":\"WebSite\",\"@id\":\"https:\\\/\\\/www.duunauspalvelutjarvi.fi\\\/#website\",\"url\":\"https:\\\/\\\/www.duunauspalvelutjarvi.fi\\\/\",\"name\":\"\",\"description\":\"\",\"potentialAction\":[{\"@type\":\"SearchAction\",\"target\":{\"@type\":\"EntryPoint\",\"urlTemplate\":\"https:\\\/\\\/www.duunauspalvelutjarvi.fi\\\/?s={search_term_string}\"},\"query-input\":{\"@type\":\"PropertyValueSpecification\",\"valueRequired\":true,\"valueName\":\"search_term_string\"}}],\"inLanguage\":\"fi\"}]}<\/script>\n<!-- \/ Yoast SEO plugin. -->","yoast_head_json":{"title":"LED-muutossarja LuminaLights PROLINE 360 MP, 3900lm -","robots":{"index":"index","follow":"follow","max-snippet":"max-snippet:-1","max-image-preview":"max-image-preview:large","max-video-preview":"max-video-preview:-1"},"canonical":"https:\/\/www.duunauspalvelutjarvi.fi\/?product=led-muutossarja-luminalights-proline-360-mp-3900lm","og_locale":"fi_FI","og_type":"article","og_title":"LED-muutossarja LuminaLights PROLINE 360 MP, 3900lm -","og_url":"https:\/\/www.duunauspalvelutjarvi.fi\/?product=led-muutossarja-luminalights-proline-360-mp-3900lm","article_modified_time":"2025-08-10T19:11:17+00:00","twitter_card":"summary_large_image","twitter_misc":{"Arvioitu lukuaika":"1 minuutti"},"schema":{"@context":"https:\/\/schema.org","@graph":[{"@type":"WebPage","@id":"https:\/\/www.duunauspalvelutjarvi.fi\/?product=led-muutossarja-luminalights-proline-360-mp-3900lm","url":"https:\/\/www.duunauspalvelutjarvi.fi\/?product=led-muutossarja-luminalights-proline-360-mp-3900lm","name":"LED-muutossarja LuminaLights PROLINE 360 MP, 3900lm -","isPartOf":{"@id":"https:\/\/www.duunauspalvelutjarvi.fi\/#website"},"datePublished":"2021-02-12T19:34:34+00:00","dateModified":"2025-08-10T19:11:17+00:00","breadcrumb":{"@id":"https:\/\/www.duunauspalvelutjarvi.fi\/?product=led-muutossarja-luminalights-proline-360-mp-3900lm#breadcrumb"},"inLanguage":"fi","potentialAction":[{"@type":"ReadAction","target":["https:\/\/www.duunauspalvelutjarvi.fi\/?product=led-muutossarja-luminalights-proline-360-mp-3900lm"]}]},{"@type":"BreadcrumbList","@id":"https:\/\/www.duunauspalvelutjarvi.fi\/?product=led-muutossarja-luminalights-proline-360-mp-3900lm#breadcrumb","itemListElement":[{"@type":"ListItem","position":1,"name":"Etusivu","item":"https:\/\/www.duunauspalvelutjarvi.fi\/"},{"@type":"ListItem","position":2,"name":"Etusivu","item":"https:\/\/www.duunauspalvelutjarvi.fi\/"},{"@type":"ListItem","position":3,"name":"LED-muutossarja LuminaLights PROLINE 360 MP, 3900lm"}]},{"@type":"WebSite","@id":"https:\/\/www.duunauspalvelutjarvi.fi\/#website","url":"https:\/\/www.duunauspalvelutjarvi.fi\/","name":"","description":"","potentialAction":[{"@type":"SearchAction","target":{"@type":"EntryPoint","urlTemplate":"https:\/\/www.duunauspalvelutjarvi.fi\/?s={search_term_string}"},"query-input":{"@type":"PropertyValueSpecification","valueRequired":true,"valueName":"search_term_string"}}],"inLanguage":"fi"}]}},"jetpack_sharing_enabled":true,"_links":{"self":[{"href":"https:\/\/www.duunauspalvelutjarvi.fi\/index.php?rest_route=\/wp\/v2\/product\/3008","targetHints":{"allow":["GET"]}}],"collection":[{"href":"https:\/\/www.duunauspalvelutjarvi.fi\/index.php?rest_route=\/wp\/v2\/product"}],"about":[{"href":"https:\/\/www.duunauspalvelutjarvi.fi\/index.php?rest_route=\/wp\/v2\/types\/product"}],"replies":[{"embeddable":true,"href":"https:\/\/www.duunauspalvelutjarvi.fi\/index.php?rest_route=%2Fwp%2Fv2%2Fcomments&post=3008"}],"wp:attachment":[{"href":"https:\/\/www.duunauspalvelutjarvi.fi\/index.php?rest_route=%2Fwp%2Fv2%2Fmedia&parent=3008"}],"wp:term":[{"taxonomy":"product_brand","embeddable":true,"href":"https:\/\/www.duunauspalvelutjarvi.fi\/index.php?rest_route=%2Fwp%2Fv2%2Fproduct_brand&post=3008"},{"taxonomy":"product_cat","embeddable":true,"href":"https:\/\/www.duunauspalvelutjarvi.fi\/index.php?rest_route=%2Fwp%2Fv2%2Fproduct_cat&post=3008"},{"taxonomy":"product_tag","embeddable":true,"href":"https:\/\/www.duunauspalvelutjarvi.fi\/index.php?rest_route=%2Fwp%2Fv2%2Fproduct_tag&post=3008"}],"curies":[{"name":"wp","href":"https:\/\/api.w.org\/{rel}","templated":true}]}}