{"id":3036,"date":"2021-02-12T22:59:17","date_gmt":"2021-02-12T20:59:17","guid":{"rendered":"https:\/\/www.duunauspalvelutjarvi.fi\/?post_type=product&#038;p=3036"},"modified":"2021-10-21T01:55:47","modified_gmt":"2021-10-20T22:55:47","slug":"tietokoneen-vuosihuolto","status":"publish","type":"product","link":"https:\/\/www.duunauspalvelutjarvi.fi\/?product=tietokoneen-vuosihuolto","title":{"rendered":"Tietokoneen vuosihuolto"},"content":{"rendered":"<div dir=\"auto\">K\u00e4lvi\u00e4n alueella huollan kotonasi tai liikkeseen haettuna.<\/div>\n<div dir=\"auto\">Sis\u00e4lt\u00e4\u00e4 ajureiden ja Windowsin p\u00e4ivitykset, rekisterin siivouksen, roskaohjelmien poiston<\/div>\n<div dir=\"auto\">sek\u00e4 kiintolevyn optimoinnin. Asetukset laitetaan kuntoon ja tietokone nopeutetaan nuoruuden iskuun.<\/div>\n<div dir=\"auto\">My\u00f6s tuuletusj\u00e4rjestelm\u00e4n puhdistus kuuluu hintaan.<\/div>\n","protected":false},"excerpt":{"rendered":"<p>K\u00e4lvi\u00e4n alueella huollan kotonasi tai liikkeseen haettuna. Sis\u00e4lt\u00e4\u00e4 ajureiden ja Windowsin p\u00e4ivitykset, rekisterin siivouksen, roskaohjelmien poiston sek\u00e4 kiintolevyn optimoinnin. Asetukset laitetaan kuntoon ja tietokone nopeutetaan nuoruuden iskuun. My\u00f6s tuuletusj\u00e4rjestelm\u00e4n puhdistus kuuluu hintaan.<\/p>\n","protected":false},"featured_media":0,"comment_status":"open","ping_status":"closed","template":"","meta":[],"product_brand":[],"product_cat":[30],"product_tag":[],"class_list":{"0":"post-3036","1":"product","2":"type-product","3":"status-publish","5":"product_cat-palvelut","7":"first","8":"instock","9":"virtual","10":"taxable","11":"purchasable","12":"product-type-simple"},"yoast_head":"<!-- This site is optimized with the Yoast SEO plugin v27.5 - https:\/\/yoast.com\/product\/yoast-seo-wordpress\/ -->\n<title>Tietokoneen vuosihuolto -<\/title>\n<meta name=\"robots\" content=\"index, follow, max-snippet:-1, max-image-preview:large, max-video-preview:-1\" \/>\n<link rel=\"canonical\" href=\"https:\/\/www.duunauspalvelutjarvi.fi\/?product=tietokoneen-vuosihuolto\" \/>\n<meta property=\"og:locale\" content=\"fi_FI\" \/>\n<meta property=\"og:type\" content=\"article\" \/>\n<meta property=\"og:title\" content=\"Tietokoneen vuosihuolto -\" \/>\n<meta property=\"og:description\" content=\"K\u00e4lvi\u00e4n alueella huollan kotonasi tai liikkeseen haettuna. Sis\u00e4lt\u00e4\u00e4 ajureiden ja Windowsin p\u00e4ivitykset, rekisterin siivouksen, roskaohjelmien poiston sek\u00e4 kiintolevyn optimoinnin. Asetukset laitetaan kuntoon ja tietokone nopeutetaan nuoruuden iskuun. My\u00f6s tuuletusj\u00e4rjestelm\u00e4n puhdistus kuuluu hintaan.\" \/>\n<meta property=\"og:url\" content=\"https:\/\/www.duunauspalvelutjarvi.fi\/?product=tietokoneen-vuosihuolto\" \/>\n<meta property=\"article:modified_time\" content=\"2021-10-20T22:55:47+00:00\" \/>\n<meta name=\"twitter:card\" content=\"summary_large_image\" \/>\n<script type=\"application\/ld+json\" class=\"yoast-schema-graph\">{\"@context\":\"https:\\\/\\\/schema.org\",\"@graph\":[{\"@type\":\"WebPage\",\"@id\":\"https:\\\/\\\/www.duunauspalvelutjarvi.fi\\\/?product=tietokoneen-vuosihuolto\",\"url\":\"https:\\\/\\\/www.duunauspalvelutjarvi.fi\\\/?product=tietokoneen-vuosihuolto\",\"name\":\"Tietokoneen vuosihuolto -\",\"isPartOf\":{\"@id\":\"https:\\\/\\\/www.duunauspalvelutjarvi.fi\\\/#website\"},\"datePublished\":\"2021-02-12T20:59:17+00:00\",\"dateModified\":\"2021-10-20T22:55:47+00:00\",\"breadcrumb\":{\"@id\":\"https:\\\/\\\/www.duunauspalvelutjarvi.fi\\\/?product=tietokoneen-vuosihuolto#breadcrumb\"},\"inLanguage\":\"fi\",\"potentialAction\":[{\"@type\":\"ReadAction\",\"target\":[\"https:\\\/\\\/www.duunauspalvelutjarvi.fi\\\/?product=tietokoneen-vuosihuolto\"]}]},{\"@type\":\"BreadcrumbList\",\"@id\":\"https:\\\/\\\/www.duunauspalvelutjarvi.fi\\\/?product=tietokoneen-vuosihuolto#breadcrumb\",\"itemListElement\":[{\"@type\":\"ListItem\",\"position\":1,\"name\":\"Etusivu\",\"item\":\"https:\\\/\\\/www.duunauspalvelutjarvi.fi\\\/\"},{\"@type\":\"ListItem\",\"position\":2,\"name\":\"Etusivu\",\"item\":\"https:\\\/\\\/www.duunauspalvelutjarvi.fi\\\/\"},{\"@type\":\"ListItem\",\"position\":3,\"name\":\"Tietokoneen vuosihuolto\"}]},{\"@type\":\"WebSite\",\"@id\":\"https:\\\/\\\/www.duunauspalvelutjarvi.fi\\\/#website\",\"url\":\"https:\\\/\\\/www.duunauspalvelutjarvi.fi\\\/\",\"name\":\"\",\"description\":\"\",\"potentialAction\":[{\"@type\":\"SearchAction\",\"target\":{\"@type\":\"EntryPoint\",\"urlTemplate\":\"https:\\\/\\\/www.duunauspalvelutjarvi.fi\\\/?s={search_term_string}\"},\"query-input\":{\"@type\":\"PropertyValueSpecification\",\"valueRequired\":true,\"valueName\":\"search_term_string\"}}],\"inLanguage\":\"fi\"}]}<\/script>\n<!-- \/ Yoast SEO plugin. -->","yoast_head_json":{"title":"Tietokoneen vuosihuolto -","robots":{"index":"index","follow":"follow","max-snippet":"max-snippet:-1","max-image-preview":"max-image-preview:large","max-video-preview":"max-video-preview:-1"},"canonical":"https:\/\/www.duunauspalvelutjarvi.fi\/?product=tietokoneen-vuosihuolto","og_locale":"fi_FI","og_type":"article","og_title":"Tietokoneen vuosihuolto -","og_description":"K\u00e4lvi\u00e4n alueella huollan kotonasi tai liikkeseen haettuna. Sis\u00e4lt\u00e4\u00e4 ajureiden ja Windowsin p\u00e4ivitykset, rekisterin siivouksen, roskaohjelmien poiston sek\u00e4 kiintolevyn optimoinnin. Asetukset laitetaan kuntoon ja tietokone nopeutetaan nuoruuden iskuun. My\u00f6s tuuletusj\u00e4rjestelm\u00e4n puhdistus kuuluu hintaan.","og_url":"https:\/\/www.duunauspalvelutjarvi.fi\/?product=tietokoneen-vuosihuolto","article_modified_time":"2021-10-20T22:55:47+00:00","twitter_card":"summary_large_image","schema":{"@context":"https:\/\/schema.org","@graph":[{"@type":"WebPage","@id":"https:\/\/www.duunauspalvelutjarvi.fi\/?product=tietokoneen-vuosihuolto","url":"https:\/\/www.duunauspalvelutjarvi.fi\/?product=tietokoneen-vuosihuolto","name":"Tietokoneen vuosihuolto -","isPartOf":{"@id":"https:\/\/www.duunauspalvelutjarvi.fi\/#website"},"datePublished":"2021-02-12T20:59:17+00:00","dateModified":"2021-10-20T22:55:47+00:00","breadcrumb":{"@id":"https:\/\/www.duunauspalvelutjarvi.fi\/?product=tietokoneen-vuosihuolto#breadcrumb"},"inLanguage":"fi","potentialAction":[{"@type":"ReadAction","target":["https:\/\/www.duunauspalvelutjarvi.fi\/?product=tietokoneen-vuosihuolto"]}]},{"@type":"BreadcrumbList","@id":"https:\/\/www.duunauspalvelutjarvi.fi\/?product=tietokoneen-vuosihuolto#breadcrumb","itemListElement":[{"@type":"ListItem","position":1,"name":"Etusivu","item":"https:\/\/www.duunauspalvelutjarvi.fi\/"},{"@type":"ListItem","position":2,"name":"Etusivu","item":"https:\/\/www.duunauspalvelutjarvi.fi\/"},{"@type":"ListItem","position":3,"name":"Tietokoneen vuosihuolto"}]},{"@type":"WebSite","@id":"https:\/\/www.duunauspalvelutjarvi.fi\/#website","url":"https:\/\/www.duunauspalvelutjarvi.fi\/","name":"","description":"","potentialAction":[{"@type":"SearchAction","target":{"@type":"EntryPoint","urlTemplate":"https:\/\/www.duunauspalvelutjarvi.fi\/?s={search_term_string}"},"query-input":{"@type":"PropertyValueSpecification","valueRequired":true,"valueName":"search_term_string"}}],"inLanguage":"fi"}]}},"jetpack_sharing_enabled":true,"_links":{"self":[{"href":"https:\/\/www.duunauspalvelutjarvi.fi\/index.php?rest_route=\/wp\/v2\/product\/3036","targetHints":{"allow":["GET"]}}],"collection":[{"href":"https:\/\/www.duunauspalvelutjarvi.fi\/index.php?rest_route=\/wp\/v2\/product"}],"about":[{"href":"https:\/\/www.duunauspalvelutjarvi.fi\/index.php?rest_route=\/wp\/v2\/types\/product"}],"replies":[{"embeddable":true,"href":"https:\/\/www.duunauspalvelutjarvi.fi\/index.php?rest_route=%2Fwp%2Fv2%2Fcomments&post=3036"}],"wp:attachment":[{"href":"https:\/\/www.duunauspalvelutjarvi.fi\/index.php?rest_route=%2Fwp%2Fv2%2Fmedia&parent=3036"}],"wp:term":[{"taxonomy":"product_brand","embeddable":true,"href":"https:\/\/www.duunauspalvelutjarvi.fi\/index.php?rest_route=%2Fwp%2Fv2%2Fproduct_brand&post=3036"},{"taxonomy":"product_cat","embeddable":true,"href":"https:\/\/www.duunauspalvelutjarvi.fi\/index.php?rest_route=%2Fwp%2Fv2%2Fproduct_cat&post=3036"},{"taxonomy":"product_tag","embeddable":true,"href":"https:\/\/www.duunauspalvelutjarvi.fi\/index.php?rest_route=%2Fwp%2Fv2%2Fproduct_tag&post=3036"}],"curies":[{"name":"wp","href":"https:\/\/api.w.org\/{rel}","templated":true}]}}