{"id":3037,"date":"2021-02-12T23:01:16","date_gmt":"2021-02-12T21:01:16","guid":{"rendered":"https:\/\/www.duunauspalvelutjarvi.fi\/?post_type=product&#038;p=3037"},"modified":"2021-02-12T23:01:23","modified_gmt":"2021-02-12T21:01:23","slug":"tietojen-pelastus-alkaen-30e","status":"publish","type":"product","link":"https:\/\/www.duunauspalvelutjarvi.fi\/?product=tietojen-pelastus-alkaen-30e","title":{"rendered":"Tietojen pelastus, alkaen 30\u20ac"},"content":{"rendered":"<div dir=\"auto\">Tietojen pelastus, alkaen 30\u20ac<\/div>\n<div dir=\"auto\">Formatoitu, deletoitu tai uudelleen asennettu Windows. H\u00e4vinneet kuvat ja tiedostot voidaan useimmiten pelastaa jopa kokonaan. Hintaan kuuluu tiedostojen pelastus<\/div>\n<div dir=\"auto\">tai pelastusyritys yhdelt\u00e4 kiintolevylt\u00e4 asiakkaan kiintolevylle. My\u00f6s tietojen poltto DVD-levy sis\u00e4lt\u00e4en hintaan. Pelastukset my\u00f6s irrotettavilta muistikorteilta. K\u00e4lvi\u00e4n alueella teemme kotonasi tai haen liikkeeseen.<\/div>\n","protected":false},"excerpt":{"rendered":"<p>Tietojen pelastus, alkaen 30\u20ac Formatoitu, deletoitu tai uudelleen asennettu Windows. H\u00e4vinneet kuvat ja tiedostot voidaan useimmiten pelastaa jopa kokonaan. Hintaan kuuluu tiedostojen pelastus tai pelastusyritys yhdelt\u00e4 kiintolevylt\u00e4 asiakkaan kiintolevylle. My\u00f6s tietojen poltto DVD-levy sis\u00e4lt\u00e4en hintaan. Pelastukset my\u00f6s irrotettavilta muistikorteilta. K\u00e4lvi\u00e4n alueella teemme kotonasi tai haen liikkeeseen.<\/p>\n","protected":false},"featured_media":0,"comment_status":"open","ping_status":"closed","template":"","meta":[],"product_brand":[],"product_cat":[30],"product_tag":[],"class_list":{"0":"post-3037","1":"product","2":"type-product","3":"status-publish","5":"product_cat-palvelut","7":"first","8":"instock","9":"virtual","10":"taxable","11":"purchasable","12":"product-type-simple"},"yoast_head":"<!-- This site is optimized with the Yoast SEO plugin v27.5 - https:\/\/yoast.com\/product\/yoast-seo-wordpress\/ -->\n<title>Tietojen pelastus, alkaen 30\u20ac -<\/title>\n<meta name=\"robots\" content=\"index, follow, max-snippet:-1, max-image-preview:large, max-video-preview:-1\" \/>\n<link rel=\"canonical\" href=\"https:\/\/www.duunauspalvelutjarvi.fi\/?product=tietojen-pelastus-alkaen-30e\" \/>\n<meta property=\"og:locale\" content=\"fi_FI\" \/>\n<meta property=\"og:type\" content=\"article\" \/>\n<meta property=\"og:title\" content=\"Tietojen pelastus, alkaen 30\u20ac -\" \/>\n<meta property=\"og:description\" content=\"Tietojen pelastus, alkaen 30\u20ac Formatoitu, deletoitu tai uudelleen asennettu Windows. H\u00e4vinneet kuvat ja tiedostot voidaan useimmiten pelastaa jopa kokonaan. Hintaan kuuluu tiedostojen pelastus tai pelastusyritys yhdelt\u00e4 kiintolevylt\u00e4 asiakkaan kiintolevylle. My\u00f6s tietojen poltto DVD-levy sis\u00e4lt\u00e4en hintaan. Pelastukset my\u00f6s irrotettavilta muistikorteilta. K\u00e4lvi\u00e4n alueella teemme kotonasi tai haen liikkeeseen.\" \/>\n<meta property=\"og:url\" content=\"https:\/\/www.duunauspalvelutjarvi.fi\/?product=tietojen-pelastus-alkaen-30e\" \/>\n<meta property=\"article:modified_time\" content=\"2021-02-12T21:01:23+00:00\" \/>\n<meta name=\"twitter:card\" content=\"summary_large_image\" \/>\n<script type=\"application\/ld+json\" class=\"yoast-schema-graph\">{\"@context\":\"https:\\\/\\\/schema.org\",\"@graph\":[{\"@type\":\"WebPage\",\"@id\":\"https:\\\/\\\/www.duunauspalvelutjarvi.fi\\\/?product=tietojen-pelastus-alkaen-30e\",\"url\":\"https:\\\/\\\/www.duunauspalvelutjarvi.fi\\\/?product=tietojen-pelastus-alkaen-30e\",\"name\":\"Tietojen pelastus, alkaen 30\u20ac -\",\"isPartOf\":{\"@id\":\"https:\\\/\\\/www.duunauspalvelutjarvi.fi\\\/#website\"},\"datePublished\":\"2021-02-12T21:01:16+00:00\",\"dateModified\":\"2021-02-12T21:01:23+00:00\",\"breadcrumb\":{\"@id\":\"https:\\\/\\\/www.duunauspalvelutjarvi.fi\\\/?product=tietojen-pelastus-alkaen-30e#breadcrumb\"},\"inLanguage\":\"fi\",\"potentialAction\":[{\"@type\":\"ReadAction\",\"target\":[\"https:\\\/\\\/www.duunauspalvelutjarvi.fi\\\/?product=tietojen-pelastus-alkaen-30e\"]}]},{\"@type\":\"BreadcrumbList\",\"@id\":\"https:\\\/\\\/www.duunauspalvelutjarvi.fi\\\/?product=tietojen-pelastus-alkaen-30e#breadcrumb\",\"itemListElement\":[{\"@type\":\"ListItem\",\"position\":1,\"name\":\"Etusivu\",\"item\":\"https:\\\/\\\/www.duunauspalvelutjarvi.fi\\\/\"},{\"@type\":\"ListItem\",\"position\":2,\"name\":\"Etusivu\",\"item\":\"https:\\\/\\\/www.duunauspalvelutjarvi.fi\\\/\"},{\"@type\":\"ListItem\",\"position\":3,\"name\":\"Tietojen pelastus, alkaen 30\u20ac\"}]},{\"@type\":\"WebSite\",\"@id\":\"https:\\\/\\\/www.duunauspalvelutjarvi.fi\\\/#website\",\"url\":\"https:\\\/\\\/www.duunauspalvelutjarvi.fi\\\/\",\"name\":\"\",\"description\":\"\",\"potentialAction\":[{\"@type\":\"SearchAction\",\"target\":{\"@type\":\"EntryPoint\",\"urlTemplate\":\"https:\\\/\\\/www.duunauspalvelutjarvi.fi\\\/?s={search_term_string}\"},\"query-input\":{\"@type\":\"PropertyValueSpecification\",\"valueRequired\":true,\"valueName\":\"search_term_string\"}}],\"inLanguage\":\"fi\"}]}<\/script>\n<!-- \/ Yoast SEO plugin. -->","yoast_head_json":{"title":"Tietojen pelastus, alkaen 30\u20ac -","robots":{"index":"index","follow":"follow","max-snippet":"max-snippet:-1","max-image-preview":"max-image-preview:large","max-video-preview":"max-video-preview:-1"},"canonical":"https:\/\/www.duunauspalvelutjarvi.fi\/?product=tietojen-pelastus-alkaen-30e","og_locale":"fi_FI","og_type":"article","og_title":"Tietojen pelastus, alkaen 30\u20ac -","og_description":"Tietojen pelastus, alkaen 30\u20ac Formatoitu, deletoitu tai uudelleen asennettu Windows. H\u00e4vinneet kuvat ja tiedostot voidaan useimmiten pelastaa jopa kokonaan. Hintaan kuuluu tiedostojen pelastus tai pelastusyritys yhdelt\u00e4 kiintolevylt\u00e4 asiakkaan kiintolevylle. My\u00f6s tietojen poltto DVD-levy sis\u00e4lt\u00e4en hintaan. Pelastukset my\u00f6s irrotettavilta muistikorteilta. K\u00e4lvi\u00e4n alueella teemme kotonasi tai haen liikkeeseen.","og_url":"https:\/\/www.duunauspalvelutjarvi.fi\/?product=tietojen-pelastus-alkaen-30e","article_modified_time":"2021-02-12T21:01:23+00:00","twitter_card":"summary_large_image","schema":{"@context":"https:\/\/schema.org","@graph":[{"@type":"WebPage","@id":"https:\/\/www.duunauspalvelutjarvi.fi\/?product=tietojen-pelastus-alkaen-30e","url":"https:\/\/www.duunauspalvelutjarvi.fi\/?product=tietojen-pelastus-alkaen-30e","name":"Tietojen pelastus, alkaen 30\u20ac -","isPartOf":{"@id":"https:\/\/www.duunauspalvelutjarvi.fi\/#website"},"datePublished":"2021-02-12T21:01:16+00:00","dateModified":"2021-02-12T21:01:23+00:00","breadcrumb":{"@id":"https:\/\/www.duunauspalvelutjarvi.fi\/?product=tietojen-pelastus-alkaen-30e#breadcrumb"},"inLanguage":"fi","potentialAction":[{"@type":"ReadAction","target":["https:\/\/www.duunauspalvelutjarvi.fi\/?product=tietojen-pelastus-alkaen-30e"]}]},{"@type":"BreadcrumbList","@id":"https:\/\/www.duunauspalvelutjarvi.fi\/?product=tietojen-pelastus-alkaen-30e#breadcrumb","itemListElement":[{"@type":"ListItem","position":1,"name":"Etusivu","item":"https:\/\/www.duunauspalvelutjarvi.fi\/"},{"@type":"ListItem","position":2,"name":"Etusivu","item":"https:\/\/www.duunauspalvelutjarvi.fi\/"},{"@type":"ListItem","position":3,"name":"Tietojen pelastus, alkaen 30\u20ac"}]},{"@type":"WebSite","@id":"https:\/\/www.duunauspalvelutjarvi.fi\/#website","url":"https:\/\/www.duunauspalvelutjarvi.fi\/","name":"","description":"","potentialAction":[{"@type":"SearchAction","target":{"@type":"EntryPoint","urlTemplate":"https:\/\/www.duunauspalvelutjarvi.fi\/?s={search_term_string}"},"query-input":{"@type":"PropertyValueSpecification","valueRequired":true,"valueName":"search_term_string"}}],"inLanguage":"fi"}]}},"jetpack_sharing_enabled":true,"_links":{"self":[{"href":"https:\/\/www.duunauspalvelutjarvi.fi\/index.php?rest_route=\/wp\/v2\/product\/3037","targetHints":{"allow":["GET"]}}],"collection":[{"href":"https:\/\/www.duunauspalvelutjarvi.fi\/index.php?rest_route=\/wp\/v2\/product"}],"about":[{"href":"https:\/\/www.duunauspalvelutjarvi.fi\/index.php?rest_route=\/wp\/v2\/types\/product"}],"replies":[{"embeddable":true,"href":"https:\/\/www.duunauspalvelutjarvi.fi\/index.php?rest_route=%2Fwp%2Fv2%2Fcomments&post=3037"}],"wp:attachment":[{"href":"https:\/\/www.duunauspalvelutjarvi.fi\/index.php?rest_route=%2Fwp%2Fv2%2Fmedia&parent=3037"}],"wp:term":[{"taxonomy":"product_brand","embeddable":true,"href":"https:\/\/www.duunauspalvelutjarvi.fi\/index.php?rest_route=%2Fwp%2Fv2%2Fproduct_brand&post=3037"},{"taxonomy":"product_cat","embeddable":true,"href":"https:\/\/www.duunauspalvelutjarvi.fi\/index.php?rest_route=%2Fwp%2Fv2%2Fproduct_cat&post=3037"},{"taxonomy":"product_tag","embeddable":true,"href":"https:\/\/www.duunauspalvelutjarvi.fi\/index.php?rest_route=%2Fwp%2Fv2%2Fproduct_tag&post=3037"}],"curies":[{"name":"wp","href":"https:\/\/api.w.org\/{rel}","templated":true}]}}