{"id":3039,"date":"2021-02-12T23:03:08","date_gmt":"2021-02-12T21:03:08","guid":{"rendered":"https:\/\/www.duunauspalvelutjarvi.fi\/?post_type=product&#038;p=3039"},"modified":"2021-02-12T23:03:08","modified_gmt":"2021-02-12T21:03:08","slug":"ohjelmiston-tayshuolto","status":"publish","type":"product","link":"https:\/\/www.duunauspalvelutjarvi.fi\/?product=ohjelmiston-tayshuolto","title":{"rendered":"Ohjelmiston t\u00e4yshuolto"},"content":{"rendered":"<div dir=\"auto\">Ohjelmisto-ongelmia?, virustartunta? p\u00e4ivitykset eiv\u00e4t asennu? Jos tietokoneessa on t\u00e4rkeit\u00e4 ohjelmia ja asetuksia, etk\u00e4 halua asentaa k\u00e4ytt\u00f6j\u00e4rjestelm\u00e4\u00e4 uudelleen sen seottua, teet\u00e4 ohjelmiston t\u00e4yshuolto.<\/div>\n<div dir=\"auto\">Sopii my\u00f6s yritysk\u00e4yt\u00f6ss\u00e4 oleville koneille. K\u00e4ytt\u00e4j\u00e4n tiedostot, kuvat ja ohjelmistot s\u00e4ilyv\u00e4t. K\u00e4lvi\u00e4n alueella kotonasi tai haettuna liikkeeseen.<\/div>\n","protected":false},"excerpt":{"rendered":"<p>Ohjelmisto-ongelmia?, virustartunta? p\u00e4ivitykset eiv\u00e4t asennu? Jos tietokoneessa on t\u00e4rkeit\u00e4 ohjelmia ja asetuksia, etk\u00e4 halua asentaa k\u00e4ytt\u00f6j\u00e4rjestelm\u00e4\u00e4 uudelleen sen seottua, teet\u00e4 ohjelmiston t\u00e4yshuolto. Sopii my\u00f6s yritysk\u00e4yt\u00f6ss\u00e4 oleville koneille. K\u00e4ytt\u00e4j\u00e4n tiedostot, kuvat ja ohjelmistot s\u00e4ilyv\u00e4t. K\u00e4lvi\u00e4n alueella kotonasi tai haettuna liikkeeseen.<\/p>\n","protected":false},"featured_media":0,"comment_status":"open","ping_status":"closed","template":"","meta":[],"product_brand":[],"product_cat":[30],"product_tag":[],"class_list":{"0":"post-3039","1":"product","2":"type-product","3":"status-publish","5":"product_cat-palvelut","7":"first","8":"instock","9":"virtual","10":"taxable","11":"purchasable","12":"product-type-simple"},"yoast_head":"<!-- This site is optimized with the Yoast SEO plugin v27.5 - https:\/\/yoast.com\/product\/yoast-seo-wordpress\/ -->\n<title>Ohjelmiston t\u00e4yshuolto -<\/title>\n<meta name=\"robots\" content=\"index, follow, max-snippet:-1, max-image-preview:large, max-video-preview:-1\" \/>\n<link rel=\"canonical\" href=\"https:\/\/www.duunauspalvelutjarvi.fi\/?product=ohjelmiston-tayshuolto\" \/>\n<meta property=\"og:locale\" content=\"fi_FI\" \/>\n<meta property=\"og:type\" content=\"article\" \/>\n<meta property=\"og:title\" content=\"Ohjelmiston t\u00e4yshuolto -\" \/>\n<meta property=\"og:description\" content=\"Ohjelmisto-ongelmia?, virustartunta? p\u00e4ivitykset eiv\u00e4t asennu? Jos tietokoneessa on t\u00e4rkeit\u00e4 ohjelmia ja asetuksia, etk\u00e4 halua asentaa k\u00e4ytt\u00f6j\u00e4rjestelm\u00e4\u00e4 uudelleen sen seottua, teet\u00e4 ohjelmiston t\u00e4yshuolto. Sopii my\u00f6s yritysk\u00e4yt\u00f6ss\u00e4 oleville koneille. K\u00e4ytt\u00e4j\u00e4n tiedostot, kuvat ja ohjelmistot s\u00e4ilyv\u00e4t. K\u00e4lvi\u00e4n alueella kotonasi tai haettuna liikkeeseen.\" \/>\n<meta property=\"og:url\" content=\"https:\/\/www.duunauspalvelutjarvi.fi\/?product=ohjelmiston-tayshuolto\" \/>\n<meta name=\"twitter:card\" content=\"summary_large_image\" \/>\n<script type=\"application\/ld+json\" class=\"yoast-schema-graph\">{\"@context\":\"https:\\\/\\\/schema.org\",\"@graph\":[{\"@type\":\"WebPage\",\"@id\":\"https:\\\/\\\/www.duunauspalvelutjarvi.fi\\\/?product=ohjelmiston-tayshuolto\",\"url\":\"https:\\\/\\\/www.duunauspalvelutjarvi.fi\\\/?product=ohjelmiston-tayshuolto\",\"name\":\"Ohjelmiston t\u00e4yshuolto -\",\"isPartOf\":{\"@id\":\"https:\\\/\\\/www.duunauspalvelutjarvi.fi\\\/#website\"},\"datePublished\":\"2021-02-12T21:03:08+00:00\",\"breadcrumb\":{\"@id\":\"https:\\\/\\\/www.duunauspalvelutjarvi.fi\\\/?product=ohjelmiston-tayshuolto#breadcrumb\"},\"inLanguage\":\"fi\",\"potentialAction\":[{\"@type\":\"ReadAction\",\"target\":[\"https:\\\/\\\/www.duunauspalvelutjarvi.fi\\\/?product=ohjelmiston-tayshuolto\"]}]},{\"@type\":\"BreadcrumbList\",\"@id\":\"https:\\\/\\\/www.duunauspalvelutjarvi.fi\\\/?product=ohjelmiston-tayshuolto#breadcrumb\",\"itemListElement\":[{\"@type\":\"ListItem\",\"position\":1,\"name\":\"Etusivu\",\"item\":\"https:\\\/\\\/www.duunauspalvelutjarvi.fi\\\/\"},{\"@type\":\"ListItem\",\"position\":2,\"name\":\"Etusivu\",\"item\":\"https:\\\/\\\/www.duunauspalvelutjarvi.fi\\\/\"},{\"@type\":\"ListItem\",\"position\":3,\"name\":\"Ohjelmiston t\u00e4yshuolto\"}]},{\"@type\":\"WebSite\",\"@id\":\"https:\\\/\\\/www.duunauspalvelutjarvi.fi\\\/#website\",\"url\":\"https:\\\/\\\/www.duunauspalvelutjarvi.fi\\\/\",\"name\":\"\",\"description\":\"\",\"potentialAction\":[{\"@type\":\"SearchAction\",\"target\":{\"@type\":\"EntryPoint\",\"urlTemplate\":\"https:\\\/\\\/www.duunauspalvelutjarvi.fi\\\/?s={search_term_string}\"},\"query-input\":{\"@type\":\"PropertyValueSpecification\",\"valueRequired\":true,\"valueName\":\"search_term_string\"}}],\"inLanguage\":\"fi\"}]}<\/script>\n<!-- \/ Yoast SEO plugin. -->","yoast_head_json":{"title":"Ohjelmiston t\u00e4yshuolto -","robots":{"index":"index","follow":"follow","max-snippet":"max-snippet:-1","max-image-preview":"max-image-preview:large","max-video-preview":"max-video-preview:-1"},"canonical":"https:\/\/www.duunauspalvelutjarvi.fi\/?product=ohjelmiston-tayshuolto","og_locale":"fi_FI","og_type":"article","og_title":"Ohjelmiston t\u00e4yshuolto -","og_description":"Ohjelmisto-ongelmia?, virustartunta? p\u00e4ivitykset eiv\u00e4t asennu? Jos tietokoneessa on t\u00e4rkeit\u00e4 ohjelmia ja asetuksia, etk\u00e4 halua asentaa k\u00e4ytt\u00f6j\u00e4rjestelm\u00e4\u00e4 uudelleen sen seottua, teet\u00e4 ohjelmiston t\u00e4yshuolto. Sopii my\u00f6s yritysk\u00e4yt\u00f6ss\u00e4 oleville koneille. K\u00e4ytt\u00e4j\u00e4n tiedostot, kuvat ja ohjelmistot s\u00e4ilyv\u00e4t. K\u00e4lvi\u00e4n alueella kotonasi tai haettuna liikkeeseen.","og_url":"https:\/\/www.duunauspalvelutjarvi.fi\/?product=ohjelmiston-tayshuolto","twitter_card":"summary_large_image","schema":{"@context":"https:\/\/schema.org","@graph":[{"@type":"WebPage","@id":"https:\/\/www.duunauspalvelutjarvi.fi\/?product=ohjelmiston-tayshuolto","url":"https:\/\/www.duunauspalvelutjarvi.fi\/?product=ohjelmiston-tayshuolto","name":"Ohjelmiston t\u00e4yshuolto -","isPartOf":{"@id":"https:\/\/www.duunauspalvelutjarvi.fi\/#website"},"datePublished":"2021-02-12T21:03:08+00:00","breadcrumb":{"@id":"https:\/\/www.duunauspalvelutjarvi.fi\/?product=ohjelmiston-tayshuolto#breadcrumb"},"inLanguage":"fi","potentialAction":[{"@type":"ReadAction","target":["https:\/\/www.duunauspalvelutjarvi.fi\/?product=ohjelmiston-tayshuolto"]}]},{"@type":"BreadcrumbList","@id":"https:\/\/www.duunauspalvelutjarvi.fi\/?product=ohjelmiston-tayshuolto#breadcrumb","itemListElement":[{"@type":"ListItem","position":1,"name":"Etusivu","item":"https:\/\/www.duunauspalvelutjarvi.fi\/"},{"@type":"ListItem","position":2,"name":"Etusivu","item":"https:\/\/www.duunauspalvelutjarvi.fi\/"},{"@type":"ListItem","position":3,"name":"Ohjelmiston t\u00e4yshuolto"}]},{"@type":"WebSite","@id":"https:\/\/www.duunauspalvelutjarvi.fi\/#website","url":"https:\/\/www.duunauspalvelutjarvi.fi\/","name":"","description":"","potentialAction":[{"@type":"SearchAction","target":{"@type":"EntryPoint","urlTemplate":"https:\/\/www.duunauspalvelutjarvi.fi\/?s={search_term_string}"},"query-input":{"@type":"PropertyValueSpecification","valueRequired":true,"valueName":"search_term_string"}}],"inLanguage":"fi"}]}},"jetpack_sharing_enabled":true,"_links":{"self":[{"href":"https:\/\/www.duunauspalvelutjarvi.fi\/index.php?rest_route=\/wp\/v2\/product\/3039","targetHints":{"allow":["GET"]}}],"collection":[{"href":"https:\/\/www.duunauspalvelutjarvi.fi\/index.php?rest_route=\/wp\/v2\/product"}],"about":[{"href":"https:\/\/www.duunauspalvelutjarvi.fi\/index.php?rest_route=\/wp\/v2\/types\/product"}],"replies":[{"embeddable":true,"href":"https:\/\/www.duunauspalvelutjarvi.fi\/index.php?rest_route=%2Fwp%2Fv2%2Fcomments&post=3039"}],"wp:attachment":[{"href":"https:\/\/www.duunauspalvelutjarvi.fi\/index.php?rest_route=%2Fwp%2Fv2%2Fmedia&parent=3039"}],"wp:term":[{"taxonomy":"product_brand","embeddable":true,"href":"https:\/\/www.duunauspalvelutjarvi.fi\/index.php?rest_route=%2Fwp%2Fv2%2Fproduct_brand&post=3039"},{"taxonomy":"product_cat","embeddable":true,"href":"https:\/\/www.duunauspalvelutjarvi.fi\/index.php?rest_route=%2Fwp%2Fv2%2Fproduct_cat&post=3039"},{"taxonomy":"product_tag","embeddable":true,"href":"https:\/\/www.duunauspalvelutjarvi.fi\/index.php?rest_route=%2Fwp%2Fv2%2Fproduct_tag&post=3039"}],"curies":[{"name":"wp","href":"https:\/\/api.w.org\/{rel}","templated":true}]}}