{"id":3043,"date":"2021-02-12T23:11:26","date_gmt":"2021-02-12T21:11:26","guid":{"rendered":"https:\/\/www.duunauspalvelutjarvi.fi\/?post_type=product&#038;p=3043"},"modified":"2022-12-14T22:32:10","modified_gmt":"2022-12-14T20:32:10","slug":"aputyot-36e-h","status":"publish","type":"product","link":"https:\/\/www.duunauspalvelutjarvi.fi\/?product=aputyot-36e-h","title":{"rendered":"Aputy\u00f6t 40\u20ac\/h +alv"},"content":{"rendered":"<p>Teen kaiken lasta aput\u00f6it\u00e4.<\/p>\n<p>Hinta on my\u00f6s neuvoteltavissakin.<\/p>\n<p>T\u00e4m\u00e4 palvelu laskutetaan ainoastaan.<\/p>\n<p>Soita ja kysy 0505511311.<\/p>\n","protected":false},"excerpt":{"rendered":"<p>Teen kaiken lasta aput\u00f6it\u00e4. Hinta on my\u00f6s neuvoteltavissakin. T\u00e4m\u00e4 palvelu laskutetaan ainoastaan. Soita ja kysy 0505511311.<\/p>\n","protected":false},"featured_media":0,"comment_status":"open","ping_status":"closed","template":"","meta":[],"product_brand":[],"product_cat":[30],"product_tag":[],"class_list":{"0":"post-3043","1":"product","2":"type-product","3":"status-publish","5":"product_cat-palvelut","7":"first","8":"instock","9":"virtual","10":"taxable","11":"product-type-simple"},"yoast_head":"<!-- This site is optimized with the Yoast SEO plugin v27.4 - https:\/\/yoast.com\/product\/yoast-seo-wordpress\/ -->\n<title>Aputy\u00f6t 40\u20ac\/h +alv -<\/title>\n<meta name=\"robots\" content=\"index, follow, max-snippet:-1, max-image-preview:large, max-video-preview:-1\" \/>\n<link rel=\"canonical\" href=\"https:\/\/www.duunauspalvelutjarvi.fi\/?product=aputyot-36e-h\" \/>\n<meta property=\"og:locale\" content=\"fi_FI\" \/>\n<meta property=\"og:type\" content=\"article\" \/>\n<meta property=\"og:title\" content=\"Aputy\u00f6t 40\u20ac\/h +alv -\" \/>\n<meta property=\"og:description\" content=\"Teen kaiken lasta aput\u00f6it\u00e4. Hinta on my\u00f6s neuvoteltavissakin. T\u00e4m\u00e4 palvelu laskutetaan ainoastaan. Soita ja kysy 0505511311.\" \/>\n<meta property=\"og:url\" content=\"https:\/\/www.duunauspalvelutjarvi.fi\/?product=aputyot-36e-h\" \/>\n<meta property=\"article:modified_time\" content=\"2022-12-14T20:32:10+00:00\" \/>\n<meta name=\"twitter:card\" content=\"summary_large_image\" \/>\n<script type=\"application\/ld+json\" class=\"yoast-schema-graph\">{\"@context\":\"https:\\\/\\\/schema.org\",\"@graph\":[{\"@type\":\"WebPage\",\"@id\":\"https:\\\/\\\/www.duunauspalvelutjarvi.fi\\\/?product=aputyot-36e-h\",\"url\":\"https:\\\/\\\/www.duunauspalvelutjarvi.fi\\\/?product=aputyot-36e-h\",\"name\":\"Aputy\u00f6t 40\u20ac\\\/h +alv -\",\"isPartOf\":{\"@id\":\"https:\\\/\\\/www.duunauspalvelutjarvi.fi\\\/#website\"},\"datePublished\":\"2021-02-12T21:11:26+00:00\",\"dateModified\":\"2022-12-14T20:32:10+00:00\",\"breadcrumb\":{\"@id\":\"https:\\\/\\\/www.duunauspalvelutjarvi.fi\\\/?product=aputyot-36e-h#breadcrumb\"},\"inLanguage\":\"fi\",\"potentialAction\":[{\"@type\":\"ReadAction\",\"target\":[\"https:\\\/\\\/www.duunauspalvelutjarvi.fi\\\/?product=aputyot-36e-h\"]}]},{\"@type\":\"BreadcrumbList\",\"@id\":\"https:\\\/\\\/www.duunauspalvelutjarvi.fi\\\/?product=aputyot-36e-h#breadcrumb\",\"itemListElement\":[{\"@type\":\"ListItem\",\"position\":1,\"name\":\"Etusivu\",\"item\":\"https:\\\/\\\/www.duunauspalvelutjarvi.fi\\\/\"},{\"@type\":\"ListItem\",\"position\":2,\"name\":\"Etusivu\",\"item\":\"https:\\\/\\\/www.duunauspalvelutjarvi.fi\\\/\"},{\"@type\":\"ListItem\",\"position\":3,\"name\":\"Aputy\u00f6t 40\u20ac\\\/h +alv\"}]},{\"@type\":\"WebSite\",\"@id\":\"https:\\\/\\\/www.duunauspalvelutjarvi.fi\\\/#website\",\"url\":\"https:\\\/\\\/www.duunauspalvelutjarvi.fi\\\/\",\"name\":\"\",\"description\":\"\",\"potentialAction\":[{\"@type\":\"SearchAction\",\"target\":{\"@type\":\"EntryPoint\",\"urlTemplate\":\"https:\\\/\\\/www.duunauspalvelutjarvi.fi\\\/?s={search_term_string}\"},\"query-input\":{\"@type\":\"PropertyValueSpecification\",\"valueRequired\":true,\"valueName\":\"search_term_string\"}}],\"inLanguage\":\"fi\"}]}<\/script>\n<!-- \/ Yoast SEO plugin. -->","yoast_head_json":{"title":"Aputy\u00f6t 40\u20ac\/h +alv -","robots":{"index":"index","follow":"follow","max-snippet":"max-snippet:-1","max-image-preview":"max-image-preview:large","max-video-preview":"max-video-preview:-1"},"canonical":"https:\/\/www.duunauspalvelutjarvi.fi\/?product=aputyot-36e-h","og_locale":"fi_FI","og_type":"article","og_title":"Aputy\u00f6t 40\u20ac\/h +alv -","og_description":"Teen kaiken lasta aput\u00f6it\u00e4. Hinta on my\u00f6s neuvoteltavissakin. T\u00e4m\u00e4 palvelu laskutetaan ainoastaan. Soita ja kysy 0505511311.","og_url":"https:\/\/www.duunauspalvelutjarvi.fi\/?product=aputyot-36e-h","article_modified_time":"2022-12-14T20:32:10+00:00","twitter_card":"summary_large_image","schema":{"@context":"https:\/\/schema.org","@graph":[{"@type":"WebPage","@id":"https:\/\/www.duunauspalvelutjarvi.fi\/?product=aputyot-36e-h","url":"https:\/\/www.duunauspalvelutjarvi.fi\/?product=aputyot-36e-h","name":"Aputy\u00f6t 40\u20ac\/h +alv -","isPartOf":{"@id":"https:\/\/www.duunauspalvelutjarvi.fi\/#website"},"datePublished":"2021-02-12T21:11:26+00:00","dateModified":"2022-12-14T20:32:10+00:00","breadcrumb":{"@id":"https:\/\/www.duunauspalvelutjarvi.fi\/?product=aputyot-36e-h#breadcrumb"},"inLanguage":"fi","potentialAction":[{"@type":"ReadAction","target":["https:\/\/www.duunauspalvelutjarvi.fi\/?product=aputyot-36e-h"]}]},{"@type":"BreadcrumbList","@id":"https:\/\/www.duunauspalvelutjarvi.fi\/?product=aputyot-36e-h#breadcrumb","itemListElement":[{"@type":"ListItem","position":1,"name":"Etusivu","item":"https:\/\/www.duunauspalvelutjarvi.fi\/"},{"@type":"ListItem","position":2,"name":"Etusivu","item":"https:\/\/www.duunauspalvelutjarvi.fi\/"},{"@type":"ListItem","position":3,"name":"Aputy\u00f6t 40\u20ac\/h +alv"}]},{"@type":"WebSite","@id":"https:\/\/www.duunauspalvelutjarvi.fi\/#website","url":"https:\/\/www.duunauspalvelutjarvi.fi\/","name":"","description":"","potentialAction":[{"@type":"SearchAction","target":{"@type":"EntryPoint","urlTemplate":"https:\/\/www.duunauspalvelutjarvi.fi\/?s={search_term_string}"},"query-input":{"@type":"PropertyValueSpecification","valueRequired":true,"valueName":"search_term_string"}}],"inLanguage":"fi"}]}},"jetpack_sharing_enabled":true,"_links":{"self":[{"href":"https:\/\/www.duunauspalvelutjarvi.fi\/index.php?rest_route=\/wp\/v2\/product\/3043","targetHints":{"allow":["GET"]}}],"collection":[{"href":"https:\/\/www.duunauspalvelutjarvi.fi\/index.php?rest_route=\/wp\/v2\/product"}],"about":[{"href":"https:\/\/www.duunauspalvelutjarvi.fi\/index.php?rest_route=\/wp\/v2\/types\/product"}],"replies":[{"embeddable":true,"href":"https:\/\/www.duunauspalvelutjarvi.fi\/index.php?rest_route=%2Fwp%2Fv2%2Fcomments&post=3043"}],"wp:attachment":[{"href":"https:\/\/www.duunauspalvelutjarvi.fi\/index.php?rest_route=%2Fwp%2Fv2%2Fmedia&parent=3043"}],"wp:term":[{"taxonomy":"product_brand","embeddable":true,"href":"https:\/\/www.duunauspalvelutjarvi.fi\/index.php?rest_route=%2Fwp%2Fv2%2Fproduct_brand&post=3043"},{"taxonomy":"product_cat","embeddable":true,"href":"https:\/\/www.duunauspalvelutjarvi.fi\/index.php?rest_route=%2Fwp%2Fv2%2Fproduct_cat&post=3043"},{"taxonomy":"product_tag","embeddable":true,"href":"https:\/\/www.duunauspalvelutjarvi.fi\/index.php?rest_route=%2Fwp%2Fv2%2Fproduct_tag&post=3043"}],"curies":[{"name":"wp","href":"https:\/\/api.w.org\/{rel}","templated":true}]}}