{"id":3049,"date":"2021-02-12T23:38:18","date_gmt":"2021-02-12T21:38:18","guid":{"rendered":"https:\/\/www.duunauspalvelutjarvi.fi\/?post_type=product&#038;p=3049"},"modified":"2025-08-10T22:11:17","modified_gmt":"2025-08-10T19:11:17","slug":"tukitanko-lisavalolle-1kpl-ruostumaton-teras","status":"publish","type":"product","link":"https:\/\/www.duunauspalvelutjarvi.fi\/?product=tukitanko-lisavalolle-1kpl-ruostumaton-teras","title":{"rendered":"Tukitanko lis\u00e4valolle 1kpl, Ruostumaton ter\u00e4s"},"content":{"rendered":"<p><strong>Tukitanko lis\u00e4valolle, Ruostumatonta ter\u00e4st\u00e4.<\/strong>\u00a0Tukitangon avulla voidaan tukea lis\u00e4valoa joka v\u00e4hent\u00e4\u00e4 lis\u00e4valon t\u00e4rin\u00e4\u00e4. Sopii mm. LuminaLights ja X-vision lis\u00e4valoihin.<\/p>\n<p><strong>Huom<br \/>\n<\/strong><strong>Myyd\u00e4\u00e4n kappaleittain.<\/strong><\/p>\n","protected":false},"excerpt":{"rendered":"<p>Tukitanko lis\u00e4valolle, Ruostumatonta ter\u00e4st\u00e4.\u00a0Tukitangon avulla voidaan tukea lis\u00e4valoa joka v\u00e4hent\u00e4\u00e4 lis\u00e4valon t\u00e4rin\u00e4\u00e4. Sopii mm. LuminaLights ja X-vision lis\u00e4valoihin. Huom Myyd\u00e4\u00e4n kappaleittain.<\/p>\n","protected":false},"featured_media":14823,"comment_status":"open","ping_status":"closed","template":"","meta":[],"product_brand":[704],"product_cat":[252],"product_tag":[],"class_list":{"0":"post-3049","1":"product","2":"type-product","3":"status-publish","4":"has-post-thumbnail","6":"product_brand-luminalights","7":"product_cat-lisavalojen-tukitangot","9":"first","10":"instock","11":"taxable","12":"shipping-taxable","13":"purchasable","14":"product-type-simple"},"yoast_head":"<!-- This site is optimized with the Yoast SEO plugin v27.3 - https:\/\/yoast.com\/product\/yoast-seo-wordpress\/ -->\n<title>Tukitanko lis\u00e4valolle 1kpl, Ruostumaton ter\u00e4s -<\/title>\n<meta name=\"robots\" content=\"index, follow, max-snippet:-1, max-image-preview:large, max-video-preview:-1\" \/>\n<link rel=\"canonical\" href=\"https:\/\/www.duunauspalvelutjarvi.fi\/?product=tukitanko-lisavalolle-1kpl-ruostumaton-teras\" \/>\n<meta property=\"og:locale\" content=\"fi_FI\" \/>\n<meta property=\"og:type\" content=\"article\" \/>\n<meta property=\"og:title\" content=\"Tukitanko lis\u00e4valolle 1kpl, Ruostumaton ter\u00e4s -\" \/>\n<meta property=\"og:description\" content=\"Tukitanko lis\u00e4valolle, Ruostumatonta ter\u00e4st\u00e4.\u00a0Tukitangon avulla voidaan tukea lis\u00e4valoa joka v\u00e4hent\u00e4\u00e4 lis\u00e4valon t\u00e4rin\u00e4\u00e4. Sopii mm. LuminaLights ja X-vision lis\u00e4valoihin. Huom Myyd\u00e4\u00e4n kappaleittain.\" \/>\n<meta property=\"og:url\" content=\"https:\/\/www.duunauspalvelutjarvi.fi\/?product=tukitanko-lisavalolle-1kpl-ruostumaton-teras\" \/>\n<meta property=\"article:modified_time\" content=\"2025-08-10T19:11:17+00:00\" \/>\n<meta property=\"og:image\" content=\"https:\/\/www.duunauspalvelutjarvi.fi\/wp-content\/uploads\/2021\/02\/Tukitankolisavalolle1kplRuostumatonteras_3050120011_9f14e948dcd5896b68382be90035adb9_1-1.jpg\" \/>\n\t<meta property=\"og:image:width\" content=\"258\" \/>\n\t<meta property=\"og:image:height\" content=\"291\" \/>\n\t<meta property=\"og:image:type\" content=\"image\/jpeg\" \/>\n<meta name=\"twitter:card\" content=\"summary_large_image\" \/>\n<meta name=\"twitter:label1\" content=\"Arvioitu lukuaika\" \/>\n\t<meta name=\"twitter:data1\" content=\"1 minuutti\" \/>\n<script type=\"application\/ld+json\" class=\"yoast-schema-graph\">{\"@context\":\"https:\\\/\\\/schema.org\",\"@graph\":[{\"@type\":\"WebPage\",\"@id\":\"https:\\\/\\\/www.duunauspalvelutjarvi.fi\\\/?product=tukitanko-lisavalolle-1kpl-ruostumaton-teras\",\"url\":\"https:\\\/\\\/www.duunauspalvelutjarvi.fi\\\/?product=tukitanko-lisavalolle-1kpl-ruostumaton-teras\",\"name\":\"Tukitanko lis\u00e4valolle 1kpl, Ruostumaton ter\u00e4s -\",\"isPartOf\":{\"@id\":\"https:\\\/\\\/www.duunauspalvelutjarvi.fi\\\/#website\"},\"primaryImageOfPage\":{\"@id\":\"https:\\\/\\\/www.duunauspalvelutjarvi.fi\\\/?product=tukitanko-lisavalolle-1kpl-ruostumaton-teras#primaryimage\"},\"image\":{\"@id\":\"https:\\\/\\\/www.duunauspalvelutjarvi.fi\\\/?product=tukitanko-lisavalolle-1kpl-ruostumaton-teras#primaryimage\"},\"thumbnailUrl\":\"https:\\\/\\\/www.duunauspalvelutjarvi.fi\\\/wp-content\\\/uploads\\\/2021\\\/02\\\/Tukitankolisavalolle1kplRuostumatonteras_3050120011_9f14e948dcd5896b68382be90035adb9_1-1.jpg\",\"datePublished\":\"2021-02-12T21:38:18+00:00\",\"dateModified\":\"2025-08-10T19:11:17+00:00\",\"breadcrumb\":{\"@id\":\"https:\\\/\\\/www.duunauspalvelutjarvi.fi\\\/?product=tukitanko-lisavalolle-1kpl-ruostumaton-teras#breadcrumb\"},\"inLanguage\":\"fi\",\"potentialAction\":[{\"@type\":\"ReadAction\",\"target\":[\"https:\\\/\\\/www.duunauspalvelutjarvi.fi\\\/?product=tukitanko-lisavalolle-1kpl-ruostumaton-teras\"]}]},{\"@type\":\"ImageObject\",\"inLanguage\":\"fi\",\"@id\":\"https:\\\/\\\/www.duunauspalvelutjarvi.fi\\\/?product=tukitanko-lisavalolle-1kpl-ruostumaton-teras#primaryimage\",\"url\":\"https:\\\/\\\/www.duunauspalvelutjarvi.fi\\\/wp-content\\\/uploads\\\/2021\\\/02\\\/Tukitankolisavalolle1kplRuostumatonteras_3050120011_9f14e948dcd5896b68382be90035adb9_1-1.jpg\",\"contentUrl\":\"https:\\\/\\\/www.duunauspalvelutjarvi.fi\\\/wp-content\\\/uploads\\\/2021\\\/02\\\/Tukitankolisavalolle1kplRuostumatonteras_3050120011_9f14e948dcd5896b68382be90035adb9_1-1.jpg\",\"width\":258,\"height\":291},{\"@type\":\"BreadcrumbList\",\"@id\":\"https:\\\/\\\/www.duunauspalvelutjarvi.fi\\\/?product=tukitanko-lisavalolle-1kpl-ruostumaton-teras#breadcrumb\",\"itemListElement\":[{\"@type\":\"ListItem\",\"position\":1,\"name\":\"Etusivu\",\"item\":\"https:\\\/\\\/www.duunauspalvelutjarvi.fi\\\/\"},{\"@type\":\"ListItem\",\"position\":2,\"name\":\"Etusivu\",\"item\":\"https:\\\/\\\/www.duunauspalvelutjarvi.fi\\\/\"},{\"@type\":\"ListItem\",\"position\":3,\"name\":\"Tukitanko lis\u00e4valolle 1kpl, Ruostumaton ter\u00e4s\"}]},{\"@type\":\"WebSite\",\"@id\":\"https:\\\/\\\/www.duunauspalvelutjarvi.fi\\\/#website\",\"url\":\"https:\\\/\\\/www.duunauspalvelutjarvi.fi\\\/\",\"name\":\"\",\"description\":\"\",\"potentialAction\":[{\"@type\":\"SearchAction\",\"target\":{\"@type\":\"EntryPoint\",\"urlTemplate\":\"https:\\\/\\\/www.duunauspalvelutjarvi.fi\\\/?s={search_term_string}\"},\"query-input\":{\"@type\":\"PropertyValueSpecification\",\"valueRequired\":true,\"valueName\":\"search_term_string\"}}],\"inLanguage\":\"fi\"}]}<\/script>\n<!-- \/ Yoast SEO plugin. -->","yoast_head_json":{"title":"Tukitanko lis\u00e4valolle 1kpl, Ruostumaton ter\u00e4s -","robots":{"index":"index","follow":"follow","max-snippet":"max-snippet:-1","max-image-preview":"max-image-preview:large","max-video-preview":"max-video-preview:-1"},"canonical":"https:\/\/www.duunauspalvelutjarvi.fi\/?product=tukitanko-lisavalolle-1kpl-ruostumaton-teras","og_locale":"fi_FI","og_type":"article","og_title":"Tukitanko lis\u00e4valolle 1kpl, Ruostumaton ter\u00e4s -","og_description":"Tukitanko lis\u00e4valolle, Ruostumatonta ter\u00e4st\u00e4.\u00a0Tukitangon avulla voidaan tukea lis\u00e4valoa joka v\u00e4hent\u00e4\u00e4 lis\u00e4valon t\u00e4rin\u00e4\u00e4. Sopii mm. LuminaLights ja X-vision lis\u00e4valoihin. Huom Myyd\u00e4\u00e4n kappaleittain.","og_url":"https:\/\/www.duunauspalvelutjarvi.fi\/?product=tukitanko-lisavalolle-1kpl-ruostumaton-teras","article_modified_time":"2025-08-10T19:11:17+00:00","og_image":[{"width":258,"height":291,"url":"https:\/\/www.duunauspalvelutjarvi.fi\/wp-content\/uploads\/2021\/02\/Tukitankolisavalolle1kplRuostumatonteras_3050120011_9f14e948dcd5896b68382be90035adb9_1-1.jpg","type":"image\/jpeg"}],"twitter_card":"summary_large_image","twitter_misc":{"Arvioitu lukuaika":"1 minuutti"},"schema":{"@context":"https:\/\/schema.org","@graph":[{"@type":"WebPage","@id":"https:\/\/www.duunauspalvelutjarvi.fi\/?product=tukitanko-lisavalolle-1kpl-ruostumaton-teras","url":"https:\/\/www.duunauspalvelutjarvi.fi\/?product=tukitanko-lisavalolle-1kpl-ruostumaton-teras","name":"Tukitanko lis\u00e4valolle 1kpl, Ruostumaton ter\u00e4s -","isPartOf":{"@id":"https:\/\/www.duunauspalvelutjarvi.fi\/#website"},"primaryImageOfPage":{"@id":"https:\/\/www.duunauspalvelutjarvi.fi\/?product=tukitanko-lisavalolle-1kpl-ruostumaton-teras#primaryimage"},"image":{"@id":"https:\/\/www.duunauspalvelutjarvi.fi\/?product=tukitanko-lisavalolle-1kpl-ruostumaton-teras#primaryimage"},"thumbnailUrl":"https:\/\/www.duunauspalvelutjarvi.fi\/wp-content\/uploads\/2021\/02\/Tukitankolisavalolle1kplRuostumatonteras_3050120011_9f14e948dcd5896b68382be90035adb9_1-1.jpg","datePublished":"2021-02-12T21:38:18+00:00","dateModified":"2025-08-10T19:11:17+00:00","breadcrumb":{"@id":"https:\/\/www.duunauspalvelutjarvi.fi\/?product=tukitanko-lisavalolle-1kpl-ruostumaton-teras#breadcrumb"},"inLanguage":"fi","potentialAction":[{"@type":"ReadAction","target":["https:\/\/www.duunauspalvelutjarvi.fi\/?product=tukitanko-lisavalolle-1kpl-ruostumaton-teras"]}]},{"@type":"ImageObject","inLanguage":"fi","@id":"https:\/\/www.duunauspalvelutjarvi.fi\/?product=tukitanko-lisavalolle-1kpl-ruostumaton-teras#primaryimage","url":"https:\/\/www.duunauspalvelutjarvi.fi\/wp-content\/uploads\/2021\/02\/Tukitankolisavalolle1kplRuostumatonteras_3050120011_9f14e948dcd5896b68382be90035adb9_1-1.jpg","contentUrl":"https:\/\/www.duunauspalvelutjarvi.fi\/wp-content\/uploads\/2021\/02\/Tukitankolisavalolle1kplRuostumatonteras_3050120011_9f14e948dcd5896b68382be90035adb9_1-1.jpg","width":258,"height":291},{"@type":"BreadcrumbList","@id":"https:\/\/www.duunauspalvelutjarvi.fi\/?product=tukitanko-lisavalolle-1kpl-ruostumaton-teras#breadcrumb","itemListElement":[{"@type":"ListItem","position":1,"name":"Etusivu","item":"https:\/\/www.duunauspalvelutjarvi.fi\/"},{"@type":"ListItem","position":2,"name":"Etusivu","item":"https:\/\/www.duunauspalvelutjarvi.fi\/"},{"@type":"ListItem","position":3,"name":"Tukitanko lis\u00e4valolle 1kpl, Ruostumaton ter\u00e4s"}]},{"@type":"WebSite","@id":"https:\/\/www.duunauspalvelutjarvi.fi\/#website","url":"https:\/\/www.duunauspalvelutjarvi.fi\/","name":"","description":"","potentialAction":[{"@type":"SearchAction","target":{"@type":"EntryPoint","urlTemplate":"https:\/\/www.duunauspalvelutjarvi.fi\/?s={search_term_string}"},"query-input":{"@type":"PropertyValueSpecification","valueRequired":true,"valueName":"search_term_string"}}],"inLanguage":"fi"}]}},"jetpack_sharing_enabled":true,"_links":{"self":[{"href":"https:\/\/www.duunauspalvelutjarvi.fi\/index.php?rest_route=\/wp\/v2\/product\/3049","targetHints":{"allow":["GET"]}}],"collection":[{"href":"https:\/\/www.duunauspalvelutjarvi.fi\/index.php?rest_route=\/wp\/v2\/product"}],"about":[{"href":"https:\/\/www.duunauspalvelutjarvi.fi\/index.php?rest_route=\/wp\/v2\/types\/product"}],"replies":[{"embeddable":true,"href":"https:\/\/www.duunauspalvelutjarvi.fi\/index.php?rest_route=%2Fwp%2Fv2%2Fcomments&post=3049"}],"wp:featuredmedia":[{"embeddable":true,"href":"https:\/\/www.duunauspalvelutjarvi.fi\/index.php?rest_route=\/wp\/v2\/media\/14823"}],"wp:attachment":[{"href":"https:\/\/www.duunauspalvelutjarvi.fi\/index.php?rest_route=%2Fwp%2Fv2%2Fmedia&parent=3049"}],"wp:term":[{"taxonomy":"product_brand","embeddable":true,"href":"https:\/\/www.duunauspalvelutjarvi.fi\/index.php?rest_route=%2Fwp%2Fv2%2Fproduct_brand&post=3049"},{"taxonomy":"product_cat","embeddable":true,"href":"https:\/\/www.duunauspalvelutjarvi.fi\/index.php?rest_route=%2Fwp%2Fv2%2Fproduct_cat&post=3049"},{"taxonomy":"product_tag","embeddable":true,"href":"https:\/\/www.duunauspalvelutjarvi.fi\/index.php?rest_route=%2Fwp%2Fv2%2Fproduct_tag&post=3049"}],"curies":[{"name":"wp","href":"https:\/\/api.w.org\/{rel}","templated":true}]}}