{"id":3054,"date":"2021-02-12T23:42:37","date_gmt":"2021-02-12T21:42:37","guid":{"rendered":"https:\/\/www.duunauspalvelutjarvi.fi\/?post_type=product&#038;p=3054"},"modified":"2024-03-24T22:05:37","modified_gmt":"2024-03-24T20:05:37","slug":"lisavaloteline-rst-3mm-pro","status":"publish","type":"product","link":"https:\/\/www.duunauspalvelutjarvi.fi\/?product=lisavaloteline-rst-3mm-pro","title":{"rendered":"Lis\u00e4valoteline RST 3mm Pro"},"content":{"rendered":"<p>Lis\u00e4valoteline RST 3mm Pro helpottaa lis\u00e4valojen asennusta autoon. Lis\u00e4valoteline asennetaan rekisterikilven taakse. Valmistettu 3 mm ruostumattomasta ter\u00e4ksest\u00e4.<\/p>\n<p>Valojen kiinnitysreikien v\u00e4li (rei\u00e4n keskikohdasta mitattuna): 390 mm EU-malli<\/p>\n","protected":false},"excerpt":{"rendered":"<p>Lis\u00e4valoteline RST 3mm Pro helpottaa lis\u00e4valojen asennusta autoon. Lis\u00e4valoteline asennetaan rekisterikilven taakse. Valmistettu 3 mm ruostumattomasta ter\u00e4ksest\u00e4. Valojen kiinnitysreikien v\u00e4li (rei\u00e4n keskikohdasta mitattuna): 390 mm EU-malli<\/p>\n","protected":false},"featured_media":14822,"comment_status":"open","ping_status":"closed","template":"","meta":[],"product_brand":[],"product_cat":[251],"product_tag":[],"class_list":{"0":"post-3054","1":"product","2":"type-product","3":"status-publish","4":"has-post-thumbnail","6":"product_cat-lisavalotelineet-ja-kiinnikkeet","8":"first","9":"instock","10":"taxable","11":"shipping-taxable","12":"purchasable","13":"product-type-simple"},"yoast_head":"<!-- This site is optimized with the Yoast SEO plugin v27.4 - https:\/\/yoast.com\/product\/yoast-seo-wordpress\/ -->\n<title>Lis\u00e4valoteline RST 3mm Pro -<\/title>\n<meta name=\"robots\" content=\"index, follow, max-snippet:-1, max-image-preview:large, max-video-preview:-1\" \/>\n<link rel=\"canonical\" href=\"https:\/\/www.duunauspalvelutjarvi.fi\/?product=lisavaloteline-rst-3mm-pro\" \/>\n<meta property=\"og:locale\" content=\"fi_FI\" \/>\n<meta property=\"og:type\" content=\"article\" \/>\n<meta property=\"og:title\" content=\"Lis\u00e4valoteline RST 3mm Pro -\" \/>\n<meta property=\"og:description\" content=\"Lis\u00e4valoteline RST 3mm Pro helpottaa lis\u00e4valojen asennusta autoon. Lis\u00e4valoteline asennetaan rekisterikilven taakse. Valmistettu 3 mm ruostumattomasta ter\u00e4ksest\u00e4. Valojen kiinnitysreikien v\u00e4li (rei\u00e4n keskikohdasta mitattuna): 390 mm EU-malli\" \/>\n<meta property=\"og:url\" content=\"https:\/\/www.duunauspalvelutjarvi.fi\/?product=lisavaloteline-rst-3mm-pro\" \/>\n<meta property=\"article:modified_time\" content=\"2024-03-24T20:05:37+00:00\" \/>\n<meta property=\"og:image\" content=\"https:\/\/www.duunauspalvelutjarvi.fi\/wp-content\/uploads\/2021\/02\/LisavalotelineRST3mmPro_3050120043_56471491a5c910fc3ead2906bca13a5f_1-1.jpg\" \/>\n\t<meta property=\"og:image:width\" content=\"400\" \/>\n\t<meta property=\"og:image:height\" content=\"300\" \/>\n\t<meta property=\"og:image:type\" content=\"image\/jpeg\" \/>\n<meta name=\"twitter:card\" content=\"summary_large_image\" \/>\n<meta name=\"twitter:label1\" content=\"Arvioitu lukuaika\" \/>\n\t<meta name=\"twitter:data1\" content=\"1 minuutti\" \/>\n<script type=\"application\/ld+json\" class=\"yoast-schema-graph\">{\"@context\":\"https:\\\/\\\/schema.org\",\"@graph\":[{\"@type\":\"WebPage\",\"@id\":\"https:\\\/\\\/www.duunauspalvelutjarvi.fi\\\/?product=lisavaloteline-rst-3mm-pro\",\"url\":\"https:\\\/\\\/www.duunauspalvelutjarvi.fi\\\/?product=lisavaloteline-rst-3mm-pro\",\"name\":\"Lis\u00e4valoteline RST 3mm Pro -\",\"isPartOf\":{\"@id\":\"https:\\\/\\\/www.duunauspalvelutjarvi.fi\\\/#website\"},\"primaryImageOfPage\":{\"@id\":\"https:\\\/\\\/www.duunauspalvelutjarvi.fi\\\/?product=lisavaloteline-rst-3mm-pro#primaryimage\"},\"image\":{\"@id\":\"https:\\\/\\\/www.duunauspalvelutjarvi.fi\\\/?product=lisavaloteline-rst-3mm-pro#primaryimage\"},\"thumbnailUrl\":\"https:\\\/\\\/www.duunauspalvelutjarvi.fi\\\/wp-content\\\/uploads\\\/2021\\\/02\\\/LisavalotelineRST3mmPro_3050120043_56471491a5c910fc3ead2906bca13a5f_1-1.jpg\",\"datePublished\":\"2021-02-12T21:42:37+00:00\",\"dateModified\":\"2024-03-24T20:05:37+00:00\",\"breadcrumb\":{\"@id\":\"https:\\\/\\\/www.duunauspalvelutjarvi.fi\\\/?product=lisavaloteline-rst-3mm-pro#breadcrumb\"},\"inLanguage\":\"fi\",\"potentialAction\":[{\"@type\":\"ReadAction\",\"target\":[\"https:\\\/\\\/www.duunauspalvelutjarvi.fi\\\/?product=lisavaloteline-rst-3mm-pro\"]}]},{\"@type\":\"ImageObject\",\"inLanguage\":\"fi\",\"@id\":\"https:\\\/\\\/www.duunauspalvelutjarvi.fi\\\/?product=lisavaloteline-rst-3mm-pro#primaryimage\",\"url\":\"https:\\\/\\\/www.duunauspalvelutjarvi.fi\\\/wp-content\\\/uploads\\\/2021\\\/02\\\/LisavalotelineRST3mmPro_3050120043_56471491a5c910fc3ead2906bca13a5f_1-1.jpg\",\"contentUrl\":\"https:\\\/\\\/www.duunauspalvelutjarvi.fi\\\/wp-content\\\/uploads\\\/2021\\\/02\\\/LisavalotelineRST3mmPro_3050120043_56471491a5c910fc3ead2906bca13a5f_1-1.jpg\",\"width\":400,\"height\":300},{\"@type\":\"BreadcrumbList\",\"@id\":\"https:\\\/\\\/www.duunauspalvelutjarvi.fi\\\/?product=lisavaloteline-rst-3mm-pro#breadcrumb\",\"itemListElement\":[{\"@type\":\"ListItem\",\"position\":1,\"name\":\"Etusivu\",\"item\":\"https:\\\/\\\/www.duunauspalvelutjarvi.fi\\\/\"},{\"@type\":\"ListItem\",\"position\":2,\"name\":\"Etusivu\",\"item\":\"https:\\\/\\\/www.duunauspalvelutjarvi.fi\\\/\"},{\"@type\":\"ListItem\",\"position\":3,\"name\":\"Lis\u00e4valoteline RST 3mm Pro\"}]},{\"@type\":\"WebSite\",\"@id\":\"https:\\\/\\\/www.duunauspalvelutjarvi.fi\\\/#website\",\"url\":\"https:\\\/\\\/www.duunauspalvelutjarvi.fi\\\/\",\"name\":\"\",\"description\":\"\",\"potentialAction\":[{\"@type\":\"SearchAction\",\"target\":{\"@type\":\"EntryPoint\",\"urlTemplate\":\"https:\\\/\\\/www.duunauspalvelutjarvi.fi\\\/?s={search_term_string}\"},\"query-input\":{\"@type\":\"PropertyValueSpecification\",\"valueRequired\":true,\"valueName\":\"search_term_string\"}}],\"inLanguage\":\"fi\"}]}<\/script>\n<!-- \/ Yoast SEO plugin. -->","yoast_head_json":{"title":"Lis\u00e4valoteline RST 3mm Pro -","robots":{"index":"index","follow":"follow","max-snippet":"max-snippet:-1","max-image-preview":"max-image-preview:large","max-video-preview":"max-video-preview:-1"},"canonical":"https:\/\/www.duunauspalvelutjarvi.fi\/?product=lisavaloteline-rst-3mm-pro","og_locale":"fi_FI","og_type":"article","og_title":"Lis\u00e4valoteline RST 3mm Pro -","og_description":"Lis\u00e4valoteline RST 3mm Pro helpottaa lis\u00e4valojen asennusta autoon. Lis\u00e4valoteline asennetaan rekisterikilven taakse. Valmistettu 3 mm ruostumattomasta ter\u00e4ksest\u00e4. Valojen kiinnitysreikien v\u00e4li (rei\u00e4n keskikohdasta mitattuna): 390 mm EU-malli","og_url":"https:\/\/www.duunauspalvelutjarvi.fi\/?product=lisavaloteline-rst-3mm-pro","article_modified_time":"2024-03-24T20:05:37+00:00","og_image":[{"width":400,"height":300,"url":"https:\/\/www.duunauspalvelutjarvi.fi\/wp-content\/uploads\/2021\/02\/LisavalotelineRST3mmPro_3050120043_56471491a5c910fc3ead2906bca13a5f_1-1.jpg","type":"image\/jpeg"}],"twitter_card":"summary_large_image","twitter_misc":{"Arvioitu lukuaika":"1 minuutti"},"schema":{"@context":"https:\/\/schema.org","@graph":[{"@type":"WebPage","@id":"https:\/\/www.duunauspalvelutjarvi.fi\/?product=lisavaloteline-rst-3mm-pro","url":"https:\/\/www.duunauspalvelutjarvi.fi\/?product=lisavaloteline-rst-3mm-pro","name":"Lis\u00e4valoteline RST 3mm Pro -","isPartOf":{"@id":"https:\/\/www.duunauspalvelutjarvi.fi\/#website"},"primaryImageOfPage":{"@id":"https:\/\/www.duunauspalvelutjarvi.fi\/?product=lisavaloteline-rst-3mm-pro#primaryimage"},"image":{"@id":"https:\/\/www.duunauspalvelutjarvi.fi\/?product=lisavaloteline-rst-3mm-pro#primaryimage"},"thumbnailUrl":"https:\/\/www.duunauspalvelutjarvi.fi\/wp-content\/uploads\/2021\/02\/LisavalotelineRST3mmPro_3050120043_56471491a5c910fc3ead2906bca13a5f_1-1.jpg","datePublished":"2021-02-12T21:42:37+00:00","dateModified":"2024-03-24T20:05:37+00:00","breadcrumb":{"@id":"https:\/\/www.duunauspalvelutjarvi.fi\/?product=lisavaloteline-rst-3mm-pro#breadcrumb"},"inLanguage":"fi","potentialAction":[{"@type":"ReadAction","target":["https:\/\/www.duunauspalvelutjarvi.fi\/?product=lisavaloteline-rst-3mm-pro"]}]},{"@type":"ImageObject","inLanguage":"fi","@id":"https:\/\/www.duunauspalvelutjarvi.fi\/?product=lisavaloteline-rst-3mm-pro#primaryimage","url":"https:\/\/www.duunauspalvelutjarvi.fi\/wp-content\/uploads\/2021\/02\/LisavalotelineRST3mmPro_3050120043_56471491a5c910fc3ead2906bca13a5f_1-1.jpg","contentUrl":"https:\/\/www.duunauspalvelutjarvi.fi\/wp-content\/uploads\/2021\/02\/LisavalotelineRST3mmPro_3050120043_56471491a5c910fc3ead2906bca13a5f_1-1.jpg","width":400,"height":300},{"@type":"BreadcrumbList","@id":"https:\/\/www.duunauspalvelutjarvi.fi\/?product=lisavaloteline-rst-3mm-pro#breadcrumb","itemListElement":[{"@type":"ListItem","position":1,"name":"Etusivu","item":"https:\/\/www.duunauspalvelutjarvi.fi\/"},{"@type":"ListItem","position":2,"name":"Etusivu","item":"https:\/\/www.duunauspalvelutjarvi.fi\/"},{"@type":"ListItem","position":3,"name":"Lis\u00e4valoteline RST 3mm Pro"}]},{"@type":"WebSite","@id":"https:\/\/www.duunauspalvelutjarvi.fi\/#website","url":"https:\/\/www.duunauspalvelutjarvi.fi\/","name":"","description":"","potentialAction":[{"@type":"SearchAction","target":{"@type":"EntryPoint","urlTemplate":"https:\/\/www.duunauspalvelutjarvi.fi\/?s={search_term_string}"},"query-input":{"@type":"PropertyValueSpecification","valueRequired":true,"valueName":"search_term_string"}}],"inLanguage":"fi"}]}},"jetpack_sharing_enabled":true,"_links":{"self":[{"href":"https:\/\/www.duunauspalvelutjarvi.fi\/index.php?rest_route=\/wp\/v2\/product\/3054","targetHints":{"allow":["GET"]}}],"collection":[{"href":"https:\/\/www.duunauspalvelutjarvi.fi\/index.php?rest_route=\/wp\/v2\/product"}],"about":[{"href":"https:\/\/www.duunauspalvelutjarvi.fi\/index.php?rest_route=\/wp\/v2\/types\/product"}],"replies":[{"embeddable":true,"href":"https:\/\/www.duunauspalvelutjarvi.fi\/index.php?rest_route=%2Fwp%2Fv2%2Fcomments&post=3054"}],"wp:featuredmedia":[{"embeddable":true,"href":"https:\/\/www.duunauspalvelutjarvi.fi\/index.php?rest_route=\/wp\/v2\/media\/14822"}],"wp:attachment":[{"href":"https:\/\/www.duunauspalvelutjarvi.fi\/index.php?rest_route=%2Fwp%2Fv2%2Fmedia&parent=3054"}],"wp:term":[{"taxonomy":"product_brand","embeddable":true,"href":"https:\/\/www.duunauspalvelutjarvi.fi\/index.php?rest_route=%2Fwp%2Fv2%2Fproduct_brand&post=3054"},{"taxonomy":"product_cat","embeddable":true,"href":"https:\/\/www.duunauspalvelutjarvi.fi\/index.php?rest_route=%2Fwp%2Fv2%2Fproduct_cat&post=3054"},{"taxonomy":"product_tag","embeddable":true,"href":"https:\/\/www.duunauspalvelutjarvi.fi\/index.php?rest_route=%2Fwp%2Fv2%2Fproduct_tag&post=3054"}],"curies":[{"name":"wp","href":"https:\/\/api.w.org\/{rel}","templated":true}]}}