{"id":3073,"date":"2021-02-13T00:34:07","date_gmt":"2021-02-12T22:34:07","guid":{"rendered":"https:\/\/www.duunauspalvelutjarvi.fi\/?post_type=product&#038;p=3073"},"modified":"2022-05-20T17:25:30","modified_gmt":"2022-05-20T14:25:30","slug":"led-lisavalo-x-vision-genesis-300-ref-40-60w","status":"publish","type":"product","link":"https:\/\/www.duunauspalvelutjarvi.fi\/?product=led-lisavalo-x-vision-genesis-300-ref-40-60w","title":{"rendered":"LED-lis\u00e4valo X-Vision Genesis 300 ref.40, 60W"},"content":{"rendered":"<p><strong>X-Vision Genesis-sarja<\/strong>\u00a0tarjoaa markkinoiden kehittyneimm\u00e4n heijastintekniikan, jonka antama valokuvio on vertaansa vailla tarkkuudessaan ja kantamassaan. Genesis-sarjan valaisimien v\u00e4ril\u00e4mp\u00f6tila on optimoitu silmiin kohdistuvan rasituksen v\u00e4hent\u00e4miseksi. T\u00e4m\u00e4 antaa ajamiseen aivan uuttaa nautintoa valojen ulkoasusta tinkim\u00e4tt\u00e4. Hieman kaarevat valorungot tuovat tyylikkyytt\u00e4 ja moderni tumma heijastinoptiikka takaa, ett\u00e4 valot sopivat mink\u00e4 tahansa ajoneuvon ulkoasuun.<\/p>\n<p>&nbsp;<\/p>\n<p><strong>Tekniset tiedot:<\/strong><br \/>\n\u2022 X-vision Genesis 300<br \/>\n\u2022 Referenssiluku 40<br \/>\n\u2022 K\u00e4ytt\u00f6j\u00e4nnite: 9-30V<br \/>\n\u2022 Teho 60W (4 x 15W)<br \/>\n\u2022 Alumiinikuori<br \/>\n\u2022 Iskunkest\u00e4v\u00e4 polykarbonaattilinssi<br \/>\n\u2022 Sis\u00e4lt\u00e4\u00e4 kahdet kiinnikkeet: p\u00e4\u00e4tykiinnikkeet ja leveyss\u00e4\u00e4dett\u00e4v\u00e4t pohjakiinnikkeet<br \/>\n\u2022 2-pin DTP liitin<br \/>\n\u2022 Sis\u00e4lt\u00e4\u00e4 yl\u00e4tuen<br \/>\n\u2022 Leveys: 314 mm<br \/>\n\u2022 Korkeus: 85 mm<br \/>\n\u2022 Syvyys: 80 mm<br \/>\n\u2022 Paino: 1,6kg<br \/>\n\u2022 Takuu 60 kk<br \/>\n\u2022 IP68<br \/>\n\u2022 Hyv\u00e4ksytty tieliikennek\u00e4ytt\u00f6\u00f6n (E-hyv\u00e4ksynt\u00e4)<\/p>\n","protected":false},"excerpt":{"rendered":"<p>X-Vision Genesis-sarja\u00a0tarjoaa markkinoiden kehittyneimm\u00e4n heijastintekniikan, jonka antama valokuvio on vertaansa vailla tarkkuudessaan ja kantamassaan. Genesis-sarjan valaisimien v\u00e4ril\u00e4mp\u00f6tila on optimoitu silmiin kohdistuvan rasituksen v\u00e4hent\u00e4miseksi. T\u00e4m\u00e4 antaa ajamiseen aivan uuttaa nautintoa valojen ulkoasusta tinkim\u00e4tt\u00e4. Hieman kaarevat valorungot tuovat tyylikkyytt\u00e4 ja moderni tumma heijastinoptiikka takaa, ett\u00e4 valot sopivat mink\u00e4 tahansa ajoneuvon ulkoasuun. &nbsp; Tekniset tiedot: \u2022 X-vision Genesis [&hellip;]<\/p>\n","protected":false},"featured_media":0,"comment_status":"open","ping_status":"closed","template":"","meta":[],"product_brand":[],"product_cat":[44],"product_tag":[],"class_list":{"0":"post-3073","1":"product","2":"type-product","3":"status-publish","5":"product_cat-led-lisavalopaneelit","7":"first","8":"instock","9":"taxable","10":"shipping-taxable","11":"purchasable","12":"product-type-variable"},"yoast_head":"<!-- This site is optimized with the Yoast SEO plugin v27.5 - https:\/\/yoast.com\/product\/yoast-seo-wordpress\/ -->\n<title>LED-lis\u00e4valo X-Vision Genesis 300 ref.40, 60W -<\/title>\n<meta name=\"robots\" content=\"index, follow, max-snippet:-1, max-image-preview:large, max-video-preview:-1\" \/>\n<link rel=\"canonical\" href=\"https:\/\/www.duunauspalvelutjarvi.fi\/?product=led-lisavalo-x-vision-genesis-300-ref-40-60w\" \/>\n<meta property=\"og:locale\" content=\"fi_FI\" \/>\n<meta property=\"og:type\" content=\"article\" \/>\n<meta property=\"og:title\" content=\"LED-lis\u00e4valo X-Vision Genesis 300 ref.40, 60W -\" \/>\n<meta property=\"og:description\" content=\"X-Vision Genesis-sarja\u00a0tarjoaa markkinoiden kehittyneimm\u00e4n heijastintekniikan, jonka antama valokuvio on vertaansa vailla tarkkuudessaan ja kantamassaan. Genesis-sarjan valaisimien v\u00e4ril\u00e4mp\u00f6tila on optimoitu silmiin kohdistuvan rasituksen v\u00e4hent\u00e4miseksi. T\u00e4m\u00e4 antaa ajamiseen aivan uuttaa nautintoa valojen ulkoasusta tinkim\u00e4tt\u00e4. Hieman kaarevat valorungot tuovat tyylikkyytt\u00e4 ja moderni tumma heijastinoptiikka takaa, ett\u00e4 valot sopivat mink\u00e4 tahansa ajoneuvon ulkoasuun. &nbsp; Tekniset tiedot: \u2022 X-vision Genesis [&hellip;]\" \/>\n<meta property=\"og:url\" content=\"https:\/\/www.duunauspalvelutjarvi.fi\/?product=led-lisavalo-x-vision-genesis-300-ref-40-60w\" \/>\n<meta property=\"article:modified_time\" content=\"2022-05-20T14:25:30+00:00\" \/>\n<meta name=\"twitter:card\" content=\"summary_large_image\" \/>\n<meta name=\"twitter:label1\" content=\"Arvioitu lukuaika\" \/>\n\t<meta name=\"twitter:data1\" content=\"1 minuutti\" \/>\n<script type=\"application\/ld+json\" class=\"yoast-schema-graph\">{\"@context\":\"https:\\\/\\\/schema.org\",\"@graph\":[{\"@type\":\"WebPage\",\"@id\":\"https:\\\/\\\/www.duunauspalvelutjarvi.fi\\\/?product=led-lisavalo-x-vision-genesis-300-ref-40-60w\",\"url\":\"https:\\\/\\\/www.duunauspalvelutjarvi.fi\\\/?product=led-lisavalo-x-vision-genesis-300-ref-40-60w\",\"name\":\"LED-lis\u00e4valo X-Vision Genesis 300 ref.40, 60W -\",\"isPartOf\":{\"@id\":\"https:\\\/\\\/www.duunauspalvelutjarvi.fi\\\/#website\"},\"datePublished\":\"2021-02-12T22:34:07+00:00\",\"dateModified\":\"2022-05-20T14:25:30+00:00\",\"breadcrumb\":{\"@id\":\"https:\\\/\\\/www.duunauspalvelutjarvi.fi\\\/?product=led-lisavalo-x-vision-genesis-300-ref-40-60w#breadcrumb\"},\"inLanguage\":\"fi\",\"potentialAction\":[{\"@type\":\"ReadAction\",\"target\":[\"https:\\\/\\\/www.duunauspalvelutjarvi.fi\\\/?product=led-lisavalo-x-vision-genesis-300-ref-40-60w\"]}]},{\"@type\":\"BreadcrumbList\",\"@id\":\"https:\\\/\\\/www.duunauspalvelutjarvi.fi\\\/?product=led-lisavalo-x-vision-genesis-300-ref-40-60w#breadcrumb\",\"itemListElement\":[{\"@type\":\"ListItem\",\"position\":1,\"name\":\"Etusivu\",\"item\":\"https:\\\/\\\/www.duunauspalvelutjarvi.fi\\\/\"},{\"@type\":\"ListItem\",\"position\":2,\"name\":\"Etusivu\",\"item\":\"https:\\\/\\\/www.duunauspalvelutjarvi.fi\\\/\"},{\"@type\":\"ListItem\",\"position\":3,\"name\":\"LED-lis\u00e4valo X-Vision Genesis 300 ref.40, 60W\"}]},{\"@type\":\"WebSite\",\"@id\":\"https:\\\/\\\/www.duunauspalvelutjarvi.fi\\\/#website\",\"url\":\"https:\\\/\\\/www.duunauspalvelutjarvi.fi\\\/\",\"name\":\"\",\"description\":\"\",\"potentialAction\":[{\"@type\":\"SearchAction\",\"target\":{\"@type\":\"EntryPoint\",\"urlTemplate\":\"https:\\\/\\\/www.duunauspalvelutjarvi.fi\\\/?s={search_term_string}\"},\"query-input\":{\"@type\":\"PropertyValueSpecification\",\"valueRequired\":true,\"valueName\":\"search_term_string\"}}],\"inLanguage\":\"fi\"}]}<\/script>\n<!-- \/ Yoast SEO plugin. -->","yoast_head_json":{"title":"LED-lis\u00e4valo X-Vision Genesis 300 ref.40, 60W -","robots":{"index":"index","follow":"follow","max-snippet":"max-snippet:-1","max-image-preview":"max-image-preview:large","max-video-preview":"max-video-preview:-1"},"canonical":"https:\/\/www.duunauspalvelutjarvi.fi\/?product=led-lisavalo-x-vision-genesis-300-ref-40-60w","og_locale":"fi_FI","og_type":"article","og_title":"LED-lis\u00e4valo X-Vision Genesis 300 ref.40, 60W -","og_description":"X-Vision Genesis-sarja\u00a0tarjoaa markkinoiden kehittyneimm\u00e4n heijastintekniikan, jonka antama valokuvio on vertaansa vailla tarkkuudessaan ja kantamassaan. Genesis-sarjan valaisimien v\u00e4ril\u00e4mp\u00f6tila on optimoitu silmiin kohdistuvan rasituksen v\u00e4hent\u00e4miseksi. T\u00e4m\u00e4 antaa ajamiseen aivan uuttaa nautintoa valojen ulkoasusta tinkim\u00e4tt\u00e4. Hieman kaarevat valorungot tuovat tyylikkyytt\u00e4 ja moderni tumma heijastinoptiikka takaa, ett\u00e4 valot sopivat mink\u00e4 tahansa ajoneuvon ulkoasuun. &nbsp; Tekniset tiedot: \u2022 X-vision Genesis [&hellip;]","og_url":"https:\/\/www.duunauspalvelutjarvi.fi\/?product=led-lisavalo-x-vision-genesis-300-ref-40-60w","article_modified_time":"2022-05-20T14:25:30+00:00","twitter_card":"summary_large_image","twitter_misc":{"Arvioitu lukuaika":"1 minuutti"},"schema":{"@context":"https:\/\/schema.org","@graph":[{"@type":"WebPage","@id":"https:\/\/www.duunauspalvelutjarvi.fi\/?product=led-lisavalo-x-vision-genesis-300-ref-40-60w","url":"https:\/\/www.duunauspalvelutjarvi.fi\/?product=led-lisavalo-x-vision-genesis-300-ref-40-60w","name":"LED-lis\u00e4valo X-Vision Genesis 300 ref.40, 60W -","isPartOf":{"@id":"https:\/\/www.duunauspalvelutjarvi.fi\/#website"},"datePublished":"2021-02-12T22:34:07+00:00","dateModified":"2022-05-20T14:25:30+00:00","breadcrumb":{"@id":"https:\/\/www.duunauspalvelutjarvi.fi\/?product=led-lisavalo-x-vision-genesis-300-ref-40-60w#breadcrumb"},"inLanguage":"fi","potentialAction":[{"@type":"ReadAction","target":["https:\/\/www.duunauspalvelutjarvi.fi\/?product=led-lisavalo-x-vision-genesis-300-ref-40-60w"]}]},{"@type":"BreadcrumbList","@id":"https:\/\/www.duunauspalvelutjarvi.fi\/?product=led-lisavalo-x-vision-genesis-300-ref-40-60w#breadcrumb","itemListElement":[{"@type":"ListItem","position":1,"name":"Etusivu","item":"https:\/\/www.duunauspalvelutjarvi.fi\/"},{"@type":"ListItem","position":2,"name":"Etusivu","item":"https:\/\/www.duunauspalvelutjarvi.fi\/"},{"@type":"ListItem","position":3,"name":"LED-lis\u00e4valo X-Vision Genesis 300 ref.40, 60W"}]},{"@type":"WebSite","@id":"https:\/\/www.duunauspalvelutjarvi.fi\/#website","url":"https:\/\/www.duunauspalvelutjarvi.fi\/","name":"","description":"","potentialAction":[{"@type":"SearchAction","target":{"@type":"EntryPoint","urlTemplate":"https:\/\/www.duunauspalvelutjarvi.fi\/?s={search_term_string}"},"query-input":{"@type":"PropertyValueSpecification","valueRequired":true,"valueName":"search_term_string"}}],"inLanguage":"fi"}]}},"jetpack_sharing_enabled":true,"_links":{"self":[{"href":"https:\/\/www.duunauspalvelutjarvi.fi\/index.php?rest_route=\/wp\/v2\/product\/3073","targetHints":{"allow":["GET"]}}],"collection":[{"href":"https:\/\/www.duunauspalvelutjarvi.fi\/index.php?rest_route=\/wp\/v2\/product"}],"about":[{"href":"https:\/\/www.duunauspalvelutjarvi.fi\/index.php?rest_route=\/wp\/v2\/types\/product"}],"replies":[{"embeddable":true,"href":"https:\/\/www.duunauspalvelutjarvi.fi\/index.php?rest_route=%2Fwp%2Fv2%2Fcomments&post=3073"}],"wp:attachment":[{"href":"https:\/\/www.duunauspalvelutjarvi.fi\/index.php?rest_route=%2Fwp%2Fv2%2Fmedia&parent=3073"}],"wp:term":[{"taxonomy":"product_brand","embeddable":true,"href":"https:\/\/www.duunauspalvelutjarvi.fi\/index.php?rest_route=%2Fwp%2Fv2%2Fproduct_brand&post=3073"},{"taxonomy":"product_cat","embeddable":true,"href":"https:\/\/www.duunauspalvelutjarvi.fi\/index.php?rest_route=%2Fwp%2Fv2%2Fproduct_cat&post=3073"},{"taxonomy":"product_tag","embeddable":true,"href":"https:\/\/www.duunauspalvelutjarvi.fi\/index.php?rest_route=%2Fwp%2Fv2%2Fproduct_tag&post=3073"}],"curies":[{"name":"wp","href":"https:\/\/api.w.org\/{rel}","templated":true}]}}