{"id":3132,"date":"2021-02-13T22:45:17","date_gmt":"2021-02-13T20:45:17","guid":{"rendered":"https:\/\/www.duunauspalvelutjarvi.fi\/?post_type=product&#038;p=3132"},"modified":"2021-02-23T19:56:06","modified_gmt":"2021-02-23T17:56:06","slug":"automaattilaturi-ctek-mxs-3-8-38a-12v","status":"publish","type":"product","link":"https:\/\/www.duunauspalvelutjarvi.fi\/?product=automaattilaturi-ctek-mxs-3-8-38a-12v","title":{"rendered":"Automaattilaturi CTEK MXS 3.8, 3,8A, 12V"},"content":{"rendered":"<p><b>Automaattilaturi CTEK MXS 3.8<\/b>\u00a0on edistyksellinen, mikroprosessoriohjattu akkulaturi, jossa on patentoitu float\/pulse -yll\u00e4pitolataus ja joka soveltuu kapasiteetiltaan 1,2 Ah \u2013 85 Ah akkujen lataamiseen. MXS 3.8 kykenee ratkaisemaan useita akkuun liittyvi\u00e4 ongelmia ja se on erinomainen laturi jokap\u00e4iv\u00e4iseen k\u00e4ytt\u00f6\u00f6n. MXS 3.8:n toimintoihin kuuluu akun kunnon diagnosointi, jolla selvitet\u00e4\u00e4n, pystyyk\u00f6 akku vastaanottamaan ja s\u00e4ilytt\u00e4m\u00e4\u00e4n varauksen. Siin\u00e4 on my\u00f6s patentoitu, automaattinen sulfaatinpoistotoiminto, sek\u00e4 erityinen \u201dSnowflake\u201d (lumihiutale) -tila lataamiseen kylmiss\u00e4 olosuhteissa. Patentoidun float\/pulse -yll\u00e4pitolatauksen ansiosta MXS 3.8 on paras ratkaisu pitk\u00e4aikaiseen yll\u00e4pitolataukseen. Akun testaus-, lataus- ja yll\u00e4pitoprosessia on helppo seurata informatiivisesta LED-n\u00e4yt\u00f6st\u00e4.<\/p>\n<p><b>MXS 3.8<\/b>\u00a0on t\u00e4ysin automaattinen \u201dkytke ja lataa\u201d -periaatteella toimiva seitsem\u00e4nvaiheinen 12 V:n laturi, jossa on erikseen valittavissa olevat 0,8 A:n ja 5 A:n ohjelmat. \u201dLumihiutale\u201d-tila toimii 3,8 A:n ohjelmassa. Laturissa on laaja latausalue kaikille 1,2\u201385 Ah:n lyijyhappoakuille ja yll\u00e4pitokapasiteetti jopa 130 ampeerituntiin asti. Tuote on roiske- ja p\u00f6lysuojattu (IP65). Turvallinen ja helppok\u00e4ytt\u00f6inen MXS 3.8 suojaa ajoneuvoelektroniikkaa, ja siin\u00e4 on kipin\u00e4-, v\u00e4\u00e4r\u00e4napaisuus-, sek\u00e4 oikosulkusuojaus. MXS 3.8 -laturissa on viiden vuoden takuu.<\/p>\n<p><b>Ominaisuudet:<\/b><br \/>\n\u2022 12V<br \/>\n\u2022 3,8A<br \/>\n\u2022 7-vaiheinen<br \/>\n\u2022 Yll\u00e4pitolatauksella<br \/>\n\u2022 1,2-80Ah lyijyakut<br \/>\n\u2022 Avoimet, huoltovapaat, AGM- ja hyytel\u00f6akut<br \/>\n\u2022 IP65<br \/>\n\u2022 CTEK<br \/>\n\u2022 60kk takuu<\/p>\n<p><b>Tekniset tiedot:<\/b><br \/>\n\u2022 Latausj\u00e4nnite: Normaali: 14,4V, *COLD\/AGM: 14,7V<br \/>\n\u2022 Akun minimij\u00e4nnite: 2,0V<br \/>\n\u2022 Latausvirta: 3,8A (Max)<br \/>\n\u2022 Ottovirta: 0,5A rms (t\u00e4ydell\u00e4 latausvirralla)<br \/>\n\u2022 Vuotovirta: &lt; 1Ah\/kk<br \/>\n\u2022 Aaltoisuus: &lt; 4%<br \/>\n\u2022 Ymp\u00e4rist\u00f6n l\u00e4mp\u00f6tila: -20\u00b0C \u2013 +50\u00b0C, l\u00e4ht\u00f6tehoa alennetaan automaattisesti<br \/>\nkorkeissa l\u00e4mp\u00f6iloissa<br \/>\n\u2022 Sis\u00e4lt\u00e4\u00e4 hauenleuat ja py\u00f6r\u00f6liittin kiinnikkeet<br \/>\n\u2022 Laturin tyyppi: 7-vaiheinen, t\u00e4ysautomaattinen lataussykli<br \/>\n\u2022 Akkujen tyypit: Kaikentyyppiset 12 voltin lyijyakut (Avoimet, huoltovapaat, AGM. ja hyytel\u00f6akut)<br \/>\n\u2022 Akun kapasitetti: 1,2-80Ah, jopa 130Ah yll\u00e4pitolatauksessa<br \/>\n\u2022 Mitat: 168 x 65 x 38mm (P x L x K)<br \/>\n\u2022 IP44<br \/>\n\u2022 Paino: 0,6 kg<\/p>\n<p>*COLD\/AGM: Lataus kylmiss\u00e4 olosuhteissa ja AGM-akut<\/p>\n","protected":false},"excerpt":{"rendered":"<p>Automaattilaturi CTEK MXS 3.8\u00a0on edistyksellinen, mikroprosessoriohjattu akkulaturi, jossa on patentoitu float\/pulse -yll\u00e4pitolataus ja joka soveltuu kapasiteetiltaan 1,2 Ah \u2013 85 Ah akkujen lataamiseen. MXS 3.8 kykenee ratkaisemaan useita akkuun liittyvi\u00e4 ongelmia ja se on erinomainen laturi jokap\u00e4iv\u00e4iseen k\u00e4ytt\u00f6\u00f6n. MXS 3.8:n toimintoihin kuuluu akun kunnon diagnosointi, jolla selvitet\u00e4\u00e4n, pystyyk\u00f6 akku vastaanottamaan ja s\u00e4ilytt\u00e4m\u00e4\u00e4n varauksen. Siin\u00e4 on [&hellip;]<\/p>\n","protected":false},"featured_media":0,"comment_status":"open","ping_status":"closed","template":"","meta":[],"product_brand":[],"product_cat":[103],"product_tag":[],"class_list":{"0":"post-3132","1":"product","2":"type-product","3":"status-publish","5":"product_cat-pienet-alle-10a-laturit","7":"first","8":"instock","9":"taxable","10":"shipping-taxable","11":"purchasable","12":"product-type-simple"},"yoast_head":"<!-- This site is optimized with the Yoast SEO plugin v27.4 - https:\/\/yoast.com\/product\/yoast-seo-wordpress\/ -->\n<title>Automaattilaturi CTEK MXS 3.8, 3,8A, 12V -<\/title>\n<meta name=\"robots\" content=\"index, follow, max-snippet:-1, max-image-preview:large, max-video-preview:-1\" \/>\n<link rel=\"canonical\" href=\"https:\/\/www.duunauspalvelutjarvi.fi\/?product=automaattilaturi-ctek-mxs-3-8-38a-12v\" \/>\n<meta property=\"og:locale\" content=\"fi_FI\" \/>\n<meta property=\"og:type\" content=\"article\" \/>\n<meta property=\"og:title\" content=\"Automaattilaturi CTEK MXS 3.8, 3,8A, 12V -\" \/>\n<meta property=\"og:description\" content=\"Automaattilaturi CTEK MXS 3.8\u00a0on edistyksellinen, mikroprosessoriohjattu akkulaturi, jossa on patentoitu float\/pulse -yll\u00e4pitolataus ja joka soveltuu kapasiteetiltaan 1,2 Ah \u2013 85 Ah akkujen lataamiseen. MXS 3.8 kykenee ratkaisemaan useita akkuun liittyvi\u00e4 ongelmia ja se on erinomainen laturi jokap\u00e4iv\u00e4iseen k\u00e4ytt\u00f6\u00f6n. MXS 3.8:n toimintoihin kuuluu akun kunnon diagnosointi, jolla selvitet\u00e4\u00e4n, pystyyk\u00f6 akku vastaanottamaan ja s\u00e4ilytt\u00e4m\u00e4\u00e4n varauksen. Siin\u00e4 on [&hellip;]\" \/>\n<meta property=\"og:url\" content=\"https:\/\/www.duunauspalvelutjarvi.fi\/?product=automaattilaturi-ctek-mxs-3-8-38a-12v\" \/>\n<meta property=\"article:modified_time\" content=\"2021-02-23T17:56:06+00:00\" \/>\n<meta name=\"twitter:card\" content=\"summary_large_image\" \/>\n<meta name=\"twitter:label1\" content=\"Arvioitu lukuaika\" \/>\n\t<meta name=\"twitter:data1\" content=\"1 minuutti\" \/>\n<script type=\"application\/ld+json\" class=\"yoast-schema-graph\">{\"@context\":\"https:\\\/\\\/schema.org\",\"@graph\":[{\"@type\":\"WebPage\",\"@id\":\"https:\\\/\\\/www.duunauspalvelutjarvi.fi\\\/?product=automaattilaturi-ctek-mxs-3-8-38a-12v\",\"url\":\"https:\\\/\\\/www.duunauspalvelutjarvi.fi\\\/?product=automaattilaturi-ctek-mxs-3-8-38a-12v\",\"name\":\"Automaattilaturi CTEK MXS 3.8, 3,8A, 12V -\",\"isPartOf\":{\"@id\":\"https:\\\/\\\/www.duunauspalvelutjarvi.fi\\\/#website\"},\"datePublished\":\"2021-02-13T20:45:17+00:00\",\"dateModified\":\"2021-02-23T17:56:06+00:00\",\"breadcrumb\":{\"@id\":\"https:\\\/\\\/www.duunauspalvelutjarvi.fi\\\/?product=automaattilaturi-ctek-mxs-3-8-38a-12v#breadcrumb\"},\"inLanguage\":\"fi\",\"potentialAction\":[{\"@type\":\"ReadAction\",\"target\":[\"https:\\\/\\\/www.duunauspalvelutjarvi.fi\\\/?product=automaattilaturi-ctek-mxs-3-8-38a-12v\"]}]},{\"@type\":\"BreadcrumbList\",\"@id\":\"https:\\\/\\\/www.duunauspalvelutjarvi.fi\\\/?product=automaattilaturi-ctek-mxs-3-8-38a-12v#breadcrumb\",\"itemListElement\":[{\"@type\":\"ListItem\",\"position\":1,\"name\":\"Etusivu\",\"item\":\"https:\\\/\\\/www.duunauspalvelutjarvi.fi\\\/\"},{\"@type\":\"ListItem\",\"position\":2,\"name\":\"Etusivu\",\"item\":\"https:\\\/\\\/www.duunauspalvelutjarvi.fi\\\/\"},{\"@type\":\"ListItem\",\"position\":3,\"name\":\"Automaattilaturi CTEK MXS 3.8, 3,8A, 12V\"}]},{\"@type\":\"WebSite\",\"@id\":\"https:\\\/\\\/www.duunauspalvelutjarvi.fi\\\/#website\",\"url\":\"https:\\\/\\\/www.duunauspalvelutjarvi.fi\\\/\",\"name\":\"\",\"description\":\"\",\"potentialAction\":[{\"@type\":\"SearchAction\",\"target\":{\"@type\":\"EntryPoint\",\"urlTemplate\":\"https:\\\/\\\/www.duunauspalvelutjarvi.fi\\\/?s={search_term_string}\"},\"query-input\":{\"@type\":\"PropertyValueSpecification\",\"valueRequired\":true,\"valueName\":\"search_term_string\"}}],\"inLanguage\":\"fi\"}]}<\/script>\n<!-- \/ Yoast SEO plugin. -->","yoast_head_json":{"title":"Automaattilaturi CTEK MXS 3.8, 3,8A, 12V -","robots":{"index":"index","follow":"follow","max-snippet":"max-snippet:-1","max-image-preview":"max-image-preview:large","max-video-preview":"max-video-preview:-1"},"canonical":"https:\/\/www.duunauspalvelutjarvi.fi\/?product=automaattilaturi-ctek-mxs-3-8-38a-12v","og_locale":"fi_FI","og_type":"article","og_title":"Automaattilaturi CTEK MXS 3.8, 3,8A, 12V -","og_description":"Automaattilaturi CTEK MXS 3.8\u00a0on edistyksellinen, mikroprosessoriohjattu akkulaturi, jossa on patentoitu float\/pulse -yll\u00e4pitolataus ja joka soveltuu kapasiteetiltaan 1,2 Ah \u2013 85 Ah akkujen lataamiseen. MXS 3.8 kykenee ratkaisemaan useita akkuun liittyvi\u00e4 ongelmia ja se on erinomainen laturi jokap\u00e4iv\u00e4iseen k\u00e4ytt\u00f6\u00f6n. MXS 3.8:n toimintoihin kuuluu akun kunnon diagnosointi, jolla selvitet\u00e4\u00e4n, pystyyk\u00f6 akku vastaanottamaan ja s\u00e4ilytt\u00e4m\u00e4\u00e4n varauksen. Siin\u00e4 on [&hellip;]","og_url":"https:\/\/www.duunauspalvelutjarvi.fi\/?product=automaattilaturi-ctek-mxs-3-8-38a-12v","article_modified_time":"2021-02-23T17:56:06+00:00","twitter_card":"summary_large_image","twitter_misc":{"Arvioitu lukuaika":"1 minuutti"},"schema":{"@context":"https:\/\/schema.org","@graph":[{"@type":"WebPage","@id":"https:\/\/www.duunauspalvelutjarvi.fi\/?product=automaattilaturi-ctek-mxs-3-8-38a-12v","url":"https:\/\/www.duunauspalvelutjarvi.fi\/?product=automaattilaturi-ctek-mxs-3-8-38a-12v","name":"Automaattilaturi CTEK MXS 3.8, 3,8A, 12V -","isPartOf":{"@id":"https:\/\/www.duunauspalvelutjarvi.fi\/#website"},"datePublished":"2021-02-13T20:45:17+00:00","dateModified":"2021-02-23T17:56:06+00:00","breadcrumb":{"@id":"https:\/\/www.duunauspalvelutjarvi.fi\/?product=automaattilaturi-ctek-mxs-3-8-38a-12v#breadcrumb"},"inLanguage":"fi","potentialAction":[{"@type":"ReadAction","target":["https:\/\/www.duunauspalvelutjarvi.fi\/?product=automaattilaturi-ctek-mxs-3-8-38a-12v"]}]},{"@type":"BreadcrumbList","@id":"https:\/\/www.duunauspalvelutjarvi.fi\/?product=automaattilaturi-ctek-mxs-3-8-38a-12v#breadcrumb","itemListElement":[{"@type":"ListItem","position":1,"name":"Etusivu","item":"https:\/\/www.duunauspalvelutjarvi.fi\/"},{"@type":"ListItem","position":2,"name":"Etusivu","item":"https:\/\/www.duunauspalvelutjarvi.fi\/"},{"@type":"ListItem","position":3,"name":"Automaattilaturi CTEK MXS 3.8, 3,8A, 12V"}]},{"@type":"WebSite","@id":"https:\/\/www.duunauspalvelutjarvi.fi\/#website","url":"https:\/\/www.duunauspalvelutjarvi.fi\/","name":"","description":"","potentialAction":[{"@type":"SearchAction","target":{"@type":"EntryPoint","urlTemplate":"https:\/\/www.duunauspalvelutjarvi.fi\/?s={search_term_string}"},"query-input":{"@type":"PropertyValueSpecification","valueRequired":true,"valueName":"search_term_string"}}],"inLanguage":"fi"}]}},"jetpack_sharing_enabled":true,"_links":{"self":[{"href":"https:\/\/www.duunauspalvelutjarvi.fi\/index.php?rest_route=\/wp\/v2\/product\/3132","targetHints":{"allow":["GET"]}}],"collection":[{"href":"https:\/\/www.duunauspalvelutjarvi.fi\/index.php?rest_route=\/wp\/v2\/product"}],"about":[{"href":"https:\/\/www.duunauspalvelutjarvi.fi\/index.php?rest_route=\/wp\/v2\/types\/product"}],"replies":[{"embeddable":true,"href":"https:\/\/www.duunauspalvelutjarvi.fi\/index.php?rest_route=%2Fwp%2Fv2%2Fcomments&post=3132"}],"wp:attachment":[{"href":"https:\/\/www.duunauspalvelutjarvi.fi\/index.php?rest_route=%2Fwp%2Fv2%2Fmedia&parent=3132"}],"wp:term":[{"taxonomy":"product_brand","embeddable":true,"href":"https:\/\/www.duunauspalvelutjarvi.fi\/index.php?rest_route=%2Fwp%2Fv2%2Fproduct_brand&post=3132"},{"taxonomy":"product_cat","embeddable":true,"href":"https:\/\/www.duunauspalvelutjarvi.fi\/index.php?rest_route=%2Fwp%2Fv2%2Fproduct_cat&post=3132"},{"taxonomy":"product_tag","embeddable":true,"href":"https:\/\/www.duunauspalvelutjarvi.fi\/index.php?rest_route=%2Fwp%2Fv2%2Fproduct_tag&post=3132"}],"curies":[{"name":"wp","href":"https:\/\/api.w.org\/{rel}","templated":true}]}}