{"id":3138,"date":"2021-02-13T22:51:03","date_gmt":"2021-02-13T20:51:03","guid":{"rendered":"https:\/\/www.duunauspalvelutjarvi.fi\/?post_type=product&#038;p=3138"},"modified":"2021-02-23T19:55:25","modified_gmt":"2021-02-23T17:55:25","slug":"automaattilaturi-ctek-ct5-powersport-23a-12v","status":"publish","type":"product","link":"https:\/\/www.duunauspalvelutjarvi.fi\/?product=automaattilaturi-ctek-ct5-powersport-23a-12v","title":{"rendered":"Automaattilaturi CTEK CT5 Powersport, 2,3A, 12V"},"content":{"rendered":"<p><b>Automaattilaturi CTEK CT5 Powersport, 2,3A, 12V<\/b>\u00a0on laadukas akkulaturi, joka sopii kaikkiin moottoripy\u00f6riin, ATV-ajoneuvoihin, vesiskoottereihin ja moottorikelkkoihin. Se huolehtii akun kunnosta ja k\u00e4ytt\u00f6i\u00e4st\u00e4 yll\u00e4pidolla ja huolellisella latauksella. Laturi soveltuu my\u00f6s Canbus-v\u00e4yl\u00e4j\u00e4rjestelmi\u00e4 k\u00e4ytt\u00e4viin ajoneuvoihin erillisell\u00e4 erikseen hankittavalla CTX indicator plug 12V pistokkeella (Esim BMW-moottoripy\u00f6r\u00e4t)<\/p>\n<p><b>Tekniset tiedot<\/b><br \/>\n\u2022 Latausj\u00e4nnite: Normaali: 14,4V, *COLD\/AGM: 14,7V<br \/>\n\u2022 Latausvirta: 2,3 A (Max)<br \/>\n\u2022 Ottovirta: 0,3A rms (t\u00e4ydell\u00e4 latausvirralla)<br \/>\n\u2022 Ymp\u00e4rist\u00f6n l\u00e4mp\u00f6tila: -20\u00b0C \u2013 +50\u00b0C, l\u00e4ht\u00f6tehoa alennetaan automaattisesti\u00a0korkeissa l\u00e4mp\u00f6iloissa<br \/>\n\u2022 Laturin tyyppi: 3-vaiheinen<br \/>\n\u2022 Akkujen tyypit: Kaikentyyppiset 12 voltin lyijyakut (Avoimet, huoltovapaat, AGM. ja hyytel\u00f6akut)<br \/>\n\u2022 Akun kapasitetti: 5-25Ah lyijyakut<\/p>\n","protected":false},"excerpt":{"rendered":"<p>Automaattilaturi CTEK CT5 Powersport, 2,3A, 12V\u00a0on laadukas akkulaturi, joka sopii kaikkiin moottoripy\u00f6riin, ATV-ajoneuvoihin, vesiskoottereihin ja moottorikelkkoihin. Se huolehtii akun kunnosta ja k\u00e4ytt\u00f6i\u00e4st\u00e4 yll\u00e4pidolla ja huolellisella latauksella. Laturi soveltuu my\u00f6s Canbus-v\u00e4yl\u00e4j\u00e4rjestelmi\u00e4 k\u00e4ytt\u00e4viin ajoneuvoihin erillisell\u00e4 erikseen hankittavalla CTX indicator plug 12V pistokkeella (Esim BMW-moottoripy\u00f6r\u00e4t) Tekniset tiedot \u2022 Latausj\u00e4nnite: Normaali: 14,4V, *COLD\/AGM: 14,7V \u2022 Latausvirta: 2,3 A (Max) [&hellip;]<\/p>\n","protected":false},"featured_media":0,"comment_status":"open","ping_status":"closed","template":"","meta":[],"product_brand":[],"product_cat":[103],"product_tag":[],"class_list":{"0":"post-3138","1":"product","2":"type-product","3":"status-publish","5":"product_cat-pienet-alle-10a-laturit","7":"first","8":"instock","9":"taxable","10":"shipping-taxable","11":"purchasable","12":"product-type-simple"},"yoast_head":"<!-- This site is optimized with the Yoast SEO plugin v27.5 - https:\/\/yoast.com\/product\/yoast-seo-wordpress\/ -->\n<title>Automaattilaturi CTEK CT5 Powersport, 2,3A, 12V -<\/title>\n<meta name=\"robots\" content=\"index, follow, max-snippet:-1, max-image-preview:large, max-video-preview:-1\" \/>\n<link rel=\"canonical\" href=\"https:\/\/www.duunauspalvelutjarvi.fi\/?product=automaattilaturi-ctek-ct5-powersport-23a-12v\" \/>\n<meta property=\"og:locale\" content=\"fi_FI\" \/>\n<meta property=\"og:type\" content=\"article\" \/>\n<meta property=\"og:title\" content=\"Automaattilaturi CTEK CT5 Powersport, 2,3A, 12V -\" \/>\n<meta property=\"og:description\" content=\"Automaattilaturi CTEK CT5 Powersport, 2,3A, 12V\u00a0on laadukas akkulaturi, joka sopii kaikkiin moottoripy\u00f6riin, ATV-ajoneuvoihin, vesiskoottereihin ja moottorikelkkoihin. Se huolehtii akun kunnosta ja k\u00e4ytt\u00f6i\u00e4st\u00e4 yll\u00e4pidolla ja huolellisella latauksella. Laturi soveltuu my\u00f6s Canbus-v\u00e4yl\u00e4j\u00e4rjestelmi\u00e4 k\u00e4ytt\u00e4viin ajoneuvoihin erillisell\u00e4 erikseen hankittavalla CTX indicator plug 12V pistokkeella (Esim BMW-moottoripy\u00f6r\u00e4t) Tekniset tiedot \u2022 Latausj\u00e4nnite: Normaali: 14,4V, *COLD\/AGM: 14,7V \u2022 Latausvirta: 2,3 A (Max) [&hellip;]\" \/>\n<meta property=\"og:url\" content=\"https:\/\/www.duunauspalvelutjarvi.fi\/?product=automaattilaturi-ctek-ct5-powersport-23a-12v\" \/>\n<meta property=\"article:modified_time\" content=\"2021-02-23T17:55:25+00:00\" \/>\n<meta name=\"twitter:card\" content=\"summary_large_image\" \/>\n<meta name=\"twitter:label1\" content=\"Arvioitu lukuaika\" \/>\n\t<meta name=\"twitter:data1\" content=\"1 minuutti\" \/>\n<script type=\"application\/ld+json\" class=\"yoast-schema-graph\">{\"@context\":\"https:\\\/\\\/schema.org\",\"@graph\":[{\"@type\":\"WebPage\",\"@id\":\"https:\\\/\\\/www.duunauspalvelutjarvi.fi\\\/?product=automaattilaturi-ctek-ct5-powersport-23a-12v\",\"url\":\"https:\\\/\\\/www.duunauspalvelutjarvi.fi\\\/?product=automaattilaturi-ctek-ct5-powersport-23a-12v\",\"name\":\"Automaattilaturi CTEK CT5 Powersport, 2,3A, 12V -\",\"isPartOf\":{\"@id\":\"https:\\\/\\\/www.duunauspalvelutjarvi.fi\\\/#website\"},\"datePublished\":\"2021-02-13T20:51:03+00:00\",\"dateModified\":\"2021-02-23T17:55:25+00:00\",\"breadcrumb\":{\"@id\":\"https:\\\/\\\/www.duunauspalvelutjarvi.fi\\\/?product=automaattilaturi-ctek-ct5-powersport-23a-12v#breadcrumb\"},\"inLanguage\":\"fi\",\"potentialAction\":[{\"@type\":\"ReadAction\",\"target\":[\"https:\\\/\\\/www.duunauspalvelutjarvi.fi\\\/?product=automaattilaturi-ctek-ct5-powersport-23a-12v\"]}]},{\"@type\":\"BreadcrumbList\",\"@id\":\"https:\\\/\\\/www.duunauspalvelutjarvi.fi\\\/?product=automaattilaturi-ctek-ct5-powersport-23a-12v#breadcrumb\",\"itemListElement\":[{\"@type\":\"ListItem\",\"position\":1,\"name\":\"Etusivu\",\"item\":\"https:\\\/\\\/www.duunauspalvelutjarvi.fi\\\/\"},{\"@type\":\"ListItem\",\"position\":2,\"name\":\"Etusivu\",\"item\":\"https:\\\/\\\/www.duunauspalvelutjarvi.fi\\\/\"},{\"@type\":\"ListItem\",\"position\":3,\"name\":\"Automaattilaturi CTEK CT5 Powersport, 2,3A, 12V\"}]},{\"@type\":\"WebSite\",\"@id\":\"https:\\\/\\\/www.duunauspalvelutjarvi.fi\\\/#website\",\"url\":\"https:\\\/\\\/www.duunauspalvelutjarvi.fi\\\/\",\"name\":\"\",\"description\":\"\",\"potentialAction\":[{\"@type\":\"SearchAction\",\"target\":{\"@type\":\"EntryPoint\",\"urlTemplate\":\"https:\\\/\\\/www.duunauspalvelutjarvi.fi\\\/?s={search_term_string}\"},\"query-input\":{\"@type\":\"PropertyValueSpecification\",\"valueRequired\":true,\"valueName\":\"search_term_string\"}}],\"inLanguage\":\"fi\"}]}<\/script>\n<!-- \/ Yoast SEO plugin. -->","yoast_head_json":{"title":"Automaattilaturi CTEK CT5 Powersport, 2,3A, 12V -","robots":{"index":"index","follow":"follow","max-snippet":"max-snippet:-1","max-image-preview":"max-image-preview:large","max-video-preview":"max-video-preview:-1"},"canonical":"https:\/\/www.duunauspalvelutjarvi.fi\/?product=automaattilaturi-ctek-ct5-powersport-23a-12v","og_locale":"fi_FI","og_type":"article","og_title":"Automaattilaturi CTEK CT5 Powersport, 2,3A, 12V -","og_description":"Automaattilaturi CTEK CT5 Powersport, 2,3A, 12V\u00a0on laadukas akkulaturi, joka sopii kaikkiin moottoripy\u00f6riin, ATV-ajoneuvoihin, vesiskoottereihin ja moottorikelkkoihin. Se huolehtii akun kunnosta ja k\u00e4ytt\u00f6i\u00e4st\u00e4 yll\u00e4pidolla ja huolellisella latauksella. Laturi soveltuu my\u00f6s Canbus-v\u00e4yl\u00e4j\u00e4rjestelmi\u00e4 k\u00e4ytt\u00e4viin ajoneuvoihin erillisell\u00e4 erikseen hankittavalla CTX indicator plug 12V pistokkeella (Esim BMW-moottoripy\u00f6r\u00e4t) Tekniset tiedot \u2022 Latausj\u00e4nnite: Normaali: 14,4V, *COLD\/AGM: 14,7V \u2022 Latausvirta: 2,3 A (Max) [&hellip;]","og_url":"https:\/\/www.duunauspalvelutjarvi.fi\/?product=automaattilaturi-ctek-ct5-powersport-23a-12v","article_modified_time":"2021-02-23T17:55:25+00:00","twitter_card":"summary_large_image","twitter_misc":{"Arvioitu lukuaika":"1 minuutti"},"schema":{"@context":"https:\/\/schema.org","@graph":[{"@type":"WebPage","@id":"https:\/\/www.duunauspalvelutjarvi.fi\/?product=automaattilaturi-ctek-ct5-powersport-23a-12v","url":"https:\/\/www.duunauspalvelutjarvi.fi\/?product=automaattilaturi-ctek-ct5-powersport-23a-12v","name":"Automaattilaturi CTEK CT5 Powersport, 2,3A, 12V -","isPartOf":{"@id":"https:\/\/www.duunauspalvelutjarvi.fi\/#website"},"datePublished":"2021-02-13T20:51:03+00:00","dateModified":"2021-02-23T17:55:25+00:00","breadcrumb":{"@id":"https:\/\/www.duunauspalvelutjarvi.fi\/?product=automaattilaturi-ctek-ct5-powersport-23a-12v#breadcrumb"},"inLanguage":"fi","potentialAction":[{"@type":"ReadAction","target":["https:\/\/www.duunauspalvelutjarvi.fi\/?product=automaattilaturi-ctek-ct5-powersport-23a-12v"]}]},{"@type":"BreadcrumbList","@id":"https:\/\/www.duunauspalvelutjarvi.fi\/?product=automaattilaturi-ctek-ct5-powersport-23a-12v#breadcrumb","itemListElement":[{"@type":"ListItem","position":1,"name":"Etusivu","item":"https:\/\/www.duunauspalvelutjarvi.fi\/"},{"@type":"ListItem","position":2,"name":"Etusivu","item":"https:\/\/www.duunauspalvelutjarvi.fi\/"},{"@type":"ListItem","position":3,"name":"Automaattilaturi CTEK CT5 Powersport, 2,3A, 12V"}]},{"@type":"WebSite","@id":"https:\/\/www.duunauspalvelutjarvi.fi\/#website","url":"https:\/\/www.duunauspalvelutjarvi.fi\/","name":"","description":"","potentialAction":[{"@type":"SearchAction","target":{"@type":"EntryPoint","urlTemplate":"https:\/\/www.duunauspalvelutjarvi.fi\/?s={search_term_string}"},"query-input":{"@type":"PropertyValueSpecification","valueRequired":true,"valueName":"search_term_string"}}],"inLanguage":"fi"}]}},"jetpack_sharing_enabled":true,"_links":{"self":[{"href":"https:\/\/www.duunauspalvelutjarvi.fi\/index.php?rest_route=\/wp\/v2\/product\/3138","targetHints":{"allow":["GET"]}}],"collection":[{"href":"https:\/\/www.duunauspalvelutjarvi.fi\/index.php?rest_route=\/wp\/v2\/product"}],"about":[{"href":"https:\/\/www.duunauspalvelutjarvi.fi\/index.php?rest_route=\/wp\/v2\/types\/product"}],"replies":[{"embeddable":true,"href":"https:\/\/www.duunauspalvelutjarvi.fi\/index.php?rest_route=%2Fwp%2Fv2%2Fcomments&post=3138"}],"wp:attachment":[{"href":"https:\/\/www.duunauspalvelutjarvi.fi\/index.php?rest_route=%2Fwp%2Fv2%2Fmedia&parent=3138"}],"wp:term":[{"taxonomy":"product_brand","embeddable":true,"href":"https:\/\/www.duunauspalvelutjarvi.fi\/index.php?rest_route=%2Fwp%2Fv2%2Fproduct_brand&post=3138"},{"taxonomy":"product_cat","embeddable":true,"href":"https:\/\/www.duunauspalvelutjarvi.fi\/index.php?rest_route=%2Fwp%2Fv2%2Fproduct_cat&post=3138"},{"taxonomy":"product_tag","embeddable":true,"href":"https:\/\/www.duunauspalvelutjarvi.fi\/index.php?rest_route=%2Fwp%2Fv2%2Fproduct_tag&post=3138"}],"curies":[{"name":"wp","href":"https:\/\/api.w.org\/{rel}","templated":true}]}}