{"id":3140,"date":"2021-02-13T22:52:44","date_gmt":"2021-02-13T20:52:44","guid":{"rendered":"https:\/\/www.duunauspalvelutjarvi.fi\/?post_type=product&#038;p=3140"},"modified":"2021-02-23T19:56:41","modified_gmt":"2021-02-23T17:56:41","slug":"automaattilaturi-ctek-mxs-5-0-50a-12v","status":"publish","type":"product","link":"https:\/\/www.duunauspalvelutjarvi.fi\/?product=automaattilaturi-ctek-mxs-5-0-50a-12v","title":{"rendered":"Automaattilaturi CTEK MXS 5.0, 5,0A, 12V"},"content":{"rendered":"<p><b>Automaattilaturi CTEK MXS 5.0, 5,0A, 12V<\/b>\u00a0on kehittynyt, mikroprosessorilla ohjattu akkulaturi, jossa on sis\u00e4\u00e4nrakennettu, automaattinen l\u00e4mp\u00f6tilakompensaatio. Laturi tarjoaa ylivertaisen suorituskyvyn lyijyhappoakuille, joiden kapasiteetti on 1,2\u2013110_Ah. MXS 5.0-laturin avulla voidaan ratkoa akkuihin liittyvi\u00e4 ongelmia monipuolisesti, ja se sopii erinomaisesti k\u00e4ytett\u00e4v\u00e4ksi, kun akuille on asetettu korkeat vaatimukset. MXS 5.0:n toimintoihin kuuluu esimerkiksi akun kunnon diagnosointi, jolla voidaan selvitt\u00e4\u00e4, saako akku virtaa ja kykeneek\u00f6 se s\u00e4ilytt\u00e4m\u00e4\u00e4n virran. Siin\u00e4 on my\u00f6s patentoitu, automaattinen sulfaatin poistotoiminto ja erityinen kunnostusvaihe happokerrostumista k\u00e4rsivien ja syv\u00e4purkautuneiden akkujen toiminnan palauttamiseksi. AGM-vaihtoehto on t\u00e4ydellinen valinta parhaan mahdollisen suorituskyvyn ja k\u00e4ytt\u00f6i\u00e4n varmistamiseksi useimmille stopstart-akuille. Sis\u00e4\u00e4nrakennettu l\u00e4mp\u00f6tilan kompensaatio takaa ihanteellisen latauksen vaikeimmissakin olosuhteissa. Patentoidun kellunta\/pulssi-yll\u00e4pidon ansiosta MXS 5.0 on ihanteellinen pitk\u00e4aikaiseen yll\u00e4pitolataukseen. Akun testaus, lataus ja yll\u00e4pito on helppo suorittaa LED-n\u00e4yt\u00f6ss\u00e4 n\u00e4kyvi\u00e4 ohjeita seuraamalla.<\/p>\n<p><b>MXS 5.0<\/b>\u00a0on t\u00e4ysin automaattinen \u201dkytke ja unohda\u201d -periaatteella toimiva ja kahdeksanvaiheisella latauksella varustettu 12_V:n laturi, jossa on valittavana ohjelmat SMALL BATTERY ja NORMAL BATTERY. RECOND- ja AGM-vaihtoehdot toimivat joustavasti yhdess\u00e4 tai erikseen SMALL BATTERY- NORMAL BATTERY-ohjelmissa. Laturissa on laaja latausalue kaikille 1,2\u2013110_Ah:n lyijyhappoakuille ja yll\u00e4pitokapasiteetti jopa 160_ampeerituntiin asti. Tuote on roiske- ja p\u00f6lysuojattu (IP65). Turvallinen ja helppok\u00e4ytt\u00f6inen MXS 5.0 suojaa ajoneuvoelektroniikkaa, sill\u00e4 siin\u00e4 on kipin\u00e4-, v\u00e4\u00e4r\u00e4napaisuus- ja oikosulkusuoja. MXS 5.0 -laturissa on viiden vuoden takuu.<\/p>\n<p><b>Ominaisuudet:<\/b><br \/>\n\u2022 12V<br \/>\n\u2022 5,0A<br \/>\n\u2022 8-vaiheinen<br \/>\n\u2022 Yll\u00e4pitolatauksella<br \/>\n\u2022 1,2-110Ah lyijyakut<br \/>\n\u2022 Avoimet, huoltovapaat, AGM- ja hyytel\u00f6akut<br \/>\n\u2022 IP65<br \/>\n\u2022 CTEK<br \/>\n\u2022 60kk takuu<\/p>\n<p><b>Tekniset tiedot:<\/b><br \/>\n\u2022 Latausj\u00e4nnite: Normaali: 14,4V, *COLD\/AGM: 14,7V, *RECOND: 15,8V<br \/>\n\u2022 Akun minimij\u00e4nnite: 2,0V<br \/>\n\u2022 Latausvirta: 5,0A (Max)<br \/>\n\u2022 Ottovirta: 0,6A rms (t\u00e4ydell\u00e4 latausvirralla)<br \/>\n\u2022 Vuotovirta: &lt; 1Ah\/kk<br \/>\n\u2022 Aaltoisuus: &lt; 4%<br \/>\n\u2022 Ymp\u00e4rist\u00f6n l\u00e4mp\u00f6tila: -20\u00b0C \u2013 +50\u00b0C, l\u00e4ht\u00f6tehoa alennetaan automaattisesti<br \/>\nkorkeissa l\u00e4mp\u00f6iloissa<br \/>\n\u2022 Laturin tyyppi: 8-vaiheinen, t\u00e4ysautomaattinen lataussykli<br \/>\n\u2022 Akkujen tyypit: Kaikentyyppiset 12 voltin lyijyakut (Avoimet, huoltovapaat, AGM. ja hyytel\u00f6akut)<br \/>\n\u2022 Akun kapasitetti: 1,2-110Ah, jopa 160Ah yll\u00e4pitolatauksessa<br \/>\n\u2022 Mitat: 168 x 65 x 38mm (P x L x K)<br \/>\n\u2022 IP65<br \/>\n\u2022 Paino: 0,6 kg<\/p>\n<p><i>*COLD\/AGM: Lataus kylmiss\u00e4 olosuhteissa ja AGM-akut<\/i><\/p>\n<p><i>*RECOND: Syv\u00e4purkautuneiden akkujen kunnostus<\/i><\/p>\n","protected":false},"excerpt":{"rendered":"<p>Automaattilaturi CTEK MXS 5.0, 5,0A, 12V\u00a0on kehittynyt, mikroprosessorilla ohjattu akkulaturi, jossa on sis\u00e4\u00e4nrakennettu, automaattinen l\u00e4mp\u00f6tilakompensaatio. Laturi tarjoaa ylivertaisen suorituskyvyn lyijyhappoakuille, joiden kapasiteetti on 1,2\u2013110_Ah. MXS 5.0-laturin avulla voidaan ratkoa akkuihin liittyvi\u00e4 ongelmia monipuolisesti, ja se sopii erinomaisesti k\u00e4ytett\u00e4v\u00e4ksi, kun akuille on asetettu korkeat vaatimukset. MXS 5.0:n toimintoihin kuuluu esimerkiksi akun kunnon diagnosointi, jolla voidaan selvitt\u00e4\u00e4, [&hellip;]<\/p>\n","protected":false},"featured_media":0,"comment_status":"open","ping_status":"closed","template":"","meta":[],"product_brand":[],"product_cat":[103],"product_tag":[],"class_list":{"0":"post-3140","1":"product","2":"type-product","3":"status-publish","5":"product_cat-pienet-alle-10a-laturit","7":"first","8":"instock","9":"taxable","10":"shipping-taxable","11":"purchasable","12":"product-type-simple"},"yoast_head":"<!-- This site is optimized with the Yoast SEO plugin v27.5 - https:\/\/yoast.com\/product\/yoast-seo-wordpress\/ -->\n<title>Automaattilaturi CTEK MXS 5.0, 5,0A, 12V -<\/title>\n<meta name=\"robots\" content=\"index, follow, max-snippet:-1, max-image-preview:large, max-video-preview:-1\" \/>\n<link rel=\"canonical\" href=\"https:\/\/www.duunauspalvelutjarvi.fi\/?product=automaattilaturi-ctek-mxs-5-0-50a-12v\" \/>\n<meta property=\"og:locale\" content=\"fi_FI\" \/>\n<meta property=\"og:type\" content=\"article\" \/>\n<meta property=\"og:title\" content=\"Automaattilaturi CTEK MXS 5.0, 5,0A, 12V -\" \/>\n<meta property=\"og:description\" content=\"Automaattilaturi CTEK MXS 5.0, 5,0A, 12V\u00a0on kehittynyt, mikroprosessorilla ohjattu akkulaturi, jossa on sis\u00e4\u00e4nrakennettu, automaattinen l\u00e4mp\u00f6tilakompensaatio. Laturi tarjoaa ylivertaisen suorituskyvyn lyijyhappoakuille, joiden kapasiteetti on 1,2\u2013110_Ah. MXS 5.0-laturin avulla voidaan ratkoa akkuihin liittyvi\u00e4 ongelmia monipuolisesti, ja se sopii erinomaisesti k\u00e4ytett\u00e4v\u00e4ksi, kun akuille on asetettu korkeat vaatimukset. MXS 5.0:n toimintoihin kuuluu esimerkiksi akun kunnon diagnosointi, jolla voidaan selvitt\u00e4\u00e4, [&hellip;]\" \/>\n<meta property=\"og:url\" content=\"https:\/\/www.duunauspalvelutjarvi.fi\/?product=automaattilaturi-ctek-mxs-5-0-50a-12v\" \/>\n<meta property=\"article:modified_time\" content=\"2021-02-23T17:56:41+00:00\" \/>\n<meta name=\"twitter:card\" content=\"summary_large_image\" \/>\n<meta name=\"twitter:label1\" content=\"Arvioitu lukuaika\" \/>\n\t<meta name=\"twitter:data1\" content=\"2 minuuttia\" \/>\n<script type=\"application\/ld+json\" class=\"yoast-schema-graph\">{\"@context\":\"https:\\\/\\\/schema.org\",\"@graph\":[{\"@type\":\"WebPage\",\"@id\":\"https:\\\/\\\/www.duunauspalvelutjarvi.fi\\\/?product=automaattilaturi-ctek-mxs-5-0-50a-12v\",\"url\":\"https:\\\/\\\/www.duunauspalvelutjarvi.fi\\\/?product=automaattilaturi-ctek-mxs-5-0-50a-12v\",\"name\":\"Automaattilaturi CTEK MXS 5.0, 5,0A, 12V -\",\"isPartOf\":{\"@id\":\"https:\\\/\\\/www.duunauspalvelutjarvi.fi\\\/#website\"},\"datePublished\":\"2021-02-13T20:52:44+00:00\",\"dateModified\":\"2021-02-23T17:56:41+00:00\",\"breadcrumb\":{\"@id\":\"https:\\\/\\\/www.duunauspalvelutjarvi.fi\\\/?product=automaattilaturi-ctek-mxs-5-0-50a-12v#breadcrumb\"},\"inLanguage\":\"fi\",\"potentialAction\":[{\"@type\":\"ReadAction\",\"target\":[\"https:\\\/\\\/www.duunauspalvelutjarvi.fi\\\/?product=automaattilaturi-ctek-mxs-5-0-50a-12v\"]}]},{\"@type\":\"BreadcrumbList\",\"@id\":\"https:\\\/\\\/www.duunauspalvelutjarvi.fi\\\/?product=automaattilaturi-ctek-mxs-5-0-50a-12v#breadcrumb\",\"itemListElement\":[{\"@type\":\"ListItem\",\"position\":1,\"name\":\"Etusivu\",\"item\":\"https:\\\/\\\/www.duunauspalvelutjarvi.fi\\\/\"},{\"@type\":\"ListItem\",\"position\":2,\"name\":\"Etusivu\",\"item\":\"https:\\\/\\\/www.duunauspalvelutjarvi.fi\\\/\"},{\"@type\":\"ListItem\",\"position\":3,\"name\":\"Automaattilaturi CTEK MXS 5.0, 5,0A, 12V\"}]},{\"@type\":\"WebSite\",\"@id\":\"https:\\\/\\\/www.duunauspalvelutjarvi.fi\\\/#website\",\"url\":\"https:\\\/\\\/www.duunauspalvelutjarvi.fi\\\/\",\"name\":\"\",\"description\":\"\",\"potentialAction\":[{\"@type\":\"SearchAction\",\"target\":{\"@type\":\"EntryPoint\",\"urlTemplate\":\"https:\\\/\\\/www.duunauspalvelutjarvi.fi\\\/?s={search_term_string}\"},\"query-input\":{\"@type\":\"PropertyValueSpecification\",\"valueRequired\":true,\"valueName\":\"search_term_string\"}}],\"inLanguage\":\"fi\"}]}<\/script>\n<!-- \/ Yoast SEO plugin. -->","yoast_head_json":{"title":"Automaattilaturi CTEK MXS 5.0, 5,0A, 12V -","robots":{"index":"index","follow":"follow","max-snippet":"max-snippet:-1","max-image-preview":"max-image-preview:large","max-video-preview":"max-video-preview:-1"},"canonical":"https:\/\/www.duunauspalvelutjarvi.fi\/?product=automaattilaturi-ctek-mxs-5-0-50a-12v","og_locale":"fi_FI","og_type":"article","og_title":"Automaattilaturi CTEK MXS 5.0, 5,0A, 12V -","og_description":"Automaattilaturi CTEK MXS 5.0, 5,0A, 12V\u00a0on kehittynyt, mikroprosessorilla ohjattu akkulaturi, jossa on sis\u00e4\u00e4nrakennettu, automaattinen l\u00e4mp\u00f6tilakompensaatio. Laturi tarjoaa ylivertaisen suorituskyvyn lyijyhappoakuille, joiden kapasiteetti on 1,2\u2013110_Ah. MXS 5.0-laturin avulla voidaan ratkoa akkuihin liittyvi\u00e4 ongelmia monipuolisesti, ja se sopii erinomaisesti k\u00e4ytett\u00e4v\u00e4ksi, kun akuille on asetettu korkeat vaatimukset. MXS 5.0:n toimintoihin kuuluu esimerkiksi akun kunnon diagnosointi, jolla voidaan selvitt\u00e4\u00e4, [&hellip;]","og_url":"https:\/\/www.duunauspalvelutjarvi.fi\/?product=automaattilaturi-ctek-mxs-5-0-50a-12v","article_modified_time":"2021-02-23T17:56:41+00:00","twitter_card":"summary_large_image","twitter_misc":{"Arvioitu lukuaika":"2 minuuttia"},"schema":{"@context":"https:\/\/schema.org","@graph":[{"@type":"WebPage","@id":"https:\/\/www.duunauspalvelutjarvi.fi\/?product=automaattilaturi-ctek-mxs-5-0-50a-12v","url":"https:\/\/www.duunauspalvelutjarvi.fi\/?product=automaattilaturi-ctek-mxs-5-0-50a-12v","name":"Automaattilaturi CTEK MXS 5.0, 5,0A, 12V -","isPartOf":{"@id":"https:\/\/www.duunauspalvelutjarvi.fi\/#website"},"datePublished":"2021-02-13T20:52:44+00:00","dateModified":"2021-02-23T17:56:41+00:00","breadcrumb":{"@id":"https:\/\/www.duunauspalvelutjarvi.fi\/?product=automaattilaturi-ctek-mxs-5-0-50a-12v#breadcrumb"},"inLanguage":"fi","potentialAction":[{"@type":"ReadAction","target":["https:\/\/www.duunauspalvelutjarvi.fi\/?product=automaattilaturi-ctek-mxs-5-0-50a-12v"]}]},{"@type":"BreadcrumbList","@id":"https:\/\/www.duunauspalvelutjarvi.fi\/?product=automaattilaturi-ctek-mxs-5-0-50a-12v#breadcrumb","itemListElement":[{"@type":"ListItem","position":1,"name":"Etusivu","item":"https:\/\/www.duunauspalvelutjarvi.fi\/"},{"@type":"ListItem","position":2,"name":"Etusivu","item":"https:\/\/www.duunauspalvelutjarvi.fi\/"},{"@type":"ListItem","position":3,"name":"Automaattilaturi CTEK MXS 5.0, 5,0A, 12V"}]},{"@type":"WebSite","@id":"https:\/\/www.duunauspalvelutjarvi.fi\/#website","url":"https:\/\/www.duunauspalvelutjarvi.fi\/","name":"","description":"","potentialAction":[{"@type":"SearchAction","target":{"@type":"EntryPoint","urlTemplate":"https:\/\/www.duunauspalvelutjarvi.fi\/?s={search_term_string}"},"query-input":{"@type":"PropertyValueSpecification","valueRequired":true,"valueName":"search_term_string"}}],"inLanguage":"fi"}]}},"jetpack_sharing_enabled":true,"_links":{"self":[{"href":"https:\/\/www.duunauspalvelutjarvi.fi\/index.php?rest_route=\/wp\/v2\/product\/3140","targetHints":{"allow":["GET"]}}],"collection":[{"href":"https:\/\/www.duunauspalvelutjarvi.fi\/index.php?rest_route=\/wp\/v2\/product"}],"about":[{"href":"https:\/\/www.duunauspalvelutjarvi.fi\/index.php?rest_route=\/wp\/v2\/types\/product"}],"replies":[{"embeddable":true,"href":"https:\/\/www.duunauspalvelutjarvi.fi\/index.php?rest_route=%2Fwp%2Fv2%2Fcomments&post=3140"}],"wp:attachment":[{"href":"https:\/\/www.duunauspalvelutjarvi.fi\/index.php?rest_route=%2Fwp%2Fv2%2Fmedia&parent=3140"}],"wp:term":[{"taxonomy":"product_brand","embeddable":true,"href":"https:\/\/www.duunauspalvelutjarvi.fi\/index.php?rest_route=%2Fwp%2Fv2%2Fproduct_brand&post=3140"},{"taxonomy":"product_cat","embeddable":true,"href":"https:\/\/www.duunauspalvelutjarvi.fi\/index.php?rest_route=%2Fwp%2Fv2%2Fproduct_cat&post=3140"},{"taxonomy":"product_tag","embeddable":true,"href":"https:\/\/www.duunauspalvelutjarvi.fi\/index.php?rest_route=%2Fwp%2Fv2%2Fproduct_tag&post=3140"}],"curies":[{"name":"wp","href":"https:\/\/api.w.org\/{rel}","templated":true}]}}