{"id":3142,"date":"2021-02-13T22:53:55","date_gmt":"2021-02-13T20:53:55","guid":{"rendered":"https:\/\/www.duunauspalvelutjarvi.fi\/?post_type=product&#038;p=3142"},"modified":"2021-04-12T23:06:57","modified_gmt":"2021-04-12T20:06:57","slug":"automaattilaturi-ctek-mxs-5-0-polar-50a-12v","status":"publish","type":"product","link":"https:\/\/www.duunauspalvelutjarvi.fi\/?product=automaattilaturi-ctek-mxs-5-0-polar-50a-12v","title":{"rendered":"Automaattilaturi CTEK MXS 5.0 Polar, 5,0A, 12V"},"content":{"rendered":"<p><strong>Automaattilaturi CTEK MXS 5.0 Polar, 5,0A, 12V<\/strong>\u00a0on ainutlaatuinen laturi, jossa on k\u00e4ytetty uudenaikaisia edistyneit\u00e4 tekniikoita ja joka on suunniteltu erityisesti kest\u00e4m\u00e4\u00e4n kovaa pakkasta. Laturi on kehitetty ajoneuvoille, joiden akut tarvitsevat hyv\u00e4\u00e4 huoltoa talvipakkasilla, kuten moottorikelkoille, m\u00f6nkij\u00f6ille, maastureille ja henkil\u00f6autoille.<\/p>\n<p><strong>CTEK POLAR<\/strong>\u00a0-laturin muunnettu latausj\u00e4nnitetoiminto on optimoitu eritt\u00e4in kylmiss\u00e4 l\u00e4mp\u00f6tiloissa lataamista varten. Toiminto on saatavissa sek\u00e4 pienille (moottorikelkat ja m\u00f6nkij\u00e4t) ett\u00e4 normaalikokoisille akuille (maasturit ja henkil\u00f6autot). Toinen ainutlaatuinen ominaisuus on se, ett\u00e4 kunnostustoiminto (joka kunnostaa happokerrostumista k\u00e4rsineet ja syv\u00e4purkautuneet akut) on saatavissa sek\u00e4 pienille ett\u00e4 normaalikokoisille akuille. CTEK POLAR -laturin kummallakin puolella on kovaa pakkasta kest\u00e4v\u00e4 kumikaapeli (vaihto- ja tasavirtaa varten). Laturi analysoi edistyneen kahdeksanvaiheisen latausj\u00e4rjestelm\u00e4n avulla, voiko akku vastaanottaa ja s\u00e4ilytt\u00e4\u00e4 latauksen. Laturi on t\u00e4ysin automaattinen ja vaihtaa tehokkaaseen yll\u00e4pitolataukseen, kun akku on t\u00e4yteen ladattu \u2013 suuri etu kylmiss\u00e4 olosuhteissa. CTEK POLAR toimii hyvin tavallisissa ilmasto-olosuhteissa, mutta se on sopeutettu lataamaan -30\u201350 \u00b0C:een l\u00e4mp\u00f6tiloissa.<\/p>\n<p><strong>Ominaisuudet<\/strong><br \/>\n\u2022 12V<br \/>\n\u2022 5,0A<br \/>\n\u2022 Arktisiin olosuhteisiin<br \/>\n\u2022 8-vaiheinen<br \/>\n\u2022 Yll\u00e4pitolatauksella<br \/>\n\u2022 1,2-110Ah lyijyakut<br \/>\n\u2022 Avoimet, huoltovapaat, AGM- ja hyytel\u00f6akut<br \/>\n\u2022 IP65<br \/>\n\u2022 CTEK<br \/>\n\u2022 60kk takuu<\/p>\n<p><strong>Tekniset tiedot<\/strong><br \/>\n\u2022 Latausj\u00e4nnite: Normaali: 14,4V, *COLD\/AGM: 14,7V, *RECOND: 15,8V<br \/>\n\u2022 Akun minimij\u00e4nnite: 2,0V<br \/>\n\u2022 Latausvirta: 5,0A (Max)<br \/>\n\u2022 Ottovirta: 0,65A rms (t\u00e4ydell\u00e4 latausvirralla)<br \/>\n\u2022 Vuotovirta: &lt; 1Ah\/kk<br \/>\n\u2022 Aaltoisuus: &lt; 4%<br \/>\n\u2022 Kumikaapelit, helppo k\u00e4sitell\u00e4 aina \u201330 \u00b0C:een saakka<br \/>\n\u2022 Ymp\u00e4rist\u00f6n l\u00e4mp\u00f6tila: -30\u00b0C \u2013 +50\u00b0C, l\u00e4ht\u00f6tehoa alennetaan automaattisesti<br \/>\nkorkeissa l\u00e4mp\u00f6iloissa<br \/>\n\u2022 Laturin tyyppi: 8-vaiheinen, t\u00e4ysautomaattinen lataussykli<br \/>\n\u2022 Akkujen tyypit: Kaikentyyppiset 12 voltin lyijyakut (Avoimet, huoltovapaat, AGM. ja hyytel\u00f6akut)<br \/>\n\u2022 Akun kapasitetti: 1,2-110Ah, jopa 160Ah yll\u00e4pitolatauksessa<br \/>\n\u2022 Mitat: 168 x 65 x 38mm (P x L x K)<br \/>\n\u2022 IP65<br \/>\n\u2022 Paino: 0,6 kg<\/p>\n<p>*<em>COLD\/AGM: Lataus kylmiss\u00e4 olosuhteissa ja AGM-akut<\/em><\/p>\n<p><em>*RECOND: Syv\u00e4purkautuneiden akkujen kunnostus<\/em><\/p>\n","protected":false},"excerpt":{"rendered":"<p>Automaattilaturi CTEK MXS 5.0 Polar, 5,0A, 12V\u00a0on ainutlaatuinen laturi, jossa on k\u00e4ytetty uudenaikaisia edistyneit\u00e4 tekniikoita ja joka on suunniteltu erityisesti kest\u00e4m\u00e4\u00e4n kovaa pakkasta. Laturi on kehitetty ajoneuvoille, joiden akut tarvitsevat hyv\u00e4\u00e4 huoltoa talvipakkasilla, kuten moottorikelkoille, m\u00f6nkij\u00f6ille, maastureille ja henkil\u00f6autoille. CTEK POLAR\u00a0-laturin muunnettu latausj\u00e4nnitetoiminto on optimoitu eritt\u00e4in kylmiss\u00e4 l\u00e4mp\u00f6tiloissa lataamista varten. Toiminto on saatavissa sek\u00e4 pienille [&hellip;]<\/p>\n","protected":false},"featured_media":0,"comment_status":"open","ping_status":"closed","template":"","meta":[],"product_brand":[],"product_cat":[103],"product_tag":[],"class_list":{"0":"post-3142","1":"product","2":"type-product","3":"status-publish","5":"product_cat-pienet-alle-10a-laturit","7":"first","8":"instock","9":"taxable","10":"shipping-taxable","11":"purchasable","12":"product-type-simple"},"yoast_head":"<!-- This site is optimized with the Yoast SEO plugin v27.5 - https:\/\/yoast.com\/product\/yoast-seo-wordpress\/ -->\n<title>Automaattilaturi CTEK MXS 5.0 Polar, 5,0A, 12V -<\/title>\n<meta name=\"robots\" content=\"index, follow, max-snippet:-1, max-image-preview:large, max-video-preview:-1\" \/>\n<link rel=\"canonical\" href=\"https:\/\/www.duunauspalvelutjarvi.fi\/?product=automaattilaturi-ctek-mxs-5-0-polar-50a-12v\" \/>\n<meta property=\"og:locale\" content=\"fi_FI\" \/>\n<meta property=\"og:type\" content=\"article\" \/>\n<meta property=\"og:title\" content=\"Automaattilaturi CTEK MXS 5.0 Polar, 5,0A, 12V -\" \/>\n<meta property=\"og:description\" content=\"Automaattilaturi CTEK MXS 5.0 Polar, 5,0A, 12V\u00a0on ainutlaatuinen laturi, jossa on k\u00e4ytetty uudenaikaisia edistyneit\u00e4 tekniikoita ja joka on suunniteltu erityisesti kest\u00e4m\u00e4\u00e4n kovaa pakkasta. Laturi on kehitetty ajoneuvoille, joiden akut tarvitsevat hyv\u00e4\u00e4 huoltoa talvipakkasilla, kuten moottorikelkoille, m\u00f6nkij\u00f6ille, maastureille ja henkil\u00f6autoille. CTEK POLAR\u00a0-laturin muunnettu latausj\u00e4nnitetoiminto on optimoitu eritt\u00e4in kylmiss\u00e4 l\u00e4mp\u00f6tiloissa lataamista varten. Toiminto on saatavissa sek\u00e4 pienille [&hellip;]\" \/>\n<meta property=\"og:url\" content=\"https:\/\/www.duunauspalvelutjarvi.fi\/?product=automaattilaturi-ctek-mxs-5-0-polar-50a-12v\" \/>\n<meta property=\"article:modified_time\" content=\"2021-04-12T20:06:57+00:00\" \/>\n<meta name=\"twitter:card\" content=\"summary_large_image\" \/>\n<meta name=\"twitter:label1\" content=\"Arvioitu lukuaika\" \/>\n\t<meta name=\"twitter:data1\" content=\"1 minuutti\" \/>\n<script type=\"application\/ld+json\" class=\"yoast-schema-graph\">{\"@context\":\"https:\\\/\\\/schema.org\",\"@graph\":[{\"@type\":\"WebPage\",\"@id\":\"https:\\\/\\\/www.duunauspalvelutjarvi.fi\\\/?product=automaattilaturi-ctek-mxs-5-0-polar-50a-12v\",\"url\":\"https:\\\/\\\/www.duunauspalvelutjarvi.fi\\\/?product=automaattilaturi-ctek-mxs-5-0-polar-50a-12v\",\"name\":\"Automaattilaturi CTEK MXS 5.0 Polar, 5,0A, 12V -\",\"isPartOf\":{\"@id\":\"https:\\\/\\\/www.duunauspalvelutjarvi.fi\\\/#website\"},\"datePublished\":\"2021-02-13T20:53:55+00:00\",\"dateModified\":\"2021-04-12T20:06:57+00:00\",\"breadcrumb\":{\"@id\":\"https:\\\/\\\/www.duunauspalvelutjarvi.fi\\\/?product=automaattilaturi-ctek-mxs-5-0-polar-50a-12v#breadcrumb\"},\"inLanguage\":\"fi\",\"potentialAction\":[{\"@type\":\"ReadAction\",\"target\":[\"https:\\\/\\\/www.duunauspalvelutjarvi.fi\\\/?product=automaattilaturi-ctek-mxs-5-0-polar-50a-12v\"]}]},{\"@type\":\"BreadcrumbList\",\"@id\":\"https:\\\/\\\/www.duunauspalvelutjarvi.fi\\\/?product=automaattilaturi-ctek-mxs-5-0-polar-50a-12v#breadcrumb\",\"itemListElement\":[{\"@type\":\"ListItem\",\"position\":1,\"name\":\"Etusivu\",\"item\":\"https:\\\/\\\/www.duunauspalvelutjarvi.fi\\\/\"},{\"@type\":\"ListItem\",\"position\":2,\"name\":\"Etusivu\",\"item\":\"https:\\\/\\\/www.duunauspalvelutjarvi.fi\\\/\"},{\"@type\":\"ListItem\",\"position\":3,\"name\":\"Automaattilaturi CTEK MXS 5.0 Polar, 5,0A, 12V\"}]},{\"@type\":\"WebSite\",\"@id\":\"https:\\\/\\\/www.duunauspalvelutjarvi.fi\\\/#website\",\"url\":\"https:\\\/\\\/www.duunauspalvelutjarvi.fi\\\/\",\"name\":\"\",\"description\":\"\",\"potentialAction\":[{\"@type\":\"SearchAction\",\"target\":{\"@type\":\"EntryPoint\",\"urlTemplate\":\"https:\\\/\\\/www.duunauspalvelutjarvi.fi\\\/?s={search_term_string}\"},\"query-input\":{\"@type\":\"PropertyValueSpecification\",\"valueRequired\":true,\"valueName\":\"search_term_string\"}}],\"inLanguage\":\"fi\"}]}<\/script>\n<!-- \/ Yoast SEO plugin. -->","yoast_head_json":{"title":"Automaattilaturi CTEK MXS 5.0 Polar, 5,0A, 12V -","robots":{"index":"index","follow":"follow","max-snippet":"max-snippet:-1","max-image-preview":"max-image-preview:large","max-video-preview":"max-video-preview:-1"},"canonical":"https:\/\/www.duunauspalvelutjarvi.fi\/?product=automaattilaturi-ctek-mxs-5-0-polar-50a-12v","og_locale":"fi_FI","og_type":"article","og_title":"Automaattilaturi CTEK MXS 5.0 Polar, 5,0A, 12V -","og_description":"Automaattilaturi CTEK MXS 5.0 Polar, 5,0A, 12V\u00a0on ainutlaatuinen laturi, jossa on k\u00e4ytetty uudenaikaisia edistyneit\u00e4 tekniikoita ja joka on suunniteltu erityisesti kest\u00e4m\u00e4\u00e4n kovaa pakkasta. Laturi on kehitetty ajoneuvoille, joiden akut tarvitsevat hyv\u00e4\u00e4 huoltoa talvipakkasilla, kuten moottorikelkoille, m\u00f6nkij\u00f6ille, maastureille ja henkil\u00f6autoille. CTEK POLAR\u00a0-laturin muunnettu latausj\u00e4nnitetoiminto on optimoitu eritt\u00e4in kylmiss\u00e4 l\u00e4mp\u00f6tiloissa lataamista varten. Toiminto on saatavissa sek\u00e4 pienille [&hellip;]","og_url":"https:\/\/www.duunauspalvelutjarvi.fi\/?product=automaattilaturi-ctek-mxs-5-0-polar-50a-12v","article_modified_time":"2021-04-12T20:06:57+00:00","twitter_card":"summary_large_image","twitter_misc":{"Arvioitu lukuaika":"1 minuutti"},"schema":{"@context":"https:\/\/schema.org","@graph":[{"@type":"WebPage","@id":"https:\/\/www.duunauspalvelutjarvi.fi\/?product=automaattilaturi-ctek-mxs-5-0-polar-50a-12v","url":"https:\/\/www.duunauspalvelutjarvi.fi\/?product=automaattilaturi-ctek-mxs-5-0-polar-50a-12v","name":"Automaattilaturi CTEK MXS 5.0 Polar, 5,0A, 12V -","isPartOf":{"@id":"https:\/\/www.duunauspalvelutjarvi.fi\/#website"},"datePublished":"2021-02-13T20:53:55+00:00","dateModified":"2021-04-12T20:06:57+00:00","breadcrumb":{"@id":"https:\/\/www.duunauspalvelutjarvi.fi\/?product=automaattilaturi-ctek-mxs-5-0-polar-50a-12v#breadcrumb"},"inLanguage":"fi","potentialAction":[{"@type":"ReadAction","target":["https:\/\/www.duunauspalvelutjarvi.fi\/?product=automaattilaturi-ctek-mxs-5-0-polar-50a-12v"]}]},{"@type":"BreadcrumbList","@id":"https:\/\/www.duunauspalvelutjarvi.fi\/?product=automaattilaturi-ctek-mxs-5-0-polar-50a-12v#breadcrumb","itemListElement":[{"@type":"ListItem","position":1,"name":"Etusivu","item":"https:\/\/www.duunauspalvelutjarvi.fi\/"},{"@type":"ListItem","position":2,"name":"Etusivu","item":"https:\/\/www.duunauspalvelutjarvi.fi\/"},{"@type":"ListItem","position":3,"name":"Automaattilaturi CTEK MXS 5.0 Polar, 5,0A, 12V"}]},{"@type":"WebSite","@id":"https:\/\/www.duunauspalvelutjarvi.fi\/#website","url":"https:\/\/www.duunauspalvelutjarvi.fi\/","name":"","description":"","potentialAction":[{"@type":"SearchAction","target":{"@type":"EntryPoint","urlTemplate":"https:\/\/www.duunauspalvelutjarvi.fi\/?s={search_term_string}"},"query-input":{"@type":"PropertyValueSpecification","valueRequired":true,"valueName":"search_term_string"}}],"inLanguage":"fi"}]}},"jetpack_sharing_enabled":true,"_links":{"self":[{"href":"https:\/\/www.duunauspalvelutjarvi.fi\/index.php?rest_route=\/wp\/v2\/product\/3142","targetHints":{"allow":["GET"]}}],"collection":[{"href":"https:\/\/www.duunauspalvelutjarvi.fi\/index.php?rest_route=\/wp\/v2\/product"}],"about":[{"href":"https:\/\/www.duunauspalvelutjarvi.fi\/index.php?rest_route=\/wp\/v2\/types\/product"}],"replies":[{"embeddable":true,"href":"https:\/\/www.duunauspalvelutjarvi.fi\/index.php?rest_route=%2Fwp%2Fv2%2Fcomments&post=3142"}],"wp:attachment":[{"href":"https:\/\/www.duunauspalvelutjarvi.fi\/index.php?rest_route=%2Fwp%2Fv2%2Fmedia&parent=3142"}],"wp:term":[{"taxonomy":"product_brand","embeddable":true,"href":"https:\/\/www.duunauspalvelutjarvi.fi\/index.php?rest_route=%2Fwp%2Fv2%2Fproduct_brand&post=3142"},{"taxonomy":"product_cat","embeddable":true,"href":"https:\/\/www.duunauspalvelutjarvi.fi\/index.php?rest_route=%2Fwp%2Fv2%2Fproduct_cat&post=3142"},{"taxonomy":"product_tag","embeddable":true,"href":"https:\/\/www.duunauspalvelutjarvi.fi\/index.php?rest_route=%2Fwp%2Fv2%2Fproduct_tag&post=3142"}],"curies":[{"name":"wp","href":"https:\/\/api.w.org\/{rel}","templated":true}]}}