{"id":3144,"date":"2021-02-13T22:56:16","date_gmt":"2021-02-13T20:56:16","guid":{"rendered":"https:\/\/www.duunauspalvelutjarvi.fi\/?post_type=product&#038;p=3144"},"modified":"2021-02-23T19:55:46","modified_gmt":"2021-02-23T17:55:46","slug":"automaattilaturi-ctek-mxs-10-10a-12v","status":"publish","type":"product","link":"https:\/\/www.duunauspalvelutjarvi.fi\/?product=automaattilaturi-ctek-mxs-10-10a-12v","title":{"rendered":"Automaattilaturi CTEK MXS 10, 10A, 12V"},"content":{"rendered":"<div class=\"row\">\n<div class=\"col-12 col-lg-10\">\n<div class=\"ProductPageContent__description\">\n<div class=\"WysiwygContent\">\n<p><b>Automaattilaturi CTEK MXS 10, 10A, 12V. MXS 10 -lataaja<\/b>\u00a0antaa k\u00e4ytt\u00f6\u00f6n huippunykyaikaisen teknologian. Se sopii ihanteellisesti ammattilaisk\u00e4ytt\u00f6\u00f6n korjaamoissa, matkailuvaunuissa, harrasteajoneuvoissa, veneiss\u00e4 ja autoissa. MXS 10 on t\u00e4ydellinen ratkaisu moniin erilaisiin akkuongelmiin. Se antaa k\u00e4ytt\u00f6\u00f6n muun muassa seuraavat ominaisuudet: akun diagnosointi, joka ilmaisee, pystyyk\u00f6 akku vastaanottamaan virtaa ja s\u00e4ilytt\u00e4m\u00e4\u00e4n varauksen, syv\u00e4purettujen ja kerrostuneiden akkujen kunnostustoiminto, ainutlaatuinen yll\u00e4pitolataus sek\u00e4 optimoiden latauksen s\u00e4\u00e4oloista riippumatta varmistava l\u00e4mp\u00f6tila-anturi. Lis\u00e4ksi siin\u00e4 on virtal\u00e4hdetila, joka mahdollistaa akun kytkemisen irti autosta, ilman ett\u00e4 ajoneuvon t\u00e4rke\u00e4t asetukset katoavat. K\u00e4ytt\u00e4j\u00e4 voi tarkkailla koko latausprosessia ainutlaatuisesta n\u00e4yt\u00f6st\u00e4.<\/p>\n<p>MXS 10 on t\u00e4ysautomaattinen 8-vaihelataaja, joka lataa 20\u2013200Ah:n 12V -akut 10A:n virtaa k\u00e4ytt\u00e4m\u00e4ll\u00e4 ja soveltuu yll\u00e4pitolataukseen 300Ah:iin asti. IP65-suojattu (p\u00f6ly- ja roiskevesitiivis) lataaja on suunniteltu suojaamaan ajoneuvon elektroniikkaa ja se on kipin\u00f6im\u00e4t\u00f6n, suojattu v\u00e4\u00e4r\u00e4\u00e4 napaisuutta vastaan ja oikosulkusuojattu. Tuotteella on 2 vuoden takuu.<\/p>\n<p><b><br \/>\nOminaisuudet:<\/b><br \/>\n\u2022 12V<br \/>\n\u2022 10A<br \/>\n\u2022 8-vaiheinen<br \/>\n\u2022 Toimii virtal\u00e4hteen\u00e4<br \/>\n\u2022 Yll\u00e4pitolatauksella<br \/>\n\u2022 L\u00e4mp\u00f6tila-anturi<br \/>\n\u2022 20-200Ah lyijyakut<br \/>\n\u2022 Avoimet, huoltovapaat, AGM- ja hyytel\u00f6akut<br \/>\n\u2022 IP65<br \/>\n\u2022 CTEK<br \/>\n\u2022 24kk takuu<\/p>\n<p><b><br \/>\nTekniset tiedot:<\/b><br \/>\n\u2022 Latausj\u00e4nnite: Normaali: 14,4V, *COLD\/AGM: 14,7V, *RECOND: 15,8V, SY\u00d6TT\u00d6: 13,6V<br \/>\n\u2022 Akun minimij\u00e4nnite: 2,0V<br \/>\n\u2022 Latausvirta: 10A (Max)<br \/>\n\u2022 Ottovirta: 1,0A rms (t\u00e4ydell\u00e4 latausvirralla)<br \/>\n\u2022 Vuotovirta: &lt; 1Ah\/kk<br \/>\n\u2022 Aaltoisuus: &lt; 4%<br \/>\n\u2022 Ymp\u00e4rist\u00f6n l\u00e4mp\u00f6tila: -20\u00b0C \u2013 +50\u00b0C, l\u00e4ht\u00f6tehoa alennetaan automaattisesti<br \/>\nkorkeissa l\u00e4mp\u00f6iloissa<br \/>\n\u2022 Laturin tyyppi: 8-vaiheinen, t\u00e4ysautomaattinen lataussykli<br \/>\n\u2022 Akkujen tyypit: Kaikentyyppiset 12 voltin lyijyakut (Avoimet, huoltovapaat, AGM. ja hyytel\u00f6akut)<br \/>\n\u2022 Akun kapasitetti: 20-200Ah, jopa 300Ah yll\u00e4pitolatauksessa<br \/>\n\u2022 Mitat: 197 x 93 x 49mm (P x L x K)<br \/>\n\u2022 IP65<br \/>\n\u2022 Paino: 0,8 kg<\/p>\n<p>*COLD\/AGM: Lataus kylmiss\u00e4 olosuhteissa ja AGM-akut<\/p>\n<p>*RECOND: Syv\u00e4purkautuneiden akkujen kunnostus<\/p>\n<p>*SY\u00d6TT\u00d6: Laturin k\u00e4ytt\u00f6 virtal\u00e4hteen\u00e4<\/p>\n<\/div>\n<\/div>\n<\/div>\n<div class=\"ProductPageContent__description-details col-sm-12 col-lg-2\">\n<div>\n<h6>Lis\u00e4tiedot<\/h6>\n<div>\n<div class=\"ProductExtraInfo ProductExtraInfo--short-list ProductExtraInfo--single-column\">\n<ul class=\"inline-dot\">\n<li>Tuotekoodi:\u00a05002010570<\/li>\n<li><span class=\"ProductWarranty\">Takuu:\u00a0<span class=\"ProductWarranty__warranty\">2 vuotta<\/span><\/span><\/li>\n<\/ul>\n<\/div>\n<\/div>\n<\/div>\n<\/div>\n<\/div>\n<div class=\"row\"><\/div>\n","protected":false},"excerpt":{"rendered":"<p>Automaattilaturi CTEK MXS 10, 10A, 12V. MXS 10 -lataaja\u00a0antaa k\u00e4ytt\u00f6\u00f6n huippunykyaikaisen teknologian. Se sopii ihanteellisesti ammattilaisk\u00e4ytt\u00f6\u00f6n korjaamoissa, matkailuvaunuissa, harrasteajoneuvoissa, veneiss\u00e4 ja autoissa. MXS 10 on t\u00e4ydellinen ratkaisu moniin erilaisiin akkuongelmiin. Se antaa k\u00e4ytt\u00f6\u00f6n muun muassa seuraavat ominaisuudet: akun diagnosointi, joka ilmaisee, pystyyk\u00f6 akku vastaanottamaan virtaa ja s\u00e4ilytt\u00e4m\u00e4\u00e4n varauksen, syv\u00e4purettujen ja kerrostuneiden akkujen kunnostustoiminto, ainutlaatuinen yll\u00e4pitolataus [&hellip;]<\/p>\n","protected":false},"featured_media":0,"comment_status":"open","ping_status":"closed","template":"","meta":[],"product_brand":[],"product_cat":[104],"product_tag":[],"class_list":{"0":"post-3144","1":"product","2":"type-product","3":"status-publish","5":"product_cat-tehokkaat-yli-10a-laturit","7":"first","8":"instock","9":"taxable","10":"shipping-taxable","11":"purchasable","12":"product-type-simple"},"yoast_head":"<!-- This site is optimized with the Yoast SEO plugin v27.5 - https:\/\/yoast.com\/product\/yoast-seo-wordpress\/ -->\n<title>Automaattilaturi CTEK MXS 10, 10A, 12V -<\/title>\n<meta name=\"robots\" content=\"index, follow, max-snippet:-1, max-image-preview:large, max-video-preview:-1\" \/>\n<link rel=\"canonical\" href=\"https:\/\/www.duunauspalvelutjarvi.fi\/?product=automaattilaturi-ctek-mxs-10-10a-12v\" \/>\n<meta property=\"og:locale\" content=\"fi_FI\" \/>\n<meta property=\"og:type\" content=\"article\" \/>\n<meta property=\"og:title\" content=\"Automaattilaturi CTEK MXS 10, 10A, 12V -\" \/>\n<meta property=\"og:description\" content=\"Automaattilaturi CTEK MXS 10, 10A, 12V. MXS 10 -lataaja\u00a0antaa k\u00e4ytt\u00f6\u00f6n huippunykyaikaisen teknologian. Se sopii ihanteellisesti ammattilaisk\u00e4ytt\u00f6\u00f6n korjaamoissa, matkailuvaunuissa, harrasteajoneuvoissa, veneiss\u00e4 ja autoissa. MXS 10 on t\u00e4ydellinen ratkaisu moniin erilaisiin akkuongelmiin. Se antaa k\u00e4ytt\u00f6\u00f6n muun muassa seuraavat ominaisuudet: akun diagnosointi, joka ilmaisee, pystyyk\u00f6 akku vastaanottamaan virtaa ja s\u00e4ilytt\u00e4m\u00e4\u00e4n varauksen, syv\u00e4purettujen ja kerrostuneiden akkujen kunnostustoiminto, ainutlaatuinen yll\u00e4pitolataus [&hellip;]\" \/>\n<meta property=\"og:url\" content=\"https:\/\/www.duunauspalvelutjarvi.fi\/?product=automaattilaturi-ctek-mxs-10-10a-12v\" \/>\n<meta property=\"article:modified_time\" content=\"2021-02-23T17:55:46+00:00\" \/>\n<meta name=\"twitter:card\" content=\"summary_large_image\" \/>\n<meta name=\"twitter:label1\" content=\"Arvioitu lukuaika\" \/>\n\t<meta name=\"twitter:data1\" content=\"1 minuutti\" \/>\n<script type=\"application\/ld+json\" class=\"yoast-schema-graph\">{\"@context\":\"https:\\\/\\\/schema.org\",\"@graph\":[{\"@type\":\"WebPage\",\"@id\":\"https:\\\/\\\/www.duunauspalvelutjarvi.fi\\\/?product=automaattilaturi-ctek-mxs-10-10a-12v\",\"url\":\"https:\\\/\\\/www.duunauspalvelutjarvi.fi\\\/?product=automaattilaturi-ctek-mxs-10-10a-12v\",\"name\":\"Automaattilaturi CTEK MXS 10, 10A, 12V -\",\"isPartOf\":{\"@id\":\"https:\\\/\\\/www.duunauspalvelutjarvi.fi\\\/#website\"},\"datePublished\":\"2021-02-13T20:56:16+00:00\",\"dateModified\":\"2021-02-23T17:55:46+00:00\",\"breadcrumb\":{\"@id\":\"https:\\\/\\\/www.duunauspalvelutjarvi.fi\\\/?product=automaattilaturi-ctek-mxs-10-10a-12v#breadcrumb\"},\"inLanguage\":\"fi\",\"potentialAction\":[{\"@type\":\"ReadAction\",\"target\":[\"https:\\\/\\\/www.duunauspalvelutjarvi.fi\\\/?product=automaattilaturi-ctek-mxs-10-10a-12v\"]}]},{\"@type\":\"BreadcrumbList\",\"@id\":\"https:\\\/\\\/www.duunauspalvelutjarvi.fi\\\/?product=automaattilaturi-ctek-mxs-10-10a-12v#breadcrumb\",\"itemListElement\":[{\"@type\":\"ListItem\",\"position\":1,\"name\":\"Etusivu\",\"item\":\"https:\\\/\\\/www.duunauspalvelutjarvi.fi\\\/\"},{\"@type\":\"ListItem\",\"position\":2,\"name\":\"Etusivu\",\"item\":\"https:\\\/\\\/www.duunauspalvelutjarvi.fi\\\/\"},{\"@type\":\"ListItem\",\"position\":3,\"name\":\"Automaattilaturi CTEK MXS 10, 10A, 12V\"}]},{\"@type\":\"WebSite\",\"@id\":\"https:\\\/\\\/www.duunauspalvelutjarvi.fi\\\/#website\",\"url\":\"https:\\\/\\\/www.duunauspalvelutjarvi.fi\\\/\",\"name\":\"\",\"description\":\"\",\"potentialAction\":[{\"@type\":\"SearchAction\",\"target\":{\"@type\":\"EntryPoint\",\"urlTemplate\":\"https:\\\/\\\/www.duunauspalvelutjarvi.fi\\\/?s={search_term_string}\"},\"query-input\":{\"@type\":\"PropertyValueSpecification\",\"valueRequired\":true,\"valueName\":\"search_term_string\"}}],\"inLanguage\":\"fi\"}]}<\/script>\n<!-- \/ Yoast SEO plugin. -->","yoast_head_json":{"title":"Automaattilaturi CTEK MXS 10, 10A, 12V -","robots":{"index":"index","follow":"follow","max-snippet":"max-snippet:-1","max-image-preview":"max-image-preview:large","max-video-preview":"max-video-preview:-1"},"canonical":"https:\/\/www.duunauspalvelutjarvi.fi\/?product=automaattilaturi-ctek-mxs-10-10a-12v","og_locale":"fi_FI","og_type":"article","og_title":"Automaattilaturi CTEK MXS 10, 10A, 12V -","og_description":"Automaattilaturi CTEK MXS 10, 10A, 12V. MXS 10 -lataaja\u00a0antaa k\u00e4ytt\u00f6\u00f6n huippunykyaikaisen teknologian. Se sopii ihanteellisesti ammattilaisk\u00e4ytt\u00f6\u00f6n korjaamoissa, matkailuvaunuissa, harrasteajoneuvoissa, veneiss\u00e4 ja autoissa. MXS 10 on t\u00e4ydellinen ratkaisu moniin erilaisiin akkuongelmiin. Se antaa k\u00e4ytt\u00f6\u00f6n muun muassa seuraavat ominaisuudet: akun diagnosointi, joka ilmaisee, pystyyk\u00f6 akku vastaanottamaan virtaa ja s\u00e4ilytt\u00e4m\u00e4\u00e4n varauksen, syv\u00e4purettujen ja kerrostuneiden akkujen kunnostustoiminto, ainutlaatuinen yll\u00e4pitolataus [&hellip;]","og_url":"https:\/\/www.duunauspalvelutjarvi.fi\/?product=automaattilaturi-ctek-mxs-10-10a-12v","article_modified_time":"2021-02-23T17:55:46+00:00","twitter_card":"summary_large_image","twitter_misc":{"Arvioitu lukuaika":"1 minuutti"},"schema":{"@context":"https:\/\/schema.org","@graph":[{"@type":"WebPage","@id":"https:\/\/www.duunauspalvelutjarvi.fi\/?product=automaattilaturi-ctek-mxs-10-10a-12v","url":"https:\/\/www.duunauspalvelutjarvi.fi\/?product=automaattilaturi-ctek-mxs-10-10a-12v","name":"Automaattilaturi CTEK MXS 10, 10A, 12V -","isPartOf":{"@id":"https:\/\/www.duunauspalvelutjarvi.fi\/#website"},"datePublished":"2021-02-13T20:56:16+00:00","dateModified":"2021-02-23T17:55:46+00:00","breadcrumb":{"@id":"https:\/\/www.duunauspalvelutjarvi.fi\/?product=automaattilaturi-ctek-mxs-10-10a-12v#breadcrumb"},"inLanguage":"fi","potentialAction":[{"@type":"ReadAction","target":["https:\/\/www.duunauspalvelutjarvi.fi\/?product=automaattilaturi-ctek-mxs-10-10a-12v"]}]},{"@type":"BreadcrumbList","@id":"https:\/\/www.duunauspalvelutjarvi.fi\/?product=automaattilaturi-ctek-mxs-10-10a-12v#breadcrumb","itemListElement":[{"@type":"ListItem","position":1,"name":"Etusivu","item":"https:\/\/www.duunauspalvelutjarvi.fi\/"},{"@type":"ListItem","position":2,"name":"Etusivu","item":"https:\/\/www.duunauspalvelutjarvi.fi\/"},{"@type":"ListItem","position":3,"name":"Automaattilaturi CTEK MXS 10, 10A, 12V"}]},{"@type":"WebSite","@id":"https:\/\/www.duunauspalvelutjarvi.fi\/#website","url":"https:\/\/www.duunauspalvelutjarvi.fi\/","name":"","description":"","potentialAction":[{"@type":"SearchAction","target":{"@type":"EntryPoint","urlTemplate":"https:\/\/www.duunauspalvelutjarvi.fi\/?s={search_term_string}"},"query-input":{"@type":"PropertyValueSpecification","valueRequired":true,"valueName":"search_term_string"}}],"inLanguage":"fi"}]}},"jetpack_sharing_enabled":true,"_links":{"self":[{"href":"https:\/\/www.duunauspalvelutjarvi.fi\/index.php?rest_route=\/wp\/v2\/product\/3144","targetHints":{"allow":["GET"]}}],"collection":[{"href":"https:\/\/www.duunauspalvelutjarvi.fi\/index.php?rest_route=\/wp\/v2\/product"}],"about":[{"href":"https:\/\/www.duunauspalvelutjarvi.fi\/index.php?rest_route=\/wp\/v2\/types\/product"}],"replies":[{"embeddable":true,"href":"https:\/\/www.duunauspalvelutjarvi.fi\/index.php?rest_route=%2Fwp%2Fv2%2Fcomments&post=3144"}],"wp:attachment":[{"href":"https:\/\/www.duunauspalvelutjarvi.fi\/index.php?rest_route=%2Fwp%2Fv2%2Fmedia&parent=3144"}],"wp:term":[{"taxonomy":"product_brand","embeddable":true,"href":"https:\/\/www.duunauspalvelutjarvi.fi\/index.php?rest_route=%2Fwp%2Fv2%2Fproduct_brand&post=3144"},{"taxonomy":"product_cat","embeddable":true,"href":"https:\/\/www.duunauspalvelutjarvi.fi\/index.php?rest_route=%2Fwp%2Fv2%2Fproduct_cat&post=3144"},{"taxonomy":"product_tag","embeddable":true,"href":"https:\/\/www.duunauspalvelutjarvi.fi\/index.php?rest_route=%2Fwp%2Fv2%2Fproduct_tag&post=3144"}],"curies":[{"name":"wp","href":"https:\/\/api.w.org\/{rel}","templated":true}]}}