{"id":3150,"date":"2021-02-13T23:00:47","date_gmt":"2021-02-13T21:00:47","guid":{"rendered":"https:\/\/www.duunauspalvelutjarvi.fi\/?post_type=product&#038;p=3150"},"modified":"2021-02-23T19:57:22","modified_gmt":"2021-02-23T17:57:22","slug":"automaattilaturi-ctek-mxt-14-14a-24v","status":"publish","type":"product","link":"https:\/\/www.duunauspalvelutjarvi.fi\/?product=automaattilaturi-ctek-mxt-14-14a-24v","title":{"rendered":"Automaattilaturi CTEK MXT 14, 14A, 24V"},"content":{"rendered":"<p><b>Automaattilaturi CTEK MXT 14, 14A\u00a0<\/b>on 24 voltin lataaja ammattik\u00e4ytt\u00f6\u00f6n. Se on tarkoitettu hy\u00f6tyajoneuvoihin, joissa akkuihin kohdistuu huomattava rasitus. Lataaja on t\u00e4ydellinen ammattilaisty\u00f6kalu linja-auto-, trukki- ja kuorma-autokorjaamoille. MXT 14 sis\u00e4lt\u00e4\u00e4 kaikki tarvittavat ominaisuudet ja toiminnot, joita tarvitaan erilaisten akkuihin liittyvien ongelmien ratkaisemiseen. Se antaa k\u00e4ytt\u00f6\u00f6n muun muassa seuraavat ominaisuudet: akun diagnosointi, joka ilmaisee, pystyyk\u00f6 akku vastaanottamaan virtaa ja s\u00e4ilytt\u00e4m\u00e4\u00e4n varauksen, syv\u00e4purettujen ja kerrostuneiden akkujen kunnostustoiminto, ainutlaatuinen yll\u00e4pitolataus sek\u00e4 optimoiden latauksen s\u00e4\u00e4oloista riippumatta varmistava l\u00e4mp\u00f6tila-anturi. Lis\u00e4ksi siin\u00e4 on virtal\u00e4hdetila, joka mahdollistaa akun kytkemisen irti autosta, ilman ett\u00e4 ajoneuvon t\u00e4rke\u00e4t asetukset katoavat.<\/p>\n<p><b>MXT 14<\/b>\u00a0on t\u00e4ysautomaattinen 8-vaihelataaja, joka lataa 28\u2013300Ah:n 24V -akut 14A:n virtaa k\u00e4ytt\u00e4m\u00e4ll\u00e4 ja soveltuu yll\u00e4pitolataukseen 500Ah:iin asti. IP44-suojattu (soveltuu ulkok\u00e4ytt\u00f6\u00f6n) lataaja on suunniteltu suojaamaan ajoneuvon elektroniikkaa ja se on kipin\u00f6im\u00e4t\u00f6n, suojattu v\u00e4\u00e4r\u00e4\u00e4 napaisuutta vastaan ja oikosulkusuojattu. Tuotteella on 2 vuoden takuu.<\/p>\n<p><b>Ominaisuudet<\/b><br \/>\n\u2022 24V<br \/>\n\u2022 14A<br \/>\n\u2022 8-vaiheinen<br \/>\n\u2022 Yll\u00e4pitolatauksella<br \/>\n\u2022 Toimii virtal\u00e4hteen\u00e4<br \/>\n\u2022 L\u00e4mp\u00f6tila-anturi<br \/>\n\u2022 28-300Ah lyijyakut<br \/>\n\u2022 Avoimet, huoltovapaat, AGM- ja hyytel\u00f6akut<br \/>\n\u2022 IP44<br \/>\n\u2022 CTEK<br \/>\n\u2022 24kk takuu<\/p>\n<p><b>Tekniset tiedot<\/b><br \/>\n\u2022 Latausj\u00e4nnite: Normaali: 28,8V, *RECOND: 31,4V, SY\u00d6TT\u00d6: 27,2V<br \/>\n\u2022 Akun minimij\u00e4nnite: 2,0V<br \/>\n\u2022 Latausvirta: 14A (Max)<br \/>\n\u2022 Ottovirta: 2,9A rms (t\u00e4ydell\u00e4 latausvirralla)<br \/>\n\u2022 Vuotovirta: &lt; 1Ah\/kk<br \/>\n\u2022 Aaltoisuus: &lt; 4%<br \/>\n\u2022 Ymp\u00e4rist\u00f6n l\u00e4mp\u00f6tila: -20\u00b0C \u2013 +50\u00b0C, l\u00e4ht\u00f6tehoa alennetaan automaattisesti<br \/>\nkorkeissa l\u00e4mp\u00f6iloissa<br \/>\n\u2022 Laturin tyyppi: 8-vaiheinen, t\u00e4ysautomaattinen lataussykli<br \/>\n\u2022 Akkujen tyypit: Kaikentyyppiset 24 voltin lyijyakut (Avoimet, huoltovapaat, AGM. ja hyytel\u00f6akut)<br \/>\n\u2022 Akun kapasitetti: 28-300Ah, jopa 500Ah yll\u00e4pitolatauksessa<br \/>\n\u2022 Mitat: 235 x 130 x 65mm (P x L x K)<br \/>\n\u2022 IP65<br \/>\n\u2022 Paino: 1,9 kg<\/p>\n<p><i><br \/>\n*RECOND: Syv\u00e4purkautuneiden akkujen kunnostus<\/i><\/p>\n<p><i>*SY\u00d6TT\u00d6: Laturin k\u00e4ytt\u00f6 virtal\u00e4hteen\u00e4<\/i><i>\u00a0<\/i><\/p>\n","protected":false},"excerpt":{"rendered":"<p>Automaattilaturi CTEK MXT 14, 14A\u00a0on 24 voltin lataaja ammattik\u00e4ytt\u00f6\u00f6n. Se on tarkoitettu hy\u00f6tyajoneuvoihin, joissa akkuihin kohdistuu huomattava rasitus. Lataaja on t\u00e4ydellinen ammattilaisty\u00f6kalu linja-auto-, trukki- ja kuorma-autokorjaamoille. MXT 14 sis\u00e4lt\u00e4\u00e4 kaikki tarvittavat ominaisuudet ja toiminnot, joita tarvitaan erilaisten akkuihin liittyvien ongelmien ratkaisemiseen. Se antaa k\u00e4ytt\u00f6\u00f6n muun muassa seuraavat ominaisuudet: akun diagnosointi, joka ilmaisee, pystyyk\u00f6 akku vastaanottamaan [&hellip;]<\/p>\n","protected":false},"featured_media":0,"comment_status":"open","ping_status":"closed","template":"","meta":[],"product_brand":[],"product_cat":[104],"product_tag":[],"class_list":{"0":"post-3150","1":"product","2":"type-product","3":"status-publish","5":"product_cat-tehokkaat-yli-10a-laturit","7":"first","8":"instock","9":"taxable","10":"shipping-taxable","11":"purchasable","12":"product-type-simple"},"yoast_head":"<!-- This site is optimized with the Yoast SEO plugin v27.5 - https:\/\/yoast.com\/product\/yoast-seo-wordpress\/ -->\n<title>Automaattilaturi CTEK MXT 14, 14A, 24V -<\/title>\n<meta name=\"robots\" content=\"index, follow, max-snippet:-1, max-image-preview:large, max-video-preview:-1\" \/>\n<link rel=\"canonical\" href=\"https:\/\/www.duunauspalvelutjarvi.fi\/?product=automaattilaturi-ctek-mxt-14-14a-24v\" \/>\n<meta property=\"og:locale\" content=\"fi_FI\" \/>\n<meta property=\"og:type\" content=\"article\" \/>\n<meta property=\"og:title\" content=\"Automaattilaturi CTEK MXT 14, 14A, 24V -\" \/>\n<meta property=\"og:description\" content=\"Automaattilaturi CTEK MXT 14, 14A\u00a0on 24 voltin lataaja ammattik\u00e4ytt\u00f6\u00f6n. Se on tarkoitettu hy\u00f6tyajoneuvoihin, joissa akkuihin kohdistuu huomattava rasitus. Lataaja on t\u00e4ydellinen ammattilaisty\u00f6kalu linja-auto-, trukki- ja kuorma-autokorjaamoille. MXT 14 sis\u00e4lt\u00e4\u00e4 kaikki tarvittavat ominaisuudet ja toiminnot, joita tarvitaan erilaisten akkuihin liittyvien ongelmien ratkaisemiseen. Se antaa k\u00e4ytt\u00f6\u00f6n muun muassa seuraavat ominaisuudet: akun diagnosointi, joka ilmaisee, pystyyk\u00f6 akku vastaanottamaan [&hellip;]\" \/>\n<meta property=\"og:url\" content=\"https:\/\/www.duunauspalvelutjarvi.fi\/?product=automaattilaturi-ctek-mxt-14-14a-24v\" \/>\n<meta property=\"article:modified_time\" content=\"2021-02-23T17:57:22+00:00\" \/>\n<meta name=\"twitter:card\" content=\"summary_large_image\" \/>\n<meta name=\"twitter:label1\" content=\"Arvioitu lukuaika\" \/>\n\t<meta name=\"twitter:data1\" content=\"1 minuutti\" \/>\n<script type=\"application\/ld+json\" class=\"yoast-schema-graph\">{\"@context\":\"https:\\\/\\\/schema.org\",\"@graph\":[{\"@type\":\"WebPage\",\"@id\":\"https:\\\/\\\/www.duunauspalvelutjarvi.fi\\\/?product=automaattilaturi-ctek-mxt-14-14a-24v\",\"url\":\"https:\\\/\\\/www.duunauspalvelutjarvi.fi\\\/?product=automaattilaturi-ctek-mxt-14-14a-24v\",\"name\":\"Automaattilaturi CTEK MXT 14, 14A, 24V -\",\"isPartOf\":{\"@id\":\"https:\\\/\\\/www.duunauspalvelutjarvi.fi\\\/#website\"},\"datePublished\":\"2021-02-13T21:00:47+00:00\",\"dateModified\":\"2021-02-23T17:57:22+00:00\",\"breadcrumb\":{\"@id\":\"https:\\\/\\\/www.duunauspalvelutjarvi.fi\\\/?product=automaattilaturi-ctek-mxt-14-14a-24v#breadcrumb\"},\"inLanguage\":\"fi\",\"potentialAction\":[{\"@type\":\"ReadAction\",\"target\":[\"https:\\\/\\\/www.duunauspalvelutjarvi.fi\\\/?product=automaattilaturi-ctek-mxt-14-14a-24v\"]}]},{\"@type\":\"BreadcrumbList\",\"@id\":\"https:\\\/\\\/www.duunauspalvelutjarvi.fi\\\/?product=automaattilaturi-ctek-mxt-14-14a-24v#breadcrumb\",\"itemListElement\":[{\"@type\":\"ListItem\",\"position\":1,\"name\":\"Etusivu\",\"item\":\"https:\\\/\\\/www.duunauspalvelutjarvi.fi\\\/\"},{\"@type\":\"ListItem\",\"position\":2,\"name\":\"Etusivu\",\"item\":\"https:\\\/\\\/www.duunauspalvelutjarvi.fi\\\/\"},{\"@type\":\"ListItem\",\"position\":3,\"name\":\"Automaattilaturi CTEK MXT 14, 14A, 24V\"}]},{\"@type\":\"WebSite\",\"@id\":\"https:\\\/\\\/www.duunauspalvelutjarvi.fi\\\/#website\",\"url\":\"https:\\\/\\\/www.duunauspalvelutjarvi.fi\\\/\",\"name\":\"\",\"description\":\"\",\"potentialAction\":[{\"@type\":\"SearchAction\",\"target\":{\"@type\":\"EntryPoint\",\"urlTemplate\":\"https:\\\/\\\/www.duunauspalvelutjarvi.fi\\\/?s={search_term_string}\"},\"query-input\":{\"@type\":\"PropertyValueSpecification\",\"valueRequired\":true,\"valueName\":\"search_term_string\"}}],\"inLanguage\":\"fi\"}]}<\/script>\n<!-- \/ Yoast SEO plugin. -->","yoast_head_json":{"title":"Automaattilaturi CTEK MXT 14, 14A, 24V -","robots":{"index":"index","follow":"follow","max-snippet":"max-snippet:-1","max-image-preview":"max-image-preview:large","max-video-preview":"max-video-preview:-1"},"canonical":"https:\/\/www.duunauspalvelutjarvi.fi\/?product=automaattilaturi-ctek-mxt-14-14a-24v","og_locale":"fi_FI","og_type":"article","og_title":"Automaattilaturi CTEK MXT 14, 14A, 24V -","og_description":"Automaattilaturi CTEK MXT 14, 14A\u00a0on 24 voltin lataaja ammattik\u00e4ytt\u00f6\u00f6n. Se on tarkoitettu hy\u00f6tyajoneuvoihin, joissa akkuihin kohdistuu huomattava rasitus. Lataaja on t\u00e4ydellinen ammattilaisty\u00f6kalu linja-auto-, trukki- ja kuorma-autokorjaamoille. MXT 14 sis\u00e4lt\u00e4\u00e4 kaikki tarvittavat ominaisuudet ja toiminnot, joita tarvitaan erilaisten akkuihin liittyvien ongelmien ratkaisemiseen. Se antaa k\u00e4ytt\u00f6\u00f6n muun muassa seuraavat ominaisuudet: akun diagnosointi, joka ilmaisee, pystyyk\u00f6 akku vastaanottamaan [&hellip;]","og_url":"https:\/\/www.duunauspalvelutjarvi.fi\/?product=automaattilaturi-ctek-mxt-14-14a-24v","article_modified_time":"2021-02-23T17:57:22+00:00","twitter_card":"summary_large_image","twitter_misc":{"Arvioitu lukuaika":"1 minuutti"},"schema":{"@context":"https:\/\/schema.org","@graph":[{"@type":"WebPage","@id":"https:\/\/www.duunauspalvelutjarvi.fi\/?product=automaattilaturi-ctek-mxt-14-14a-24v","url":"https:\/\/www.duunauspalvelutjarvi.fi\/?product=automaattilaturi-ctek-mxt-14-14a-24v","name":"Automaattilaturi CTEK MXT 14, 14A, 24V -","isPartOf":{"@id":"https:\/\/www.duunauspalvelutjarvi.fi\/#website"},"datePublished":"2021-02-13T21:00:47+00:00","dateModified":"2021-02-23T17:57:22+00:00","breadcrumb":{"@id":"https:\/\/www.duunauspalvelutjarvi.fi\/?product=automaattilaturi-ctek-mxt-14-14a-24v#breadcrumb"},"inLanguage":"fi","potentialAction":[{"@type":"ReadAction","target":["https:\/\/www.duunauspalvelutjarvi.fi\/?product=automaattilaturi-ctek-mxt-14-14a-24v"]}]},{"@type":"BreadcrumbList","@id":"https:\/\/www.duunauspalvelutjarvi.fi\/?product=automaattilaturi-ctek-mxt-14-14a-24v#breadcrumb","itemListElement":[{"@type":"ListItem","position":1,"name":"Etusivu","item":"https:\/\/www.duunauspalvelutjarvi.fi\/"},{"@type":"ListItem","position":2,"name":"Etusivu","item":"https:\/\/www.duunauspalvelutjarvi.fi\/"},{"@type":"ListItem","position":3,"name":"Automaattilaturi CTEK MXT 14, 14A, 24V"}]},{"@type":"WebSite","@id":"https:\/\/www.duunauspalvelutjarvi.fi\/#website","url":"https:\/\/www.duunauspalvelutjarvi.fi\/","name":"","description":"","potentialAction":[{"@type":"SearchAction","target":{"@type":"EntryPoint","urlTemplate":"https:\/\/www.duunauspalvelutjarvi.fi\/?s={search_term_string}"},"query-input":{"@type":"PropertyValueSpecification","valueRequired":true,"valueName":"search_term_string"}}],"inLanguage":"fi"}]}},"jetpack_sharing_enabled":true,"_links":{"self":[{"href":"https:\/\/www.duunauspalvelutjarvi.fi\/index.php?rest_route=\/wp\/v2\/product\/3150","targetHints":{"allow":["GET"]}}],"collection":[{"href":"https:\/\/www.duunauspalvelutjarvi.fi\/index.php?rest_route=\/wp\/v2\/product"}],"about":[{"href":"https:\/\/www.duunauspalvelutjarvi.fi\/index.php?rest_route=\/wp\/v2\/types\/product"}],"replies":[{"embeddable":true,"href":"https:\/\/www.duunauspalvelutjarvi.fi\/index.php?rest_route=%2Fwp%2Fv2%2Fcomments&post=3150"}],"wp:attachment":[{"href":"https:\/\/www.duunauspalvelutjarvi.fi\/index.php?rest_route=%2Fwp%2Fv2%2Fmedia&parent=3150"}],"wp:term":[{"taxonomy":"product_brand","embeddable":true,"href":"https:\/\/www.duunauspalvelutjarvi.fi\/index.php?rest_route=%2Fwp%2Fv2%2Fproduct_brand&post=3150"},{"taxonomy":"product_cat","embeddable":true,"href":"https:\/\/www.duunauspalvelutjarvi.fi\/index.php?rest_route=%2Fwp%2Fv2%2Fproduct_cat&post=3150"},{"taxonomy":"product_tag","embeddable":true,"href":"https:\/\/www.duunauspalvelutjarvi.fi\/index.php?rest_route=%2Fwp%2Fv2%2Fproduct_tag&post=3150"}],"curies":[{"name":"wp","href":"https:\/\/api.w.org\/{rel}","templated":true}]}}