{"id":3152,"date":"2021-02-13T23:02:12","date_gmt":"2021-02-13T21:02:12","guid":{"rendered":"https:\/\/www.duunauspalvelutjarvi.fi\/?post_type=product&#038;p=3152"},"modified":"2021-02-23T19:57:45","modified_gmt":"2021-02-23T17:57:45","slug":"automaattilaturi-ctek-pro25s-12v","status":"publish","type":"product","link":"https:\/\/www.duunauspalvelutjarvi.fi\/?product=automaattilaturi-ctek-pro25s-12v","title":{"rendered":"Automaattilaturi CTEK PRO25S, 12V"},"content":{"rendered":"<p><b>Automaattilaturi CTEK PRO25S, 12V.\u00a0<\/b>Innovatiivinen, monik\u00e4ytt\u00f6inen sek\u00e4 tehokas automaattilaturi ja virtal\u00e4hde.<\/p>\n<p>Sopii kaikille 12V ajoneuvoakuille, my\u00f6s \u00a0LiFePo4 litiumioni akut.<\/p>\n<p><b>Toimintoja muun muassa:<\/b><br \/>\n\u2022 Lyijyakkujen elvytys<br \/>\n\u2022 Akkutesti<br \/>\n\u2022 Jatkuva j\u00e4nnite<br \/>\n\u2022 Akun yll\u00e4pito<br \/>\n\u2022 Lataustilan seuraus<\/p>\n<p><b>Tekniset tiedot:<\/b><br \/>\n\u2022 K\u00e4ytt\u00f6j\u00e4nnite: 12V<br \/>\n\u2022\u00a030-450Ah: LiFePO4<br \/>\n\u2022 40-500Ah: m\u00e4rk\u00e4akut, kalsium (Ca\/Ca), geeliakut, AGM, EFB<br \/>\n\u2022 IP44<br \/>\n\u2022 Suositellut k\u00e4ytt\u00f6l\u00e4mp\u00f6tilat: -20\u00b0C \u2026 +50\u00b0C<br \/>\n\u2022 Paino: 2,2kg<br \/>\n\u2022 2m latauskaapelit<br \/>\n\u2022 1,9m virtajohto<br \/>\n\u2022 Kest\u00e4v\u00e4 sek\u00e4 vankkarakenteinen<br \/>\n\u2022 J\u00e4nnitteen sek\u00e4 virran aaltoisuus v\u00e4h\u00e4ist\u00e4 (&lt;4%): ei vahingoita herkki\u00e4k\u00e4\u00e4n s\u00e4hk\u00f6laitteita, kipin\u00f6im\u00e4t\u00f6n ja v\u00e4\u00e4r\u00e4napaisuudelta suojattu<\/p>\n<p><b><i>Huom!<\/i><\/b><br \/>\n<b><i>Soveltuu my\u00f6s start-stop j\u00e4rjestelmiin!<\/i><\/b><\/p>\n","protected":false},"excerpt":{"rendered":"<p>Automaattilaturi CTEK PRO25S, 12V.\u00a0Innovatiivinen, monik\u00e4ytt\u00f6inen sek\u00e4 tehokas automaattilaturi ja virtal\u00e4hde. Sopii kaikille 12V ajoneuvoakuille, my\u00f6s \u00a0LiFePo4 litiumioni akut. Toimintoja muun muassa: \u2022 Lyijyakkujen elvytys \u2022 Akkutesti \u2022 Jatkuva j\u00e4nnite \u2022 Akun yll\u00e4pito \u2022 Lataustilan seuraus Tekniset tiedot: \u2022 K\u00e4ytt\u00f6j\u00e4nnite: 12V \u2022\u00a030-450Ah: LiFePO4 \u2022 40-500Ah: m\u00e4rk\u00e4akut, kalsium (Ca\/Ca), geeliakut, AGM, EFB \u2022 IP44 \u2022 Suositellut k\u00e4ytt\u00f6l\u00e4mp\u00f6tilat: [&hellip;]<\/p>\n","protected":false},"featured_media":0,"comment_status":"open","ping_status":"closed","template":"","meta":[],"product_brand":[],"product_cat":[104],"product_tag":[],"class_list":{"0":"post-3152","1":"product","2":"type-product","3":"status-publish","5":"product_cat-tehokkaat-yli-10a-laturit","7":"first","8":"instock","9":"taxable","10":"shipping-taxable","11":"purchasable","12":"product-type-simple"},"yoast_head":"<!-- This site is optimized with the Yoast SEO plugin v27.5 - https:\/\/yoast.com\/product\/yoast-seo-wordpress\/ -->\n<title>Automaattilaturi CTEK PRO25S, 12V -<\/title>\n<meta name=\"robots\" content=\"index, follow, max-snippet:-1, max-image-preview:large, max-video-preview:-1\" \/>\n<link rel=\"canonical\" href=\"https:\/\/www.duunauspalvelutjarvi.fi\/?product=automaattilaturi-ctek-pro25s-12v\" \/>\n<meta property=\"og:locale\" content=\"fi_FI\" \/>\n<meta property=\"og:type\" content=\"article\" \/>\n<meta property=\"og:title\" content=\"Automaattilaturi CTEK PRO25S, 12V -\" \/>\n<meta property=\"og:description\" content=\"Automaattilaturi CTEK PRO25S, 12V.\u00a0Innovatiivinen, monik\u00e4ytt\u00f6inen sek\u00e4 tehokas automaattilaturi ja virtal\u00e4hde. Sopii kaikille 12V ajoneuvoakuille, my\u00f6s \u00a0LiFePo4 litiumioni akut. Toimintoja muun muassa: \u2022 Lyijyakkujen elvytys \u2022 Akkutesti \u2022 Jatkuva j\u00e4nnite \u2022 Akun yll\u00e4pito \u2022 Lataustilan seuraus Tekniset tiedot: \u2022 K\u00e4ytt\u00f6j\u00e4nnite: 12V \u2022\u00a030-450Ah: LiFePO4 \u2022 40-500Ah: m\u00e4rk\u00e4akut, kalsium (Ca\/Ca), geeliakut, AGM, EFB \u2022 IP44 \u2022 Suositellut k\u00e4ytt\u00f6l\u00e4mp\u00f6tilat: [&hellip;]\" \/>\n<meta property=\"og:url\" content=\"https:\/\/www.duunauspalvelutjarvi.fi\/?product=automaattilaturi-ctek-pro25s-12v\" \/>\n<meta property=\"article:modified_time\" content=\"2021-02-23T17:57:45+00:00\" \/>\n<meta name=\"twitter:card\" content=\"summary_large_image\" \/>\n<meta name=\"twitter:label1\" content=\"Arvioitu lukuaika\" \/>\n\t<meta name=\"twitter:data1\" content=\"1 minuutti\" \/>\n<script type=\"application\/ld+json\" class=\"yoast-schema-graph\">{\"@context\":\"https:\\\/\\\/schema.org\",\"@graph\":[{\"@type\":\"WebPage\",\"@id\":\"https:\\\/\\\/www.duunauspalvelutjarvi.fi\\\/?product=automaattilaturi-ctek-pro25s-12v\",\"url\":\"https:\\\/\\\/www.duunauspalvelutjarvi.fi\\\/?product=automaattilaturi-ctek-pro25s-12v\",\"name\":\"Automaattilaturi CTEK PRO25S, 12V -\",\"isPartOf\":{\"@id\":\"https:\\\/\\\/www.duunauspalvelutjarvi.fi\\\/#website\"},\"datePublished\":\"2021-02-13T21:02:12+00:00\",\"dateModified\":\"2021-02-23T17:57:45+00:00\",\"breadcrumb\":{\"@id\":\"https:\\\/\\\/www.duunauspalvelutjarvi.fi\\\/?product=automaattilaturi-ctek-pro25s-12v#breadcrumb\"},\"inLanguage\":\"fi\",\"potentialAction\":[{\"@type\":\"ReadAction\",\"target\":[\"https:\\\/\\\/www.duunauspalvelutjarvi.fi\\\/?product=automaattilaturi-ctek-pro25s-12v\"]}]},{\"@type\":\"BreadcrumbList\",\"@id\":\"https:\\\/\\\/www.duunauspalvelutjarvi.fi\\\/?product=automaattilaturi-ctek-pro25s-12v#breadcrumb\",\"itemListElement\":[{\"@type\":\"ListItem\",\"position\":1,\"name\":\"Etusivu\",\"item\":\"https:\\\/\\\/www.duunauspalvelutjarvi.fi\\\/\"},{\"@type\":\"ListItem\",\"position\":2,\"name\":\"Etusivu\",\"item\":\"https:\\\/\\\/www.duunauspalvelutjarvi.fi\\\/\"},{\"@type\":\"ListItem\",\"position\":3,\"name\":\"Automaattilaturi CTEK PRO25S, 12V\"}]},{\"@type\":\"WebSite\",\"@id\":\"https:\\\/\\\/www.duunauspalvelutjarvi.fi\\\/#website\",\"url\":\"https:\\\/\\\/www.duunauspalvelutjarvi.fi\\\/\",\"name\":\"\",\"description\":\"\",\"potentialAction\":[{\"@type\":\"SearchAction\",\"target\":{\"@type\":\"EntryPoint\",\"urlTemplate\":\"https:\\\/\\\/www.duunauspalvelutjarvi.fi\\\/?s={search_term_string}\"},\"query-input\":{\"@type\":\"PropertyValueSpecification\",\"valueRequired\":true,\"valueName\":\"search_term_string\"}}],\"inLanguage\":\"fi\"}]}<\/script>\n<!-- \/ Yoast SEO plugin. -->","yoast_head_json":{"title":"Automaattilaturi CTEK PRO25S, 12V -","robots":{"index":"index","follow":"follow","max-snippet":"max-snippet:-1","max-image-preview":"max-image-preview:large","max-video-preview":"max-video-preview:-1"},"canonical":"https:\/\/www.duunauspalvelutjarvi.fi\/?product=automaattilaturi-ctek-pro25s-12v","og_locale":"fi_FI","og_type":"article","og_title":"Automaattilaturi CTEK PRO25S, 12V -","og_description":"Automaattilaturi CTEK PRO25S, 12V.\u00a0Innovatiivinen, monik\u00e4ytt\u00f6inen sek\u00e4 tehokas automaattilaturi ja virtal\u00e4hde. Sopii kaikille 12V ajoneuvoakuille, my\u00f6s \u00a0LiFePo4 litiumioni akut. Toimintoja muun muassa: \u2022 Lyijyakkujen elvytys \u2022 Akkutesti \u2022 Jatkuva j\u00e4nnite \u2022 Akun yll\u00e4pito \u2022 Lataustilan seuraus Tekniset tiedot: \u2022 K\u00e4ytt\u00f6j\u00e4nnite: 12V \u2022\u00a030-450Ah: LiFePO4 \u2022 40-500Ah: m\u00e4rk\u00e4akut, kalsium (Ca\/Ca), geeliakut, AGM, EFB \u2022 IP44 \u2022 Suositellut k\u00e4ytt\u00f6l\u00e4mp\u00f6tilat: [&hellip;]","og_url":"https:\/\/www.duunauspalvelutjarvi.fi\/?product=automaattilaturi-ctek-pro25s-12v","article_modified_time":"2021-02-23T17:57:45+00:00","twitter_card":"summary_large_image","twitter_misc":{"Arvioitu lukuaika":"1 minuutti"},"schema":{"@context":"https:\/\/schema.org","@graph":[{"@type":"WebPage","@id":"https:\/\/www.duunauspalvelutjarvi.fi\/?product=automaattilaturi-ctek-pro25s-12v","url":"https:\/\/www.duunauspalvelutjarvi.fi\/?product=automaattilaturi-ctek-pro25s-12v","name":"Automaattilaturi CTEK PRO25S, 12V -","isPartOf":{"@id":"https:\/\/www.duunauspalvelutjarvi.fi\/#website"},"datePublished":"2021-02-13T21:02:12+00:00","dateModified":"2021-02-23T17:57:45+00:00","breadcrumb":{"@id":"https:\/\/www.duunauspalvelutjarvi.fi\/?product=automaattilaturi-ctek-pro25s-12v#breadcrumb"},"inLanguage":"fi","potentialAction":[{"@type":"ReadAction","target":["https:\/\/www.duunauspalvelutjarvi.fi\/?product=automaattilaturi-ctek-pro25s-12v"]}]},{"@type":"BreadcrumbList","@id":"https:\/\/www.duunauspalvelutjarvi.fi\/?product=automaattilaturi-ctek-pro25s-12v#breadcrumb","itemListElement":[{"@type":"ListItem","position":1,"name":"Etusivu","item":"https:\/\/www.duunauspalvelutjarvi.fi\/"},{"@type":"ListItem","position":2,"name":"Etusivu","item":"https:\/\/www.duunauspalvelutjarvi.fi\/"},{"@type":"ListItem","position":3,"name":"Automaattilaturi CTEK PRO25S, 12V"}]},{"@type":"WebSite","@id":"https:\/\/www.duunauspalvelutjarvi.fi\/#website","url":"https:\/\/www.duunauspalvelutjarvi.fi\/","name":"","description":"","potentialAction":[{"@type":"SearchAction","target":{"@type":"EntryPoint","urlTemplate":"https:\/\/www.duunauspalvelutjarvi.fi\/?s={search_term_string}"},"query-input":{"@type":"PropertyValueSpecification","valueRequired":true,"valueName":"search_term_string"}}],"inLanguage":"fi"}]}},"jetpack_sharing_enabled":true,"_links":{"self":[{"href":"https:\/\/www.duunauspalvelutjarvi.fi\/index.php?rest_route=\/wp\/v2\/product\/3152","targetHints":{"allow":["GET"]}}],"collection":[{"href":"https:\/\/www.duunauspalvelutjarvi.fi\/index.php?rest_route=\/wp\/v2\/product"}],"about":[{"href":"https:\/\/www.duunauspalvelutjarvi.fi\/index.php?rest_route=\/wp\/v2\/types\/product"}],"replies":[{"embeddable":true,"href":"https:\/\/www.duunauspalvelutjarvi.fi\/index.php?rest_route=%2Fwp%2Fv2%2Fcomments&post=3152"}],"wp:attachment":[{"href":"https:\/\/www.duunauspalvelutjarvi.fi\/index.php?rest_route=%2Fwp%2Fv2%2Fmedia&parent=3152"}],"wp:term":[{"taxonomy":"product_brand","embeddable":true,"href":"https:\/\/www.duunauspalvelutjarvi.fi\/index.php?rest_route=%2Fwp%2Fv2%2Fproduct_brand&post=3152"},{"taxonomy":"product_cat","embeddable":true,"href":"https:\/\/www.duunauspalvelutjarvi.fi\/index.php?rest_route=%2Fwp%2Fv2%2Fproduct_cat&post=3152"},{"taxonomy":"product_tag","embeddable":true,"href":"https:\/\/www.duunauspalvelutjarvi.fi\/index.php?rest_route=%2Fwp%2Fv2%2Fproduct_tag&post=3152"}],"curies":[{"name":"wp","href":"https:\/\/api.w.org\/{rel}","templated":true}]}}