{"id":3155,"date":"2021-02-13T23:07:47","date_gmt":"2021-02-13T21:07:47","guid":{"rendered":"https:\/\/www.duunauspalvelutjarvi.fi\/?post_type=product&#038;p=3155"},"modified":"2021-02-14T13:39:02","modified_gmt":"2021-02-14T11:39:02","slug":"invertteri-150w-intelligent","status":"publish","type":"product","link":"https:\/\/www.duunauspalvelutjarvi.fi\/?product=invertteri-150w-intelligent","title":{"rendered":"Invertteri 150W, Intelligent"},"content":{"rendered":"<p><strong>Invertteri 150W tupakansytytinpistokkeella.<\/strong>\u00a0Intelligent invertteri soveltuu erinomaisesti aurinkos\u00e4hk\u00f6j\u00e4rjestelmiin, matkailuautoihin ja ty\u00f6k\u00e4ytt\u00f6\u00f6n. Invertterin avulla verkkovirralla toimivat s\u00e4hk\u00f6laitteet saadaan toimimaan my\u00f6s siell\u00e4 miss\u00e4 verkkovirtaa ei ole saatavilla. Huomaathan ett\u00e4 tehokkaammat invertterit vaativat my\u00f6s suuremman akkukapasiteetin.<\/p>\n<p>&nbsp;<\/p>\n<p>Tekniset tiedot:<\/p>\n<p>\u2022 Nimellisteho: 150W<br \/>\n\u2022 Max. 15A<br \/>\n\u2022 Hetkellinen tehonkesto 300W<br \/>\n\u2022 Lepovirta 0,28A(12V), 0,20A(24V)<br \/>\n\u2022 L\u00e4ht\u00f6j\u00e4nnite\u00a0(AC):\u00a0230V &lt;\u00b1 5%<br \/>\n\u2022 Modifoitu siniaalto<br \/>\n\u2022 Taajuus: 50Hz<br \/>\n\u2022 Akun alaj\u00e4nniteh\u00e4lytys: 10,5V \u00b1 0.5V<br \/>\n\u2022 Akun aja\u00e4nnitekatkaisu: 10,0V \u00b1 0.5V<br \/>\n\u2022 Ylij\u00e4nnitesuoja<br \/>\n\u2022 Oikosulkusuoja<br \/>\n\u2022 Ylij\u00e4nnitesuoja sis\u00e4\u00e4ntulossa<br \/>\n\u2022 V\u00e4\u00e4rinkytkenn\u00e4 suoja (DC)<br \/>\n\u2022 Ylil\u00e4mp\u00f6suoja: 65\u00b0C \u00b1 5\u00b0C<br \/>\n\u2022 Tuulettimen toiminta: Ohjattu l\u00e4mp\u00f6tila mukaan<br \/>\n\u2022 Hy\u00f6tysuhde: 85-90%<br \/>\n\u2022 Sulakkeet:\u00a01 x 15A<br \/>\n\u2022 Tupakansytytinpistoke<br \/>\n\u2022 1x230AC<br \/>\n\u2022 Mitat: 120 x 73 x 73mm<br \/>\n\u2022 Paino: 560g<br \/>\n\u2022 Valmistaja: Intelligent<br \/>\n\u2022 Takuu: 12kk<\/p>\n<p><strong><em>HUOM! S\u00e4hk\u00f6laitteiden ilmoitetut teholukemat saattavat olla moninkertaiset laitteen k\u00e4ynnistyksen aikana ja invertterin hy\u00f6tysuhde laskee jonkin verran l\u00e4mmetess\u00e4\u00e4n, joten invertteri on syyt\u00e4 mitoittaa aina yl\u00e4kanttiin.<\/em><\/strong><\/p>\n<p>&nbsp;<\/p>\n","protected":false},"excerpt":{"rendered":"<p>Invertteri 150W tupakansytytinpistokkeella.\u00a0Intelligent invertteri soveltuu erinomaisesti aurinkos\u00e4hk\u00f6j\u00e4rjestelmiin, matkailuautoihin ja ty\u00f6k\u00e4ytt\u00f6\u00f6n. Invertterin avulla verkkovirralla toimivat s\u00e4hk\u00f6laitteet saadaan toimimaan my\u00f6s siell\u00e4 miss\u00e4 verkkovirtaa ei ole saatavilla. Huomaathan ett\u00e4 tehokkaammat invertterit vaativat my\u00f6s suuremman akkukapasiteetin. &nbsp; Tekniset tiedot: \u2022 Nimellisteho: 150W \u2022 Max. 15A \u2022 Hetkellinen tehonkesto 300W \u2022 Lepovirta 0,28A(12V), 0,20A(24V) \u2022 L\u00e4ht\u00f6j\u00e4nnite\u00a0(AC):\u00a0230V &lt;\u00b1 5% \u2022 Modifoitu [&hellip;]<\/p>\n","protected":false},"featured_media":0,"comment_status":"open","ping_status":"closed","template":"","meta":[],"product_brand":[],"product_cat":[105],"product_tag":[],"class_list":{"0":"post-3155","1":"product","2":"type-product","3":"status-publish","5":"product_cat-invertterit","7":"first","8":"instock","9":"taxable","10":"shipping-taxable","11":"purchasable","12":"product-type-variable"},"yoast_head":"<!-- This site is optimized with the Yoast SEO plugin v27.4 - https:\/\/yoast.com\/product\/yoast-seo-wordpress\/ -->\n<title>Invertteri 150W, Intelligent -<\/title>\n<meta name=\"robots\" content=\"index, follow, max-snippet:-1, max-image-preview:large, max-video-preview:-1\" \/>\n<link rel=\"canonical\" href=\"https:\/\/www.duunauspalvelutjarvi.fi\/?product=invertteri-150w-intelligent\" \/>\n<meta property=\"og:locale\" content=\"fi_FI\" \/>\n<meta property=\"og:type\" content=\"article\" \/>\n<meta property=\"og:title\" content=\"Invertteri 150W, Intelligent -\" \/>\n<meta property=\"og:description\" content=\"Invertteri 150W tupakansytytinpistokkeella.\u00a0Intelligent invertteri soveltuu erinomaisesti aurinkos\u00e4hk\u00f6j\u00e4rjestelmiin, matkailuautoihin ja ty\u00f6k\u00e4ytt\u00f6\u00f6n. Invertterin avulla verkkovirralla toimivat s\u00e4hk\u00f6laitteet saadaan toimimaan my\u00f6s siell\u00e4 miss\u00e4 verkkovirtaa ei ole saatavilla. Huomaathan ett\u00e4 tehokkaammat invertterit vaativat my\u00f6s suuremman akkukapasiteetin. &nbsp; Tekniset tiedot: \u2022 Nimellisteho: 150W \u2022 Max. 15A \u2022 Hetkellinen tehonkesto 300W \u2022 Lepovirta 0,28A(12V), 0,20A(24V) \u2022 L\u00e4ht\u00f6j\u00e4nnite\u00a0(AC):\u00a0230V &lt;\u00b1 5% \u2022 Modifoitu [&hellip;]\" \/>\n<meta property=\"og:url\" content=\"https:\/\/www.duunauspalvelutjarvi.fi\/?product=invertteri-150w-intelligent\" \/>\n<meta property=\"article:modified_time\" content=\"2021-02-14T11:39:02+00:00\" \/>\n<meta name=\"twitter:card\" content=\"summary_large_image\" \/>\n<meta name=\"twitter:label1\" content=\"Arvioitu lukuaika\" \/>\n\t<meta name=\"twitter:data1\" content=\"1 minuutti\" \/>\n<script type=\"application\/ld+json\" class=\"yoast-schema-graph\">{\"@context\":\"https:\\\/\\\/schema.org\",\"@graph\":[{\"@type\":\"WebPage\",\"@id\":\"https:\\\/\\\/www.duunauspalvelutjarvi.fi\\\/?product=invertteri-150w-intelligent\",\"url\":\"https:\\\/\\\/www.duunauspalvelutjarvi.fi\\\/?product=invertteri-150w-intelligent\",\"name\":\"Invertteri 150W, Intelligent -\",\"isPartOf\":{\"@id\":\"https:\\\/\\\/www.duunauspalvelutjarvi.fi\\\/#website\"},\"datePublished\":\"2021-02-13T21:07:47+00:00\",\"dateModified\":\"2021-02-14T11:39:02+00:00\",\"breadcrumb\":{\"@id\":\"https:\\\/\\\/www.duunauspalvelutjarvi.fi\\\/?product=invertteri-150w-intelligent#breadcrumb\"},\"inLanguage\":\"fi\",\"potentialAction\":[{\"@type\":\"ReadAction\",\"target\":[\"https:\\\/\\\/www.duunauspalvelutjarvi.fi\\\/?product=invertteri-150w-intelligent\"]}]},{\"@type\":\"BreadcrumbList\",\"@id\":\"https:\\\/\\\/www.duunauspalvelutjarvi.fi\\\/?product=invertteri-150w-intelligent#breadcrumb\",\"itemListElement\":[{\"@type\":\"ListItem\",\"position\":1,\"name\":\"Etusivu\",\"item\":\"https:\\\/\\\/www.duunauspalvelutjarvi.fi\\\/\"},{\"@type\":\"ListItem\",\"position\":2,\"name\":\"Etusivu\",\"item\":\"https:\\\/\\\/www.duunauspalvelutjarvi.fi\\\/\"},{\"@type\":\"ListItem\",\"position\":3,\"name\":\"Invertteri 150W, Intelligent\"}]},{\"@type\":\"WebSite\",\"@id\":\"https:\\\/\\\/www.duunauspalvelutjarvi.fi\\\/#website\",\"url\":\"https:\\\/\\\/www.duunauspalvelutjarvi.fi\\\/\",\"name\":\"\",\"description\":\"\",\"potentialAction\":[{\"@type\":\"SearchAction\",\"target\":{\"@type\":\"EntryPoint\",\"urlTemplate\":\"https:\\\/\\\/www.duunauspalvelutjarvi.fi\\\/?s={search_term_string}\"},\"query-input\":{\"@type\":\"PropertyValueSpecification\",\"valueRequired\":true,\"valueName\":\"search_term_string\"}}],\"inLanguage\":\"fi\"}]}<\/script>\n<!-- \/ Yoast SEO plugin. -->","yoast_head_json":{"title":"Invertteri 150W, Intelligent -","robots":{"index":"index","follow":"follow","max-snippet":"max-snippet:-1","max-image-preview":"max-image-preview:large","max-video-preview":"max-video-preview:-1"},"canonical":"https:\/\/www.duunauspalvelutjarvi.fi\/?product=invertteri-150w-intelligent","og_locale":"fi_FI","og_type":"article","og_title":"Invertteri 150W, Intelligent -","og_description":"Invertteri 150W tupakansytytinpistokkeella.\u00a0Intelligent invertteri soveltuu erinomaisesti aurinkos\u00e4hk\u00f6j\u00e4rjestelmiin, matkailuautoihin ja ty\u00f6k\u00e4ytt\u00f6\u00f6n. Invertterin avulla verkkovirralla toimivat s\u00e4hk\u00f6laitteet saadaan toimimaan my\u00f6s siell\u00e4 miss\u00e4 verkkovirtaa ei ole saatavilla. Huomaathan ett\u00e4 tehokkaammat invertterit vaativat my\u00f6s suuremman akkukapasiteetin. &nbsp; Tekniset tiedot: \u2022 Nimellisteho: 150W \u2022 Max. 15A \u2022 Hetkellinen tehonkesto 300W \u2022 Lepovirta 0,28A(12V), 0,20A(24V) \u2022 L\u00e4ht\u00f6j\u00e4nnite\u00a0(AC):\u00a0230V &lt;\u00b1 5% \u2022 Modifoitu [&hellip;]","og_url":"https:\/\/www.duunauspalvelutjarvi.fi\/?product=invertteri-150w-intelligent","article_modified_time":"2021-02-14T11:39:02+00:00","twitter_card":"summary_large_image","twitter_misc":{"Arvioitu lukuaika":"1 minuutti"},"schema":{"@context":"https:\/\/schema.org","@graph":[{"@type":"WebPage","@id":"https:\/\/www.duunauspalvelutjarvi.fi\/?product=invertteri-150w-intelligent","url":"https:\/\/www.duunauspalvelutjarvi.fi\/?product=invertteri-150w-intelligent","name":"Invertteri 150W, Intelligent -","isPartOf":{"@id":"https:\/\/www.duunauspalvelutjarvi.fi\/#website"},"datePublished":"2021-02-13T21:07:47+00:00","dateModified":"2021-02-14T11:39:02+00:00","breadcrumb":{"@id":"https:\/\/www.duunauspalvelutjarvi.fi\/?product=invertteri-150w-intelligent#breadcrumb"},"inLanguage":"fi","potentialAction":[{"@type":"ReadAction","target":["https:\/\/www.duunauspalvelutjarvi.fi\/?product=invertteri-150w-intelligent"]}]},{"@type":"BreadcrumbList","@id":"https:\/\/www.duunauspalvelutjarvi.fi\/?product=invertteri-150w-intelligent#breadcrumb","itemListElement":[{"@type":"ListItem","position":1,"name":"Etusivu","item":"https:\/\/www.duunauspalvelutjarvi.fi\/"},{"@type":"ListItem","position":2,"name":"Etusivu","item":"https:\/\/www.duunauspalvelutjarvi.fi\/"},{"@type":"ListItem","position":3,"name":"Invertteri 150W, Intelligent"}]},{"@type":"WebSite","@id":"https:\/\/www.duunauspalvelutjarvi.fi\/#website","url":"https:\/\/www.duunauspalvelutjarvi.fi\/","name":"","description":"","potentialAction":[{"@type":"SearchAction","target":{"@type":"EntryPoint","urlTemplate":"https:\/\/www.duunauspalvelutjarvi.fi\/?s={search_term_string}"},"query-input":{"@type":"PropertyValueSpecification","valueRequired":true,"valueName":"search_term_string"}}],"inLanguage":"fi"}]}},"jetpack_sharing_enabled":true,"_links":{"self":[{"href":"https:\/\/www.duunauspalvelutjarvi.fi\/index.php?rest_route=\/wp\/v2\/product\/3155","targetHints":{"allow":["GET"]}}],"collection":[{"href":"https:\/\/www.duunauspalvelutjarvi.fi\/index.php?rest_route=\/wp\/v2\/product"}],"about":[{"href":"https:\/\/www.duunauspalvelutjarvi.fi\/index.php?rest_route=\/wp\/v2\/types\/product"}],"replies":[{"embeddable":true,"href":"https:\/\/www.duunauspalvelutjarvi.fi\/index.php?rest_route=%2Fwp%2Fv2%2Fcomments&post=3155"}],"wp:attachment":[{"href":"https:\/\/www.duunauspalvelutjarvi.fi\/index.php?rest_route=%2Fwp%2Fv2%2Fmedia&parent=3155"}],"wp:term":[{"taxonomy":"product_brand","embeddable":true,"href":"https:\/\/www.duunauspalvelutjarvi.fi\/index.php?rest_route=%2Fwp%2Fv2%2Fproduct_brand&post=3155"},{"taxonomy":"product_cat","embeddable":true,"href":"https:\/\/www.duunauspalvelutjarvi.fi\/index.php?rest_route=%2Fwp%2Fv2%2Fproduct_cat&post=3155"},{"taxonomy":"product_tag","embeddable":true,"href":"https:\/\/www.duunauspalvelutjarvi.fi\/index.php?rest_route=%2Fwp%2Fv2%2Fproduct_tag&post=3155"}],"curies":[{"name":"wp","href":"https:\/\/api.w.org\/{rel}","templated":true}]}}