{"id":3157,"date":"2021-02-13T23:09:16","date_gmt":"2021-02-13T21:09:16","guid":{"rendered":"https:\/\/www.duunauspalvelutjarvi.fi\/?post_type=product&#038;p=3157"},"modified":"2021-02-14T13:36:32","modified_gmt":"2021-02-14T11:36:32","slug":"invertteri-300w-intelligent","status":"publish","type":"product","link":"https:\/\/www.duunauspalvelutjarvi.fi\/?product=invertteri-300w-intelligent","title":{"rendered":"Invertteri 300W, Intelligent"},"content":{"rendered":"<p><strong>Invertteri 300W tupakansytytinpistokkeella. <\/strong>Intelligent invertteri soveltuu erinomaisesti aurinkos\u00e4hk\u00f6j\u00e4rjestelmiin, matkailuautoihin ja ty\u00f6k\u00e4ytt\u00f6\u00f6n. Invertterin avulla verkkovirralla toimivat s\u00e4hk\u00f6laitteet saadaan toimimaan my\u00f6s siell\u00e4 miss\u00e4 verkkovirtaa ei ole saatavilla. Huomaathan ett\u00e4 tehokkaammat invertterit vaativat my\u00f6s suuremman akkukapasiteetin.<\/p>\n<p><strong><br \/>\nTekniset tiedot:<br \/>\n<\/strong>\u2022 Nimellisteho: 300W<br \/>\n\u2022 Max. 35A(12V), 15A(24V)<br \/>\n\u2022 Hetkellinen tehonkesto 600W<br \/>\n\u2022 Lepovirta 0,35A(12V), 0,20A(24V)<br \/>\n\u2022 Tupakansytytinpistoke<br \/>\n\u2022 Sis\u00e4lt\u00e4\u00e4 akkukaapelit kaapelipuristimilla<br \/>\n\u2022 1x230AC<br \/>\n\u2022 Mitat: 190mm x 90mm x 75mm<br \/>\n\u2022 Takuu: 12kk<\/p>\n<p><strong><em>HUOM! S\u00e4hk\u00f6laitteiden ilmoitetut teholukemat saattavat olla moninkertaiset laitteen k\u00e4ynnistyksen aikana ja invertterin hy\u00f6tysuhde laskee jonkin verran l\u00e4mmetess\u00e4\u00e4n, joten invertteri on syyt\u00e4 mitoittaa aina yl\u00e4kanttiin.<\/em><\/strong><\/p>\n<p>&nbsp;<\/p>\n","protected":false},"excerpt":{"rendered":"<p>Invertteri 300W tupakansytytinpistokkeella. Intelligent invertteri soveltuu erinomaisesti aurinkos\u00e4hk\u00f6j\u00e4rjestelmiin, matkailuautoihin ja ty\u00f6k\u00e4ytt\u00f6\u00f6n. Invertterin avulla verkkovirralla toimivat s\u00e4hk\u00f6laitteet saadaan toimimaan my\u00f6s siell\u00e4 miss\u00e4 verkkovirtaa ei ole saatavilla. Huomaathan ett\u00e4 tehokkaammat invertterit vaativat my\u00f6s suuremman akkukapasiteetin. Tekniset tiedot: \u2022 Nimellisteho: 300W \u2022 Max. 35A(12V), 15A(24V) \u2022 Hetkellinen tehonkesto 600W \u2022 Lepovirta 0,35A(12V), 0,20A(24V) \u2022 Tupakansytytinpistoke \u2022 Sis\u00e4lt\u00e4\u00e4 akkukaapelit [&hellip;]<\/p>\n","protected":false},"featured_media":0,"comment_status":"open","ping_status":"closed","template":"","meta":[],"product_brand":[],"product_cat":[105],"product_tag":[],"class_list":{"0":"post-3157","1":"product","2":"type-product","3":"status-publish","5":"product_cat-invertterit","7":"first","8":"instock","9":"taxable","10":"shipping-taxable","11":"purchasable","12":"product-type-variable"},"yoast_head":"<!-- This site is optimized with the Yoast SEO plugin v27.4 - https:\/\/yoast.com\/product\/yoast-seo-wordpress\/ -->\n<title>Invertteri 300W, Intelligent -<\/title>\n<meta name=\"robots\" content=\"index, follow, max-snippet:-1, max-image-preview:large, max-video-preview:-1\" \/>\n<link rel=\"canonical\" href=\"https:\/\/www.duunauspalvelutjarvi.fi\/?product=invertteri-300w-intelligent\" \/>\n<meta property=\"og:locale\" content=\"fi_FI\" \/>\n<meta property=\"og:type\" content=\"article\" \/>\n<meta property=\"og:title\" content=\"Invertteri 300W, Intelligent -\" \/>\n<meta property=\"og:description\" content=\"Invertteri 300W tupakansytytinpistokkeella. Intelligent invertteri soveltuu erinomaisesti aurinkos\u00e4hk\u00f6j\u00e4rjestelmiin, matkailuautoihin ja ty\u00f6k\u00e4ytt\u00f6\u00f6n. Invertterin avulla verkkovirralla toimivat s\u00e4hk\u00f6laitteet saadaan toimimaan my\u00f6s siell\u00e4 miss\u00e4 verkkovirtaa ei ole saatavilla. Huomaathan ett\u00e4 tehokkaammat invertterit vaativat my\u00f6s suuremman akkukapasiteetin. Tekniset tiedot: \u2022 Nimellisteho: 300W \u2022 Max. 35A(12V), 15A(24V) \u2022 Hetkellinen tehonkesto 600W \u2022 Lepovirta 0,35A(12V), 0,20A(24V) \u2022 Tupakansytytinpistoke \u2022 Sis\u00e4lt\u00e4\u00e4 akkukaapelit [&hellip;]\" \/>\n<meta property=\"og:url\" content=\"https:\/\/www.duunauspalvelutjarvi.fi\/?product=invertteri-300w-intelligent\" \/>\n<meta property=\"article:modified_time\" content=\"2021-02-14T11:36:32+00:00\" \/>\n<meta name=\"twitter:card\" content=\"summary_large_image\" \/>\n<meta name=\"twitter:label1\" content=\"Arvioitu lukuaika\" \/>\n\t<meta name=\"twitter:data1\" content=\"1 minuutti\" \/>\n<script type=\"application\/ld+json\" class=\"yoast-schema-graph\">{\"@context\":\"https:\\\/\\\/schema.org\",\"@graph\":[{\"@type\":\"WebPage\",\"@id\":\"https:\\\/\\\/www.duunauspalvelutjarvi.fi\\\/?product=invertteri-300w-intelligent\",\"url\":\"https:\\\/\\\/www.duunauspalvelutjarvi.fi\\\/?product=invertteri-300w-intelligent\",\"name\":\"Invertteri 300W, Intelligent -\",\"isPartOf\":{\"@id\":\"https:\\\/\\\/www.duunauspalvelutjarvi.fi\\\/#website\"},\"datePublished\":\"2021-02-13T21:09:16+00:00\",\"dateModified\":\"2021-02-14T11:36:32+00:00\",\"breadcrumb\":{\"@id\":\"https:\\\/\\\/www.duunauspalvelutjarvi.fi\\\/?product=invertteri-300w-intelligent#breadcrumb\"},\"inLanguage\":\"fi\",\"potentialAction\":[{\"@type\":\"ReadAction\",\"target\":[\"https:\\\/\\\/www.duunauspalvelutjarvi.fi\\\/?product=invertteri-300w-intelligent\"]}]},{\"@type\":\"BreadcrumbList\",\"@id\":\"https:\\\/\\\/www.duunauspalvelutjarvi.fi\\\/?product=invertteri-300w-intelligent#breadcrumb\",\"itemListElement\":[{\"@type\":\"ListItem\",\"position\":1,\"name\":\"Etusivu\",\"item\":\"https:\\\/\\\/www.duunauspalvelutjarvi.fi\\\/\"},{\"@type\":\"ListItem\",\"position\":2,\"name\":\"Etusivu\",\"item\":\"https:\\\/\\\/www.duunauspalvelutjarvi.fi\\\/\"},{\"@type\":\"ListItem\",\"position\":3,\"name\":\"Invertteri 300W, Intelligent\"}]},{\"@type\":\"WebSite\",\"@id\":\"https:\\\/\\\/www.duunauspalvelutjarvi.fi\\\/#website\",\"url\":\"https:\\\/\\\/www.duunauspalvelutjarvi.fi\\\/\",\"name\":\"\",\"description\":\"\",\"potentialAction\":[{\"@type\":\"SearchAction\",\"target\":{\"@type\":\"EntryPoint\",\"urlTemplate\":\"https:\\\/\\\/www.duunauspalvelutjarvi.fi\\\/?s={search_term_string}\"},\"query-input\":{\"@type\":\"PropertyValueSpecification\",\"valueRequired\":true,\"valueName\":\"search_term_string\"}}],\"inLanguage\":\"fi\"}]}<\/script>\n<!-- \/ Yoast SEO plugin. -->","yoast_head_json":{"title":"Invertteri 300W, Intelligent -","robots":{"index":"index","follow":"follow","max-snippet":"max-snippet:-1","max-image-preview":"max-image-preview:large","max-video-preview":"max-video-preview:-1"},"canonical":"https:\/\/www.duunauspalvelutjarvi.fi\/?product=invertteri-300w-intelligent","og_locale":"fi_FI","og_type":"article","og_title":"Invertteri 300W, Intelligent -","og_description":"Invertteri 300W tupakansytytinpistokkeella. Intelligent invertteri soveltuu erinomaisesti aurinkos\u00e4hk\u00f6j\u00e4rjestelmiin, matkailuautoihin ja ty\u00f6k\u00e4ytt\u00f6\u00f6n. Invertterin avulla verkkovirralla toimivat s\u00e4hk\u00f6laitteet saadaan toimimaan my\u00f6s siell\u00e4 miss\u00e4 verkkovirtaa ei ole saatavilla. Huomaathan ett\u00e4 tehokkaammat invertterit vaativat my\u00f6s suuremman akkukapasiteetin. Tekniset tiedot: \u2022 Nimellisteho: 300W \u2022 Max. 35A(12V), 15A(24V) \u2022 Hetkellinen tehonkesto 600W \u2022 Lepovirta 0,35A(12V), 0,20A(24V) \u2022 Tupakansytytinpistoke \u2022 Sis\u00e4lt\u00e4\u00e4 akkukaapelit [&hellip;]","og_url":"https:\/\/www.duunauspalvelutjarvi.fi\/?product=invertteri-300w-intelligent","article_modified_time":"2021-02-14T11:36:32+00:00","twitter_card":"summary_large_image","twitter_misc":{"Arvioitu lukuaika":"1 minuutti"},"schema":{"@context":"https:\/\/schema.org","@graph":[{"@type":"WebPage","@id":"https:\/\/www.duunauspalvelutjarvi.fi\/?product=invertteri-300w-intelligent","url":"https:\/\/www.duunauspalvelutjarvi.fi\/?product=invertteri-300w-intelligent","name":"Invertteri 300W, Intelligent -","isPartOf":{"@id":"https:\/\/www.duunauspalvelutjarvi.fi\/#website"},"datePublished":"2021-02-13T21:09:16+00:00","dateModified":"2021-02-14T11:36:32+00:00","breadcrumb":{"@id":"https:\/\/www.duunauspalvelutjarvi.fi\/?product=invertteri-300w-intelligent#breadcrumb"},"inLanguage":"fi","potentialAction":[{"@type":"ReadAction","target":["https:\/\/www.duunauspalvelutjarvi.fi\/?product=invertteri-300w-intelligent"]}]},{"@type":"BreadcrumbList","@id":"https:\/\/www.duunauspalvelutjarvi.fi\/?product=invertteri-300w-intelligent#breadcrumb","itemListElement":[{"@type":"ListItem","position":1,"name":"Etusivu","item":"https:\/\/www.duunauspalvelutjarvi.fi\/"},{"@type":"ListItem","position":2,"name":"Etusivu","item":"https:\/\/www.duunauspalvelutjarvi.fi\/"},{"@type":"ListItem","position":3,"name":"Invertteri 300W, Intelligent"}]},{"@type":"WebSite","@id":"https:\/\/www.duunauspalvelutjarvi.fi\/#website","url":"https:\/\/www.duunauspalvelutjarvi.fi\/","name":"","description":"","potentialAction":[{"@type":"SearchAction","target":{"@type":"EntryPoint","urlTemplate":"https:\/\/www.duunauspalvelutjarvi.fi\/?s={search_term_string}"},"query-input":{"@type":"PropertyValueSpecification","valueRequired":true,"valueName":"search_term_string"}}],"inLanguage":"fi"}]}},"jetpack_sharing_enabled":true,"_links":{"self":[{"href":"https:\/\/www.duunauspalvelutjarvi.fi\/index.php?rest_route=\/wp\/v2\/product\/3157","targetHints":{"allow":["GET"]}}],"collection":[{"href":"https:\/\/www.duunauspalvelutjarvi.fi\/index.php?rest_route=\/wp\/v2\/product"}],"about":[{"href":"https:\/\/www.duunauspalvelutjarvi.fi\/index.php?rest_route=\/wp\/v2\/types\/product"}],"replies":[{"embeddable":true,"href":"https:\/\/www.duunauspalvelutjarvi.fi\/index.php?rest_route=%2Fwp%2Fv2%2Fcomments&post=3157"}],"wp:attachment":[{"href":"https:\/\/www.duunauspalvelutjarvi.fi\/index.php?rest_route=%2Fwp%2Fv2%2Fmedia&parent=3157"}],"wp:term":[{"taxonomy":"product_brand","embeddable":true,"href":"https:\/\/www.duunauspalvelutjarvi.fi\/index.php?rest_route=%2Fwp%2Fv2%2Fproduct_brand&post=3157"},{"taxonomy":"product_cat","embeddable":true,"href":"https:\/\/www.duunauspalvelutjarvi.fi\/index.php?rest_route=%2Fwp%2Fv2%2Fproduct_cat&post=3157"},{"taxonomy":"product_tag","embeddable":true,"href":"https:\/\/www.duunauspalvelutjarvi.fi\/index.php?rest_route=%2Fwp%2Fv2%2Fproduct_tag&post=3157"}],"curies":[{"name":"wp","href":"https:\/\/api.w.org\/{rel}","templated":true}]}}