{"id":3216,"date":"2021-02-14T14:15:05","date_gmt":"2021-02-14T12:15:05","guid":{"rendered":"https:\/\/www.duunauspalvelutjarvi.fi\/?post_type=product&#038;p=3216"},"modified":"2022-02-07T12:05:05","modified_gmt":"2022-02-07T10:05:05","slug":"fenix-akku-18650-2600-mah-arb-l18-2600","status":"publish","type":"product","link":"https:\/\/www.duunauspalvelutjarvi.fi\/?product=fenix-akku-18650-2600-mah-arb-l18-2600","title":{"rendered":"Fenix Akku 18650, 2600 mAh, ARB-L18-2600"},"content":{"rendered":"<p><strong>Fenix akku 18650, 2600 mAh Li-ion akku, ARB-L18-2600<\/strong><br \/>\n<strong>\u00a0 \u00a0<\/strong><br \/>\nFenixin uuden sukupolven 18650 3,6 V Li-ion akkukenno on markkinoiden suorituskykyisempi\u00e4 ja turvallisimpia akkukennoja. T\u00e4ss\u00e4 suurikapasiteettisessa 2600 mAh akkukennossa on kolminkertainen ylikuumenemisen est\u00e4v\u00e4 suojausrakenne. T\u00e4m\u00e4 tekee akusta eritt\u00e4in turvallisen ja luotettavan k\u00e4ytt\u00e4\u00e4. Akun suorituskyky\u00e4 valvova korkealuokkainen PCB-suojauspiiri on my\u00f6s suojattu molemmilta puolin iskuja vastaan. Akku s\u00e4ilytt\u00e4\u00e4 tehokkaasti varauksen vaikka sit\u00e4 s\u00e4ilytett\u00e4isiin k\u00e4ytt\u00e4m\u00e4tt\u00f6m\u00e4n\u00e4 pitki\u00e4kin aikoja (minimaalinen varaustilan itsepurkautumisaste).<\/p>\n<p><strong>Ominaisuudet<\/strong><br \/>\n\u2022 Nimellisj\u00e4nnite: 3,6 V<br \/>\n\u2022 Kapasiteetti: 2600 mAh<br \/>\n\u2022 PCB-suojauspiiri joka suojattu molemmilta puolin iskuja vastaan<br \/>\n\u2022 Kolminkertainen ylikuumenemisen est\u00e4v\u00e4 suojausrakenne<br \/>\n\u2022 Latauslaitteeksi suosittelemme Fenix ARE-C1 tai ARE-C2 latauslaitetta<br \/>\n\u2022 Koko: 18,5 x 68 mm<br \/>\n\u2022 Paino: 49 g<br \/>\n\u2022 Latausvirta: suositus 1A, max. 2A<br \/>\n\u2022 Paino: 49 g<\/p>\n","protected":false},"excerpt":{"rendered":"<p><a href=\"https:\/\/www.duunauspalvelutjarvi.fi\/?term=&amp;s=fenix&amp;post_type=product&amp;taxonomy=product_cat\"><img loading=\"lazy\" decoding=\"async\" class=\"alignnone size-full wp-image-10327\" src=\"https:\/\/www.duunauspalvelutjarvi.fi\/wp-content\/uploads\/2021\/09\/kuva_2021-09-01_002656.png\" alt=\"\" width=\"200\" height=\"65\" \/><\/a><\/p>\n","protected":false},"featured_media":0,"comment_status":"open","ping_status":"closed","template":"","meta":[],"product_brand":[],"product_cat":[136],"product_tag":[],"class_list":{"0":"post-3216","1":"product","2":"type-product","3":"status-publish","5":"product_cat-18650-akut","7":"first","8":"instock","9":"taxable","10":"shipping-taxable","11":"purchasable","12":"product-type-simple"},"yoast_head":"<!-- This site is optimized with the Yoast SEO plugin v27.4 - https:\/\/yoast.com\/product\/yoast-seo-wordpress\/ -->\n<title>Fenix Akku 18650, 2600 mAh, ARB-L18-2600 -<\/title>\n<meta name=\"robots\" content=\"index, follow, max-snippet:-1, max-image-preview:large, max-video-preview:-1\" \/>\n<link rel=\"canonical\" href=\"https:\/\/www.duunauspalvelutjarvi.fi\/?product=fenix-akku-18650-2600-mah-arb-l18-2600\" \/>\n<meta property=\"og:locale\" content=\"fi_FI\" \/>\n<meta property=\"og:type\" content=\"article\" \/>\n<meta property=\"og:title\" content=\"Fenix Akku 18650, 2600 mAh, ARB-L18-2600 -\" \/>\n<meta property=\"og:url\" content=\"https:\/\/www.duunauspalvelutjarvi.fi\/?product=fenix-akku-18650-2600-mah-arb-l18-2600\" \/>\n<meta property=\"article:modified_time\" content=\"2022-02-07T10:05:05+00:00\" \/>\n<meta name=\"twitter:card\" content=\"summary_large_image\" \/>\n<meta name=\"twitter:label1\" content=\"Arvioitu lukuaika\" \/>\n\t<meta name=\"twitter:data1\" content=\"1 minuutti\" \/>\n<script type=\"application\/ld+json\" class=\"yoast-schema-graph\">{\"@context\":\"https:\\\/\\\/schema.org\",\"@graph\":[{\"@type\":\"WebPage\",\"@id\":\"https:\\\/\\\/www.duunauspalvelutjarvi.fi\\\/?product=fenix-akku-18650-2600-mah-arb-l18-2600\",\"url\":\"https:\\\/\\\/www.duunauspalvelutjarvi.fi\\\/?product=fenix-akku-18650-2600-mah-arb-l18-2600\",\"name\":\"Fenix Akku 18650, 2600 mAh, ARB-L18-2600 -\",\"isPartOf\":{\"@id\":\"https:\\\/\\\/www.duunauspalvelutjarvi.fi\\\/#website\"},\"datePublished\":\"2021-02-14T12:15:05+00:00\",\"dateModified\":\"2022-02-07T10:05:05+00:00\",\"breadcrumb\":{\"@id\":\"https:\\\/\\\/www.duunauspalvelutjarvi.fi\\\/?product=fenix-akku-18650-2600-mah-arb-l18-2600#breadcrumb\"},\"inLanguage\":\"fi\",\"potentialAction\":[{\"@type\":\"ReadAction\",\"target\":[\"https:\\\/\\\/www.duunauspalvelutjarvi.fi\\\/?product=fenix-akku-18650-2600-mah-arb-l18-2600\"]}]},{\"@type\":\"BreadcrumbList\",\"@id\":\"https:\\\/\\\/www.duunauspalvelutjarvi.fi\\\/?product=fenix-akku-18650-2600-mah-arb-l18-2600#breadcrumb\",\"itemListElement\":[{\"@type\":\"ListItem\",\"position\":1,\"name\":\"Etusivu\",\"item\":\"https:\\\/\\\/www.duunauspalvelutjarvi.fi\\\/\"},{\"@type\":\"ListItem\",\"position\":2,\"name\":\"Etusivu\",\"item\":\"https:\\\/\\\/www.duunauspalvelutjarvi.fi\\\/\"},{\"@type\":\"ListItem\",\"position\":3,\"name\":\"Fenix Akku 18650, 2600 mAh, ARB-L18-2600\"}]},{\"@type\":\"WebSite\",\"@id\":\"https:\\\/\\\/www.duunauspalvelutjarvi.fi\\\/#website\",\"url\":\"https:\\\/\\\/www.duunauspalvelutjarvi.fi\\\/\",\"name\":\"\",\"description\":\"\",\"potentialAction\":[{\"@type\":\"SearchAction\",\"target\":{\"@type\":\"EntryPoint\",\"urlTemplate\":\"https:\\\/\\\/www.duunauspalvelutjarvi.fi\\\/?s={search_term_string}\"},\"query-input\":{\"@type\":\"PropertyValueSpecification\",\"valueRequired\":true,\"valueName\":\"search_term_string\"}}],\"inLanguage\":\"fi\"}]}<\/script>\n<!-- \/ Yoast SEO plugin. -->","yoast_head_json":{"title":"Fenix Akku 18650, 2600 mAh, ARB-L18-2600 -","robots":{"index":"index","follow":"follow","max-snippet":"max-snippet:-1","max-image-preview":"max-image-preview:large","max-video-preview":"max-video-preview:-1"},"canonical":"https:\/\/www.duunauspalvelutjarvi.fi\/?product=fenix-akku-18650-2600-mah-arb-l18-2600","og_locale":"fi_FI","og_type":"article","og_title":"Fenix Akku 18650, 2600 mAh, ARB-L18-2600 -","og_url":"https:\/\/www.duunauspalvelutjarvi.fi\/?product=fenix-akku-18650-2600-mah-arb-l18-2600","article_modified_time":"2022-02-07T10:05:05+00:00","twitter_card":"summary_large_image","twitter_misc":{"Arvioitu lukuaika":"1 minuutti"},"schema":{"@context":"https:\/\/schema.org","@graph":[{"@type":"WebPage","@id":"https:\/\/www.duunauspalvelutjarvi.fi\/?product=fenix-akku-18650-2600-mah-arb-l18-2600","url":"https:\/\/www.duunauspalvelutjarvi.fi\/?product=fenix-akku-18650-2600-mah-arb-l18-2600","name":"Fenix Akku 18650, 2600 mAh, ARB-L18-2600 -","isPartOf":{"@id":"https:\/\/www.duunauspalvelutjarvi.fi\/#website"},"datePublished":"2021-02-14T12:15:05+00:00","dateModified":"2022-02-07T10:05:05+00:00","breadcrumb":{"@id":"https:\/\/www.duunauspalvelutjarvi.fi\/?product=fenix-akku-18650-2600-mah-arb-l18-2600#breadcrumb"},"inLanguage":"fi","potentialAction":[{"@type":"ReadAction","target":["https:\/\/www.duunauspalvelutjarvi.fi\/?product=fenix-akku-18650-2600-mah-arb-l18-2600"]}]},{"@type":"BreadcrumbList","@id":"https:\/\/www.duunauspalvelutjarvi.fi\/?product=fenix-akku-18650-2600-mah-arb-l18-2600#breadcrumb","itemListElement":[{"@type":"ListItem","position":1,"name":"Etusivu","item":"https:\/\/www.duunauspalvelutjarvi.fi\/"},{"@type":"ListItem","position":2,"name":"Etusivu","item":"https:\/\/www.duunauspalvelutjarvi.fi\/"},{"@type":"ListItem","position":3,"name":"Fenix Akku 18650, 2600 mAh, ARB-L18-2600"}]},{"@type":"WebSite","@id":"https:\/\/www.duunauspalvelutjarvi.fi\/#website","url":"https:\/\/www.duunauspalvelutjarvi.fi\/","name":"","description":"","potentialAction":[{"@type":"SearchAction","target":{"@type":"EntryPoint","urlTemplate":"https:\/\/www.duunauspalvelutjarvi.fi\/?s={search_term_string}"},"query-input":{"@type":"PropertyValueSpecification","valueRequired":true,"valueName":"search_term_string"}}],"inLanguage":"fi"}]}},"jetpack_sharing_enabled":true,"_links":{"self":[{"href":"https:\/\/www.duunauspalvelutjarvi.fi\/index.php?rest_route=\/wp\/v2\/product\/3216","targetHints":{"allow":["GET"]}}],"collection":[{"href":"https:\/\/www.duunauspalvelutjarvi.fi\/index.php?rest_route=\/wp\/v2\/product"}],"about":[{"href":"https:\/\/www.duunauspalvelutjarvi.fi\/index.php?rest_route=\/wp\/v2\/types\/product"}],"replies":[{"embeddable":true,"href":"https:\/\/www.duunauspalvelutjarvi.fi\/index.php?rest_route=%2Fwp%2Fv2%2Fcomments&post=3216"}],"wp:attachment":[{"href":"https:\/\/www.duunauspalvelutjarvi.fi\/index.php?rest_route=%2Fwp%2Fv2%2Fmedia&parent=3216"}],"wp:term":[{"taxonomy":"product_brand","embeddable":true,"href":"https:\/\/www.duunauspalvelutjarvi.fi\/index.php?rest_route=%2Fwp%2Fv2%2Fproduct_brand&post=3216"},{"taxonomy":"product_cat","embeddable":true,"href":"https:\/\/www.duunauspalvelutjarvi.fi\/index.php?rest_route=%2Fwp%2Fv2%2Fproduct_cat&post=3216"},{"taxonomy":"product_tag","embeddable":true,"href":"https:\/\/www.duunauspalvelutjarvi.fi\/index.php?rest_route=%2Fwp%2Fv2%2Fproduct_tag&post=3216"}],"curies":[{"name":"wp","href":"https:\/\/api.w.org\/{rel}","templated":true}]}}