{"id":3223,"date":"2021-02-14T14:19:41","date_gmt":"2021-02-14T12:19:41","guid":{"rendered":"https:\/\/www.duunauspalvelutjarvi.fi\/?post_type=product&#038;p=3223"},"modified":"2022-02-07T12:07:26","modified_gmt":"2022-02-07T10:07:26","slug":"fenix-akku-18650-3500-mah","status":"publish","type":"product","link":"https:\/\/www.duunauspalvelutjarvi.fi\/?product=fenix-akku-18650-3500-mah","title":{"rendered":"Fenix Akku 18650 3500 mAh"},"content":{"rendered":"<p><b>Akkuparisto 18650 Fenix ARB-L18-3500 mAh Li-ion<\/b>.\u00a0Uuden sukupolven Fenix ARB-L18-3500 18650 Li-ion akku on er\u00e4s markkinoiden turvallisimmista ja suorituskykyisimmist\u00e4 akuista. Useita turvaominaisuuksia sis\u00e4lt\u00e4v\u00e4 suojapiiri on nyt sijoitettu akun anodip\u00e4\u00e4h\u00e4n (+). T\u00e4m\u00e4n ansiosta akku voidaan nyt ensimm\u00e4ist\u00e4 kertaa p\u00e4\u00e4lyst\u00e4\u00e4 ter\u00e4ssylinterivaipalla joka suojaa akkua ulkopuolisilta vahingollisilta kolhuilta ja iskuilta. Akun ter\u00e4ssylinterivaippa tekee akusta eritt\u00e4in turvallisen ja ehk\u00e4isee paristovauriot jotka voivat aiheutua ulkopuolisista kolhuista ja iskuista.<\/p>\n<p>Akun paras mahdollinen suorituskyky varmistetaan nelinkertaisella suojamekanismill\u00e4. Akussa on moninkertainen suojaus sen ylil\u00e4mpenemist\u00e4 vastaan. Lis\u00e4ksi akku on suojattu ylilataantumiselta, ylipurkautumiselta sek\u00e4 mahdollista oikosulkuva vastaan. T\u00e4ss\u00e4 Fenix ARB-L18-3500 Li-ion akussa ei esiinny ns. haitallista varauksen muisti-ilmi\u00f6t\u00e4 joten lataaminen on huoletonta. Akussa on eritt\u00e4in alhainen varaustilan itsepurkaumisaste vaikka sit\u00e4 s\u00e4ilytett\u00e4isiin k\u00e4ytt\u00e4m\u00e4tt\u00f6m\u00e4n\u00e4 pitki\u00e4kin aikoja. Fenix ARB-L18-3500 on er\u00e4s markkinoiden nykyaikaisemmista ja turvallisimmista korkeakapasiteettisista Li-ion ladattavista akuista.<\/p>\n<p><b><br \/>\nTekniset tiedot:<\/b><br \/>\n\u2022 Tyyppi: 18650<br \/>\n\u2022 Nimillisj\u00e4nnite: 3,6 V<br \/>\n\u2022 Kapasiteetti: 3500 mAh<br \/>\n\u2022 Latausvirta: suositus 1A, max. 2A<br \/>\n\u2022 Kehittynyt suojauspiiri<br \/>\n\u2022 Ter\u00e4ksinen suojarakenne suojaa akkua tehokkaasti mahdollisten iskujen aiheuttamilta oikosuluilta ja muilta vaaroilta<br \/>\n\u2022 Koko: 18,6 x 69 mm<br \/>\n\u2022 Paino: 50 g<br \/>\n\u2022 Takuu: 12 kk<br \/>\n\u2022 Laturisuositus: Fenix ARE-X1, ARE-X2, Fenix ARE-C2<br \/>\n\u2022 Pakkaus: 1 kpl<\/p>\n","protected":false},"excerpt":{"rendered":"<p><a href=\"https:\/\/www.duunauspalvelutjarvi.fi\/?term=&amp;s=fenix&amp;post_type=product&amp;taxonomy=product_cat\"><img loading=\"lazy\" decoding=\"async\" class=\"alignnone size-full wp-image-10327\" src=\"https:\/\/www.duunauspalvelutjarvi.fi\/wp-content\/uploads\/2021\/09\/kuva_2021-09-01_002656.png\" alt=\"\" width=\"200\" height=\"65\" \/><\/a><\/p>\n","protected":false},"featured_media":0,"comment_status":"open","ping_status":"closed","template":"","meta":[],"product_brand":[],"product_cat":[136],"product_tag":[],"class_list":{"0":"post-3223","1":"product","2":"type-product","3":"status-publish","5":"product_cat-18650-akut","7":"first","8":"instock","9":"taxable","10":"shipping-taxable","11":"purchasable","12":"product-type-simple"},"yoast_head":"<!-- This site is optimized with the Yoast SEO plugin v27.4 - https:\/\/yoast.com\/product\/yoast-seo-wordpress\/ -->\n<title>Fenix Akku 18650 3500 mAh -<\/title>\n<meta name=\"robots\" content=\"index, follow, max-snippet:-1, max-image-preview:large, max-video-preview:-1\" \/>\n<link rel=\"canonical\" href=\"https:\/\/www.duunauspalvelutjarvi.fi\/?product=fenix-akku-18650-3500-mah\" \/>\n<meta property=\"og:locale\" content=\"fi_FI\" \/>\n<meta property=\"og:type\" content=\"article\" \/>\n<meta property=\"og:title\" content=\"Fenix Akku 18650 3500 mAh -\" \/>\n<meta property=\"og:url\" content=\"https:\/\/www.duunauspalvelutjarvi.fi\/?product=fenix-akku-18650-3500-mah\" \/>\n<meta property=\"article:modified_time\" content=\"2022-02-07T10:07:26+00:00\" \/>\n<meta name=\"twitter:card\" content=\"summary_large_image\" \/>\n<meta name=\"twitter:label1\" content=\"Arvioitu lukuaika\" \/>\n\t<meta name=\"twitter:data1\" content=\"1 minuutti\" \/>\n<script type=\"application\/ld+json\" class=\"yoast-schema-graph\">{\"@context\":\"https:\\\/\\\/schema.org\",\"@graph\":[{\"@type\":\"WebPage\",\"@id\":\"https:\\\/\\\/www.duunauspalvelutjarvi.fi\\\/?product=fenix-akku-18650-3500-mah\",\"url\":\"https:\\\/\\\/www.duunauspalvelutjarvi.fi\\\/?product=fenix-akku-18650-3500-mah\",\"name\":\"Fenix Akku 18650 3500 mAh -\",\"isPartOf\":{\"@id\":\"https:\\\/\\\/www.duunauspalvelutjarvi.fi\\\/#website\"},\"datePublished\":\"2021-02-14T12:19:41+00:00\",\"dateModified\":\"2022-02-07T10:07:26+00:00\",\"breadcrumb\":{\"@id\":\"https:\\\/\\\/www.duunauspalvelutjarvi.fi\\\/?product=fenix-akku-18650-3500-mah#breadcrumb\"},\"inLanguage\":\"fi\",\"potentialAction\":[{\"@type\":\"ReadAction\",\"target\":[\"https:\\\/\\\/www.duunauspalvelutjarvi.fi\\\/?product=fenix-akku-18650-3500-mah\"]}]},{\"@type\":\"BreadcrumbList\",\"@id\":\"https:\\\/\\\/www.duunauspalvelutjarvi.fi\\\/?product=fenix-akku-18650-3500-mah#breadcrumb\",\"itemListElement\":[{\"@type\":\"ListItem\",\"position\":1,\"name\":\"Etusivu\",\"item\":\"https:\\\/\\\/www.duunauspalvelutjarvi.fi\\\/\"},{\"@type\":\"ListItem\",\"position\":2,\"name\":\"Etusivu\",\"item\":\"https:\\\/\\\/www.duunauspalvelutjarvi.fi\\\/\"},{\"@type\":\"ListItem\",\"position\":3,\"name\":\"Fenix Akku 18650 3500 mAh\"}]},{\"@type\":\"WebSite\",\"@id\":\"https:\\\/\\\/www.duunauspalvelutjarvi.fi\\\/#website\",\"url\":\"https:\\\/\\\/www.duunauspalvelutjarvi.fi\\\/\",\"name\":\"\",\"description\":\"\",\"potentialAction\":[{\"@type\":\"SearchAction\",\"target\":{\"@type\":\"EntryPoint\",\"urlTemplate\":\"https:\\\/\\\/www.duunauspalvelutjarvi.fi\\\/?s={search_term_string}\"},\"query-input\":{\"@type\":\"PropertyValueSpecification\",\"valueRequired\":true,\"valueName\":\"search_term_string\"}}],\"inLanguage\":\"fi\"}]}<\/script>\n<!-- \/ Yoast SEO plugin. -->","yoast_head_json":{"title":"Fenix Akku 18650 3500 mAh -","robots":{"index":"index","follow":"follow","max-snippet":"max-snippet:-1","max-image-preview":"max-image-preview:large","max-video-preview":"max-video-preview:-1"},"canonical":"https:\/\/www.duunauspalvelutjarvi.fi\/?product=fenix-akku-18650-3500-mah","og_locale":"fi_FI","og_type":"article","og_title":"Fenix Akku 18650 3500 mAh -","og_url":"https:\/\/www.duunauspalvelutjarvi.fi\/?product=fenix-akku-18650-3500-mah","article_modified_time":"2022-02-07T10:07:26+00:00","twitter_card":"summary_large_image","twitter_misc":{"Arvioitu lukuaika":"1 minuutti"},"schema":{"@context":"https:\/\/schema.org","@graph":[{"@type":"WebPage","@id":"https:\/\/www.duunauspalvelutjarvi.fi\/?product=fenix-akku-18650-3500-mah","url":"https:\/\/www.duunauspalvelutjarvi.fi\/?product=fenix-akku-18650-3500-mah","name":"Fenix Akku 18650 3500 mAh -","isPartOf":{"@id":"https:\/\/www.duunauspalvelutjarvi.fi\/#website"},"datePublished":"2021-02-14T12:19:41+00:00","dateModified":"2022-02-07T10:07:26+00:00","breadcrumb":{"@id":"https:\/\/www.duunauspalvelutjarvi.fi\/?product=fenix-akku-18650-3500-mah#breadcrumb"},"inLanguage":"fi","potentialAction":[{"@type":"ReadAction","target":["https:\/\/www.duunauspalvelutjarvi.fi\/?product=fenix-akku-18650-3500-mah"]}]},{"@type":"BreadcrumbList","@id":"https:\/\/www.duunauspalvelutjarvi.fi\/?product=fenix-akku-18650-3500-mah#breadcrumb","itemListElement":[{"@type":"ListItem","position":1,"name":"Etusivu","item":"https:\/\/www.duunauspalvelutjarvi.fi\/"},{"@type":"ListItem","position":2,"name":"Etusivu","item":"https:\/\/www.duunauspalvelutjarvi.fi\/"},{"@type":"ListItem","position":3,"name":"Fenix Akku 18650 3500 mAh"}]},{"@type":"WebSite","@id":"https:\/\/www.duunauspalvelutjarvi.fi\/#website","url":"https:\/\/www.duunauspalvelutjarvi.fi\/","name":"","description":"","potentialAction":[{"@type":"SearchAction","target":{"@type":"EntryPoint","urlTemplate":"https:\/\/www.duunauspalvelutjarvi.fi\/?s={search_term_string}"},"query-input":{"@type":"PropertyValueSpecification","valueRequired":true,"valueName":"search_term_string"}}],"inLanguage":"fi"}]}},"jetpack_sharing_enabled":true,"_links":{"self":[{"href":"https:\/\/www.duunauspalvelutjarvi.fi\/index.php?rest_route=\/wp\/v2\/product\/3223","targetHints":{"allow":["GET"]}}],"collection":[{"href":"https:\/\/www.duunauspalvelutjarvi.fi\/index.php?rest_route=\/wp\/v2\/product"}],"about":[{"href":"https:\/\/www.duunauspalvelutjarvi.fi\/index.php?rest_route=\/wp\/v2\/types\/product"}],"replies":[{"embeddable":true,"href":"https:\/\/www.duunauspalvelutjarvi.fi\/index.php?rest_route=%2Fwp%2Fv2%2Fcomments&post=3223"}],"wp:attachment":[{"href":"https:\/\/www.duunauspalvelutjarvi.fi\/index.php?rest_route=%2Fwp%2Fv2%2Fmedia&parent=3223"}],"wp:term":[{"taxonomy":"product_brand","embeddable":true,"href":"https:\/\/www.duunauspalvelutjarvi.fi\/index.php?rest_route=%2Fwp%2Fv2%2Fproduct_brand&post=3223"},{"taxonomy":"product_cat","embeddable":true,"href":"https:\/\/www.duunauspalvelutjarvi.fi\/index.php?rest_route=%2Fwp%2Fv2%2Fproduct_cat&post=3223"},{"taxonomy":"product_tag","embeddable":true,"href":"https:\/\/www.duunauspalvelutjarvi.fi\/index.php?rest_route=%2Fwp%2Fv2%2Fproduct_tag&post=3223"}],"curies":[{"name":"wp","href":"https:\/\/api.w.org\/{rel}","templated":true}]}}