{"id":3224,"date":"2021-02-14T14:32:57","date_gmt":"2021-02-14T12:32:57","guid":{"rendered":"https:\/\/www.duunauspalvelutjarvi.fi\/?post_type=product&#038;p=3224"},"modified":"2021-02-14T14:47:42","modified_gmt":"2021-02-14T12:47:42","slug":"xtar-mc1-usb-li-ion-akkulaturi-18650-akuille","status":"publish","type":"product","link":"https:\/\/www.duunauspalvelutjarvi.fi\/?product=xtar-mc1-usb-li-ion-akkulaturi-18650-akuille","title":{"rendered":"Xtar MC1 USB Li-ion Akkulaturi, 18650-akuille"},"content":{"rendered":"<p><strong>Xtar MC1 Plus Li-Ion akkulaturi.\u00a0<\/strong>Mikrokokoinen, yksipaikkainen Xtar MC1 Plus lataa turvallisesti kaiken kokoiset 3,6 ja 3,7 V Li-Ion akut. Laturi ottaa virtansa micro-USB-liittimest\u00e4. Mukana tulee USB-johto. Voidaan k\u00e4ytt\u00e4\u00e4 my\u00f6s lis\u00e4varusteena saatavaa verkkovirta-adapteria tai auton tupakansytytinliit\u00e4nt\u00e4\u00e4n tulevaa latausadapteria.<\/p>\n<p>Latausvirta on s\u00e4\u00e4tyy automaattisesti ja on 0,5A suurimmille 18650 ja 26650 akuille. Pienet akut ladataan sopivasti pienemm\u00e4ll\u00e4 latausvirralla. Laturissa on jousikuormitteinen latauskosketin, joten erillisi\u00e4 adaptereita ei tarvita.<\/p>\n<p>Digitaalisesti ohjattu laturi est\u00e4\u00e4 akun ylilatauksen. Markkinoilla olevat halvat ja huonolaatuiset laturit eiv\u00e4t v\u00e4ltt\u00e4m\u00e4tt\u00e4 katkaise latausta vaikka akku on t\u00e4ysi jolloin ne voivat aiheuttaa pahimmassa tapauksessa tulipaloriskin ja r\u00e4j\u00e4hdysvaaran. XTAR laturit ovat CE ja Rohs hyv\u00e4ksyttyj\u00e4 ja t\u00e4ten turvallisia k\u00e4ytt\u00e4\u00e4.<\/p>\n<p>Yksipaikkainen Li-Ion akkulaturi<\/p>\n<p><strong><br \/>\nTekniset tiedot:<\/strong><br \/>\n\u2022 Maksimi latausj\u00e4nnite 4,20 V<br \/>\n\u2022 10440\/14500\/14650\/16340\/17500\/17670\/18350\/18500\/18650\/18700\/ 22650\/ 25500\/26650 \u2022 3.6V\/3.7V Li-ion akun lataukseen<br \/>\n\u2022 Latausvirta max 0,5A<br \/>\n\u2022 Lataus lopetetetaan, kun latausvirta laskee alle 40 mA<br \/>\n\u2022 Latausaika riippuu akun varaustilasta ja kapasiteetista. Esim. 1100 mA akku latautuu n. 2,5 tunnissa.<br \/>\n\u2022 Ylilataussuoja<br \/>\n\u2022 Suojattu oikosululta ja akun v\u00e4\u00e4rinp\u00e4in kytkemiselt\u00e4<br \/>\n\u2022 Lataustilan merkkivalo<br \/>\n\u2022 Mukana USB &#8211; Micro-USB -johto ja k\u00e4ytt\u00f6ohjeet<br \/>\n\u2022 Mitat 92 x 27 x 26 mm<br \/>\n\u2022 Paino 24 g (pelkk\u00e4 laturi ilman johtoa)<br \/>\n\u2022 Takuu 12 kk<\/p>\n<p><strong>VAROITUKSET<\/strong><br \/>\n\u2022 Vain 3,6 tai 3,7 voltin Li-Ion tai LiMn akkujen lataamiseen!<br \/>\n\u2022 Vain sis\u00e4k\u00e4ytt\u00f6\u00f6n. Pid\u00e4 poissa vedest\u00e4 ja kosteudesta!<br \/>\n\u2022 \u00c4l\u00e4 miss\u00e4\u00e4n tapauksessa pura tai muuntele laitetta!<br \/>\n\u2022 \u00c4l\u00e4 lataa valvomatta!<br \/>\n\u2022 \u00c4l\u00e4 oikosulje laturia (\u00e4l\u00e4 kytke plus- ja miinustkosketinta toisiinsa esim. metallilla)<br \/>\n\u2022 \u00c4l\u00e4 koskaan lataa akkua, jonka l\u00e4mp\u00f6tila on alle 0 astetta celciusta! Li-Ion akkua saa ladata vain 0 &#8211; 40 celciusasteen l\u00e4mp\u00f6tilassa!<\/p>\n","protected":false},"excerpt":{"rendered":"<p>Xtar MC1 Plus Li-Ion akkulaturi.\u00a0Mikrokokoinen, yksipaikkainen Xtar MC1 Plus lataa turvallisesti kaiken kokoiset 3,6 ja 3,7 V Li-Ion akut. Laturi ottaa virtansa micro-USB-liittimest\u00e4. Mukana tulee USB-johto. Voidaan k\u00e4ytt\u00e4\u00e4 my\u00f6s lis\u00e4varusteena saatavaa verkkovirta-adapteria tai auton tupakansytytinliit\u00e4nt\u00e4\u00e4n tulevaa latausadapteria. Latausvirta on s\u00e4\u00e4tyy automaattisesti ja on 0,5A suurimmille 18650 ja 26650 akuille. Pienet akut ladataan sopivasti pienemm\u00e4ll\u00e4 latausvirralla. [&hellip;]<\/p>\n","protected":false},"featured_media":0,"comment_status":"open","ping_status":"closed","template":"","meta":[],"product_brand":[],"product_cat":[137],"product_tag":[],"class_list":{"0":"post-3224","1":"product","2":"type-product","3":"status-publish","5":"product_cat-akkujen-laturit","7":"first","8":"instock","9":"taxable","10":"shipping-taxable","11":"purchasable","12":"product-type-simple"},"yoast_head":"<!-- This site is optimized with the Yoast SEO plugin v27.4 - https:\/\/yoast.com\/product\/yoast-seo-wordpress\/ -->\n<title>Xtar MC1 USB Li-ion Akkulaturi, 18650-akuille -<\/title>\n<meta name=\"robots\" content=\"index, follow, max-snippet:-1, max-image-preview:large, max-video-preview:-1\" \/>\n<link rel=\"canonical\" href=\"https:\/\/www.duunauspalvelutjarvi.fi\/?product=xtar-mc1-usb-li-ion-akkulaturi-18650-akuille\" \/>\n<meta property=\"og:locale\" content=\"fi_FI\" \/>\n<meta property=\"og:type\" content=\"article\" \/>\n<meta property=\"og:title\" content=\"Xtar MC1 USB Li-ion Akkulaturi, 18650-akuille -\" \/>\n<meta property=\"og:description\" content=\"Xtar MC1 Plus Li-Ion akkulaturi.\u00a0Mikrokokoinen, yksipaikkainen Xtar MC1 Plus lataa turvallisesti kaiken kokoiset 3,6 ja 3,7 V Li-Ion akut. Laturi ottaa virtansa micro-USB-liittimest\u00e4. Mukana tulee USB-johto. Voidaan k\u00e4ytt\u00e4\u00e4 my\u00f6s lis\u00e4varusteena saatavaa verkkovirta-adapteria tai auton tupakansytytinliit\u00e4nt\u00e4\u00e4n tulevaa latausadapteria. Latausvirta on s\u00e4\u00e4tyy automaattisesti ja on 0,5A suurimmille 18650 ja 26650 akuille. Pienet akut ladataan sopivasti pienemm\u00e4ll\u00e4 latausvirralla. [&hellip;]\" \/>\n<meta property=\"og:url\" content=\"https:\/\/www.duunauspalvelutjarvi.fi\/?product=xtar-mc1-usb-li-ion-akkulaturi-18650-akuille\" \/>\n<meta property=\"article:modified_time\" content=\"2021-02-14T12:47:42+00:00\" \/>\n<meta name=\"twitter:card\" content=\"summary_large_image\" \/>\n<meta name=\"twitter:label1\" content=\"Arvioitu lukuaika\" \/>\n\t<meta name=\"twitter:data1\" content=\"1 minuutti\" \/>\n<script type=\"application\/ld+json\" class=\"yoast-schema-graph\">{\"@context\":\"https:\\\/\\\/schema.org\",\"@graph\":[{\"@type\":\"WebPage\",\"@id\":\"https:\\\/\\\/www.duunauspalvelutjarvi.fi\\\/?product=xtar-mc1-usb-li-ion-akkulaturi-18650-akuille\",\"url\":\"https:\\\/\\\/www.duunauspalvelutjarvi.fi\\\/?product=xtar-mc1-usb-li-ion-akkulaturi-18650-akuille\",\"name\":\"Xtar MC1 USB Li-ion Akkulaturi, 18650-akuille -\",\"isPartOf\":{\"@id\":\"https:\\\/\\\/www.duunauspalvelutjarvi.fi\\\/#website\"},\"datePublished\":\"2021-02-14T12:32:57+00:00\",\"dateModified\":\"2021-02-14T12:47:42+00:00\",\"breadcrumb\":{\"@id\":\"https:\\\/\\\/www.duunauspalvelutjarvi.fi\\\/?product=xtar-mc1-usb-li-ion-akkulaturi-18650-akuille#breadcrumb\"},\"inLanguage\":\"fi\",\"potentialAction\":[{\"@type\":\"ReadAction\",\"target\":[\"https:\\\/\\\/www.duunauspalvelutjarvi.fi\\\/?product=xtar-mc1-usb-li-ion-akkulaturi-18650-akuille\"]}]},{\"@type\":\"BreadcrumbList\",\"@id\":\"https:\\\/\\\/www.duunauspalvelutjarvi.fi\\\/?product=xtar-mc1-usb-li-ion-akkulaturi-18650-akuille#breadcrumb\",\"itemListElement\":[{\"@type\":\"ListItem\",\"position\":1,\"name\":\"Etusivu\",\"item\":\"https:\\\/\\\/www.duunauspalvelutjarvi.fi\\\/\"},{\"@type\":\"ListItem\",\"position\":2,\"name\":\"Etusivu\",\"item\":\"https:\\\/\\\/www.duunauspalvelutjarvi.fi\\\/\"},{\"@type\":\"ListItem\",\"position\":3,\"name\":\"Xtar MC1 USB Li-ion Akkulaturi, 18650-akuille\"}]},{\"@type\":\"WebSite\",\"@id\":\"https:\\\/\\\/www.duunauspalvelutjarvi.fi\\\/#website\",\"url\":\"https:\\\/\\\/www.duunauspalvelutjarvi.fi\\\/\",\"name\":\"\",\"description\":\"\",\"potentialAction\":[{\"@type\":\"SearchAction\",\"target\":{\"@type\":\"EntryPoint\",\"urlTemplate\":\"https:\\\/\\\/www.duunauspalvelutjarvi.fi\\\/?s={search_term_string}\"},\"query-input\":{\"@type\":\"PropertyValueSpecification\",\"valueRequired\":true,\"valueName\":\"search_term_string\"}}],\"inLanguage\":\"fi\"}]}<\/script>\n<!-- \/ Yoast SEO plugin. -->","yoast_head_json":{"title":"Xtar MC1 USB Li-ion Akkulaturi, 18650-akuille -","robots":{"index":"index","follow":"follow","max-snippet":"max-snippet:-1","max-image-preview":"max-image-preview:large","max-video-preview":"max-video-preview:-1"},"canonical":"https:\/\/www.duunauspalvelutjarvi.fi\/?product=xtar-mc1-usb-li-ion-akkulaturi-18650-akuille","og_locale":"fi_FI","og_type":"article","og_title":"Xtar MC1 USB Li-ion Akkulaturi, 18650-akuille -","og_description":"Xtar MC1 Plus Li-Ion akkulaturi.\u00a0Mikrokokoinen, yksipaikkainen Xtar MC1 Plus lataa turvallisesti kaiken kokoiset 3,6 ja 3,7 V Li-Ion akut. Laturi ottaa virtansa micro-USB-liittimest\u00e4. Mukana tulee USB-johto. Voidaan k\u00e4ytt\u00e4\u00e4 my\u00f6s lis\u00e4varusteena saatavaa verkkovirta-adapteria tai auton tupakansytytinliit\u00e4nt\u00e4\u00e4n tulevaa latausadapteria. Latausvirta on s\u00e4\u00e4tyy automaattisesti ja on 0,5A suurimmille 18650 ja 26650 akuille. Pienet akut ladataan sopivasti pienemm\u00e4ll\u00e4 latausvirralla. [&hellip;]","og_url":"https:\/\/www.duunauspalvelutjarvi.fi\/?product=xtar-mc1-usb-li-ion-akkulaturi-18650-akuille","article_modified_time":"2021-02-14T12:47:42+00:00","twitter_card":"summary_large_image","twitter_misc":{"Arvioitu lukuaika":"1 minuutti"},"schema":{"@context":"https:\/\/schema.org","@graph":[{"@type":"WebPage","@id":"https:\/\/www.duunauspalvelutjarvi.fi\/?product=xtar-mc1-usb-li-ion-akkulaturi-18650-akuille","url":"https:\/\/www.duunauspalvelutjarvi.fi\/?product=xtar-mc1-usb-li-ion-akkulaturi-18650-akuille","name":"Xtar MC1 USB Li-ion Akkulaturi, 18650-akuille -","isPartOf":{"@id":"https:\/\/www.duunauspalvelutjarvi.fi\/#website"},"datePublished":"2021-02-14T12:32:57+00:00","dateModified":"2021-02-14T12:47:42+00:00","breadcrumb":{"@id":"https:\/\/www.duunauspalvelutjarvi.fi\/?product=xtar-mc1-usb-li-ion-akkulaturi-18650-akuille#breadcrumb"},"inLanguage":"fi","potentialAction":[{"@type":"ReadAction","target":["https:\/\/www.duunauspalvelutjarvi.fi\/?product=xtar-mc1-usb-li-ion-akkulaturi-18650-akuille"]}]},{"@type":"BreadcrumbList","@id":"https:\/\/www.duunauspalvelutjarvi.fi\/?product=xtar-mc1-usb-li-ion-akkulaturi-18650-akuille#breadcrumb","itemListElement":[{"@type":"ListItem","position":1,"name":"Etusivu","item":"https:\/\/www.duunauspalvelutjarvi.fi\/"},{"@type":"ListItem","position":2,"name":"Etusivu","item":"https:\/\/www.duunauspalvelutjarvi.fi\/"},{"@type":"ListItem","position":3,"name":"Xtar MC1 USB Li-ion Akkulaturi, 18650-akuille"}]},{"@type":"WebSite","@id":"https:\/\/www.duunauspalvelutjarvi.fi\/#website","url":"https:\/\/www.duunauspalvelutjarvi.fi\/","name":"","description":"","potentialAction":[{"@type":"SearchAction","target":{"@type":"EntryPoint","urlTemplate":"https:\/\/www.duunauspalvelutjarvi.fi\/?s={search_term_string}"},"query-input":{"@type":"PropertyValueSpecification","valueRequired":true,"valueName":"search_term_string"}}],"inLanguage":"fi"}]}},"jetpack_sharing_enabled":true,"_links":{"self":[{"href":"https:\/\/www.duunauspalvelutjarvi.fi\/index.php?rest_route=\/wp\/v2\/product\/3224","targetHints":{"allow":["GET"]}}],"collection":[{"href":"https:\/\/www.duunauspalvelutjarvi.fi\/index.php?rest_route=\/wp\/v2\/product"}],"about":[{"href":"https:\/\/www.duunauspalvelutjarvi.fi\/index.php?rest_route=\/wp\/v2\/types\/product"}],"replies":[{"embeddable":true,"href":"https:\/\/www.duunauspalvelutjarvi.fi\/index.php?rest_route=%2Fwp%2Fv2%2Fcomments&post=3224"}],"wp:attachment":[{"href":"https:\/\/www.duunauspalvelutjarvi.fi\/index.php?rest_route=%2Fwp%2Fv2%2Fmedia&parent=3224"}],"wp:term":[{"taxonomy":"product_brand","embeddable":true,"href":"https:\/\/www.duunauspalvelutjarvi.fi\/index.php?rest_route=%2Fwp%2Fv2%2Fproduct_brand&post=3224"},{"taxonomy":"product_cat","embeddable":true,"href":"https:\/\/www.duunauspalvelutjarvi.fi\/index.php?rest_route=%2Fwp%2Fv2%2Fproduct_cat&post=3224"},{"taxonomy":"product_tag","embeddable":true,"href":"https:\/\/www.duunauspalvelutjarvi.fi\/index.php?rest_route=%2Fwp%2Fv2%2Fproduct_tag&post=3224"}],"curies":[{"name":"wp","href":"https:\/\/api.w.org\/{rel}","templated":true}]}}