{"id":3233,"date":"2021-02-14T14:42:20","date_gmt":"2021-02-14T12:42:20","guid":{"rendered":"https:\/\/www.duunauspalvelutjarvi.fi\/?post_type=product&#038;p=3233"},"modified":"2021-02-14T14:43:54","modified_gmt":"2021-02-14T12:43:54","slug":"armytek-handy-c2-ve-akkulaturi","status":"publish","type":"product","link":"https:\/\/www.duunauspalvelutjarvi.fi\/?product=armytek-handy-c2-ve-akkulaturi","title":{"rendered":"Armytek Handy C2 VE akkulaturi"},"content":{"rendered":"<p><strong>Armytek Handy C2 VE akkulaturi<\/strong>\u00a0Powerbank-toiminnolla.<\/p>\n<p><strong>Ominaisuudet:<br \/>\n<\/strong>\u2022\u00a0\u00c4lyk\u00e4s automaattinen akkutyypin, varaustason ja optimaalisen virran tunnistustoiminto.<br \/>\n\u2022\u00a0Erityisesti suunniteltu paristojen luotettavalle kuljettamiselle ilman ylim\u00e4\u00e4r\u00e4isi\u00e4 silikoninauhoja.<br \/>\n\u2022 Lataa IMR, Li-Ion ja Ni-MH 18650, 18700, 20700 akut<br \/>\n\u2022\u00a0Tarkka latausalgoritmi pident\u00e4\u00e4 akun k\u00e4ytt\u00f6ik\u00e4\u00e4.<br \/>\n\u2022 Pikalataus 2A virralla ja 0.5A virran automaattinen tunnistaminen (pienet akut).<br \/>\n\u2022\u00a0Tehokas powerbank-toiminto tukee laitteita, joiden latausvirta on enint\u00e4\u00e4n 2.5A.<br \/>\n\u2022\u00a0Pilaantuneiden paristojen ja p\u00e4invastaisten napojen automaattinen tunnistaminen.<br \/>\n\u2022\u00a0Lopettaa latauksen automaattisesti akun t\u00e4ytytty\u00e4 (akkutyypist\u00e4 riippuen).<br \/>\n\u2022\u00a0Aina n\u00e4kyviss\u00e4 oleva LED-merkkivalo.<br \/>\n\u2022\u00a0Mukana Micro USB -kaapeli.<br \/>\n\u2022\u00a0Voidaan k\u00e4ytt\u00e4\u00e4 sein\u00e4- ja autoadapterien kanssa (USB).<br \/>\n\u2022 Powerbank yhteensopiva iPhonen ja iPadin kanssa<\/p>\n<p><strong>Tekniset tiedot:<\/strong><br \/>\n\u2022 Kanavoiden m\u00e4\u00e4r\u00e4: 2<br \/>\n\u2022 Akun tyyppi: IMR\/ Li-Ion\/ NiMH<br \/>\n\u2022 Akun yhteensopivuus: 18650, 18700, 20700<br \/>\n\u2022 Ilmaisimen tyyppi: 2 x 4 multicolor LED<br \/>\n\u2022 Kanavakohtainen j\u00e4nnite: 4.2 V<br \/>\n\u2022 Kanavakohtainen latausvirta: 2A\/ 0.5A<br \/>\n\u2022 Sis\u00e4\u00e4ntulo: Micro-USB DC 5V \/ 4A<br \/>\n\u2022 Powerbank-toiminto: DC 5V \/ 2,5A<br \/>\n\u2022 Koko: 91mm x 55m x 31mm<br \/>\n\u2022 Paino: 68g<br \/>\n\u2022 Takuu: 5 vuotta<\/p>\n","protected":false},"excerpt":{"rendered":"<p>Armytek Handy C2 VE akkulaturi\u00a0Powerbank-toiminnolla. Ominaisuudet: \u2022\u00a0\u00c4lyk\u00e4s automaattinen akkutyypin, varaustason ja optimaalisen virran tunnistustoiminto. \u2022\u00a0Erityisesti suunniteltu paristojen luotettavalle kuljettamiselle ilman ylim\u00e4\u00e4r\u00e4isi\u00e4 silikoninauhoja. \u2022 Lataa IMR, Li-Ion ja Ni-MH 18650, 18700, 20700 akut \u2022\u00a0Tarkka latausalgoritmi pident\u00e4\u00e4 akun k\u00e4ytt\u00f6ik\u00e4\u00e4. \u2022 Pikalataus 2A virralla ja 0.5A virran automaattinen tunnistaminen (pienet akut). \u2022\u00a0Tehokas powerbank-toiminto tukee laitteita, joiden latausvirta on [&hellip;]<\/p>\n","protected":false},"featured_media":0,"comment_status":"open","ping_status":"closed","template":"","meta":[],"product_brand":[],"product_cat":[137],"product_tag":[],"class_list":{"0":"post-3233","1":"product","2":"type-product","3":"status-publish","5":"product_cat-akkujen-laturit","7":"first","8":"instock","9":"taxable","10":"shipping-taxable","11":"purchasable","12":"product-type-simple"},"yoast_head":"<!-- This site is optimized with the Yoast SEO plugin v27.4 - https:\/\/yoast.com\/product\/yoast-seo-wordpress\/ -->\n<title>Armytek Handy C2 VE akkulaturi -<\/title>\n<meta name=\"robots\" content=\"index, follow, max-snippet:-1, max-image-preview:large, max-video-preview:-1\" \/>\n<link rel=\"canonical\" href=\"https:\/\/www.duunauspalvelutjarvi.fi\/?product=armytek-handy-c2-ve-akkulaturi\" \/>\n<meta property=\"og:locale\" content=\"fi_FI\" \/>\n<meta property=\"og:type\" content=\"article\" \/>\n<meta property=\"og:title\" content=\"Armytek Handy C2 VE akkulaturi -\" \/>\n<meta property=\"og:description\" content=\"Armytek Handy C2 VE akkulaturi\u00a0Powerbank-toiminnolla. Ominaisuudet: \u2022\u00a0\u00c4lyk\u00e4s automaattinen akkutyypin, varaustason ja optimaalisen virran tunnistustoiminto. \u2022\u00a0Erityisesti suunniteltu paristojen luotettavalle kuljettamiselle ilman ylim\u00e4\u00e4r\u00e4isi\u00e4 silikoninauhoja. \u2022 Lataa IMR, Li-Ion ja Ni-MH 18650, 18700, 20700 akut \u2022\u00a0Tarkka latausalgoritmi pident\u00e4\u00e4 akun k\u00e4ytt\u00f6ik\u00e4\u00e4. \u2022 Pikalataus 2A virralla ja 0.5A virran automaattinen tunnistaminen (pienet akut). \u2022\u00a0Tehokas powerbank-toiminto tukee laitteita, joiden latausvirta on [&hellip;]\" \/>\n<meta property=\"og:url\" content=\"https:\/\/www.duunauspalvelutjarvi.fi\/?product=armytek-handy-c2-ve-akkulaturi\" \/>\n<meta property=\"article:modified_time\" content=\"2021-02-14T12:43:54+00:00\" \/>\n<meta name=\"twitter:card\" content=\"summary_large_image\" \/>\n<meta name=\"twitter:label1\" content=\"Arvioitu lukuaika\" \/>\n\t<meta name=\"twitter:data1\" content=\"1 minuutti\" \/>\n<script type=\"application\/ld+json\" class=\"yoast-schema-graph\">{\"@context\":\"https:\\\/\\\/schema.org\",\"@graph\":[{\"@type\":\"WebPage\",\"@id\":\"https:\\\/\\\/www.duunauspalvelutjarvi.fi\\\/?product=armytek-handy-c2-ve-akkulaturi\",\"url\":\"https:\\\/\\\/www.duunauspalvelutjarvi.fi\\\/?product=armytek-handy-c2-ve-akkulaturi\",\"name\":\"Armytek Handy C2 VE akkulaturi -\",\"isPartOf\":{\"@id\":\"https:\\\/\\\/www.duunauspalvelutjarvi.fi\\\/#website\"},\"datePublished\":\"2021-02-14T12:42:20+00:00\",\"dateModified\":\"2021-02-14T12:43:54+00:00\",\"breadcrumb\":{\"@id\":\"https:\\\/\\\/www.duunauspalvelutjarvi.fi\\\/?product=armytek-handy-c2-ve-akkulaturi#breadcrumb\"},\"inLanguage\":\"fi\",\"potentialAction\":[{\"@type\":\"ReadAction\",\"target\":[\"https:\\\/\\\/www.duunauspalvelutjarvi.fi\\\/?product=armytek-handy-c2-ve-akkulaturi\"]}]},{\"@type\":\"BreadcrumbList\",\"@id\":\"https:\\\/\\\/www.duunauspalvelutjarvi.fi\\\/?product=armytek-handy-c2-ve-akkulaturi#breadcrumb\",\"itemListElement\":[{\"@type\":\"ListItem\",\"position\":1,\"name\":\"Etusivu\",\"item\":\"https:\\\/\\\/www.duunauspalvelutjarvi.fi\\\/\"},{\"@type\":\"ListItem\",\"position\":2,\"name\":\"Etusivu\",\"item\":\"https:\\\/\\\/www.duunauspalvelutjarvi.fi\\\/\"},{\"@type\":\"ListItem\",\"position\":3,\"name\":\"Armytek Handy C2 VE akkulaturi\"}]},{\"@type\":\"WebSite\",\"@id\":\"https:\\\/\\\/www.duunauspalvelutjarvi.fi\\\/#website\",\"url\":\"https:\\\/\\\/www.duunauspalvelutjarvi.fi\\\/\",\"name\":\"\",\"description\":\"\",\"potentialAction\":[{\"@type\":\"SearchAction\",\"target\":{\"@type\":\"EntryPoint\",\"urlTemplate\":\"https:\\\/\\\/www.duunauspalvelutjarvi.fi\\\/?s={search_term_string}\"},\"query-input\":{\"@type\":\"PropertyValueSpecification\",\"valueRequired\":true,\"valueName\":\"search_term_string\"}}],\"inLanguage\":\"fi\"}]}<\/script>\n<!-- \/ Yoast SEO plugin. -->","yoast_head_json":{"title":"Armytek Handy C2 VE akkulaturi -","robots":{"index":"index","follow":"follow","max-snippet":"max-snippet:-1","max-image-preview":"max-image-preview:large","max-video-preview":"max-video-preview:-1"},"canonical":"https:\/\/www.duunauspalvelutjarvi.fi\/?product=armytek-handy-c2-ve-akkulaturi","og_locale":"fi_FI","og_type":"article","og_title":"Armytek Handy C2 VE akkulaturi -","og_description":"Armytek Handy C2 VE akkulaturi\u00a0Powerbank-toiminnolla. Ominaisuudet: \u2022\u00a0\u00c4lyk\u00e4s automaattinen akkutyypin, varaustason ja optimaalisen virran tunnistustoiminto. \u2022\u00a0Erityisesti suunniteltu paristojen luotettavalle kuljettamiselle ilman ylim\u00e4\u00e4r\u00e4isi\u00e4 silikoninauhoja. \u2022 Lataa IMR, Li-Ion ja Ni-MH 18650, 18700, 20700 akut \u2022\u00a0Tarkka latausalgoritmi pident\u00e4\u00e4 akun k\u00e4ytt\u00f6ik\u00e4\u00e4. \u2022 Pikalataus 2A virralla ja 0.5A virran automaattinen tunnistaminen (pienet akut). \u2022\u00a0Tehokas powerbank-toiminto tukee laitteita, joiden latausvirta on [&hellip;]","og_url":"https:\/\/www.duunauspalvelutjarvi.fi\/?product=armytek-handy-c2-ve-akkulaturi","article_modified_time":"2021-02-14T12:43:54+00:00","twitter_card":"summary_large_image","twitter_misc":{"Arvioitu lukuaika":"1 minuutti"},"schema":{"@context":"https:\/\/schema.org","@graph":[{"@type":"WebPage","@id":"https:\/\/www.duunauspalvelutjarvi.fi\/?product=armytek-handy-c2-ve-akkulaturi","url":"https:\/\/www.duunauspalvelutjarvi.fi\/?product=armytek-handy-c2-ve-akkulaturi","name":"Armytek Handy C2 VE akkulaturi -","isPartOf":{"@id":"https:\/\/www.duunauspalvelutjarvi.fi\/#website"},"datePublished":"2021-02-14T12:42:20+00:00","dateModified":"2021-02-14T12:43:54+00:00","breadcrumb":{"@id":"https:\/\/www.duunauspalvelutjarvi.fi\/?product=armytek-handy-c2-ve-akkulaturi#breadcrumb"},"inLanguage":"fi","potentialAction":[{"@type":"ReadAction","target":["https:\/\/www.duunauspalvelutjarvi.fi\/?product=armytek-handy-c2-ve-akkulaturi"]}]},{"@type":"BreadcrumbList","@id":"https:\/\/www.duunauspalvelutjarvi.fi\/?product=armytek-handy-c2-ve-akkulaturi#breadcrumb","itemListElement":[{"@type":"ListItem","position":1,"name":"Etusivu","item":"https:\/\/www.duunauspalvelutjarvi.fi\/"},{"@type":"ListItem","position":2,"name":"Etusivu","item":"https:\/\/www.duunauspalvelutjarvi.fi\/"},{"@type":"ListItem","position":3,"name":"Armytek Handy C2 VE akkulaturi"}]},{"@type":"WebSite","@id":"https:\/\/www.duunauspalvelutjarvi.fi\/#website","url":"https:\/\/www.duunauspalvelutjarvi.fi\/","name":"","description":"","potentialAction":[{"@type":"SearchAction","target":{"@type":"EntryPoint","urlTemplate":"https:\/\/www.duunauspalvelutjarvi.fi\/?s={search_term_string}"},"query-input":{"@type":"PropertyValueSpecification","valueRequired":true,"valueName":"search_term_string"}}],"inLanguage":"fi"}]}},"jetpack_sharing_enabled":true,"_links":{"self":[{"href":"https:\/\/www.duunauspalvelutjarvi.fi\/index.php?rest_route=\/wp\/v2\/product\/3233","targetHints":{"allow":["GET"]}}],"collection":[{"href":"https:\/\/www.duunauspalvelutjarvi.fi\/index.php?rest_route=\/wp\/v2\/product"}],"about":[{"href":"https:\/\/www.duunauspalvelutjarvi.fi\/index.php?rest_route=\/wp\/v2\/types\/product"}],"replies":[{"embeddable":true,"href":"https:\/\/www.duunauspalvelutjarvi.fi\/index.php?rest_route=%2Fwp%2Fv2%2Fcomments&post=3233"}],"wp:attachment":[{"href":"https:\/\/www.duunauspalvelutjarvi.fi\/index.php?rest_route=%2Fwp%2Fv2%2Fmedia&parent=3233"}],"wp:term":[{"taxonomy":"product_brand","embeddable":true,"href":"https:\/\/www.duunauspalvelutjarvi.fi\/index.php?rest_route=%2Fwp%2Fv2%2Fproduct_brand&post=3233"},{"taxonomy":"product_cat","embeddable":true,"href":"https:\/\/www.duunauspalvelutjarvi.fi\/index.php?rest_route=%2Fwp%2Fv2%2Fproduct_cat&post=3233"},{"taxonomy":"product_tag","embeddable":true,"href":"https:\/\/www.duunauspalvelutjarvi.fi\/index.php?rest_route=%2Fwp%2Fv2%2Fproduct_tag&post=3233"}],"curies":[{"name":"wp","href":"https:\/\/api.w.org\/{rel}","templated":true}]}}