{"id":3241,"date":"2021-02-14T14:52:36","date_gmt":"2021-02-14T12:52:36","guid":{"rendered":"https:\/\/www.duunauspalvelutjarvi.fi\/?post_type=product&#038;p=3241"},"modified":"2021-09-01T00:29:15","modified_gmt":"2021-08-31T21:29:15","slug":"fenix-are-a4-neljakanavainen-alylaturi","status":"publish","type":"product","link":"https:\/\/www.duunauspalvelutjarvi.fi\/?product=fenix-are-a4-neljakanavainen-alylaturi","title":{"rendered":"Fenix ARE-A4 Nelj\u00e4kanavainen \u00e4lylaturi"},"content":{"rendered":"<p><b>Fenix ARE-A4 nelj\u00e4kanavainen \u00e4lylaturi<\/b><\/p>\n<p>Fenix ARE-A4 on kehittynyt nelj\u00e4kanavainen pikalatausasema jossa monipuoliset Li-ion ja Ni-MH akkuparistojen latausmahdollisuudet. Latausasemassa voit ladata nyt jopa yhdeks\u00e4\u00e4 eri kokoista akkuparistoa (10440, 14500, 16340, 18650, 21700, 26650 Li-ion akut AA, AAA ja C Ni-MH \/ Ni-Cd akut) samanaikaisesti. Latausasema tunnistaa automaattisesti paristotyypin ja n\u00e4ytt\u00e4\u00e4 akkupariston j\u00e4nnitteen. Latauksen edistymist\u00e4 on helppo seurata LCD-n\u00e4yt\u00f6st\u00e4.<\/p>\n<p>Aseman kehittynyt pikalataus mahdollistaa nelj\u00e4n 18650 Li-ion eritt\u00e4in nopeasti mutta turvallisesti. Mikroprosessoriohjatulla latauksella, latauksen valvonnalla ja kehittyneill\u00e4 turvapiireill\u00e4 varmistetaan akkujen turvallinen lataus (suojaus oikosulkua vastaan, ylilatauksen est\u00e4v\u00e4 suojapiiri, k\u00e4\u00e4nteisen paristopolarisaation suojaus, ylij\u00e4nnitesuojaus). Verkkolataus- ja autolatausmahdollisuus (autolatauspistoke myyd\u00e4\u00e4n erikseen).<\/p>\n<p><b>Pakkaus sis\u00e4lt\u00e4\u00e4:<\/b><br \/>\n\u2022 Fenix ARE-A4 nelj\u00e4kanavainen \u00e4lylaturi<br \/>\n\u2022 Verkkovirtajohto<br \/>\n\u2022 K\u00e4ytt\u00f6ohje<\/p>\n<p><b>Ominaisuudet<\/b><br \/>\n\u2022 Tarkoitettu 1-4 kpl Li-ion: 10440, 14500, 16340, 18650, 21700, 26650 Li-ion ja AA, AAA, C Ni-MH \/ Ni-Cd -akkukennoille.<br \/>\n\u2022 Latausj\u00e4nnite: 4,2 V\/1,0A Li-ion, 1,5V\/1,0A Ni-MH<br \/>\n\u2022 Latausteho: 6 W (Ni-MH\/Ni-Cd), 16,4 W (Li-ion)<br \/>\n\u2022 K\u00e4ytt\u00f6: verkkoj\u00e4nnite 100 &#8211; 240 V AC, 50\/60Hz tai 12 &#8211; 24V pistoke<br \/>\n\u2022 Erilliset latausprosessit jokaiselle akulle<br \/>\n\u2022 Automaattinen paristotyypin tunnistus<br \/>\n\u2022 Helppolukuinen LCD-ruutu akun varaustilan, latausvirran, latausajan seurantaan<br \/>\n\u2022 Mikroprosessoriohjattu lataus ja lataustilan valvonta<br \/>\n\u2022 Mitat: 149,5 x 104 x 40,5 mm<br \/>\n\u2022 Paino: 265 g<br \/>\n\u2022 Toimintal\u00e4mp\u00f6tila: -20 OC &#8211; + 80 OC<\/p>\n","protected":false},"excerpt":{"rendered":"<p><a href=\"https:\/\/www.duunauspalvelutjarvi.fi\/?term=&amp;s=fenix&amp;post_type=product&amp;taxonomy=product_cat\"><img loading=\"lazy\" decoding=\"async\" class=\"alignnone size-full wp-image-10327\" src=\"https:\/\/www.duunauspalvelutjarvi.fi\/wp-content\/uploads\/2021\/09\/kuva_2021-09-01_002656.png\" alt=\"\" width=\"200\" height=\"65\" \/><\/a><\/p>\n","protected":false},"featured_media":0,"comment_status":"open","ping_status":"closed","template":"","meta":[],"product_brand":[],"product_cat":[137],"product_tag":[],"class_list":{"0":"post-3241","1":"product","2":"type-product","3":"status-publish","5":"product_cat-akkujen-laturit","7":"first","8":"instock","9":"taxable","10":"shipping-taxable","11":"purchasable","12":"product-type-simple"},"yoast_head":"<!-- This site is optimized with the Yoast SEO plugin v27.4 - https:\/\/yoast.com\/product\/yoast-seo-wordpress\/ -->\n<title>Fenix ARE-A4 Nelj\u00e4kanavainen \u00e4lylaturi -<\/title>\n<meta name=\"robots\" content=\"index, follow, max-snippet:-1, max-image-preview:large, max-video-preview:-1\" \/>\n<link rel=\"canonical\" href=\"https:\/\/www.duunauspalvelutjarvi.fi\/?product=fenix-are-a4-neljakanavainen-alylaturi\" \/>\n<meta property=\"og:locale\" content=\"fi_FI\" \/>\n<meta property=\"og:type\" content=\"article\" \/>\n<meta property=\"og:title\" content=\"Fenix ARE-A4 Nelj\u00e4kanavainen \u00e4lylaturi -\" \/>\n<meta property=\"og:url\" content=\"https:\/\/www.duunauspalvelutjarvi.fi\/?product=fenix-are-a4-neljakanavainen-alylaturi\" \/>\n<meta property=\"article:modified_time\" content=\"2021-08-31T21:29:15+00:00\" \/>\n<meta name=\"twitter:card\" content=\"summary_large_image\" \/>\n<meta name=\"twitter:label1\" content=\"Arvioitu lukuaika\" \/>\n\t<meta name=\"twitter:data1\" content=\"1 minuutti\" \/>\n<script type=\"application\/ld+json\" class=\"yoast-schema-graph\">{\"@context\":\"https:\\\/\\\/schema.org\",\"@graph\":[{\"@type\":\"WebPage\",\"@id\":\"https:\\\/\\\/www.duunauspalvelutjarvi.fi\\\/?product=fenix-are-a4-neljakanavainen-alylaturi\",\"url\":\"https:\\\/\\\/www.duunauspalvelutjarvi.fi\\\/?product=fenix-are-a4-neljakanavainen-alylaturi\",\"name\":\"Fenix ARE-A4 Nelj\u00e4kanavainen \u00e4lylaturi -\",\"isPartOf\":{\"@id\":\"https:\\\/\\\/www.duunauspalvelutjarvi.fi\\\/#website\"},\"datePublished\":\"2021-02-14T12:52:36+00:00\",\"dateModified\":\"2021-08-31T21:29:15+00:00\",\"breadcrumb\":{\"@id\":\"https:\\\/\\\/www.duunauspalvelutjarvi.fi\\\/?product=fenix-are-a4-neljakanavainen-alylaturi#breadcrumb\"},\"inLanguage\":\"fi\",\"potentialAction\":[{\"@type\":\"ReadAction\",\"target\":[\"https:\\\/\\\/www.duunauspalvelutjarvi.fi\\\/?product=fenix-are-a4-neljakanavainen-alylaturi\"]}]},{\"@type\":\"BreadcrumbList\",\"@id\":\"https:\\\/\\\/www.duunauspalvelutjarvi.fi\\\/?product=fenix-are-a4-neljakanavainen-alylaturi#breadcrumb\",\"itemListElement\":[{\"@type\":\"ListItem\",\"position\":1,\"name\":\"Etusivu\",\"item\":\"https:\\\/\\\/www.duunauspalvelutjarvi.fi\\\/\"},{\"@type\":\"ListItem\",\"position\":2,\"name\":\"Etusivu\",\"item\":\"https:\\\/\\\/www.duunauspalvelutjarvi.fi\\\/\"},{\"@type\":\"ListItem\",\"position\":3,\"name\":\"Fenix ARE-A4 Nelj\u00e4kanavainen \u00e4lylaturi\"}]},{\"@type\":\"WebSite\",\"@id\":\"https:\\\/\\\/www.duunauspalvelutjarvi.fi\\\/#website\",\"url\":\"https:\\\/\\\/www.duunauspalvelutjarvi.fi\\\/\",\"name\":\"\",\"description\":\"\",\"potentialAction\":[{\"@type\":\"SearchAction\",\"target\":{\"@type\":\"EntryPoint\",\"urlTemplate\":\"https:\\\/\\\/www.duunauspalvelutjarvi.fi\\\/?s={search_term_string}\"},\"query-input\":{\"@type\":\"PropertyValueSpecification\",\"valueRequired\":true,\"valueName\":\"search_term_string\"}}],\"inLanguage\":\"fi\"}]}<\/script>\n<!-- \/ Yoast SEO plugin. -->","yoast_head_json":{"title":"Fenix ARE-A4 Nelj\u00e4kanavainen \u00e4lylaturi -","robots":{"index":"index","follow":"follow","max-snippet":"max-snippet:-1","max-image-preview":"max-image-preview:large","max-video-preview":"max-video-preview:-1"},"canonical":"https:\/\/www.duunauspalvelutjarvi.fi\/?product=fenix-are-a4-neljakanavainen-alylaturi","og_locale":"fi_FI","og_type":"article","og_title":"Fenix ARE-A4 Nelj\u00e4kanavainen \u00e4lylaturi -","og_url":"https:\/\/www.duunauspalvelutjarvi.fi\/?product=fenix-are-a4-neljakanavainen-alylaturi","article_modified_time":"2021-08-31T21:29:15+00:00","twitter_card":"summary_large_image","twitter_misc":{"Arvioitu lukuaika":"1 minuutti"},"schema":{"@context":"https:\/\/schema.org","@graph":[{"@type":"WebPage","@id":"https:\/\/www.duunauspalvelutjarvi.fi\/?product=fenix-are-a4-neljakanavainen-alylaturi","url":"https:\/\/www.duunauspalvelutjarvi.fi\/?product=fenix-are-a4-neljakanavainen-alylaturi","name":"Fenix ARE-A4 Nelj\u00e4kanavainen \u00e4lylaturi -","isPartOf":{"@id":"https:\/\/www.duunauspalvelutjarvi.fi\/#website"},"datePublished":"2021-02-14T12:52:36+00:00","dateModified":"2021-08-31T21:29:15+00:00","breadcrumb":{"@id":"https:\/\/www.duunauspalvelutjarvi.fi\/?product=fenix-are-a4-neljakanavainen-alylaturi#breadcrumb"},"inLanguage":"fi","potentialAction":[{"@type":"ReadAction","target":["https:\/\/www.duunauspalvelutjarvi.fi\/?product=fenix-are-a4-neljakanavainen-alylaturi"]}]},{"@type":"BreadcrumbList","@id":"https:\/\/www.duunauspalvelutjarvi.fi\/?product=fenix-are-a4-neljakanavainen-alylaturi#breadcrumb","itemListElement":[{"@type":"ListItem","position":1,"name":"Etusivu","item":"https:\/\/www.duunauspalvelutjarvi.fi\/"},{"@type":"ListItem","position":2,"name":"Etusivu","item":"https:\/\/www.duunauspalvelutjarvi.fi\/"},{"@type":"ListItem","position":3,"name":"Fenix ARE-A4 Nelj\u00e4kanavainen \u00e4lylaturi"}]},{"@type":"WebSite","@id":"https:\/\/www.duunauspalvelutjarvi.fi\/#website","url":"https:\/\/www.duunauspalvelutjarvi.fi\/","name":"","description":"","potentialAction":[{"@type":"SearchAction","target":{"@type":"EntryPoint","urlTemplate":"https:\/\/www.duunauspalvelutjarvi.fi\/?s={search_term_string}"},"query-input":{"@type":"PropertyValueSpecification","valueRequired":true,"valueName":"search_term_string"}}],"inLanguage":"fi"}]}},"jetpack_sharing_enabled":true,"_links":{"self":[{"href":"https:\/\/www.duunauspalvelutjarvi.fi\/index.php?rest_route=\/wp\/v2\/product\/3241","targetHints":{"allow":["GET"]}}],"collection":[{"href":"https:\/\/www.duunauspalvelutjarvi.fi\/index.php?rest_route=\/wp\/v2\/product"}],"about":[{"href":"https:\/\/www.duunauspalvelutjarvi.fi\/index.php?rest_route=\/wp\/v2\/types\/product"}],"replies":[{"embeddable":true,"href":"https:\/\/www.duunauspalvelutjarvi.fi\/index.php?rest_route=%2Fwp%2Fv2%2Fcomments&post=3241"}],"wp:attachment":[{"href":"https:\/\/www.duunauspalvelutjarvi.fi\/index.php?rest_route=%2Fwp%2Fv2%2Fmedia&parent=3241"}],"wp:term":[{"taxonomy":"product_brand","embeddable":true,"href":"https:\/\/www.duunauspalvelutjarvi.fi\/index.php?rest_route=%2Fwp%2Fv2%2Fproduct_brand&post=3241"},{"taxonomy":"product_cat","embeddable":true,"href":"https:\/\/www.duunauspalvelutjarvi.fi\/index.php?rest_route=%2Fwp%2Fv2%2Fproduct_cat&post=3241"},{"taxonomy":"product_tag","embeddable":true,"href":"https:\/\/www.duunauspalvelutjarvi.fi\/index.php?rest_route=%2Fwp%2Fv2%2Fproduct_tag&post=3241"}],"curies":[{"name":"wp","href":"https:\/\/api.w.org\/{rel}","templated":true}]}}