{"id":3262,"date":"2021-02-14T23:09:26","date_gmt":"2021-02-14T21:09:26","guid":{"rendered":"https:\/\/www.duunauspalvelutjarvi.fi\/?post_type=product&#038;p=3262"},"modified":"2025-10-09T11:36:49","modified_gmt":"2025-10-09T08:36:49","slug":"led-lisavalo-luminalights-defender-9-ref-30","status":"publish","type":"product","link":"https:\/\/www.duunauspalvelutjarvi.fi\/?product=led-lisavalo-luminalights-defender-9-ref-30","title":{"rendered":"LuminaLights Defender+ 9 Amber led-lis\u00e4valo"},"content":{"rendered":"<p>LuminaLights Defender+ 9 Amber on Defender+ sarjan huippu-uutuus. Keltaisen linssin ansiosta sumussa sek\u00e4 lumisateessa ajaminen on suoraan sanoen nautinto! T\u00e4m\u00e4 lis\u00e4valo on hyv\u00e4ksytty tieliikenteeseen ja on varustettu leve\u00e4ll\u00e4 yhdistelm\u00e4valokuviolla. Taattua LuminaLights laatua 24kk takuulla!<\/p>\n<p><strong>Valitse pelkk\u00e4 valaisin, tai valmis lis\u00e4valopaketti.<\/strong><\/p>\n<p>2 valon t\u00e4ydellinen lis\u00e4valopaketti sis\u00e4lt\u00e4\u00e4:<\/p>\n<ul>\n<li>2 x Defender+ 9 AMBER lis\u00e4valo<\/li>\n<li>2 x Tukitanko<\/li>\n<li>Lis\u00e4valoteline RST Pro 3mm<\/li>\n<li>Relejohtosarja<\/li>\n<li>Kiinnitysruuvit lis\u00e4valotelineelle<\/li>\n<\/ul>\n<p><strong>3 valon t\u00e4ydellinen lis\u00e4valopaketti sis\u00e4lt\u00e4\u00e4:<\/strong><\/p>\n<ul>\n<li>3 x Defender+ 9 AMBER lis\u00e4valo<\/li>\n<li>3 x Tukitanko<\/li>\n<li>Lis\u00e4valoteline 3-valolle Wide RST<\/li>\n<li>Relejohtosarjat<\/li>\n<li>Kiinnitysruuvit lis\u00e4valotelineelle<\/li>\n<\/ul>\n<div class=\"ProductFile__name\"><strong><a href=\"https:\/\/www.duunauspalvelutjarvi.fi\/wp-content\/uploads\/2021\/02\/8020105206-LuminaLights_DEFENDER_manual_a1ed79ff3d4537a187cf91af3ea06601.pdf\">LuminaLights_DEFENDER+_manual.pdf<\/a><\/strong><\/div>\n<div><\/div>\n","protected":false},"excerpt":{"rendered":"<p>LuminaLights Defender+ 9 Amber on Defender+ sarjan huippu-uutuus. Keltaisen linssin ansiosta sumussa sek\u00e4 lumisateessa ajaminen on suoraan sanoen nautinto! T\u00e4m\u00e4 lis\u00e4valo on hyv\u00e4ksytty tieliikenteeseen ja on varustettu leve\u00e4ll\u00e4 yhdistelm\u00e4valokuviolla. Taattua LuminaLights laatua 24kk takuulla! Valitse pelkk\u00e4 valaisin, tai valmis lis\u00e4valopaketti. 2 valon t\u00e4ydellinen lis\u00e4valopaketti sis\u00e4lt\u00e4\u00e4: 2 x Defender+ 9 AMBER lis\u00e4valo 2 x Tukitanko Lis\u00e4valoteline [&hellip;]<\/p>\n","protected":false},"featured_media":15275,"comment_status":"open","ping_status":"closed","template":"","meta":[],"product_brand":[704],"product_cat":[43],"product_tag":[],"class_list":{"0":"post-3262","1":"product","2":"type-product","3":"status-publish","4":"has-post-thumbnail","6":"product_brand-luminalights","7":"product_cat-pyoreat-lisavalot","8":"product_shipping_class-l-paketti","10":"first","11":"instock","12":"taxable","13":"shipping-taxable","14":"purchasable","15":"product-type-variable"},"yoast_head":"<!-- This site is optimized with the Yoast SEO plugin v27.5 - https:\/\/yoast.com\/product\/yoast-seo-wordpress\/ -->\n<title>LuminaLights Defender+ 9 Amber led-lis\u00e4valo -<\/title>\n<meta name=\"robots\" content=\"index, follow, max-snippet:-1, max-image-preview:large, max-video-preview:-1\" \/>\n<link rel=\"canonical\" href=\"https:\/\/www.duunauspalvelutjarvi.fi\/?product=led-lisavalo-luminalights-defender-9-ref-30\" \/>\n<meta property=\"og:locale\" content=\"fi_FI\" \/>\n<meta property=\"og:type\" content=\"article\" \/>\n<meta property=\"og:title\" content=\"LuminaLights Defender+ 9 Amber led-lis\u00e4valo -\" \/>\n<meta property=\"og:description\" content=\"LuminaLights Defender+ 9 Amber on Defender+ sarjan huippu-uutuus. Keltaisen linssin ansiosta sumussa sek\u00e4 lumisateessa ajaminen on suoraan sanoen nautinto! T\u00e4m\u00e4 lis\u00e4valo on hyv\u00e4ksytty tieliikenteeseen ja on varustettu leve\u00e4ll\u00e4 yhdistelm\u00e4valokuviolla. Taattua LuminaLights laatua 24kk takuulla! Valitse pelkk\u00e4 valaisin, tai valmis lis\u00e4valopaketti. 2 valon t\u00e4ydellinen lis\u00e4valopaketti sis\u00e4lt\u00e4\u00e4: 2 x Defender+ 9 AMBER lis\u00e4valo 2 x Tukitanko Lis\u00e4valoteline [&hellip;]\" \/>\n<meta property=\"og:url\" content=\"https:\/\/www.duunauspalvelutjarvi.fi\/?product=led-lisavalo-luminalights-defender-9-ref-30\" \/>\n<meta property=\"article:modified_time\" content=\"2025-10-09T08:36:49+00:00\" \/>\n<meta property=\"og:image\" content=\"https:\/\/www.duunauspalvelutjarvi.fi\/wp-content\/uploads\/2021\/02\/luminalightsdefender9amberled-lisavalo_8020105206_674e55ed438f_1.webp\" \/>\n\t<meta property=\"og:image:width\" content=\"2048\" \/>\n\t<meta property=\"og:image:height\" content=\"2048\" \/>\n\t<meta property=\"og:image:type\" content=\"image\/webp\" \/>\n<meta name=\"twitter:card\" content=\"summary_large_image\" \/>\n<meta name=\"twitter:label1\" content=\"Arvioitu lukuaika\" \/>\n\t<meta name=\"twitter:data1\" content=\"1 minuutti\" \/>\n<script type=\"application\/ld+json\" class=\"yoast-schema-graph\">{\"@context\":\"https:\\\/\\\/schema.org\",\"@graph\":[{\"@type\":\"WebPage\",\"@id\":\"https:\\\/\\\/www.duunauspalvelutjarvi.fi\\\/?product=led-lisavalo-luminalights-defender-9-ref-30\",\"url\":\"https:\\\/\\\/www.duunauspalvelutjarvi.fi\\\/?product=led-lisavalo-luminalights-defender-9-ref-30\",\"name\":\"LuminaLights Defender+ 9 Amber led-lis\u00e4valo -\",\"isPartOf\":{\"@id\":\"https:\\\/\\\/www.duunauspalvelutjarvi.fi\\\/#website\"},\"primaryImageOfPage\":{\"@id\":\"https:\\\/\\\/www.duunauspalvelutjarvi.fi\\\/?product=led-lisavalo-luminalights-defender-9-ref-30#primaryimage\"},\"image\":{\"@id\":\"https:\\\/\\\/www.duunauspalvelutjarvi.fi\\\/?product=led-lisavalo-luminalights-defender-9-ref-30#primaryimage\"},\"thumbnailUrl\":\"https:\\\/\\\/www.duunauspalvelutjarvi.fi\\\/wp-content\\\/uploads\\\/2021\\\/02\\\/luminalightsdefender9amberled-lisavalo_8020105206_674e55ed438f_1.webp\",\"datePublished\":\"2021-02-14T21:09:26+00:00\",\"dateModified\":\"2025-10-09T08:36:49+00:00\",\"breadcrumb\":{\"@id\":\"https:\\\/\\\/www.duunauspalvelutjarvi.fi\\\/?product=led-lisavalo-luminalights-defender-9-ref-30#breadcrumb\"},\"inLanguage\":\"fi\",\"potentialAction\":[{\"@type\":\"ReadAction\",\"target\":[\"https:\\\/\\\/www.duunauspalvelutjarvi.fi\\\/?product=led-lisavalo-luminalights-defender-9-ref-30\"]}]},{\"@type\":\"ImageObject\",\"inLanguage\":\"fi\",\"@id\":\"https:\\\/\\\/www.duunauspalvelutjarvi.fi\\\/?product=led-lisavalo-luminalights-defender-9-ref-30#primaryimage\",\"url\":\"https:\\\/\\\/www.duunauspalvelutjarvi.fi\\\/wp-content\\\/uploads\\\/2021\\\/02\\\/luminalightsdefender9amberled-lisavalo_8020105206_674e55ed438f_1.webp\",\"contentUrl\":\"https:\\\/\\\/www.duunauspalvelutjarvi.fi\\\/wp-content\\\/uploads\\\/2021\\\/02\\\/luminalightsdefender9amberled-lisavalo_8020105206_674e55ed438f_1.webp\",\"width\":2048,\"height\":2048},{\"@type\":\"BreadcrumbList\",\"@id\":\"https:\\\/\\\/www.duunauspalvelutjarvi.fi\\\/?product=led-lisavalo-luminalights-defender-9-ref-30#breadcrumb\",\"itemListElement\":[{\"@type\":\"ListItem\",\"position\":1,\"name\":\"Etusivu\",\"item\":\"https:\\\/\\\/www.duunauspalvelutjarvi.fi\\\/\"},{\"@type\":\"ListItem\",\"position\":2,\"name\":\"Etusivu\",\"item\":\"https:\\\/\\\/www.duunauspalvelutjarvi.fi\\\/\"},{\"@type\":\"ListItem\",\"position\":3,\"name\":\"LuminaLights Defender+ 9 Amber led-lis\u00e4valo\"}]},{\"@type\":\"WebSite\",\"@id\":\"https:\\\/\\\/www.duunauspalvelutjarvi.fi\\\/#website\",\"url\":\"https:\\\/\\\/www.duunauspalvelutjarvi.fi\\\/\",\"name\":\"\",\"description\":\"\",\"potentialAction\":[{\"@type\":\"SearchAction\",\"target\":{\"@type\":\"EntryPoint\",\"urlTemplate\":\"https:\\\/\\\/www.duunauspalvelutjarvi.fi\\\/?s={search_term_string}\"},\"query-input\":{\"@type\":\"PropertyValueSpecification\",\"valueRequired\":true,\"valueName\":\"search_term_string\"}}],\"inLanguage\":\"fi\"}]}<\/script>\n<!-- \/ Yoast SEO plugin. -->","yoast_head_json":{"title":"LuminaLights Defender+ 9 Amber led-lis\u00e4valo -","robots":{"index":"index","follow":"follow","max-snippet":"max-snippet:-1","max-image-preview":"max-image-preview:large","max-video-preview":"max-video-preview:-1"},"canonical":"https:\/\/www.duunauspalvelutjarvi.fi\/?product=led-lisavalo-luminalights-defender-9-ref-30","og_locale":"fi_FI","og_type":"article","og_title":"LuminaLights Defender+ 9 Amber led-lis\u00e4valo -","og_description":"LuminaLights Defender+ 9 Amber on Defender+ sarjan huippu-uutuus. Keltaisen linssin ansiosta sumussa sek\u00e4 lumisateessa ajaminen on suoraan sanoen nautinto! T\u00e4m\u00e4 lis\u00e4valo on hyv\u00e4ksytty tieliikenteeseen ja on varustettu leve\u00e4ll\u00e4 yhdistelm\u00e4valokuviolla. Taattua LuminaLights laatua 24kk takuulla! Valitse pelkk\u00e4 valaisin, tai valmis lis\u00e4valopaketti. 2 valon t\u00e4ydellinen lis\u00e4valopaketti sis\u00e4lt\u00e4\u00e4: 2 x Defender+ 9 AMBER lis\u00e4valo 2 x Tukitanko Lis\u00e4valoteline [&hellip;]","og_url":"https:\/\/www.duunauspalvelutjarvi.fi\/?product=led-lisavalo-luminalights-defender-9-ref-30","article_modified_time":"2025-10-09T08:36:49+00:00","og_image":[{"width":2048,"height":2048,"url":"https:\/\/www.duunauspalvelutjarvi.fi\/wp-content\/uploads\/2021\/02\/luminalightsdefender9amberled-lisavalo_8020105206_674e55ed438f_1.webp","type":"image\/webp"}],"twitter_card":"summary_large_image","twitter_misc":{"Arvioitu lukuaika":"1 minuutti"},"schema":{"@context":"https:\/\/schema.org","@graph":[{"@type":"WebPage","@id":"https:\/\/www.duunauspalvelutjarvi.fi\/?product=led-lisavalo-luminalights-defender-9-ref-30","url":"https:\/\/www.duunauspalvelutjarvi.fi\/?product=led-lisavalo-luminalights-defender-9-ref-30","name":"LuminaLights Defender+ 9 Amber led-lis\u00e4valo -","isPartOf":{"@id":"https:\/\/www.duunauspalvelutjarvi.fi\/#website"},"primaryImageOfPage":{"@id":"https:\/\/www.duunauspalvelutjarvi.fi\/?product=led-lisavalo-luminalights-defender-9-ref-30#primaryimage"},"image":{"@id":"https:\/\/www.duunauspalvelutjarvi.fi\/?product=led-lisavalo-luminalights-defender-9-ref-30#primaryimage"},"thumbnailUrl":"https:\/\/www.duunauspalvelutjarvi.fi\/wp-content\/uploads\/2021\/02\/luminalightsdefender9amberled-lisavalo_8020105206_674e55ed438f_1.webp","datePublished":"2021-02-14T21:09:26+00:00","dateModified":"2025-10-09T08:36:49+00:00","breadcrumb":{"@id":"https:\/\/www.duunauspalvelutjarvi.fi\/?product=led-lisavalo-luminalights-defender-9-ref-30#breadcrumb"},"inLanguage":"fi","potentialAction":[{"@type":"ReadAction","target":["https:\/\/www.duunauspalvelutjarvi.fi\/?product=led-lisavalo-luminalights-defender-9-ref-30"]}]},{"@type":"ImageObject","inLanguage":"fi","@id":"https:\/\/www.duunauspalvelutjarvi.fi\/?product=led-lisavalo-luminalights-defender-9-ref-30#primaryimage","url":"https:\/\/www.duunauspalvelutjarvi.fi\/wp-content\/uploads\/2021\/02\/luminalightsdefender9amberled-lisavalo_8020105206_674e55ed438f_1.webp","contentUrl":"https:\/\/www.duunauspalvelutjarvi.fi\/wp-content\/uploads\/2021\/02\/luminalightsdefender9amberled-lisavalo_8020105206_674e55ed438f_1.webp","width":2048,"height":2048},{"@type":"BreadcrumbList","@id":"https:\/\/www.duunauspalvelutjarvi.fi\/?product=led-lisavalo-luminalights-defender-9-ref-30#breadcrumb","itemListElement":[{"@type":"ListItem","position":1,"name":"Etusivu","item":"https:\/\/www.duunauspalvelutjarvi.fi\/"},{"@type":"ListItem","position":2,"name":"Etusivu","item":"https:\/\/www.duunauspalvelutjarvi.fi\/"},{"@type":"ListItem","position":3,"name":"LuminaLights Defender+ 9 Amber led-lis\u00e4valo"}]},{"@type":"WebSite","@id":"https:\/\/www.duunauspalvelutjarvi.fi\/#website","url":"https:\/\/www.duunauspalvelutjarvi.fi\/","name":"","description":"","potentialAction":[{"@type":"SearchAction","target":{"@type":"EntryPoint","urlTemplate":"https:\/\/www.duunauspalvelutjarvi.fi\/?s={search_term_string}"},"query-input":{"@type":"PropertyValueSpecification","valueRequired":true,"valueName":"search_term_string"}}],"inLanguage":"fi"}]}},"jetpack_sharing_enabled":true,"_links":{"self":[{"href":"https:\/\/www.duunauspalvelutjarvi.fi\/index.php?rest_route=\/wp\/v2\/product\/3262","targetHints":{"allow":["GET"]}}],"collection":[{"href":"https:\/\/www.duunauspalvelutjarvi.fi\/index.php?rest_route=\/wp\/v2\/product"}],"about":[{"href":"https:\/\/www.duunauspalvelutjarvi.fi\/index.php?rest_route=\/wp\/v2\/types\/product"}],"replies":[{"embeddable":true,"href":"https:\/\/www.duunauspalvelutjarvi.fi\/index.php?rest_route=%2Fwp%2Fv2%2Fcomments&post=3262"}],"wp:featuredmedia":[{"embeddable":true,"href":"https:\/\/www.duunauspalvelutjarvi.fi\/index.php?rest_route=\/wp\/v2\/media\/15275"}],"wp:attachment":[{"href":"https:\/\/www.duunauspalvelutjarvi.fi\/index.php?rest_route=%2Fwp%2Fv2%2Fmedia&parent=3262"}],"wp:term":[{"taxonomy":"product_brand","embeddable":true,"href":"https:\/\/www.duunauspalvelutjarvi.fi\/index.php?rest_route=%2Fwp%2Fv2%2Fproduct_brand&post=3262"},{"taxonomy":"product_cat","embeddable":true,"href":"https:\/\/www.duunauspalvelutjarvi.fi\/index.php?rest_route=%2Fwp%2Fv2%2Fproduct_cat&post=3262"},{"taxonomy":"product_tag","embeddable":true,"href":"https:\/\/www.duunauspalvelutjarvi.fi\/index.php?rest_route=%2Fwp%2Fv2%2Fproduct_tag&post=3262"}],"curies":[{"name":"wp","href":"https:\/\/api.w.org\/{rel}","templated":true}]}}