{"id":3279,"date":"2021-02-14T23:46:40","date_gmt":"2021-02-14T21:46:40","guid":{"rendered":"https:\/\/www.duunauspalvelutjarvi.fi\/?post_type=product&#038;p=3279"},"modified":"2025-08-10T22:11:16","modified_gmt":"2025-08-10T19:11:16","slug":"led-lisavalo-luminalights-striker-h-560-lammitettavalla-linssilla","status":"publish","type":"product","link":"https:\/\/www.duunauspalvelutjarvi.fi\/?product=led-lisavalo-luminalights-striker-h-560-lammitettavalla-linssilla","title":{"rendered":"LuminaLights Scout Dual 600 Heated led-lis\u00e4valopaneeli, l\u00e4mmitys"},"content":{"rendered":"<p>LuminaLights Scout Dual 600 Heated l\u00e4mmitett\u00e4v\u00e4ll\u00e4 linssill\u00e4!<br \/>\nNyt ei en\u00e4\u00e4 tarvitse huolehtia siit\u00e4, ett\u00e4 lumi ja j\u00e4\u00e4 est\u00e4isiv\u00e4t n\u00e4kyvyytt\u00e4 \u2013 t\u00e4m\u00e4n LuminaLightsin ansiosta ajosi on mahdollisimman turvallista ja mukavaa pimeill\u00e4 teill\u00e4 ymp\u00e4ri vuoden!<\/p>\n<p>Scout Dual 600 Heated on tehokas ja tyylik\u00e4s led-valopaneeli, joka takaa 1 Lux @ 482m \u2013 erinomaisen kirkkauden, vaikuttavan valon kantaman ja leve\u00e4n valokeilan kompaktissa koossa.<br \/>\nT\u00e4ydellinen valinta sinulle, joka etsit huipputehokasta led-paneelia tarkasti suunnitellulla valokuvioinnilla!<\/p>\n<p>Heated-mallissa on innovatiivinen, frameless linssi, joka sulattaa lumen ja j\u00e4\u00e4n tehokkaasti. Nauti turvallisemmasta ja mukavammasta ajokokemuksesta LuminaLights Scout Dual 600 Heated -valopaneelilla!<\/p>\n<p>Tekniset tiedot:<br \/>\n\u2022 K\u00e4ytt\u00f6j\u00e4nnite: 9-40V DC<br \/>\n\u2022 Teho: 200W<br \/>\n\u2022 Valoteho (teoreettinen): 16 800 lm<br \/>\n\u2022 Kantama: 1 Lux @ 482m<br \/>\n\u2022 IP-luokitus: IP67\/IP69K<br \/>\n\u2022 Valokuvio: Combo<br \/>\n\u2022 L\u00e4mmitett\u00e4v\u00e4 linssi: Automaattisesti l\u00e4mpi\u00e4v\u00e4 linssi, k\u00e4ynnistyy +5\u00b0C<br \/>\n\u2022 Liit\u00e4nt\u00e4: DT2<br \/>\n\u2022 Kaapelin pituus: 500 mm<br \/>\n\u2022 Runko: Alumiinia<br \/>\n\u2022 Linssimateriaali: Polykarbonaatti<br \/>\n\u2022 Pituus: 562 mm, syvyys: 71,6 mm, korkeus: 76 mm, korkeus kiinnikkeell\u00e4: 89 mm<br \/>\n\u2022 K\u00e4ytt\u00f6l\u00e4mp\u00f6tila: -30\u00b0C \u2013 +65\u00b0C<br \/>\n\u2022 E-hyv\u00e4ksytty<\/p>\n<p><strong>Yhden valon lis\u00e4valopaketti sis\u00e4lt\u00e4\u00e4:<\/strong><\/p>\n<ul>\n<li>LuminaLights Scout Dual 600 Heated -lis\u00e4valopaneeli<\/li>\n<li>Relejohtosarja DT-2<\/li>\n<li>Lis\u00e4valoteline RST 3 mm Pro<\/li>\n<li>Kiinnitysruuvisarja lis\u00e4valotelineelle<\/li>\n<\/ul>\n<p><strong>Uppoasennuspaketti sis\u00e4lt\u00e4\u00e4:<\/strong><\/p>\n<ul>\n<li>LuminaLights Scout Dual 600 Heated -lis\u00e4valopaneeli<\/li>\n<li>Relejohtosarja DT-2<\/li>\n<li>Lis\u00e4valoteline uppoasennukseen<\/li>\n<li>Kiinnitysruuvisarja lis\u00e4valotelineelle<\/li>\n<\/ul>\n<p><strong>Miksi valitsisit LuminaLights Scout Dual 600 Heatedin autosi lis\u00e4valoksi?<\/strong><\/p>\n<ul>\n<li>LuminaLights on Suomen ensimm\u00e4isi\u00e4 led-lis\u00e4valomerkkej\u00e4. Varma lis\u00e4valovalinta jo usean vuoden ajan, eik\u00e4 t\u00e4m\u00e4k\u00e4\u00e4n malli tee poikkeusta.<\/li>\n<li>LuminaLights on tunnettu erinomaisesta hinta-laatusuhteestaan.<\/li>\n<li>Tuttuun tapaan my\u00f6s t\u00e4ll\u00e4 tuoteperheen paneelilla on 24kk takuuaika. Se tarjoaa huolettomia kilometrej\u00e4, sek\u00e4 pitk\u00e4\u00e4 k\u00e4ytt\u00f6ik\u00e4\u00e4.<\/li>\n<li>Scout Dual Heated -lis\u00e4valopaneelissa on linssin l\u00e4mmitys, jonka ansiosta n\u00e4kyvyys on erinomainen my\u00f6s heikommassa keliss\u00e4.<\/li>\n<\/ul>\n","protected":false},"excerpt":{"rendered":"<p><a href=\"https:\/\/www.duunauspalvelutjarvi.fi\/?term=&amp;s=LuminaLights&amp;post_type=product&amp;taxonomy=product_cat\"><img loading=\"lazy\" decoding=\"async\" class=\"alignnone size-full wp-image-15104\" src=\"https:\/\/www.duunauspalvelutjarvi.fi\/wp-content\/uploads\/2021\/02\/luminalights_manufacturer_image.png\" alt=\"\" width=\"200\" height=\"65\" \/><\/a><\/p>\n","protected":false},"featured_media":15097,"comment_status":"open","ping_status":"closed","template":"","meta":[],"product_brand":[704],"product_cat":[44],"product_tag":[],"class_list":{"0":"post-3279","1":"product","2":"type-product","3":"status-publish","4":"has-post-thumbnail","6":"product_brand-luminalights","7":"product_cat-led-lisavalopaneelit","9":"first","10":"instock","11":"taxable","12":"shipping-taxable","13":"purchasable","14":"product-type-variable"},"yoast_head":"<!-- This site is optimized with the Yoast SEO plugin v27.5 - https:\/\/yoast.com\/product\/yoast-seo-wordpress\/ -->\n<title>LuminaLights Scout Dual 600 Heated led-lis\u00e4valopaneeli, l\u00e4mmitys -<\/title>\n<meta name=\"robots\" content=\"index, follow, max-snippet:-1, max-image-preview:large, max-video-preview:-1\" \/>\n<link rel=\"canonical\" href=\"https:\/\/www.duunauspalvelutjarvi.fi\/?product=led-lisavalo-luminalights-striker-h-560-lammitettavalla-linssilla\" \/>\n<meta property=\"og:locale\" content=\"fi_FI\" \/>\n<meta property=\"og:type\" content=\"article\" \/>\n<meta property=\"og:title\" content=\"LuminaLights Scout Dual 600 Heated led-lis\u00e4valopaneeli, l\u00e4mmitys -\" \/>\n<meta property=\"og:url\" content=\"https:\/\/www.duunauspalvelutjarvi.fi\/?product=led-lisavalo-luminalights-striker-h-560-lammitettavalla-linssilla\" \/>\n<meta property=\"article:modified_time\" content=\"2025-08-10T19:11:16+00:00\" \/>\n<meta property=\"og:image\" content=\"https:\/\/www.duunauspalvelutjarvi.fi\/wp-content\/uploads\/2021\/02\/luminalightsscoutdual600heated_8020105183_abf5ac3cedb1_1.webp\" \/>\n\t<meta property=\"og:image:width\" content=\"2048\" \/>\n\t<meta property=\"og:image:height\" content=\"2048\" \/>\n\t<meta property=\"og:image:type\" content=\"image\/webp\" \/>\n<meta name=\"twitter:card\" content=\"summary_large_image\" \/>\n<meta name=\"twitter:label1\" content=\"Arvioitu lukuaika\" \/>\n\t<meta name=\"twitter:data1\" content=\"2 minuuttia\" \/>\n<script type=\"application\/ld+json\" class=\"yoast-schema-graph\">{\"@context\":\"https:\\\/\\\/schema.org\",\"@graph\":[{\"@type\":\"WebPage\",\"@id\":\"https:\\\/\\\/www.duunauspalvelutjarvi.fi\\\/?product=led-lisavalo-luminalights-striker-h-560-lammitettavalla-linssilla\",\"url\":\"https:\\\/\\\/www.duunauspalvelutjarvi.fi\\\/?product=led-lisavalo-luminalights-striker-h-560-lammitettavalla-linssilla\",\"name\":\"LuminaLights Scout Dual 600 Heated led-lis\u00e4valopaneeli, l\u00e4mmitys -\",\"isPartOf\":{\"@id\":\"https:\\\/\\\/www.duunauspalvelutjarvi.fi\\\/#website\"},\"primaryImageOfPage\":{\"@id\":\"https:\\\/\\\/www.duunauspalvelutjarvi.fi\\\/?product=led-lisavalo-luminalights-striker-h-560-lammitettavalla-linssilla#primaryimage\"},\"image\":{\"@id\":\"https:\\\/\\\/www.duunauspalvelutjarvi.fi\\\/?product=led-lisavalo-luminalights-striker-h-560-lammitettavalla-linssilla#primaryimage\"},\"thumbnailUrl\":\"https:\\\/\\\/www.duunauspalvelutjarvi.fi\\\/wp-content\\\/uploads\\\/2021\\\/02\\\/luminalightsscoutdual600heated_8020105183_abf5ac3cedb1_1.webp\",\"datePublished\":\"2021-02-14T21:46:40+00:00\",\"dateModified\":\"2025-08-10T19:11:16+00:00\",\"breadcrumb\":{\"@id\":\"https:\\\/\\\/www.duunauspalvelutjarvi.fi\\\/?product=led-lisavalo-luminalights-striker-h-560-lammitettavalla-linssilla#breadcrumb\"},\"inLanguage\":\"fi\",\"potentialAction\":[{\"@type\":\"ReadAction\",\"target\":[\"https:\\\/\\\/www.duunauspalvelutjarvi.fi\\\/?product=led-lisavalo-luminalights-striker-h-560-lammitettavalla-linssilla\"]}]},{\"@type\":\"ImageObject\",\"inLanguage\":\"fi\",\"@id\":\"https:\\\/\\\/www.duunauspalvelutjarvi.fi\\\/?product=led-lisavalo-luminalights-striker-h-560-lammitettavalla-linssilla#primaryimage\",\"url\":\"https:\\\/\\\/www.duunauspalvelutjarvi.fi\\\/wp-content\\\/uploads\\\/2021\\\/02\\\/luminalightsscoutdual600heated_8020105183_abf5ac3cedb1_1.webp\",\"contentUrl\":\"https:\\\/\\\/www.duunauspalvelutjarvi.fi\\\/wp-content\\\/uploads\\\/2021\\\/02\\\/luminalightsscoutdual600heated_8020105183_abf5ac3cedb1_1.webp\",\"width\":2048,\"height\":2048},{\"@type\":\"BreadcrumbList\",\"@id\":\"https:\\\/\\\/www.duunauspalvelutjarvi.fi\\\/?product=led-lisavalo-luminalights-striker-h-560-lammitettavalla-linssilla#breadcrumb\",\"itemListElement\":[{\"@type\":\"ListItem\",\"position\":1,\"name\":\"Etusivu\",\"item\":\"https:\\\/\\\/www.duunauspalvelutjarvi.fi\\\/\"},{\"@type\":\"ListItem\",\"position\":2,\"name\":\"Etusivu\",\"item\":\"https:\\\/\\\/www.duunauspalvelutjarvi.fi\\\/\"},{\"@type\":\"ListItem\",\"position\":3,\"name\":\"LuminaLights Scout Dual 600 Heated led-lis\u00e4valopaneeli, l\u00e4mmitys\"}]},{\"@type\":\"WebSite\",\"@id\":\"https:\\\/\\\/www.duunauspalvelutjarvi.fi\\\/#website\",\"url\":\"https:\\\/\\\/www.duunauspalvelutjarvi.fi\\\/\",\"name\":\"\",\"description\":\"\",\"potentialAction\":[{\"@type\":\"SearchAction\",\"target\":{\"@type\":\"EntryPoint\",\"urlTemplate\":\"https:\\\/\\\/www.duunauspalvelutjarvi.fi\\\/?s={search_term_string}\"},\"query-input\":{\"@type\":\"PropertyValueSpecification\",\"valueRequired\":true,\"valueName\":\"search_term_string\"}}],\"inLanguage\":\"fi\"}]}<\/script>\n<!-- \/ Yoast SEO plugin. -->","yoast_head_json":{"title":"LuminaLights Scout Dual 600 Heated led-lis\u00e4valopaneeli, l\u00e4mmitys -","robots":{"index":"index","follow":"follow","max-snippet":"max-snippet:-1","max-image-preview":"max-image-preview:large","max-video-preview":"max-video-preview:-1"},"canonical":"https:\/\/www.duunauspalvelutjarvi.fi\/?product=led-lisavalo-luminalights-striker-h-560-lammitettavalla-linssilla","og_locale":"fi_FI","og_type":"article","og_title":"LuminaLights Scout Dual 600 Heated led-lis\u00e4valopaneeli, l\u00e4mmitys -","og_url":"https:\/\/www.duunauspalvelutjarvi.fi\/?product=led-lisavalo-luminalights-striker-h-560-lammitettavalla-linssilla","article_modified_time":"2025-08-10T19:11:16+00:00","og_image":[{"width":2048,"height":2048,"url":"https:\/\/www.duunauspalvelutjarvi.fi\/wp-content\/uploads\/2021\/02\/luminalightsscoutdual600heated_8020105183_abf5ac3cedb1_1.webp","type":"image\/webp"}],"twitter_card":"summary_large_image","twitter_misc":{"Arvioitu lukuaika":"2 minuuttia"},"schema":{"@context":"https:\/\/schema.org","@graph":[{"@type":"WebPage","@id":"https:\/\/www.duunauspalvelutjarvi.fi\/?product=led-lisavalo-luminalights-striker-h-560-lammitettavalla-linssilla","url":"https:\/\/www.duunauspalvelutjarvi.fi\/?product=led-lisavalo-luminalights-striker-h-560-lammitettavalla-linssilla","name":"LuminaLights Scout Dual 600 Heated led-lis\u00e4valopaneeli, l\u00e4mmitys -","isPartOf":{"@id":"https:\/\/www.duunauspalvelutjarvi.fi\/#website"},"primaryImageOfPage":{"@id":"https:\/\/www.duunauspalvelutjarvi.fi\/?product=led-lisavalo-luminalights-striker-h-560-lammitettavalla-linssilla#primaryimage"},"image":{"@id":"https:\/\/www.duunauspalvelutjarvi.fi\/?product=led-lisavalo-luminalights-striker-h-560-lammitettavalla-linssilla#primaryimage"},"thumbnailUrl":"https:\/\/www.duunauspalvelutjarvi.fi\/wp-content\/uploads\/2021\/02\/luminalightsscoutdual600heated_8020105183_abf5ac3cedb1_1.webp","datePublished":"2021-02-14T21:46:40+00:00","dateModified":"2025-08-10T19:11:16+00:00","breadcrumb":{"@id":"https:\/\/www.duunauspalvelutjarvi.fi\/?product=led-lisavalo-luminalights-striker-h-560-lammitettavalla-linssilla#breadcrumb"},"inLanguage":"fi","potentialAction":[{"@type":"ReadAction","target":["https:\/\/www.duunauspalvelutjarvi.fi\/?product=led-lisavalo-luminalights-striker-h-560-lammitettavalla-linssilla"]}]},{"@type":"ImageObject","inLanguage":"fi","@id":"https:\/\/www.duunauspalvelutjarvi.fi\/?product=led-lisavalo-luminalights-striker-h-560-lammitettavalla-linssilla#primaryimage","url":"https:\/\/www.duunauspalvelutjarvi.fi\/wp-content\/uploads\/2021\/02\/luminalightsscoutdual600heated_8020105183_abf5ac3cedb1_1.webp","contentUrl":"https:\/\/www.duunauspalvelutjarvi.fi\/wp-content\/uploads\/2021\/02\/luminalightsscoutdual600heated_8020105183_abf5ac3cedb1_1.webp","width":2048,"height":2048},{"@type":"BreadcrumbList","@id":"https:\/\/www.duunauspalvelutjarvi.fi\/?product=led-lisavalo-luminalights-striker-h-560-lammitettavalla-linssilla#breadcrumb","itemListElement":[{"@type":"ListItem","position":1,"name":"Etusivu","item":"https:\/\/www.duunauspalvelutjarvi.fi\/"},{"@type":"ListItem","position":2,"name":"Etusivu","item":"https:\/\/www.duunauspalvelutjarvi.fi\/"},{"@type":"ListItem","position":3,"name":"LuminaLights Scout Dual 600 Heated led-lis\u00e4valopaneeli, l\u00e4mmitys"}]},{"@type":"WebSite","@id":"https:\/\/www.duunauspalvelutjarvi.fi\/#website","url":"https:\/\/www.duunauspalvelutjarvi.fi\/","name":"","description":"","potentialAction":[{"@type":"SearchAction","target":{"@type":"EntryPoint","urlTemplate":"https:\/\/www.duunauspalvelutjarvi.fi\/?s={search_term_string}"},"query-input":{"@type":"PropertyValueSpecification","valueRequired":true,"valueName":"search_term_string"}}],"inLanguage":"fi"}]}},"jetpack_sharing_enabled":true,"_links":{"self":[{"href":"https:\/\/www.duunauspalvelutjarvi.fi\/index.php?rest_route=\/wp\/v2\/product\/3279","targetHints":{"allow":["GET"]}}],"collection":[{"href":"https:\/\/www.duunauspalvelutjarvi.fi\/index.php?rest_route=\/wp\/v2\/product"}],"about":[{"href":"https:\/\/www.duunauspalvelutjarvi.fi\/index.php?rest_route=\/wp\/v2\/types\/product"}],"replies":[{"embeddable":true,"href":"https:\/\/www.duunauspalvelutjarvi.fi\/index.php?rest_route=%2Fwp%2Fv2%2Fcomments&post=3279"}],"wp:featuredmedia":[{"embeddable":true,"href":"https:\/\/www.duunauspalvelutjarvi.fi\/index.php?rest_route=\/wp\/v2\/media\/15097"}],"wp:attachment":[{"href":"https:\/\/www.duunauspalvelutjarvi.fi\/index.php?rest_route=%2Fwp%2Fv2%2Fmedia&parent=3279"}],"wp:term":[{"taxonomy":"product_brand","embeddable":true,"href":"https:\/\/www.duunauspalvelutjarvi.fi\/index.php?rest_route=%2Fwp%2Fv2%2Fproduct_brand&post=3279"},{"taxonomy":"product_cat","embeddable":true,"href":"https:\/\/www.duunauspalvelutjarvi.fi\/index.php?rest_route=%2Fwp%2Fv2%2Fproduct_cat&post=3279"},{"taxonomy":"product_tag","embeddable":true,"href":"https:\/\/www.duunauspalvelutjarvi.fi\/index.php?rest_route=%2Fwp%2Fv2%2Fproduct_tag&post=3279"}],"curies":[{"name":"wp","href":"https:\/\/api.w.org\/{rel}","templated":true}]}}