{"id":3284,"date":"2021-02-14T23:49:51","date_gmt":"2021-02-14T21:49:51","guid":{"rendered":"https:\/\/www.duunauspalvelutjarvi.fi\/?post_type=product&#038;p=3284"},"modified":"2022-07-01T00:05:01","modified_gmt":"2022-06-30T21:05:01","slug":"led-lisavalopaneeli-36w-w-light-hurricane-ref-20","status":"publish","type":"product","link":"https:\/\/www.duunauspalvelutjarvi.fi\/?product=led-lisavalopaneeli-36w-w-light-hurricane-ref-20","title":{"rendered":"LED-lis\u00e4valopaneeli 36W W-Light Hurricane, Ref.20"},"content":{"rendered":"<p><strong>LED-lis\u00e4valopaneeli 36w W-Light Hurricane, Ref.20\u00a0<\/strong>on pistem\u00e4isell\u00e4 valokuviolla varustettu uutuusmalli! Tumma ulkon\u00e4k\u00f6 ja siro muotoilu tekev\u00e4t W-light Hurricane mallisarjasta hyv\u00e4 vaihtoehdon uudempiin autoihin.<\/p>\n<p>&nbsp;<\/p>\n<p><strong>Tekniset tiedot:<\/strong><br \/>\n\u2022 K\u00e4ytt\u00f6j\u00e4nnite: 10-30V<br \/>\n\u2022 Referenssiluku: 20<br \/>\n\u2022 Teho: 36w (12x3W OSRAM LED)<br \/>\n\u2022 Valoteho: 3240lm<br \/>\n\u2022 Valokuvio: Piste<br \/>\n\u2022 V\u00e4ril\u00e4mp\u00f6tila: 6000K<br \/>\n\u2022 Polykarbonaattilinssi<br \/>\n\u2022 Alumiinirunko<br \/>\n\u2022 Deutsch 2-pin liitin<br \/>\n\u2022 IP67, IP69K<br \/>\n\u2022 Mitat: 220mm x 78,5mm x 65mm<br \/>\n\u2022 Hyv\u00e4ksynn\u00e4t: R112, R10<\/p>\n","protected":false},"excerpt":{"rendered":"<p><a href=\"https:\/\/www.duunauspalvelutjarvi.fi\/?term=&amp;s=W-ligh&amp;post_type=product&amp;taxonomy=product_cat\"><img loading=\"lazy\" decoding=\"async\" class=\"alignnone size-full wp-image-9968\" src=\"https:\/\/www.duunauspalvelutjarvi.fi\/wp-content\/uploads\/2021\/02\/w_light.png\" alt=\"\" width=\"200\" height=\"65\" \/><\/a><\/p>\n","protected":false},"featured_media":0,"comment_status":"open","ping_status":"closed","template":"","meta":[],"product_brand":[],"product_cat":[44],"product_tag":[],"class_list":{"0":"post-3284","1":"product","2":"type-product","3":"status-publish","5":"product_cat-led-lisavalopaneelit","7":"first","8":"instock","9":"taxable","10":"shipping-taxable","11":"purchasable","12":"product-type-variable"},"yoast_head":"<!-- This site is optimized with the Yoast SEO plugin v27.5 - https:\/\/yoast.com\/product\/yoast-seo-wordpress\/ -->\n<title>LED-lis\u00e4valopaneeli 36W W-Light Hurricane, Ref.20 -<\/title>\n<meta name=\"robots\" content=\"index, follow, max-snippet:-1, max-image-preview:large, max-video-preview:-1\" \/>\n<link rel=\"canonical\" href=\"https:\/\/www.duunauspalvelutjarvi.fi\/?product=led-lisavalopaneeli-36w-w-light-hurricane-ref-20\" \/>\n<meta property=\"og:locale\" content=\"fi_FI\" \/>\n<meta property=\"og:type\" content=\"article\" \/>\n<meta property=\"og:title\" content=\"LED-lis\u00e4valopaneeli 36W W-Light Hurricane, Ref.20 -\" \/>\n<meta property=\"og:url\" content=\"https:\/\/www.duunauspalvelutjarvi.fi\/?product=led-lisavalopaneeli-36w-w-light-hurricane-ref-20\" \/>\n<meta property=\"article:modified_time\" content=\"2022-06-30T21:05:01+00:00\" \/>\n<meta name=\"twitter:card\" content=\"summary_large_image\" \/>\n<script type=\"application\/ld+json\" class=\"yoast-schema-graph\">{\"@context\":\"https:\\\/\\\/schema.org\",\"@graph\":[{\"@type\":\"WebPage\",\"@id\":\"https:\\\/\\\/www.duunauspalvelutjarvi.fi\\\/?product=led-lisavalopaneeli-36w-w-light-hurricane-ref-20\",\"url\":\"https:\\\/\\\/www.duunauspalvelutjarvi.fi\\\/?product=led-lisavalopaneeli-36w-w-light-hurricane-ref-20\",\"name\":\"LED-lis\u00e4valopaneeli 36W W-Light Hurricane, Ref.20 -\",\"isPartOf\":{\"@id\":\"https:\\\/\\\/www.duunauspalvelutjarvi.fi\\\/#website\"},\"datePublished\":\"2021-02-14T21:49:51+00:00\",\"dateModified\":\"2022-06-30T21:05:01+00:00\",\"breadcrumb\":{\"@id\":\"https:\\\/\\\/www.duunauspalvelutjarvi.fi\\\/?product=led-lisavalopaneeli-36w-w-light-hurricane-ref-20#breadcrumb\"},\"inLanguage\":\"fi\",\"potentialAction\":[{\"@type\":\"ReadAction\",\"target\":[\"https:\\\/\\\/www.duunauspalvelutjarvi.fi\\\/?product=led-lisavalopaneeli-36w-w-light-hurricane-ref-20\"]}]},{\"@type\":\"BreadcrumbList\",\"@id\":\"https:\\\/\\\/www.duunauspalvelutjarvi.fi\\\/?product=led-lisavalopaneeli-36w-w-light-hurricane-ref-20#breadcrumb\",\"itemListElement\":[{\"@type\":\"ListItem\",\"position\":1,\"name\":\"Etusivu\",\"item\":\"https:\\\/\\\/www.duunauspalvelutjarvi.fi\\\/\"},{\"@type\":\"ListItem\",\"position\":2,\"name\":\"Etusivu\",\"item\":\"https:\\\/\\\/www.duunauspalvelutjarvi.fi\\\/\"},{\"@type\":\"ListItem\",\"position\":3,\"name\":\"LED-lis\u00e4valopaneeli 36W W-Light Hurricane, Ref.20\"}]},{\"@type\":\"WebSite\",\"@id\":\"https:\\\/\\\/www.duunauspalvelutjarvi.fi\\\/#website\",\"url\":\"https:\\\/\\\/www.duunauspalvelutjarvi.fi\\\/\",\"name\":\"\",\"description\":\"\",\"potentialAction\":[{\"@type\":\"SearchAction\",\"target\":{\"@type\":\"EntryPoint\",\"urlTemplate\":\"https:\\\/\\\/www.duunauspalvelutjarvi.fi\\\/?s={search_term_string}\"},\"query-input\":{\"@type\":\"PropertyValueSpecification\",\"valueRequired\":true,\"valueName\":\"search_term_string\"}}],\"inLanguage\":\"fi\"}]}<\/script>\n<!-- \/ Yoast SEO plugin. -->","yoast_head_json":{"title":"LED-lis\u00e4valopaneeli 36W W-Light Hurricane, Ref.20 -","robots":{"index":"index","follow":"follow","max-snippet":"max-snippet:-1","max-image-preview":"max-image-preview:large","max-video-preview":"max-video-preview:-1"},"canonical":"https:\/\/www.duunauspalvelutjarvi.fi\/?product=led-lisavalopaneeli-36w-w-light-hurricane-ref-20","og_locale":"fi_FI","og_type":"article","og_title":"LED-lis\u00e4valopaneeli 36W W-Light Hurricane, Ref.20 -","og_url":"https:\/\/www.duunauspalvelutjarvi.fi\/?product=led-lisavalopaneeli-36w-w-light-hurricane-ref-20","article_modified_time":"2022-06-30T21:05:01+00:00","twitter_card":"summary_large_image","schema":{"@context":"https:\/\/schema.org","@graph":[{"@type":"WebPage","@id":"https:\/\/www.duunauspalvelutjarvi.fi\/?product=led-lisavalopaneeli-36w-w-light-hurricane-ref-20","url":"https:\/\/www.duunauspalvelutjarvi.fi\/?product=led-lisavalopaneeli-36w-w-light-hurricane-ref-20","name":"LED-lis\u00e4valopaneeli 36W W-Light Hurricane, Ref.20 -","isPartOf":{"@id":"https:\/\/www.duunauspalvelutjarvi.fi\/#website"},"datePublished":"2021-02-14T21:49:51+00:00","dateModified":"2022-06-30T21:05:01+00:00","breadcrumb":{"@id":"https:\/\/www.duunauspalvelutjarvi.fi\/?product=led-lisavalopaneeli-36w-w-light-hurricane-ref-20#breadcrumb"},"inLanguage":"fi","potentialAction":[{"@type":"ReadAction","target":["https:\/\/www.duunauspalvelutjarvi.fi\/?product=led-lisavalopaneeli-36w-w-light-hurricane-ref-20"]}]},{"@type":"BreadcrumbList","@id":"https:\/\/www.duunauspalvelutjarvi.fi\/?product=led-lisavalopaneeli-36w-w-light-hurricane-ref-20#breadcrumb","itemListElement":[{"@type":"ListItem","position":1,"name":"Etusivu","item":"https:\/\/www.duunauspalvelutjarvi.fi\/"},{"@type":"ListItem","position":2,"name":"Etusivu","item":"https:\/\/www.duunauspalvelutjarvi.fi\/"},{"@type":"ListItem","position":3,"name":"LED-lis\u00e4valopaneeli 36W W-Light Hurricane, Ref.20"}]},{"@type":"WebSite","@id":"https:\/\/www.duunauspalvelutjarvi.fi\/#website","url":"https:\/\/www.duunauspalvelutjarvi.fi\/","name":"","description":"","potentialAction":[{"@type":"SearchAction","target":{"@type":"EntryPoint","urlTemplate":"https:\/\/www.duunauspalvelutjarvi.fi\/?s={search_term_string}"},"query-input":{"@type":"PropertyValueSpecification","valueRequired":true,"valueName":"search_term_string"}}],"inLanguage":"fi"}]}},"jetpack_sharing_enabled":true,"_links":{"self":[{"href":"https:\/\/www.duunauspalvelutjarvi.fi\/index.php?rest_route=\/wp\/v2\/product\/3284","targetHints":{"allow":["GET"]}}],"collection":[{"href":"https:\/\/www.duunauspalvelutjarvi.fi\/index.php?rest_route=\/wp\/v2\/product"}],"about":[{"href":"https:\/\/www.duunauspalvelutjarvi.fi\/index.php?rest_route=\/wp\/v2\/types\/product"}],"replies":[{"embeddable":true,"href":"https:\/\/www.duunauspalvelutjarvi.fi\/index.php?rest_route=%2Fwp%2Fv2%2Fcomments&post=3284"}],"wp:attachment":[{"href":"https:\/\/www.duunauspalvelutjarvi.fi\/index.php?rest_route=%2Fwp%2Fv2%2Fmedia&parent=3284"}],"wp:term":[{"taxonomy":"product_brand","embeddable":true,"href":"https:\/\/www.duunauspalvelutjarvi.fi\/index.php?rest_route=%2Fwp%2Fv2%2Fproduct_brand&post=3284"},{"taxonomy":"product_cat","embeddable":true,"href":"https:\/\/www.duunauspalvelutjarvi.fi\/index.php?rest_route=%2Fwp%2Fv2%2Fproduct_cat&post=3284"},{"taxonomy":"product_tag","embeddable":true,"href":"https:\/\/www.duunauspalvelutjarvi.fi\/index.php?rest_route=%2Fwp%2Fv2%2Fproduct_tag&post=3284"}],"curies":[{"name":"wp","href":"https:\/\/api.w.org\/{rel}","templated":true}]}}