{"id":3308,"date":"2021-02-15T00:16:49","date_gmt":"2021-02-14T22:16:49","guid":{"rendered":"https:\/\/www.duunauspalvelutjarvi.fi\/?post_type=product&#038;p=3308"},"modified":"2025-10-09T11:38:21","modified_gmt":"2025-10-09T08:38:21","slug":"led-lisavalo-w-light-comber","status":"publish","type":"product","link":"https:\/\/www.duunauspalvelutjarvi.fi\/?product=led-lisavalo-w-light-comber","title":{"rendered":"LED-lis\u00e4valo W-light Comber"},"content":{"rendered":"<p><strong>W-Light Comber<\/strong>\u00a0on eritt\u00e4in tehokas matalan profiilin lis\u00e4valopaneeli. Siro, kest\u00e4v\u00e4 ja hieman kaareva paneeli mahdollistaa siistin asennuksen. Tyylikk\u00e4\u00e4n ulkoasunsa puolesta Comber sopii my\u00f6s n\u00e4kyv\u00e4mpiin asennuksiin. W-light Comberissa on 2,2m pituinen johto esipuristetuilla Deutsch-pinneill\u00e4 ja erillisell\u00e4 DT-liitinrungolla, joka mahdollistaa helpon asennuksen ja kytkenn\u00e4n suoraan akun l\u00e4helle. Valossa sek\u00e4 ala- ett\u00e4 p\u00e4\u00e4tykiinnitys. Syksyn 2018 uutuusmalli!<\/p>\n<p><strong>Tekniset tiedot:<\/strong><br \/>\n\u2022 Referenssiluku 45<br \/>\n\u2022 K\u00e4ytt\u00f6j\u00e4nnite:12-48V<br \/>\n\u2022 Valmistajan ilmoittama teho 150W (15 x 10W Osram ledit)<br \/>\n\u2022 Valovirta (raw): 13 500 lm<br \/>\n\u2022 V\u00e4ril\u00e4mp\u00f6tila 6000K<br \/>\n\u2022 Sis\u00e4lt\u00e4\u00e4 kahdet kiinnikkeet: p\u00e4\u00e4tykiinnikkeet ja 2kpl leveyss\u00e4\u00e4dett\u00e4v\u00e4\u00e4 pohjakiinnikkett\u00e4<br \/>\n\u2022 Leveys: 539 mm<br \/>\n\u2022 Korkeus: 60 mm<br \/>\n\u2022 Syvyys: 86 mm<br \/>\n\u2022 Paino: 2,9 kg<br \/>\n\u2022 Takuu 12kk<br \/>\n\u2022 IP67<br \/>\n\u2022 R10\/R112<br \/>\n\u2022 Hyv\u00e4ksytty tieliikennek\u00e4ytt\u00f6\u00f6n<\/p>\n<p><strong>Myyd\u00e4\u00e4n kappaleittain.\u00a0<\/strong><strong>\u00a0<\/strong><\/p>\n","protected":false},"excerpt":{"rendered":"<p>W-Light Comber\u00a0on eritt\u00e4in tehokas matalan profiilin lis\u00e4valopaneeli. Siro, kest\u00e4v\u00e4 ja hieman kaareva paneeli mahdollistaa siistin asennuksen. Tyylikk\u00e4\u00e4n ulkoasunsa puolesta Comber sopii my\u00f6s n\u00e4kyv\u00e4mpiin asennuksiin. W-light Comberissa on 2,2m pituinen johto esipuristetuilla Deutsch-pinneill\u00e4 ja erillisell\u00e4 DT-liitinrungolla, joka mahdollistaa helpon asennuksen ja kytkenn\u00e4n suoraan akun l\u00e4helle. Valossa sek\u00e4 ala- ett\u00e4 p\u00e4\u00e4tykiinnitys. Syksyn 2018 uutuusmalli! Tekniset tiedot: \u2022 [&hellip;]<\/p>\n","protected":false},"featured_media":0,"comment_status":"open","ping_status":"closed","template":"","meta":[],"product_brand":[],"product_cat":[44],"product_tag":[],"class_list":{"0":"post-3308","1":"product","2":"type-product","3":"status-publish","5":"product_cat-led-lisavalopaneelit","6":"product_shipping_class-l-paketti","8":"first","9":"instock","10":"taxable","11":"shipping-taxable","12":"purchasable","13":"product-type-variable"},"yoast_head":"<!-- This site is optimized with the Yoast SEO plugin v27.5 - https:\/\/yoast.com\/product\/yoast-seo-wordpress\/ -->\n<title>LED-lis\u00e4valo W-light Comber -<\/title>\n<meta name=\"robots\" content=\"index, follow, max-snippet:-1, max-image-preview:large, max-video-preview:-1\" \/>\n<link rel=\"canonical\" href=\"https:\/\/www.duunauspalvelutjarvi.fi\/?product=led-lisavalo-w-light-comber\" \/>\n<meta property=\"og:locale\" content=\"fi_FI\" \/>\n<meta property=\"og:type\" content=\"article\" \/>\n<meta property=\"og:title\" content=\"LED-lis\u00e4valo W-light Comber -\" \/>\n<meta property=\"og:description\" content=\"W-Light Comber\u00a0on eritt\u00e4in tehokas matalan profiilin lis\u00e4valopaneeli. Siro, kest\u00e4v\u00e4 ja hieman kaareva paneeli mahdollistaa siistin asennuksen. Tyylikk\u00e4\u00e4n ulkoasunsa puolesta Comber sopii my\u00f6s n\u00e4kyv\u00e4mpiin asennuksiin. W-light Comberissa on 2,2m pituinen johto esipuristetuilla Deutsch-pinneill\u00e4 ja erillisell\u00e4 DT-liitinrungolla, joka mahdollistaa helpon asennuksen ja kytkenn\u00e4n suoraan akun l\u00e4helle. Valossa sek\u00e4 ala- ett\u00e4 p\u00e4\u00e4tykiinnitys. Syksyn 2018 uutuusmalli! Tekniset tiedot: \u2022 [&hellip;]\" \/>\n<meta property=\"og:url\" content=\"https:\/\/www.duunauspalvelutjarvi.fi\/?product=led-lisavalo-w-light-comber\" \/>\n<meta property=\"article:modified_time\" content=\"2025-10-09T08:38:21+00:00\" \/>\n<meta name=\"twitter:card\" content=\"summary_large_image\" \/>\n<meta name=\"twitter:label1\" content=\"Arvioitu lukuaika\" \/>\n\t<meta name=\"twitter:data1\" content=\"1 minuutti\" \/>\n<script type=\"application\/ld+json\" class=\"yoast-schema-graph\">{\"@context\":\"https:\\\/\\\/schema.org\",\"@graph\":[{\"@type\":\"WebPage\",\"@id\":\"https:\\\/\\\/www.duunauspalvelutjarvi.fi\\\/?product=led-lisavalo-w-light-comber\",\"url\":\"https:\\\/\\\/www.duunauspalvelutjarvi.fi\\\/?product=led-lisavalo-w-light-comber\",\"name\":\"LED-lis\u00e4valo W-light Comber -\",\"isPartOf\":{\"@id\":\"https:\\\/\\\/www.duunauspalvelutjarvi.fi\\\/#website\"},\"datePublished\":\"2021-02-14T22:16:49+00:00\",\"dateModified\":\"2025-10-09T08:38:21+00:00\",\"breadcrumb\":{\"@id\":\"https:\\\/\\\/www.duunauspalvelutjarvi.fi\\\/?product=led-lisavalo-w-light-comber#breadcrumb\"},\"inLanguage\":\"fi\",\"potentialAction\":[{\"@type\":\"ReadAction\",\"target\":[\"https:\\\/\\\/www.duunauspalvelutjarvi.fi\\\/?product=led-lisavalo-w-light-comber\"]}]},{\"@type\":\"BreadcrumbList\",\"@id\":\"https:\\\/\\\/www.duunauspalvelutjarvi.fi\\\/?product=led-lisavalo-w-light-comber#breadcrumb\",\"itemListElement\":[{\"@type\":\"ListItem\",\"position\":1,\"name\":\"Etusivu\",\"item\":\"https:\\\/\\\/www.duunauspalvelutjarvi.fi\\\/\"},{\"@type\":\"ListItem\",\"position\":2,\"name\":\"Etusivu\",\"item\":\"https:\\\/\\\/www.duunauspalvelutjarvi.fi\\\/\"},{\"@type\":\"ListItem\",\"position\":3,\"name\":\"LED-lis\u00e4valo W-light Comber\"}]},{\"@type\":\"WebSite\",\"@id\":\"https:\\\/\\\/www.duunauspalvelutjarvi.fi\\\/#website\",\"url\":\"https:\\\/\\\/www.duunauspalvelutjarvi.fi\\\/\",\"name\":\"\",\"description\":\"\",\"potentialAction\":[{\"@type\":\"SearchAction\",\"target\":{\"@type\":\"EntryPoint\",\"urlTemplate\":\"https:\\\/\\\/www.duunauspalvelutjarvi.fi\\\/?s={search_term_string}\"},\"query-input\":{\"@type\":\"PropertyValueSpecification\",\"valueRequired\":true,\"valueName\":\"search_term_string\"}}],\"inLanguage\":\"fi\"}]}<\/script>\n<!-- \/ Yoast SEO plugin. -->","yoast_head_json":{"title":"LED-lis\u00e4valo W-light Comber -","robots":{"index":"index","follow":"follow","max-snippet":"max-snippet:-1","max-image-preview":"max-image-preview:large","max-video-preview":"max-video-preview:-1"},"canonical":"https:\/\/www.duunauspalvelutjarvi.fi\/?product=led-lisavalo-w-light-comber","og_locale":"fi_FI","og_type":"article","og_title":"LED-lis\u00e4valo W-light Comber -","og_description":"W-Light Comber\u00a0on eritt\u00e4in tehokas matalan profiilin lis\u00e4valopaneeli. Siro, kest\u00e4v\u00e4 ja hieman kaareva paneeli mahdollistaa siistin asennuksen. Tyylikk\u00e4\u00e4n ulkoasunsa puolesta Comber sopii my\u00f6s n\u00e4kyv\u00e4mpiin asennuksiin. W-light Comberissa on 2,2m pituinen johto esipuristetuilla Deutsch-pinneill\u00e4 ja erillisell\u00e4 DT-liitinrungolla, joka mahdollistaa helpon asennuksen ja kytkenn\u00e4n suoraan akun l\u00e4helle. Valossa sek\u00e4 ala- ett\u00e4 p\u00e4\u00e4tykiinnitys. Syksyn 2018 uutuusmalli! Tekniset tiedot: \u2022 [&hellip;]","og_url":"https:\/\/www.duunauspalvelutjarvi.fi\/?product=led-lisavalo-w-light-comber","article_modified_time":"2025-10-09T08:38:21+00:00","twitter_card":"summary_large_image","twitter_misc":{"Arvioitu lukuaika":"1 minuutti"},"schema":{"@context":"https:\/\/schema.org","@graph":[{"@type":"WebPage","@id":"https:\/\/www.duunauspalvelutjarvi.fi\/?product=led-lisavalo-w-light-comber","url":"https:\/\/www.duunauspalvelutjarvi.fi\/?product=led-lisavalo-w-light-comber","name":"LED-lis\u00e4valo W-light Comber -","isPartOf":{"@id":"https:\/\/www.duunauspalvelutjarvi.fi\/#website"},"datePublished":"2021-02-14T22:16:49+00:00","dateModified":"2025-10-09T08:38:21+00:00","breadcrumb":{"@id":"https:\/\/www.duunauspalvelutjarvi.fi\/?product=led-lisavalo-w-light-comber#breadcrumb"},"inLanguage":"fi","potentialAction":[{"@type":"ReadAction","target":["https:\/\/www.duunauspalvelutjarvi.fi\/?product=led-lisavalo-w-light-comber"]}]},{"@type":"BreadcrumbList","@id":"https:\/\/www.duunauspalvelutjarvi.fi\/?product=led-lisavalo-w-light-comber#breadcrumb","itemListElement":[{"@type":"ListItem","position":1,"name":"Etusivu","item":"https:\/\/www.duunauspalvelutjarvi.fi\/"},{"@type":"ListItem","position":2,"name":"Etusivu","item":"https:\/\/www.duunauspalvelutjarvi.fi\/"},{"@type":"ListItem","position":3,"name":"LED-lis\u00e4valo W-light Comber"}]},{"@type":"WebSite","@id":"https:\/\/www.duunauspalvelutjarvi.fi\/#website","url":"https:\/\/www.duunauspalvelutjarvi.fi\/","name":"","description":"","potentialAction":[{"@type":"SearchAction","target":{"@type":"EntryPoint","urlTemplate":"https:\/\/www.duunauspalvelutjarvi.fi\/?s={search_term_string}"},"query-input":{"@type":"PropertyValueSpecification","valueRequired":true,"valueName":"search_term_string"}}],"inLanguage":"fi"}]}},"jetpack_sharing_enabled":true,"_links":{"self":[{"href":"https:\/\/www.duunauspalvelutjarvi.fi\/index.php?rest_route=\/wp\/v2\/product\/3308","targetHints":{"allow":["GET"]}}],"collection":[{"href":"https:\/\/www.duunauspalvelutjarvi.fi\/index.php?rest_route=\/wp\/v2\/product"}],"about":[{"href":"https:\/\/www.duunauspalvelutjarvi.fi\/index.php?rest_route=\/wp\/v2\/types\/product"}],"replies":[{"embeddable":true,"href":"https:\/\/www.duunauspalvelutjarvi.fi\/index.php?rest_route=%2Fwp%2Fv2%2Fcomments&post=3308"}],"wp:attachment":[{"href":"https:\/\/www.duunauspalvelutjarvi.fi\/index.php?rest_route=%2Fwp%2Fv2%2Fmedia&parent=3308"}],"wp:term":[{"taxonomy":"product_brand","embeddable":true,"href":"https:\/\/www.duunauspalvelutjarvi.fi\/index.php?rest_route=%2Fwp%2Fv2%2Fproduct_brand&post=3308"},{"taxonomy":"product_cat","embeddable":true,"href":"https:\/\/www.duunauspalvelutjarvi.fi\/index.php?rest_route=%2Fwp%2Fv2%2Fproduct_cat&post=3308"},{"taxonomy":"product_tag","embeddable":true,"href":"https:\/\/www.duunauspalvelutjarvi.fi\/index.php?rest_route=%2Fwp%2Fv2%2Fproduct_tag&post=3308"}],"curies":[{"name":"wp","href":"https:\/\/api.w.org\/{rel}","templated":true}]}}