{"id":3326,"date":"2021-02-15T00:36:59","date_gmt":"2021-02-14T22:36:59","guid":{"rendered":"https:\/\/www.duunauspalvelutjarvi.fi\/?post_type=product&#038;p=3326"},"modified":"2025-10-09T11:38:21","modified_gmt":"2025-10-09T08:38:21","slug":"led-lisavalo-lazer-linear-18-elite","status":"publish","type":"product","link":"https:\/\/www.duunauspalvelutjarvi.fi\/?product=led-lisavalo-lazer-linear-18-elite","title":{"rendered":"Lazer Linear 18 Elite"},"content":{"rendered":"<p><strong>Lazer Linear 18 Elite <\/strong>on syksyn 2018 kuumimpia huippu-uutuuksia. Kompaktin kokoinen ja ohut lis\u00e4valo tarjoaa mainion vaihtoehdon lis\u00e4valon asennukseen ahtaampaankin paikkaan, jossa valon tulee olla mahdollisimman matala ja pieni, mutta valontehoa pit\u00e4\u00e4 saada paljon. Viimeisint\u00e4 LED- ja heijastintekniikkaa k\u00e4ytt\u00e4v\u00e4 Lazer Linear 18 Elite tarjoaa kokoisekseen uskomattoman paljon valoa! Ainutlaatuinen muotoilu ja valonteho tekev\u00e4t t\u00e4st\u00e4 lis\u00e4kaukovalosta t\u00e4ydellisen vaihtoehdon moottoriurheiluun.<\/p>\n<p>&nbsp;<\/p>\n<p><strong>Lis\u00e4valon tekniset tiedot:<\/strong><br \/>\n\u2022 Teho: 126W<br \/>\n\u2022 Referenssiluku: 45<br \/>\n\u2022 K\u00e4ytt\u00f6j\u00e4nnite 9-32V<br \/>\n\u2022 Valoteho: 12150lm (valmistajan ilmoittama)<br \/>\n\u2022 V\u00e4ril\u00e4mp\u00f6tila: 5000K<br \/>\n\u2022 Virrankulutus: 8,8A (14,4 VDC)<br \/>\n\u2022 Valokeila: 975m (0,25LX)<br \/>\n\u2022 Yhdistelm\u00e4valokuvio<br \/>\n\u2022 Suurteho ledit maailman johtavalta valmistajalta<br \/>\n\u2022 Kehittynyt elektroninen l\u00e4mm\u00f6nhallinta<br \/>\n\u2022 IP67 p\u00f6ly- ja vesitiivis<br \/>\n\u2022 Polykarbonaatti linssi elinik\u00e4isell\u00e4 takuulla<br \/>\n\u2022 AMP 2-pin liitin<br \/>\n\u2022 Leveys: 532mm<br \/>\n\u2022 Korkeus: 40mm<br \/>\n\u2022 Syvyys: 62mm<br \/>\n\u2022 Paino: 1090g<br \/>\n\u2022 Tieliikenteeseen hyv\u00e4ksytty (E-hyv\u00e4ksynt\u00e4)<br \/>\n\u2022 ECE R112 hyv\u00e4ksytty<br \/>\n\u2022 Takuu: 60kk<br \/>\n\u2022 Valmistusmaa: Iso-Britannia<\/p>\n<p><strong>Ilmoitettu kantama:<\/strong><\/p>\n<p>\u2022 0.25 lux 975 metri\u00e4<br \/>\n\u2022 0.5 lux 690 metri\u00e4<br \/>\n\u2022 1 lux 488 metri\u00e4<br \/>\n\u2022 3 lux 282 metri\u00e4<\/p>\n","protected":false},"excerpt":{"rendered":"<p><a href=\"https:\/\/www.duunauspalvelutjarvi.fi\/?term=&amp;s=lazer&amp;post_type=product&amp;taxonomy=product_cat\"><img loading=\"lazy\" decoding=\"async\" class=\"alignnone size-full wp-image-9971\" src=\"https:\/\/www.duunauspalvelutjarvi.fi\/wp-content\/uploads\/2021\/08\/lazer.png\" alt=\"\" width=\"200\" height=\"65\" \/><\/a><\/p>\n","protected":false},"featured_media":0,"comment_status":"open","ping_status":"closed","template":"","meta":[],"product_brand":[],"product_cat":[44],"product_tag":[],"class_list":{"0":"post-3326","1":"product","2":"type-product","3":"status-publish","5":"product_cat-led-lisavalopaneelit","6":"product_shipping_class-l-paketti","8":"first","9":"instock","10":"taxable","11":"shipping-taxable","12":"purchasable","13":"product-type-variable"},"yoast_head":"<!-- This site is optimized with the Yoast SEO plugin v27.4 - https:\/\/yoast.com\/product\/yoast-seo-wordpress\/ -->\n<title>Lazer Linear 18 Elite -<\/title>\n<meta name=\"robots\" content=\"index, follow, max-snippet:-1, max-image-preview:large, max-video-preview:-1\" \/>\n<link rel=\"canonical\" href=\"https:\/\/www.duunauspalvelutjarvi.fi\/?product=led-lisavalo-lazer-linear-18-elite\" \/>\n<meta property=\"og:locale\" content=\"fi_FI\" \/>\n<meta property=\"og:type\" content=\"article\" \/>\n<meta property=\"og:title\" content=\"Lazer Linear 18 Elite -\" \/>\n<meta property=\"og:url\" content=\"https:\/\/www.duunauspalvelutjarvi.fi\/?product=led-lisavalo-lazer-linear-18-elite\" \/>\n<meta property=\"article:modified_time\" content=\"2025-10-09T08:38:21+00:00\" \/>\n<meta name=\"twitter:card\" content=\"summary_large_image\" \/>\n<meta name=\"twitter:label1\" content=\"Arvioitu lukuaika\" \/>\n\t<meta name=\"twitter:data1\" content=\"1 minuutti\" \/>\n<script type=\"application\/ld+json\" class=\"yoast-schema-graph\">{\"@context\":\"https:\\\/\\\/schema.org\",\"@graph\":[{\"@type\":\"WebPage\",\"@id\":\"https:\\\/\\\/www.duunauspalvelutjarvi.fi\\\/?product=led-lisavalo-lazer-linear-18-elite\",\"url\":\"https:\\\/\\\/www.duunauspalvelutjarvi.fi\\\/?product=led-lisavalo-lazer-linear-18-elite\",\"name\":\"Lazer Linear 18 Elite -\",\"isPartOf\":{\"@id\":\"https:\\\/\\\/www.duunauspalvelutjarvi.fi\\\/#website\"},\"datePublished\":\"2021-02-14T22:36:59+00:00\",\"dateModified\":\"2025-10-09T08:38:21+00:00\",\"breadcrumb\":{\"@id\":\"https:\\\/\\\/www.duunauspalvelutjarvi.fi\\\/?product=led-lisavalo-lazer-linear-18-elite#breadcrumb\"},\"inLanguage\":\"fi\",\"potentialAction\":[{\"@type\":\"ReadAction\",\"target\":[\"https:\\\/\\\/www.duunauspalvelutjarvi.fi\\\/?product=led-lisavalo-lazer-linear-18-elite\"]}]},{\"@type\":\"BreadcrumbList\",\"@id\":\"https:\\\/\\\/www.duunauspalvelutjarvi.fi\\\/?product=led-lisavalo-lazer-linear-18-elite#breadcrumb\",\"itemListElement\":[{\"@type\":\"ListItem\",\"position\":1,\"name\":\"Etusivu\",\"item\":\"https:\\\/\\\/www.duunauspalvelutjarvi.fi\\\/\"},{\"@type\":\"ListItem\",\"position\":2,\"name\":\"Etusivu\",\"item\":\"https:\\\/\\\/www.duunauspalvelutjarvi.fi\\\/\"},{\"@type\":\"ListItem\",\"position\":3,\"name\":\"Lazer Linear 18 Elite\"}]},{\"@type\":\"WebSite\",\"@id\":\"https:\\\/\\\/www.duunauspalvelutjarvi.fi\\\/#website\",\"url\":\"https:\\\/\\\/www.duunauspalvelutjarvi.fi\\\/\",\"name\":\"\",\"description\":\"\",\"potentialAction\":[{\"@type\":\"SearchAction\",\"target\":{\"@type\":\"EntryPoint\",\"urlTemplate\":\"https:\\\/\\\/www.duunauspalvelutjarvi.fi\\\/?s={search_term_string}\"},\"query-input\":{\"@type\":\"PropertyValueSpecification\",\"valueRequired\":true,\"valueName\":\"search_term_string\"}}],\"inLanguage\":\"fi\"}]}<\/script>\n<!-- \/ Yoast SEO plugin. -->","yoast_head_json":{"title":"Lazer Linear 18 Elite -","robots":{"index":"index","follow":"follow","max-snippet":"max-snippet:-1","max-image-preview":"max-image-preview:large","max-video-preview":"max-video-preview:-1"},"canonical":"https:\/\/www.duunauspalvelutjarvi.fi\/?product=led-lisavalo-lazer-linear-18-elite","og_locale":"fi_FI","og_type":"article","og_title":"Lazer Linear 18 Elite -","og_url":"https:\/\/www.duunauspalvelutjarvi.fi\/?product=led-lisavalo-lazer-linear-18-elite","article_modified_time":"2025-10-09T08:38:21+00:00","twitter_card":"summary_large_image","twitter_misc":{"Arvioitu lukuaika":"1 minuutti"},"schema":{"@context":"https:\/\/schema.org","@graph":[{"@type":"WebPage","@id":"https:\/\/www.duunauspalvelutjarvi.fi\/?product=led-lisavalo-lazer-linear-18-elite","url":"https:\/\/www.duunauspalvelutjarvi.fi\/?product=led-lisavalo-lazer-linear-18-elite","name":"Lazer Linear 18 Elite -","isPartOf":{"@id":"https:\/\/www.duunauspalvelutjarvi.fi\/#website"},"datePublished":"2021-02-14T22:36:59+00:00","dateModified":"2025-10-09T08:38:21+00:00","breadcrumb":{"@id":"https:\/\/www.duunauspalvelutjarvi.fi\/?product=led-lisavalo-lazer-linear-18-elite#breadcrumb"},"inLanguage":"fi","potentialAction":[{"@type":"ReadAction","target":["https:\/\/www.duunauspalvelutjarvi.fi\/?product=led-lisavalo-lazer-linear-18-elite"]}]},{"@type":"BreadcrumbList","@id":"https:\/\/www.duunauspalvelutjarvi.fi\/?product=led-lisavalo-lazer-linear-18-elite#breadcrumb","itemListElement":[{"@type":"ListItem","position":1,"name":"Etusivu","item":"https:\/\/www.duunauspalvelutjarvi.fi\/"},{"@type":"ListItem","position":2,"name":"Etusivu","item":"https:\/\/www.duunauspalvelutjarvi.fi\/"},{"@type":"ListItem","position":3,"name":"Lazer Linear 18 Elite"}]},{"@type":"WebSite","@id":"https:\/\/www.duunauspalvelutjarvi.fi\/#website","url":"https:\/\/www.duunauspalvelutjarvi.fi\/","name":"","description":"","potentialAction":[{"@type":"SearchAction","target":{"@type":"EntryPoint","urlTemplate":"https:\/\/www.duunauspalvelutjarvi.fi\/?s={search_term_string}"},"query-input":{"@type":"PropertyValueSpecification","valueRequired":true,"valueName":"search_term_string"}}],"inLanguage":"fi"}]}},"jetpack_sharing_enabled":true,"_links":{"self":[{"href":"https:\/\/www.duunauspalvelutjarvi.fi\/index.php?rest_route=\/wp\/v2\/product\/3326","targetHints":{"allow":["GET"]}}],"collection":[{"href":"https:\/\/www.duunauspalvelutjarvi.fi\/index.php?rest_route=\/wp\/v2\/product"}],"about":[{"href":"https:\/\/www.duunauspalvelutjarvi.fi\/index.php?rest_route=\/wp\/v2\/types\/product"}],"replies":[{"embeddable":true,"href":"https:\/\/www.duunauspalvelutjarvi.fi\/index.php?rest_route=%2Fwp%2Fv2%2Fcomments&post=3326"}],"wp:attachment":[{"href":"https:\/\/www.duunauspalvelutjarvi.fi\/index.php?rest_route=%2Fwp%2Fv2%2Fmedia&parent=3326"}],"wp:term":[{"taxonomy":"product_brand","embeddable":true,"href":"https:\/\/www.duunauspalvelutjarvi.fi\/index.php?rest_route=%2Fwp%2Fv2%2Fproduct_brand&post=3326"},{"taxonomy":"product_cat","embeddable":true,"href":"https:\/\/www.duunauspalvelutjarvi.fi\/index.php?rest_route=%2Fwp%2Fv2%2Fproduct_cat&post=3326"},{"taxonomy":"product_tag","embeddable":true,"href":"https:\/\/www.duunauspalvelutjarvi.fi\/index.php?rest_route=%2Fwp%2Fv2%2Fproduct_tag&post=3326"}],"curies":[{"name":"wp","href":"https:\/\/api.w.org\/{rel}","templated":true}]}}