{"id":3353,"date":"2021-02-15T12:29:23","date_gmt":"2021-02-15T10:29:23","guid":{"rendered":"https:\/\/www.duunauspalvelutjarvi.fi\/?post_type=product&#038;p=3353"},"modified":"2025-10-09T11:38:20","modified_gmt":"2025-10-09T08:38:20","slug":"led-lisavalo-120w-optibeam-commander-ref-30","status":"publish","type":"product","link":"https:\/\/www.duunauspalvelutjarvi.fi\/?product=led-lisavalo-120w-optibeam-commander-ref-30","title":{"rendered":"LED-lis\u00e4valo 120w Optibeam Commander, Ref.30"},"content":{"rendered":"<p><strong>Led-lis\u00e4valopaneeli Optibeam Commander<\/strong>\u00a0<strong>Black Edition<\/strong>. Liev\u00e4sti kaareva lis\u00e4valo antaa led-paneelille ep\u00e4tyypillisen leve\u00e4n valokuvion, jolla valoa riitt\u00e4\u00e4 my\u00f6s ojanpenkoille ja mets\u00e4n reunoihin. Pystysuunnassa rajattu valokuvio leikkaa turhan hajavalon puiden latvoista ja suoraan auton edest\u00e4, joten kaikki valo saadaan sinne, miss\u00e4 sit\u00e4 tarvitaan. Tumma optiikka yhdistettun\u00e4 nykyautojen keulaa mukailevaan muotoon antaa erityisen tyylikk\u00e4\u00e4n vaikutelman. K\u00e4tevien pohjakiinnikkeiden avulla Commander sopii tavalliseen rekisterikilpitelineeseen. \u00a0Sopiva relejohtosarja valaisimelle:\u00a0<a href=\"https:\/\/www.duunauspalvelutjarvi.fi\/?product=relejohtosarja-kahdelle-lisavalolle-dt-3-liittimella-luminalights\"><strong>LuminaLights DT3<\/strong><\/a><\/p>\n<p>Suosittelemme 5\/5!<\/p>\n<p><strong>Tekniset tiedot:<\/strong><br \/>\n\u2022 Referenssiluku: 30<br \/>\n\u2022 K\u00e4ytt\u00f6j\u00e4nnite: 9-30V<br \/>\n\u2022 Teho 120W (8 x 15W ledit)<br \/>\n\u2022 Led-parkkivaloraita<br \/>\n\u2022 Valovirta (raw): 8000 lm<br \/>\n\u2022 V\u00e4ril\u00e4mp\u00f6tila: 6000K<br \/>\n\u2022 Alumiinikuori<br \/>\n\u2022 Iskunkest\u00e4v\u00e4 polykarbonaattilinssi<br \/>\n\u2022 Sis\u00e4lt\u00e4\u00e4 kahdet kiinnikkeet: p\u00e4\u00e4tykiinnikkeet ja leveyss\u00e4\u00e4dett\u00e4v\u00e4t pohjakiinnikkeet<br \/>\n\u2022 Sis\u00e4lt\u00e4\u00e4 yl\u00e4tuet<br \/>\n\u2022 Leveys: 561 mm<br \/>\n\u2022 Korkeus: 84 mm<br \/>\n\u2022 Syvyys: 89 mm<br \/>\n\u2022 Paino: 2900 g<br \/>\n\u2022 Takuu 24kk<br \/>\n\u2022 IP68<br \/>\n\u2022 Hyv\u00e4ksytty tieliikennek\u00e4ytt\u00f6\u00f6n<\/p>\n<p>Myyd\u00e4\u00e4n kappaleittain.<\/p>\n","protected":false},"excerpt":{"rendered":"<p>Led-lis\u00e4valopaneeli Optibeam Commander\u00a0Black Edition. Liev\u00e4sti kaareva lis\u00e4valo antaa led-paneelille ep\u00e4tyypillisen leve\u00e4n valokuvion, jolla valoa riitt\u00e4\u00e4 my\u00f6s ojanpenkoille ja mets\u00e4n reunoihin. Pystysuunnassa rajattu valokuvio leikkaa turhan hajavalon puiden latvoista ja suoraan auton edest\u00e4, joten kaikki valo saadaan sinne, miss\u00e4 sit\u00e4 tarvitaan. Tumma optiikka yhdistettun\u00e4 nykyautojen keulaa mukailevaan muotoon antaa erityisen tyylikk\u00e4\u00e4n vaikutelman. K\u00e4tevien pohjakiinnikkeiden avulla Commander [&hellip;]<\/p>\n","protected":false},"featured_media":0,"comment_status":"open","ping_status":"closed","template":"","meta":[],"product_brand":[706],"product_cat":[44],"product_tag":[],"class_list":{"0":"post-3353","1":"product","2":"type-product","3":"status-publish","5":"product_brand-optibeam","6":"product_cat-led-lisavalopaneelit","7":"product_shipping_class-l-paketti","9":"first","10":"instock","11":"taxable","12":"shipping-taxable","13":"purchasable","14":"product-type-variable"},"yoast_head":"<!-- This site is optimized with the Yoast SEO plugin v27.5 - https:\/\/yoast.com\/product\/yoast-seo-wordpress\/ -->\n<title>LED-lis\u00e4valo 120w Optibeam Commander, Ref.30 -<\/title>\n<meta name=\"robots\" content=\"index, follow, max-snippet:-1, max-image-preview:large, max-video-preview:-1\" \/>\n<link rel=\"canonical\" href=\"https:\/\/www.duunauspalvelutjarvi.fi\/?product=led-lisavalo-120w-optibeam-commander-ref-30\" \/>\n<meta property=\"og:locale\" content=\"fi_FI\" \/>\n<meta property=\"og:type\" content=\"article\" \/>\n<meta property=\"og:title\" content=\"LED-lis\u00e4valo 120w Optibeam Commander, Ref.30 -\" \/>\n<meta property=\"og:description\" content=\"Led-lis\u00e4valopaneeli Optibeam Commander\u00a0Black Edition. Liev\u00e4sti kaareva lis\u00e4valo antaa led-paneelille ep\u00e4tyypillisen leve\u00e4n valokuvion, jolla valoa riitt\u00e4\u00e4 my\u00f6s ojanpenkoille ja mets\u00e4n reunoihin. Pystysuunnassa rajattu valokuvio leikkaa turhan hajavalon puiden latvoista ja suoraan auton edest\u00e4, joten kaikki valo saadaan sinne, miss\u00e4 sit\u00e4 tarvitaan. Tumma optiikka yhdistettun\u00e4 nykyautojen keulaa mukailevaan muotoon antaa erityisen tyylikk\u00e4\u00e4n vaikutelman. K\u00e4tevien pohjakiinnikkeiden avulla Commander [&hellip;]\" \/>\n<meta property=\"og:url\" content=\"https:\/\/www.duunauspalvelutjarvi.fi\/?product=led-lisavalo-120w-optibeam-commander-ref-30\" \/>\n<meta property=\"article:modified_time\" content=\"2025-10-09T08:38:20+00:00\" \/>\n<meta name=\"twitter:card\" content=\"summary_large_image\" \/>\n<meta name=\"twitter:label1\" content=\"Arvioitu lukuaika\" \/>\n\t<meta name=\"twitter:data1\" content=\"1 minuutti\" \/>\n<script type=\"application\/ld+json\" class=\"yoast-schema-graph\">{\"@context\":\"https:\\\/\\\/schema.org\",\"@graph\":[{\"@type\":\"WebPage\",\"@id\":\"https:\\\/\\\/www.duunauspalvelutjarvi.fi\\\/?product=led-lisavalo-120w-optibeam-commander-ref-30\",\"url\":\"https:\\\/\\\/www.duunauspalvelutjarvi.fi\\\/?product=led-lisavalo-120w-optibeam-commander-ref-30\",\"name\":\"LED-lis\u00e4valo 120w Optibeam Commander, Ref.30 -\",\"isPartOf\":{\"@id\":\"https:\\\/\\\/www.duunauspalvelutjarvi.fi\\\/#website\"},\"datePublished\":\"2021-02-15T10:29:23+00:00\",\"dateModified\":\"2025-10-09T08:38:20+00:00\",\"breadcrumb\":{\"@id\":\"https:\\\/\\\/www.duunauspalvelutjarvi.fi\\\/?product=led-lisavalo-120w-optibeam-commander-ref-30#breadcrumb\"},\"inLanguage\":\"fi\",\"potentialAction\":[{\"@type\":\"ReadAction\",\"target\":[\"https:\\\/\\\/www.duunauspalvelutjarvi.fi\\\/?product=led-lisavalo-120w-optibeam-commander-ref-30\"]}]},{\"@type\":\"BreadcrumbList\",\"@id\":\"https:\\\/\\\/www.duunauspalvelutjarvi.fi\\\/?product=led-lisavalo-120w-optibeam-commander-ref-30#breadcrumb\",\"itemListElement\":[{\"@type\":\"ListItem\",\"position\":1,\"name\":\"Etusivu\",\"item\":\"https:\\\/\\\/www.duunauspalvelutjarvi.fi\\\/\"},{\"@type\":\"ListItem\",\"position\":2,\"name\":\"Etusivu\",\"item\":\"https:\\\/\\\/www.duunauspalvelutjarvi.fi\\\/\"},{\"@type\":\"ListItem\",\"position\":3,\"name\":\"LED-lis\u00e4valo 120w Optibeam Commander, Ref.30\"}]},{\"@type\":\"WebSite\",\"@id\":\"https:\\\/\\\/www.duunauspalvelutjarvi.fi\\\/#website\",\"url\":\"https:\\\/\\\/www.duunauspalvelutjarvi.fi\\\/\",\"name\":\"\",\"description\":\"\",\"potentialAction\":[{\"@type\":\"SearchAction\",\"target\":{\"@type\":\"EntryPoint\",\"urlTemplate\":\"https:\\\/\\\/www.duunauspalvelutjarvi.fi\\\/?s={search_term_string}\"},\"query-input\":{\"@type\":\"PropertyValueSpecification\",\"valueRequired\":true,\"valueName\":\"search_term_string\"}}],\"inLanguage\":\"fi\"}]}<\/script>\n<!-- \/ Yoast SEO plugin. -->","yoast_head_json":{"title":"LED-lis\u00e4valo 120w Optibeam Commander, Ref.30 -","robots":{"index":"index","follow":"follow","max-snippet":"max-snippet:-1","max-image-preview":"max-image-preview:large","max-video-preview":"max-video-preview:-1"},"canonical":"https:\/\/www.duunauspalvelutjarvi.fi\/?product=led-lisavalo-120w-optibeam-commander-ref-30","og_locale":"fi_FI","og_type":"article","og_title":"LED-lis\u00e4valo 120w Optibeam Commander, Ref.30 -","og_description":"Led-lis\u00e4valopaneeli Optibeam Commander\u00a0Black Edition. Liev\u00e4sti kaareva lis\u00e4valo antaa led-paneelille ep\u00e4tyypillisen leve\u00e4n valokuvion, jolla valoa riitt\u00e4\u00e4 my\u00f6s ojanpenkoille ja mets\u00e4n reunoihin. Pystysuunnassa rajattu valokuvio leikkaa turhan hajavalon puiden latvoista ja suoraan auton edest\u00e4, joten kaikki valo saadaan sinne, miss\u00e4 sit\u00e4 tarvitaan. Tumma optiikka yhdistettun\u00e4 nykyautojen keulaa mukailevaan muotoon antaa erityisen tyylikk\u00e4\u00e4n vaikutelman. K\u00e4tevien pohjakiinnikkeiden avulla Commander [&hellip;]","og_url":"https:\/\/www.duunauspalvelutjarvi.fi\/?product=led-lisavalo-120w-optibeam-commander-ref-30","article_modified_time":"2025-10-09T08:38:20+00:00","twitter_card":"summary_large_image","twitter_misc":{"Arvioitu lukuaika":"1 minuutti"},"schema":{"@context":"https:\/\/schema.org","@graph":[{"@type":"WebPage","@id":"https:\/\/www.duunauspalvelutjarvi.fi\/?product=led-lisavalo-120w-optibeam-commander-ref-30","url":"https:\/\/www.duunauspalvelutjarvi.fi\/?product=led-lisavalo-120w-optibeam-commander-ref-30","name":"LED-lis\u00e4valo 120w Optibeam Commander, Ref.30 -","isPartOf":{"@id":"https:\/\/www.duunauspalvelutjarvi.fi\/#website"},"datePublished":"2021-02-15T10:29:23+00:00","dateModified":"2025-10-09T08:38:20+00:00","breadcrumb":{"@id":"https:\/\/www.duunauspalvelutjarvi.fi\/?product=led-lisavalo-120w-optibeam-commander-ref-30#breadcrumb"},"inLanguage":"fi","potentialAction":[{"@type":"ReadAction","target":["https:\/\/www.duunauspalvelutjarvi.fi\/?product=led-lisavalo-120w-optibeam-commander-ref-30"]}]},{"@type":"BreadcrumbList","@id":"https:\/\/www.duunauspalvelutjarvi.fi\/?product=led-lisavalo-120w-optibeam-commander-ref-30#breadcrumb","itemListElement":[{"@type":"ListItem","position":1,"name":"Etusivu","item":"https:\/\/www.duunauspalvelutjarvi.fi\/"},{"@type":"ListItem","position":2,"name":"Etusivu","item":"https:\/\/www.duunauspalvelutjarvi.fi\/"},{"@type":"ListItem","position":3,"name":"LED-lis\u00e4valo 120w Optibeam Commander, Ref.30"}]},{"@type":"WebSite","@id":"https:\/\/www.duunauspalvelutjarvi.fi\/#website","url":"https:\/\/www.duunauspalvelutjarvi.fi\/","name":"","description":"","potentialAction":[{"@type":"SearchAction","target":{"@type":"EntryPoint","urlTemplate":"https:\/\/www.duunauspalvelutjarvi.fi\/?s={search_term_string}"},"query-input":{"@type":"PropertyValueSpecification","valueRequired":true,"valueName":"search_term_string"}}],"inLanguage":"fi"}]}},"jetpack_sharing_enabled":true,"_links":{"self":[{"href":"https:\/\/www.duunauspalvelutjarvi.fi\/index.php?rest_route=\/wp\/v2\/product\/3353","targetHints":{"allow":["GET"]}}],"collection":[{"href":"https:\/\/www.duunauspalvelutjarvi.fi\/index.php?rest_route=\/wp\/v2\/product"}],"about":[{"href":"https:\/\/www.duunauspalvelutjarvi.fi\/index.php?rest_route=\/wp\/v2\/types\/product"}],"replies":[{"embeddable":true,"href":"https:\/\/www.duunauspalvelutjarvi.fi\/index.php?rest_route=%2Fwp%2Fv2%2Fcomments&post=3353"}],"wp:attachment":[{"href":"https:\/\/www.duunauspalvelutjarvi.fi\/index.php?rest_route=%2Fwp%2Fv2%2Fmedia&parent=3353"}],"wp:term":[{"taxonomy":"product_brand","embeddable":true,"href":"https:\/\/www.duunauspalvelutjarvi.fi\/index.php?rest_route=%2Fwp%2Fv2%2Fproduct_brand&post=3353"},{"taxonomy":"product_cat","embeddable":true,"href":"https:\/\/www.duunauspalvelutjarvi.fi\/index.php?rest_route=%2Fwp%2Fv2%2Fproduct_cat&post=3353"},{"taxonomy":"product_tag","embeddable":true,"href":"https:\/\/www.duunauspalvelutjarvi.fi\/index.php?rest_route=%2Fwp%2Fv2%2Fproduct_tag&post=3353"}],"curies":[{"name":"wp","href":"https:\/\/api.w.org\/{rel}","templated":true}]}}