{"id":3358,"date":"2021-02-15T12:32:06","date_gmt":"2021-02-15T10:32:06","guid":{"rendered":"https:\/\/www.duunauspalvelutjarvi.fi\/?post_type=product&#038;p=3358"},"modified":"2025-08-10T22:11:15","modified_gmt":"2025-08-10T19:11:15","slug":"relejohtosarja-kahdelle-lisavalolle-dt-3-liittimella-luminalights","status":"publish","type":"product","link":"https:\/\/www.duunauspalvelutjarvi.fi\/?product=relejohtosarja-kahdelle-lisavalolle-dt-3-liittimella-luminalights","title":{"rendered":"Relejohtosarja kahdelle lis\u00e4valolle DT-3 liittimell\u00e4, Luminalights"},"content":{"rendered":"<p><strong>LuminaLights DT-3 relejohtosarja sopii kahden lis\u00e4valon asennukseen.\u00a0<\/strong>DT-3 -liitint\u00e4 k\u00e4ytet\u00e4\u00e4n yleisesti lis\u00e4valoissa, joissa on parkkivalotoiminto. T\u00e4m\u00e4 sarja soveltuu siis t\u00e4ydellisesti mm. LuminaLights, Optibeam-merkkisille parkkivalolla varustetuille lis\u00e4valoille. Huomaa kuitenkin, ett\u00e4 Lazer- ja Maxtel-merkkisiss\u00e4 valoissa k\u00e4ytet\u00e4\u00e4n AMP-liitint\u00e4.<\/p>\n<p>&nbsp;<\/p>\n<p>T\u00e4m\u00e4n relejohtosarjan avulla lis\u00e4valojen asentaminen on erinomaisen helppoa. Sarjan valmiit liittimet sopivat suoraan lis\u00e4valon liittimiin. Mukana tulee my\u00f6s valmiiksi relejohtosarjaan kytketty katkaisija, jonka voi halutessaan asentaa ohjaamoon tai j\u00e4tt\u00e4\u00e4 asentamatta.<\/p>\n<p><strong>Ominaisuudet:<br \/>\n<\/strong><br \/>\n\u2022 Merkkivalollinen kytkin (voidaan asentaa my\u00f6s ilman kytkint\u00e4)<br \/>\n\u2022 Roiskevesitiivis sulakerasia 15A sulakkeella<br \/>\n\u2022 12V rele suojadiodilla, joka est\u00e4\u00e4 elektroniikalle vahingollisen j\u00e4nnitepiikin.<br \/>\n\u2022 Rosvoliitin her\u00e4tevirran haaroittamiseen<br \/>\n\u2022 Mukana suomenkieliset asennusohjeet<br \/>\n\u2022 Johdot releelt\u00e4 valoille: 1m ja 1,5m<\/p>\n","protected":false},"excerpt":{"rendered":"<p><a href=\"https:\/\/www.duunauspalvelutjarvi.fi\/?term=&amp;s=LuminaLights&amp;post_type=product&amp;taxonomy=product_cat\"><img loading=\"lazy\" decoding=\"async\" class=\"alignnone size-full wp-image-9939\" src=\"https:\/\/www.duunauspalvelutjarvi.fi\/wp-content\/uploads\/2021\/08\/luminalights_manufacturer_image.png\" alt=\"\" width=\"200\" height=\"65\" \/><\/a><\/p>\n","protected":false},"featured_media":0,"comment_status":"open","ping_status":"closed","template":"","meta":[],"product_brand":[704],"product_cat":[250],"product_tag":[],"class_list":{"0":"post-3358","1":"product","2":"type-product","3":"status-publish","5":"product_brand-luminalights","6":"product_cat-relejohtosarjat","8":"first","9":"instock","10":"taxable","11":"shipping-taxable","12":"purchasable","13":"product-type-simple"},"yoast_head":"<!-- This site is optimized with the Yoast SEO plugin v27.4 - https:\/\/yoast.com\/product\/yoast-seo-wordpress\/ -->\n<title>Relejohtosarja kahdelle lis\u00e4valolle DT-3 liittimell\u00e4, Luminalights -<\/title>\n<meta name=\"robots\" content=\"index, follow, max-snippet:-1, max-image-preview:large, max-video-preview:-1\" \/>\n<link rel=\"canonical\" href=\"https:\/\/www.duunauspalvelutjarvi.fi\/?product=relejohtosarja-kahdelle-lisavalolle-dt-3-liittimella-luminalights\" \/>\n<meta property=\"og:locale\" content=\"fi_FI\" \/>\n<meta property=\"og:type\" content=\"article\" \/>\n<meta property=\"og:title\" content=\"Relejohtosarja kahdelle lis\u00e4valolle DT-3 liittimell\u00e4, Luminalights -\" \/>\n<meta property=\"og:url\" content=\"https:\/\/www.duunauspalvelutjarvi.fi\/?product=relejohtosarja-kahdelle-lisavalolle-dt-3-liittimella-luminalights\" \/>\n<meta property=\"article:modified_time\" content=\"2025-08-10T19:11:15+00:00\" \/>\n<meta name=\"twitter:card\" content=\"summary_large_image\" \/>\n<meta name=\"twitter:label1\" content=\"Arvioitu lukuaika\" \/>\n\t<meta name=\"twitter:data1\" content=\"1 minuutti\" \/>\n<script type=\"application\/ld+json\" class=\"yoast-schema-graph\">{\"@context\":\"https:\\\/\\\/schema.org\",\"@graph\":[{\"@type\":\"WebPage\",\"@id\":\"https:\\\/\\\/www.duunauspalvelutjarvi.fi\\\/?product=relejohtosarja-kahdelle-lisavalolle-dt-3-liittimella-luminalights\",\"url\":\"https:\\\/\\\/www.duunauspalvelutjarvi.fi\\\/?product=relejohtosarja-kahdelle-lisavalolle-dt-3-liittimella-luminalights\",\"name\":\"Relejohtosarja kahdelle lis\u00e4valolle DT-3 liittimell\u00e4, Luminalights -\",\"isPartOf\":{\"@id\":\"https:\\\/\\\/www.duunauspalvelutjarvi.fi\\\/#website\"},\"datePublished\":\"2021-02-15T10:32:06+00:00\",\"dateModified\":\"2025-08-10T19:11:15+00:00\",\"breadcrumb\":{\"@id\":\"https:\\\/\\\/www.duunauspalvelutjarvi.fi\\\/?product=relejohtosarja-kahdelle-lisavalolle-dt-3-liittimella-luminalights#breadcrumb\"},\"inLanguage\":\"fi\",\"potentialAction\":[{\"@type\":\"ReadAction\",\"target\":[\"https:\\\/\\\/www.duunauspalvelutjarvi.fi\\\/?product=relejohtosarja-kahdelle-lisavalolle-dt-3-liittimella-luminalights\"]}]},{\"@type\":\"BreadcrumbList\",\"@id\":\"https:\\\/\\\/www.duunauspalvelutjarvi.fi\\\/?product=relejohtosarja-kahdelle-lisavalolle-dt-3-liittimella-luminalights#breadcrumb\",\"itemListElement\":[{\"@type\":\"ListItem\",\"position\":1,\"name\":\"Etusivu\",\"item\":\"https:\\\/\\\/www.duunauspalvelutjarvi.fi\\\/\"},{\"@type\":\"ListItem\",\"position\":2,\"name\":\"Etusivu\",\"item\":\"https:\\\/\\\/www.duunauspalvelutjarvi.fi\\\/\"},{\"@type\":\"ListItem\",\"position\":3,\"name\":\"Relejohtosarja kahdelle lis\u00e4valolle DT-3 liittimell\u00e4, Luminalights\"}]},{\"@type\":\"WebSite\",\"@id\":\"https:\\\/\\\/www.duunauspalvelutjarvi.fi\\\/#website\",\"url\":\"https:\\\/\\\/www.duunauspalvelutjarvi.fi\\\/\",\"name\":\"\",\"description\":\"\",\"potentialAction\":[{\"@type\":\"SearchAction\",\"target\":{\"@type\":\"EntryPoint\",\"urlTemplate\":\"https:\\\/\\\/www.duunauspalvelutjarvi.fi\\\/?s={search_term_string}\"},\"query-input\":{\"@type\":\"PropertyValueSpecification\",\"valueRequired\":true,\"valueName\":\"search_term_string\"}}],\"inLanguage\":\"fi\"}]}<\/script>\n<!-- \/ Yoast SEO plugin. -->","yoast_head_json":{"title":"Relejohtosarja kahdelle lis\u00e4valolle DT-3 liittimell\u00e4, Luminalights -","robots":{"index":"index","follow":"follow","max-snippet":"max-snippet:-1","max-image-preview":"max-image-preview:large","max-video-preview":"max-video-preview:-1"},"canonical":"https:\/\/www.duunauspalvelutjarvi.fi\/?product=relejohtosarja-kahdelle-lisavalolle-dt-3-liittimella-luminalights","og_locale":"fi_FI","og_type":"article","og_title":"Relejohtosarja kahdelle lis\u00e4valolle DT-3 liittimell\u00e4, Luminalights -","og_url":"https:\/\/www.duunauspalvelutjarvi.fi\/?product=relejohtosarja-kahdelle-lisavalolle-dt-3-liittimella-luminalights","article_modified_time":"2025-08-10T19:11:15+00:00","twitter_card":"summary_large_image","twitter_misc":{"Arvioitu lukuaika":"1 minuutti"},"schema":{"@context":"https:\/\/schema.org","@graph":[{"@type":"WebPage","@id":"https:\/\/www.duunauspalvelutjarvi.fi\/?product=relejohtosarja-kahdelle-lisavalolle-dt-3-liittimella-luminalights","url":"https:\/\/www.duunauspalvelutjarvi.fi\/?product=relejohtosarja-kahdelle-lisavalolle-dt-3-liittimella-luminalights","name":"Relejohtosarja kahdelle lis\u00e4valolle DT-3 liittimell\u00e4, Luminalights -","isPartOf":{"@id":"https:\/\/www.duunauspalvelutjarvi.fi\/#website"},"datePublished":"2021-02-15T10:32:06+00:00","dateModified":"2025-08-10T19:11:15+00:00","breadcrumb":{"@id":"https:\/\/www.duunauspalvelutjarvi.fi\/?product=relejohtosarja-kahdelle-lisavalolle-dt-3-liittimella-luminalights#breadcrumb"},"inLanguage":"fi","potentialAction":[{"@type":"ReadAction","target":["https:\/\/www.duunauspalvelutjarvi.fi\/?product=relejohtosarja-kahdelle-lisavalolle-dt-3-liittimella-luminalights"]}]},{"@type":"BreadcrumbList","@id":"https:\/\/www.duunauspalvelutjarvi.fi\/?product=relejohtosarja-kahdelle-lisavalolle-dt-3-liittimella-luminalights#breadcrumb","itemListElement":[{"@type":"ListItem","position":1,"name":"Etusivu","item":"https:\/\/www.duunauspalvelutjarvi.fi\/"},{"@type":"ListItem","position":2,"name":"Etusivu","item":"https:\/\/www.duunauspalvelutjarvi.fi\/"},{"@type":"ListItem","position":3,"name":"Relejohtosarja kahdelle lis\u00e4valolle DT-3 liittimell\u00e4, Luminalights"}]},{"@type":"WebSite","@id":"https:\/\/www.duunauspalvelutjarvi.fi\/#website","url":"https:\/\/www.duunauspalvelutjarvi.fi\/","name":"","description":"","potentialAction":[{"@type":"SearchAction","target":{"@type":"EntryPoint","urlTemplate":"https:\/\/www.duunauspalvelutjarvi.fi\/?s={search_term_string}"},"query-input":{"@type":"PropertyValueSpecification","valueRequired":true,"valueName":"search_term_string"}}],"inLanguage":"fi"}]}},"jetpack_sharing_enabled":true,"_links":{"self":[{"href":"https:\/\/www.duunauspalvelutjarvi.fi\/index.php?rest_route=\/wp\/v2\/product\/3358","targetHints":{"allow":["GET"]}}],"collection":[{"href":"https:\/\/www.duunauspalvelutjarvi.fi\/index.php?rest_route=\/wp\/v2\/product"}],"about":[{"href":"https:\/\/www.duunauspalvelutjarvi.fi\/index.php?rest_route=\/wp\/v2\/types\/product"}],"replies":[{"embeddable":true,"href":"https:\/\/www.duunauspalvelutjarvi.fi\/index.php?rest_route=%2Fwp%2Fv2%2Fcomments&post=3358"}],"wp:attachment":[{"href":"https:\/\/www.duunauspalvelutjarvi.fi\/index.php?rest_route=%2Fwp%2Fv2%2Fmedia&parent=3358"}],"wp:term":[{"taxonomy":"product_brand","embeddable":true,"href":"https:\/\/www.duunauspalvelutjarvi.fi\/index.php?rest_route=%2Fwp%2Fv2%2Fproduct_brand&post=3358"},{"taxonomy":"product_cat","embeddable":true,"href":"https:\/\/www.duunauspalvelutjarvi.fi\/index.php?rest_route=%2Fwp%2Fv2%2Fproduct_cat&post=3358"},{"taxonomy":"product_tag","embeddable":true,"href":"https:\/\/www.duunauspalvelutjarvi.fi\/index.php?rest_route=%2Fwp%2Fv2%2Fproduct_tag&post=3358"}],"curies":[{"name":"wp","href":"https:\/\/api.w.org\/{rel}","templated":true}]}}