{"id":4282,"date":"2021-02-18T23:16:29","date_gmt":"2021-02-18T21:16:29","guid":{"rendered":"https:\/\/www.duunauspalvelutjarvi.fi\/?post_type=product&#038;p=4282"},"modified":"2025-01-10T16:53:55","modified_gmt":"2025-01-10T14:53:55","slug":"h7-osram-night-breaker-laser-150-55w-12v-2kpl","status":"publish","type":"product","link":"https:\/\/www.duunauspalvelutjarvi.fi\/?product=h7-osram-night-breaker-laser-150-55w-12v-2kpl","title":{"rendered":"H7 Osram Night Breaker Laser +150%, 55W 12V, 2kpl"},"content":{"rendered":"<p><strong>H7 Osram Night Breaker Laser Halogen polttimo.<\/strong><\/p>\n<p>Night Breaker Laser on \u00e4\u00e4rimm\u00e4isen tehokas halogeeni-autolamppu. Luotettavan Night Breaker-perheen uusi huipputuote tuottaa enemm\u00e4n valoa, n\u00e4kyvyytt\u00e4 ja turvallisuutta. Jopa 150 % kirkkaampi ja 20 % valkoisempi valokeila kuin vakiohalogeenilamppuilla luovat erinomaiset edellytykset turvalliselle ja v\u00e4sytt\u00e4m\u00e4tt\u00f6m\u00e4lle ajamiselle. Kantama jopa 150m. Paranneltujen ominaisuuksiensa ansiosta Night Breaker Laser -polttimot parantavat n\u00e4kyvyytt\u00e4 ja auttavat havaitsemaan esteet aiemmin.<\/p>\n<p>&nbsp;<\/p>\n<p><strong>Tuoteominaisuudet:<\/strong><\/p>\n<p>\u2022 Jopa 150 % enemm\u00e4n valoa tielle parantaa ajamisen mukavuutta ja v\u00e4hent\u00e4\u00e4 v\u00e4symist\u00e4<br \/>\n\u2022 Jopa 150 metri\u00e4 kantava valokeila parantaa n\u00e4kyvyytt\u00e4 ja auttaa havaitsemaan esteet tiell\u00e4 aiemmin<br \/>\n\u2022 Jopa 20 % valkoisempi valo<br \/>\n\u2022 Tehokkaampi sukupolvi<br \/>\n\u2022 Kest\u00e4v\u00e4mpi ja lujatekoisempi<br \/>\n\u2022 Upea ulkon\u00e4k\u00f6<br \/>\n\u2022 \u00c4\u00e4rimm\u00e4isen tehokas halogeeni-autolamppu<br \/>\n\u2022 55W<br \/>\n\u2022 12V<br \/>\n\u2022 Hyv\u00e4ksytty k\u00e4ytett\u00e4v\u00e4ksi tieliikenteess\u00e4<\/p>\n<p><strong>Pakkaus sis\u00e4lt\u00e4\u00e4 2kpl polttimoita.<\/strong><strong>\u00a0<\/strong><\/p>\n","protected":false},"excerpt":{"rendered":"<p>H7 Osram Night Breaker Laser Halogen polttimo. Night Breaker Laser on \u00e4\u00e4rimm\u00e4isen tehokas halogeeni-autolamppu. Luotettavan Night Breaker-perheen uusi huipputuote tuottaa enemm\u00e4n valoa, n\u00e4kyvyytt\u00e4 ja turvallisuutta. Jopa 150 % kirkkaampi ja 20 % valkoisempi valokeila kuin vakiohalogeenilamppuilla luovat erinomaiset edellytykset turvalliselle ja v\u00e4sytt\u00e4m\u00e4tt\u00f6m\u00e4lle ajamiselle. Kantama jopa 150m. Paranneltujen ominaisuuksiensa ansiosta Night Breaker Laser -polttimot parantavat n\u00e4kyvyytt\u00e4 [&hellip;]<\/p>\n","protected":false},"featured_media":14287,"comment_status":"open","ping_status":"closed","template":"","meta":[],"product_brand":[],"product_cat":[313],"product_tag":[],"class_list":{"0":"post-4282","1":"product","2":"type-product","3":"status-publish","4":"has-post-thumbnail","6":"product_cat-h7-halogen-polttimot","8":"first","9":"instock","10":"taxable","11":"shipping-taxable","12":"purchasable","13":"product-type-simple"},"yoast_head":"<!-- This site is optimized with the Yoast SEO plugin v27.4 - https:\/\/yoast.com\/product\/yoast-seo-wordpress\/ -->\n<title>H7 Osram Night Breaker Laser +150%, 55W 12V, 2kpl -<\/title>\n<meta name=\"robots\" content=\"index, follow, max-snippet:-1, max-image-preview:large, max-video-preview:-1\" \/>\n<link rel=\"canonical\" href=\"https:\/\/www.duunauspalvelutjarvi.fi\/?product=h7-osram-night-breaker-laser-150-55w-12v-2kpl\" \/>\n<meta property=\"og:locale\" content=\"fi_FI\" \/>\n<meta property=\"og:type\" content=\"article\" \/>\n<meta property=\"og:title\" content=\"H7 Osram Night Breaker Laser +150%, 55W 12V, 2kpl -\" \/>\n<meta property=\"og:description\" content=\"H7 Osram Night Breaker Laser Halogen polttimo. Night Breaker Laser on \u00e4\u00e4rimm\u00e4isen tehokas halogeeni-autolamppu. Luotettavan Night Breaker-perheen uusi huipputuote tuottaa enemm\u00e4n valoa, n\u00e4kyvyytt\u00e4 ja turvallisuutta. Jopa 150 % kirkkaampi ja 20 % valkoisempi valokeila kuin vakiohalogeenilamppuilla luovat erinomaiset edellytykset turvalliselle ja v\u00e4sytt\u00e4m\u00e4tt\u00f6m\u00e4lle ajamiselle. Kantama jopa 150m. Paranneltujen ominaisuuksiensa ansiosta Night Breaker Laser -polttimot parantavat n\u00e4kyvyytt\u00e4 [&hellip;]\" \/>\n<meta property=\"og:url\" content=\"https:\/\/www.duunauspalvelutjarvi.fi\/?product=h7-osram-night-breaker-laser-150-55w-12v-2kpl\" \/>\n<meta property=\"article:modified_time\" content=\"2025-01-10T14:53:55+00:00\" \/>\n<meta property=\"og:image\" content=\"https:\/\/www.duunauspalvelutjarvi.fi\/wp-content\/uploads\/2021\/02\/H7OsramNightBreakerLaser15055W12V2kpl_8020100030_cdc6dc5aa59e6d77625ec05087b73c7f_1.jpeg\" \/>\n\t<meta property=\"og:image:width\" content=\"613\" \/>\n\t<meta property=\"og:image:height\" content=\"584\" \/>\n\t<meta property=\"og:image:type\" content=\"image\/jpeg\" \/>\n<meta name=\"twitter:card\" content=\"summary_large_image\" \/>\n<meta name=\"twitter:label1\" content=\"Arvioitu lukuaika\" \/>\n\t<meta name=\"twitter:data1\" content=\"1 minuutti\" \/>\n<script type=\"application\/ld+json\" class=\"yoast-schema-graph\">{\"@context\":\"https:\\\/\\\/schema.org\",\"@graph\":[{\"@type\":\"WebPage\",\"@id\":\"https:\\\/\\\/www.duunauspalvelutjarvi.fi\\\/?product=h7-osram-night-breaker-laser-150-55w-12v-2kpl\",\"url\":\"https:\\\/\\\/www.duunauspalvelutjarvi.fi\\\/?product=h7-osram-night-breaker-laser-150-55w-12v-2kpl\",\"name\":\"H7 Osram Night Breaker Laser +150%, 55W 12V, 2kpl -\",\"isPartOf\":{\"@id\":\"https:\\\/\\\/www.duunauspalvelutjarvi.fi\\\/#website\"},\"primaryImageOfPage\":{\"@id\":\"https:\\\/\\\/www.duunauspalvelutjarvi.fi\\\/?product=h7-osram-night-breaker-laser-150-55w-12v-2kpl#primaryimage\"},\"image\":{\"@id\":\"https:\\\/\\\/www.duunauspalvelutjarvi.fi\\\/?product=h7-osram-night-breaker-laser-150-55w-12v-2kpl#primaryimage\"},\"thumbnailUrl\":\"https:\\\/\\\/www.duunauspalvelutjarvi.fi\\\/wp-content\\\/uploads\\\/2021\\\/02\\\/H7OsramNightBreakerLaser15055W12V2kpl_8020100030_cdc6dc5aa59e6d77625ec05087b73c7f_1.jpeg\",\"datePublished\":\"2021-02-18T21:16:29+00:00\",\"dateModified\":\"2025-01-10T14:53:55+00:00\",\"breadcrumb\":{\"@id\":\"https:\\\/\\\/www.duunauspalvelutjarvi.fi\\\/?product=h7-osram-night-breaker-laser-150-55w-12v-2kpl#breadcrumb\"},\"inLanguage\":\"fi\",\"potentialAction\":[{\"@type\":\"ReadAction\",\"target\":[\"https:\\\/\\\/www.duunauspalvelutjarvi.fi\\\/?product=h7-osram-night-breaker-laser-150-55w-12v-2kpl\"]}]},{\"@type\":\"ImageObject\",\"inLanguage\":\"fi\",\"@id\":\"https:\\\/\\\/www.duunauspalvelutjarvi.fi\\\/?product=h7-osram-night-breaker-laser-150-55w-12v-2kpl#primaryimage\",\"url\":\"https:\\\/\\\/www.duunauspalvelutjarvi.fi\\\/wp-content\\\/uploads\\\/2021\\\/02\\\/H7OsramNightBreakerLaser15055W12V2kpl_8020100030_cdc6dc5aa59e6d77625ec05087b73c7f_1.jpeg\",\"contentUrl\":\"https:\\\/\\\/www.duunauspalvelutjarvi.fi\\\/wp-content\\\/uploads\\\/2021\\\/02\\\/H7OsramNightBreakerLaser15055W12V2kpl_8020100030_cdc6dc5aa59e6d77625ec05087b73c7f_1.jpeg\",\"width\":613,\"height\":584},{\"@type\":\"BreadcrumbList\",\"@id\":\"https:\\\/\\\/www.duunauspalvelutjarvi.fi\\\/?product=h7-osram-night-breaker-laser-150-55w-12v-2kpl#breadcrumb\",\"itemListElement\":[{\"@type\":\"ListItem\",\"position\":1,\"name\":\"Etusivu\",\"item\":\"https:\\\/\\\/www.duunauspalvelutjarvi.fi\\\/\"},{\"@type\":\"ListItem\",\"position\":2,\"name\":\"Etusivu\",\"item\":\"https:\\\/\\\/www.duunauspalvelutjarvi.fi\\\/\"},{\"@type\":\"ListItem\",\"position\":3,\"name\":\"H7 Osram Night Breaker Laser +150%, 55W 12V, 2kpl\"}]},{\"@type\":\"WebSite\",\"@id\":\"https:\\\/\\\/www.duunauspalvelutjarvi.fi\\\/#website\",\"url\":\"https:\\\/\\\/www.duunauspalvelutjarvi.fi\\\/\",\"name\":\"\",\"description\":\"\",\"potentialAction\":[{\"@type\":\"SearchAction\",\"target\":{\"@type\":\"EntryPoint\",\"urlTemplate\":\"https:\\\/\\\/www.duunauspalvelutjarvi.fi\\\/?s={search_term_string}\"},\"query-input\":{\"@type\":\"PropertyValueSpecification\",\"valueRequired\":true,\"valueName\":\"search_term_string\"}}],\"inLanguage\":\"fi\"}]}<\/script>\n<!-- \/ Yoast SEO plugin. -->","yoast_head_json":{"title":"H7 Osram Night Breaker Laser +150%, 55W 12V, 2kpl -","robots":{"index":"index","follow":"follow","max-snippet":"max-snippet:-1","max-image-preview":"max-image-preview:large","max-video-preview":"max-video-preview:-1"},"canonical":"https:\/\/www.duunauspalvelutjarvi.fi\/?product=h7-osram-night-breaker-laser-150-55w-12v-2kpl","og_locale":"fi_FI","og_type":"article","og_title":"H7 Osram Night Breaker Laser +150%, 55W 12V, 2kpl -","og_description":"H7 Osram Night Breaker Laser Halogen polttimo. Night Breaker Laser on \u00e4\u00e4rimm\u00e4isen tehokas halogeeni-autolamppu. Luotettavan Night Breaker-perheen uusi huipputuote tuottaa enemm\u00e4n valoa, n\u00e4kyvyytt\u00e4 ja turvallisuutta. Jopa 150 % kirkkaampi ja 20 % valkoisempi valokeila kuin vakiohalogeenilamppuilla luovat erinomaiset edellytykset turvalliselle ja v\u00e4sytt\u00e4m\u00e4tt\u00f6m\u00e4lle ajamiselle. Kantama jopa 150m. Paranneltujen ominaisuuksiensa ansiosta Night Breaker Laser -polttimot parantavat n\u00e4kyvyytt\u00e4 [&hellip;]","og_url":"https:\/\/www.duunauspalvelutjarvi.fi\/?product=h7-osram-night-breaker-laser-150-55w-12v-2kpl","article_modified_time":"2025-01-10T14:53:55+00:00","og_image":[{"width":613,"height":584,"url":"https:\/\/www.duunauspalvelutjarvi.fi\/wp-content\/uploads\/2021\/02\/H7OsramNightBreakerLaser15055W12V2kpl_8020100030_cdc6dc5aa59e6d77625ec05087b73c7f_1.jpeg","type":"image\/jpeg"}],"twitter_card":"summary_large_image","twitter_misc":{"Arvioitu lukuaika":"1 minuutti"},"schema":{"@context":"https:\/\/schema.org","@graph":[{"@type":"WebPage","@id":"https:\/\/www.duunauspalvelutjarvi.fi\/?product=h7-osram-night-breaker-laser-150-55w-12v-2kpl","url":"https:\/\/www.duunauspalvelutjarvi.fi\/?product=h7-osram-night-breaker-laser-150-55w-12v-2kpl","name":"H7 Osram Night Breaker Laser +150%, 55W 12V, 2kpl -","isPartOf":{"@id":"https:\/\/www.duunauspalvelutjarvi.fi\/#website"},"primaryImageOfPage":{"@id":"https:\/\/www.duunauspalvelutjarvi.fi\/?product=h7-osram-night-breaker-laser-150-55w-12v-2kpl#primaryimage"},"image":{"@id":"https:\/\/www.duunauspalvelutjarvi.fi\/?product=h7-osram-night-breaker-laser-150-55w-12v-2kpl#primaryimage"},"thumbnailUrl":"https:\/\/www.duunauspalvelutjarvi.fi\/wp-content\/uploads\/2021\/02\/H7OsramNightBreakerLaser15055W12V2kpl_8020100030_cdc6dc5aa59e6d77625ec05087b73c7f_1.jpeg","datePublished":"2021-02-18T21:16:29+00:00","dateModified":"2025-01-10T14:53:55+00:00","breadcrumb":{"@id":"https:\/\/www.duunauspalvelutjarvi.fi\/?product=h7-osram-night-breaker-laser-150-55w-12v-2kpl#breadcrumb"},"inLanguage":"fi","potentialAction":[{"@type":"ReadAction","target":["https:\/\/www.duunauspalvelutjarvi.fi\/?product=h7-osram-night-breaker-laser-150-55w-12v-2kpl"]}]},{"@type":"ImageObject","inLanguage":"fi","@id":"https:\/\/www.duunauspalvelutjarvi.fi\/?product=h7-osram-night-breaker-laser-150-55w-12v-2kpl#primaryimage","url":"https:\/\/www.duunauspalvelutjarvi.fi\/wp-content\/uploads\/2021\/02\/H7OsramNightBreakerLaser15055W12V2kpl_8020100030_cdc6dc5aa59e6d77625ec05087b73c7f_1.jpeg","contentUrl":"https:\/\/www.duunauspalvelutjarvi.fi\/wp-content\/uploads\/2021\/02\/H7OsramNightBreakerLaser15055W12V2kpl_8020100030_cdc6dc5aa59e6d77625ec05087b73c7f_1.jpeg","width":613,"height":584},{"@type":"BreadcrumbList","@id":"https:\/\/www.duunauspalvelutjarvi.fi\/?product=h7-osram-night-breaker-laser-150-55w-12v-2kpl#breadcrumb","itemListElement":[{"@type":"ListItem","position":1,"name":"Etusivu","item":"https:\/\/www.duunauspalvelutjarvi.fi\/"},{"@type":"ListItem","position":2,"name":"Etusivu","item":"https:\/\/www.duunauspalvelutjarvi.fi\/"},{"@type":"ListItem","position":3,"name":"H7 Osram Night Breaker Laser +150%, 55W 12V, 2kpl"}]},{"@type":"WebSite","@id":"https:\/\/www.duunauspalvelutjarvi.fi\/#website","url":"https:\/\/www.duunauspalvelutjarvi.fi\/","name":"","description":"","potentialAction":[{"@type":"SearchAction","target":{"@type":"EntryPoint","urlTemplate":"https:\/\/www.duunauspalvelutjarvi.fi\/?s={search_term_string}"},"query-input":{"@type":"PropertyValueSpecification","valueRequired":true,"valueName":"search_term_string"}}],"inLanguage":"fi"}]}},"jetpack_sharing_enabled":true,"_links":{"self":[{"href":"https:\/\/www.duunauspalvelutjarvi.fi\/index.php?rest_route=\/wp\/v2\/product\/4282","targetHints":{"allow":["GET"]}}],"collection":[{"href":"https:\/\/www.duunauspalvelutjarvi.fi\/index.php?rest_route=\/wp\/v2\/product"}],"about":[{"href":"https:\/\/www.duunauspalvelutjarvi.fi\/index.php?rest_route=\/wp\/v2\/types\/product"}],"replies":[{"embeddable":true,"href":"https:\/\/www.duunauspalvelutjarvi.fi\/index.php?rest_route=%2Fwp%2Fv2%2Fcomments&post=4282"}],"wp:featuredmedia":[{"embeddable":true,"href":"https:\/\/www.duunauspalvelutjarvi.fi\/index.php?rest_route=\/wp\/v2\/media\/14287"}],"wp:attachment":[{"href":"https:\/\/www.duunauspalvelutjarvi.fi\/index.php?rest_route=%2Fwp%2Fv2%2Fmedia&parent=4282"}],"wp:term":[{"taxonomy":"product_brand","embeddable":true,"href":"https:\/\/www.duunauspalvelutjarvi.fi\/index.php?rest_route=%2Fwp%2Fv2%2Fproduct_brand&post=4282"},{"taxonomy":"product_cat","embeddable":true,"href":"https:\/\/www.duunauspalvelutjarvi.fi\/index.php?rest_route=%2Fwp%2Fv2%2Fproduct_cat&post=4282"},{"taxonomy":"product_tag","embeddable":true,"href":"https:\/\/www.duunauspalvelutjarvi.fi\/index.php?rest_route=%2Fwp%2Fv2%2Fproduct_tag&post=4282"}],"curies":[{"name":"wp","href":"https:\/\/api.w.org\/{rel}","templated":true}]}}