{"id":4292,"date":"2021-02-18T23:25:23","date_gmt":"2021-02-18T21:25:23","guid":{"rendered":"https:\/\/www.duunauspalvelutjarvi.fi\/?post_type=product&#038;p=4292"},"modified":"2023-04-13T21:24:59","modified_gmt":"2023-04-13T18:24:59","slug":"h4-philips-racingvision-gt200-200-12v-55w-2kpl","status":"publish","type":"product","link":"https:\/\/www.duunauspalvelutjarvi.fi\/?product=h4-philips-racingvision-gt200-200-12v-55w-2kpl","title":{"rendered":"H4 Philips RacingVision GT200 +200%, 12V, 55W, 2kpl"},"content":{"rendered":"<p><strong>H4 Philips RacingVision GT200<\/strong>\u00a0on Philipsin valikoiman tehokkain polttimo, joka muuttaa selke\u00e4sti n\u00e4kyvyytt\u00e4 ja ajokokemusta. Se tuottaa rallipolttimon kirkkauden ja n\u00e4kyvyyden muodossa, jota on luvallista k\u00e4ytt\u00e4\u00e4 liikenteess\u00e4. Ter\u00e4v\u00e4 valokeila on jopa 200 % kirkkaampi (1). Optimoitu polttimon muotoilu takaa suuremman valotiheyden, mik\u00e4 parantaa tien n\u00e4kyvyytt\u00e4 sek\u00e4 ajoturvallisuutta ja -mukavuutta. Polttimossa on eritt\u00e4in tehokas valokeila, joka valaisee jopa 80 metri\u00e4 pidemm\u00e4lle*<\/p>\n<p>RacingVision GT200 polttimoissa on k\u00e4ytetty uutta patentoitua Gradient Coating pinnoitetta, jonka my\u00f6t\u00e4 polttimot heijastavat enemm\u00e4n valoa tielle parantaen n\u00e4kyvyytt\u00e4. Polttimoiden uusi Diamond Precision kvartilasitekniikka parantaa my\u00f6s valontehoa s\u00e4\u00e4nn\u00f6sten puitteissa. Lis\u00e4ksi kvartsilasitekniikka kest\u00e4\u00e4 entist\u00e4kin paremmin l\u00e4mp\u00f6tilanmuutoksia, joka parantaa polttimon k\u00e4ytt\u00f6aikaa.<\/p>\n<p><strong>Tekniset tiedot:<br \/>\n\u2022\u00a0<\/strong>H4<br \/>\n\u2022 Jopa 200 % enemm\u00e4n valoa tielle parantaa ajamisen mukavuutta ja v\u00e4hent\u00e4\u00e4 v\u00e4symist\u00e4<br \/>\n\u2022 Uusi tehokkaampi sukupolvi<br \/>\n\u2022 Kest\u00e4v\u00e4mpi ja lujatekoisempi<br \/>\n\u2022 Upea ulkon\u00e4k\u00f6<br \/>\n\u2022 \u00c4\u00e4rimm\u00e4isen tehokas halogeeni-autolamppu<br \/>\n\u2022 Hyv\u00e4ksytty k\u00e4ytett\u00e4v\u00e4ksi tieliikenteess\u00e4<br \/>\n\u2022 60\/55W<br \/>\n\u2022 12V<br \/>\n\u2022 V\u00e4ril\u00e4mp\u00f6tila 3600K<br \/>\n\u2022 Valovirta lumenia: 1 650 \u00b115\u00a0% \/ 1 000 \u00b115\u00a0%<\/p>\n<p><strong>Pakkaus sis\u00e4lt\u00e4\u00e4 2kpl polttimoita<\/strong>.<\/p>\n","protected":false},"excerpt":{"rendered":"<p>H4 Philips RacingVision GT200\u00a0on Philipsin valikoiman tehokkain polttimo, joka muuttaa selke\u00e4sti n\u00e4kyvyytt\u00e4 ja ajokokemusta. Se tuottaa rallipolttimon kirkkauden ja n\u00e4kyvyyden muodossa, jota on luvallista k\u00e4ytt\u00e4\u00e4 liikenteess\u00e4. Ter\u00e4v\u00e4 valokeila on jopa 200 % kirkkaampi (1). Optimoitu polttimon muotoilu takaa suuremman valotiheyden, mik\u00e4 parantaa tien n\u00e4kyvyytt\u00e4 sek\u00e4 ajoturvallisuutta ja -mukavuutta. Polttimossa on eritt\u00e4in tehokas valokeila, joka valaisee [&hellip;]<\/p>\n","protected":false},"featured_media":14288,"comment_status":"open","ping_status":"closed","template":"","meta":[],"product_brand":[],"product_cat":[314],"product_tag":[],"class_list":{"0":"post-4292","1":"product","2":"type-product","3":"status-publish","4":"has-post-thumbnail","6":"product_cat-h4-halogen-polttimot","8":"first","9":"instock","10":"taxable","11":"shipping-taxable","12":"purchasable","13":"product-type-simple"},"yoast_head":"<!-- This site is optimized with the Yoast SEO plugin v27.5 - https:\/\/yoast.com\/product\/yoast-seo-wordpress\/ -->\n<title>H4 Philips RacingVision GT200 +200%, 12V, 55W, 2kpl -<\/title>\n<meta name=\"robots\" content=\"index, follow, max-snippet:-1, max-image-preview:large, max-video-preview:-1\" \/>\n<link rel=\"canonical\" href=\"https:\/\/www.duunauspalvelutjarvi.fi\/?product=h4-philips-racingvision-gt200-200-12v-55w-2kpl\" \/>\n<meta property=\"og:locale\" content=\"fi_FI\" \/>\n<meta property=\"og:type\" content=\"article\" \/>\n<meta property=\"og:title\" content=\"H4 Philips RacingVision GT200 +200%, 12V, 55W, 2kpl -\" \/>\n<meta property=\"og:description\" content=\"H4 Philips RacingVision GT200\u00a0on Philipsin valikoiman tehokkain polttimo, joka muuttaa selke\u00e4sti n\u00e4kyvyytt\u00e4 ja ajokokemusta. Se tuottaa rallipolttimon kirkkauden ja n\u00e4kyvyyden muodossa, jota on luvallista k\u00e4ytt\u00e4\u00e4 liikenteess\u00e4. Ter\u00e4v\u00e4 valokeila on jopa 200 % kirkkaampi (1). Optimoitu polttimon muotoilu takaa suuremman valotiheyden, mik\u00e4 parantaa tien n\u00e4kyvyytt\u00e4 sek\u00e4 ajoturvallisuutta ja -mukavuutta. Polttimossa on eritt\u00e4in tehokas valokeila, joka valaisee [&hellip;]\" \/>\n<meta property=\"og:url\" content=\"https:\/\/www.duunauspalvelutjarvi.fi\/?product=h4-philips-racingvision-gt200-200-12v-55w-2kpl\" \/>\n<meta property=\"article:modified_time\" content=\"2023-04-13T18:24:59+00:00\" \/>\n<meta property=\"og:image\" content=\"https:\/\/www.duunauspalvelutjarvi.fi\/wp-content\/uploads\/2021\/02\/H4PhilipsRacingVisionGT20020012V55W2kpl_8020103528_142eec1b12312c336ffcdb897d65bd69_1.jpeg\" \/>\n\t<meta property=\"og:image:width\" content=\"955\" \/>\n\t<meta property=\"og:image:height\" content=\"825\" \/>\n\t<meta property=\"og:image:type\" content=\"image\/jpeg\" \/>\n<meta name=\"twitter:card\" content=\"summary_large_image\" \/>\n<meta name=\"twitter:label1\" content=\"Arvioitu lukuaika\" \/>\n\t<meta name=\"twitter:data1\" content=\"1 minuutti\" \/>\n<script type=\"application\/ld+json\" class=\"yoast-schema-graph\">{\"@context\":\"https:\\\/\\\/schema.org\",\"@graph\":[{\"@type\":\"WebPage\",\"@id\":\"https:\\\/\\\/www.duunauspalvelutjarvi.fi\\\/?product=h4-philips-racingvision-gt200-200-12v-55w-2kpl\",\"url\":\"https:\\\/\\\/www.duunauspalvelutjarvi.fi\\\/?product=h4-philips-racingvision-gt200-200-12v-55w-2kpl\",\"name\":\"H4 Philips RacingVision GT200 +200%, 12V, 55W, 2kpl -\",\"isPartOf\":{\"@id\":\"https:\\\/\\\/www.duunauspalvelutjarvi.fi\\\/#website\"},\"primaryImageOfPage\":{\"@id\":\"https:\\\/\\\/www.duunauspalvelutjarvi.fi\\\/?product=h4-philips-racingvision-gt200-200-12v-55w-2kpl#primaryimage\"},\"image\":{\"@id\":\"https:\\\/\\\/www.duunauspalvelutjarvi.fi\\\/?product=h4-philips-racingvision-gt200-200-12v-55w-2kpl#primaryimage\"},\"thumbnailUrl\":\"https:\\\/\\\/www.duunauspalvelutjarvi.fi\\\/wp-content\\\/uploads\\\/2021\\\/02\\\/H4PhilipsRacingVisionGT20020012V55W2kpl_8020103528_142eec1b12312c336ffcdb897d65bd69_1.jpeg\",\"datePublished\":\"2021-02-18T21:25:23+00:00\",\"dateModified\":\"2023-04-13T18:24:59+00:00\",\"breadcrumb\":{\"@id\":\"https:\\\/\\\/www.duunauspalvelutjarvi.fi\\\/?product=h4-philips-racingvision-gt200-200-12v-55w-2kpl#breadcrumb\"},\"inLanguage\":\"fi\",\"potentialAction\":[{\"@type\":\"ReadAction\",\"target\":[\"https:\\\/\\\/www.duunauspalvelutjarvi.fi\\\/?product=h4-philips-racingvision-gt200-200-12v-55w-2kpl\"]}]},{\"@type\":\"ImageObject\",\"inLanguage\":\"fi\",\"@id\":\"https:\\\/\\\/www.duunauspalvelutjarvi.fi\\\/?product=h4-philips-racingvision-gt200-200-12v-55w-2kpl#primaryimage\",\"url\":\"https:\\\/\\\/www.duunauspalvelutjarvi.fi\\\/wp-content\\\/uploads\\\/2021\\\/02\\\/H4PhilipsRacingVisionGT20020012V55W2kpl_8020103528_142eec1b12312c336ffcdb897d65bd69_1.jpeg\",\"contentUrl\":\"https:\\\/\\\/www.duunauspalvelutjarvi.fi\\\/wp-content\\\/uploads\\\/2021\\\/02\\\/H4PhilipsRacingVisionGT20020012V55W2kpl_8020103528_142eec1b12312c336ffcdb897d65bd69_1.jpeg\",\"width\":955,\"height\":825},{\"@type\":\"BreadcrumbList\",\"@id\":\"https:\\\/\\\/www.duunauspalvelutjarvi.fi\\\/?product=h4-philips-racingvision-gt200-200-12v-55w-2kpl#breadcrumb\",\"itemListElement\":[{\"@type\":\"ListItem\",\"position\":1,\"name\":\"Etusivu\",\"item\":\"https:\\\/\\\/www.duunauspalvelutjarvi.fi\\\/\"},{\"@type\":\"ListItem\",\"position\":2,\"name\":\"Etusivu\",\"item\":\"https:\\\/\\\/www.duunauspalvelutjarvi.fi\\\/\"},{\"@type\":\"ListItem\",\"position\":3,\"name\":\"H4 Philips RacingVision GT200 +200%, 12V, 55W, 2kpl\"}]},{\"@type\":\"WebSite\",\"@id\":\"https:\\\/\\\/www.duunauspalvelutjarvi.fi\\\/#website\",\"url\":\"https:\\\/\\\/www.duunauspalvelutjarvi.fi\\\/\",\"name\":\"\",\"description\":\"\",\"potentialAction\":[{\"@type\":\"SearchAction\",\"target\":{\"@type\":\"EntryPoint\",\"urlTemplate\":\"https:\\\/\\\/www.duunauspalvelutjarvi.fi\\\/?s={search_term_string}\"},\"query-input\":{\"@type\":\"PropertyValueSpecification\",\"valueRequired\":true,\"valueName\":\"search_term_string\"}}],\"inLanguage\":\"fi\"}]}<\/script>\n<!-- \/ Yoast SEO plugin. -->","yoast_head_json":{"title":"H4 Philips RacingVision GT200 +200%, 12V, 55W, 2kpl -","robots":{"index":"index","follow":"follow","max-snippet":"max-snippet:-1","max-image-preview":"max-image-preview:large","max-video-preview":"max-video-preview:-1"},"canonical":"https:\/\/www.duunauspalvelutjarvi.fi\/?product=h4-philips-racingvision-gt200-200-12v-55w-2kpl","og_locale":"fi_FI","og_type":"article","og_title":"H4 Philips RacingVision GT200 +200%, 12V, 55W, 2kpl -","og_description":"H4 Philips RacingVision GT200\u00a0on Philipsin valikoiman tehokkain polttimo, joka muuttaa selke\u00e4sti n\u00e4kyvyytt\u00e4 ja ajokokemusta. Se tuottaa rallipolttimon kirkkauden ja n\u00e4kyvyyden muodossa, jota on luvallista k\u00e4ytt\u00e4\u00e4 liikenteess\u00e4. Ter\u00e4v\u00e4 valokeila on jopa 200 % kirkkaampi (1). Optimoitu polttimon muotoilu takaa suuremman valotiheyden, mik\u00e4 parantaa tien n\u00e4kyvyytt\u00e4 sek\u00e4 ajoturvallisuutta ja -mukavuutta. Polttimossa on eritt\u00e4in tehokas valokeila, joka valaisee [&hellip;]","og_url":"https:\/\/www.duunauspalvelutjarvi.fi\/?product=h4-philips-racingvision-gt200-200-12v-55w-2kpl","article_modified_time":"2023-04-13T18:24:59+00:00","og_image":[{"width":955,"height":825,"url":"https:\/\/www.duunauspalvelutjarvi.fi\/wp-content\/uploads\/2021\/02\/H4PhilipsRacingVisionGT20020012V55W2kpl_8020103528_142eec1b12312c336ffcdb897d65bd69_1.jpeg","type":"image\/jpeg"}],"twitter_card":"summary_large_image","twitter_misc":{"Arvioitu lukuaika":"1 minuutti"},"schema":{"@context":"https:\/\/schema.org","@graph":[{"@type":"WebPage","@id":"https:\/\/www.duunauspalvelutjarvi.fi\/?product=h4-philips-racingvision-gt200-200-12v-55w-2kpl","url":"https:\/\/www.duunauspalvelutjarvi.fi\/?product=h4-philips-racingvision-gt200-200-12v-55w-2kpl","name":"H4 Philips RacingVision GT200 +200%, 12V, 55W, 2kpl -","isPartOf":{"@id":"https:\/\/www.duunauspalvelutjarvi.fi\/#website"},"primaryImageOfPage":{"@id":"https:\/\/www.duunauspalvelutjarvi.fi\/?product=h4-philips-racingvision-gt200-200-12v-55w-2kpl#primaryimage"},"image":{"@id":"https:\/\/www.duunauspalvelutjarvi.fi\/?product=h4-philips-racingvision-gt200-200-12v-55w-2kpl#primaryimage"},"thumbnailUrl":"https:\/\/www.duunauspalvelutjarvi.fi\/wp-content\/uploads\/2021\/02\/H4PhilipsRacingVisionGT20020012V55W2kpl_8020103528_142eec1b12312c336ffcdb897d65bd69_1.jpeg","datePublished":"2021-02-18T21:25:23+00:00","dateModified":"2023-04-13T18:24:59+00:00","breadcrumb":{"@id":"https:\/\/www.duunauspalvelutjarvi.fi\/?product=h4-philips-racingvision-gt200-200-12v-55w-2kpl#breadcrumb"},"inLanguage":"fi","potentialAction":[{"@type":"ReadAction","target":["https:\/\/www.duunauspalvelutjarvi.fi\/?product=h4-philips-racingvision-gt200-200-12v-55w-2kpl"]}]},{"@type":"ImageObject","inLanguage":"fi","@id":"https:\/\/www.duunauspalvelutjarvi.fi\/?product=h4-philips-racingvision-gt200-200-12v-55w-2kpl#primaryimage","url":"https:\/\/www.duunauspalvelutjarvi.fi\/wp-content\/uploads\/2021\/02\/H4PhilipsRacingVisionGT20020012V55W2kpl_8020103528_142eec1b12312c336ffcdb897d65bd69_1.jpeg","contentUrl":"https:\/\/www.duunauspalvelutjarvi.fi\/wp-content\/uploads\/2021\/02\/H4PhilipsRacingVisionGT20020012V55W2kpl_8020103528_142eec1b12312c336ffcdb897d65bd69_1.jpeg","width":955,"height":825},{"@type":"BreadcrumbList","@id":"https:\/\/www.duunauspalvelutjarvi.fi\/?product=h4-philips-racingvision-gt200-200-12v-55w-2kpl#breadcrumb","itemListElement":[{"@type":"ListItem","position":1,"name":"Etusivu","item":"https:\/\/www.duunauspalvelutjarvi.fi\/"},{"@type":"ListItem","position":2,"name":"Etusivu","item":"https:\/\/www.duunauspalvelutjarvi.fi\/"},{"@type":"ListItem","position":3,"name":"H4 Philips RacingVision GT200 +200%, 12V, 55W, 2kpl"}]},{"@type":"WebSite","@id":"https:\/\/www.duunauspalvelutjarvi.fi\/#website","url":"https:\/\/www.duunauspalvelutjarvi.fi\/","name":"","description":"","potentialAction":[{"@type":"SearchAction","target":{"@type":"EntryPoint","urlTemplate":"https:\/\/www.duunauspalvelutjarvi.fi\/?s={search_term_string}"},"query-input":{"@type":"PropertyValueSpecification","valueRequired":true,"valueName":"search_term_string"}}],"inLanguage":"fi"}]}},"jetpack_sharing_enabled":true,"_links":{"self":[{"href":"https:\/\/www.duunauspalvelutjarvi.fi\/index.php?rest_route=\/wp\/v2\/product\/4292","targetHints":{"allow":["GET"]}}],"collection":[{"href":"https:\/\/www.duunauspalvelutjarvi.fi\/index.php?rest_route=\/wp\/v2\/product"}],"about":[{"href":"https:\/\/www.duunauspalvelutjarvi.fi\/index.php?rest_route=\/wp\/v2\/types\/product"}],"replies":[{"embeddable":true,"href":"https:\/\/www.duunauspalvelutjarvi.fi\/index.php?rest_route=%2Fwp%2Fv2%2Fcomments&post=4292"}],"wp:featuredmedia":[{"embeddable":true,"href":"https:\/\/www.duunauspalvelutjarvi.fi\/index.php?rest_route=\/wp\/v2\/media\/14288"}],"wp:attachment":[{"href":"https:\/\/www.duunauspalvelutjarvi.fi\/index.php?rest_route=%2Fwp%2Fv2%2Fmedia&parent=4292"}],"wp:term":[{"taxonomy":"product_brand","embeddable":true,"href":"https:\/\/www.duunauspalvelutjarvi.fi\/index.php?rest_route=%2Fwp%2Fv2%2Fproduct_brand&post=4292"},{"taxonomy":"product_cat","embeddable":true,"href":"https:\/\/www.duunauspalvelutjarvi.fi\/index.php?rest_route=%2Fwp%2Fv2%2Fproduct_cat&post=4292"},{"taxonomy":"product_tag","embeddable":true,"href":"https:\/\/www.duunauspalvelutjarvi.fi\/index.php?rest_route=%2Fwp%2Fv2%2Fproduct_tag&post=4292"}],"curies":[{"name":"wp","href":"https:\/\/api.w.org\/{rel}","templated":true}]}}