{"id":4332,"date":"2021-02-19T00:17:32","date_gmt":"2021-02-18T22:17:32","guid":{"rendered":"https:\/\/www.duunauspalvelutjarvi.fi\/?post_type=product&#038;p=4332"},"modified":"2025-08-10T22:10:55","modified_gmt":"2025-08-10T19:10:55","slug":"luminalights-xenon-muutossarja-h3-35w","status":"publish","type":"product","link":"https:\/\/www.duunauspalvelutjarvi.fi\/?product=luminalights-xenon-muutossarja-h3-35w","title":{"rendered":"LuminaLights Xenon-muutossarja H3 35w"},"content":{"rendered":"<p><strong>LuminaLights Canbus Edition H3\u00a0xenon-muutossarja<\/strong>\u00a0tarjoaa helpon tavan asentaa xenon-valot nykyaikaisiin autoihin. Useissa CAN-v\u00e4yl\u00e4ll\u00e4 varustetuissa autoissa valojen ohjausj\u00e4rjestelm\u00e4 voi aiheuttaa ongelmia kytkett\u00e4ess\u00e4 tavallinen xenon-muutossarja suoraan auton alkuper\u00e4isten polttimoiden johtoihin. Asennuksen j\u00e4lkeen voi synty\u00e4 valojen vilkkumista, huonoa syttymist\u00e4 tai muita h\u00e4iri\u00f6it\u00e4. Useissa tapauksissa auton valoj\u00e4rjestelm\u00e4 voidaan ohjelmoida toimimaan xenonien kanssa, mutta kaikkien autojen valoj\u00e4rjestelm\u00e4 ei ole ohjelmoitavissa. T\u00e4llaisissa tapauksissa voidaan k\u00e4ytt\u00e4\u00e4 CAN-v\u00e4yl\u00e4ll\u00e4 varustettuihin autoihin suunniteltua xenon-muutossarjaa.<\/p>\n<p><strong>LuminaLights Canbus Edition<\/strong>\u00a0xenon-muutossarja on suunniteltu toimimaan my\u00f6s nykyaikaisissa autoissa, joissa tavallisia xenonsarjoja ei ole saatu toimimaan ilman vikailmoitusj\u00e4rjestelm\u00e4n ohittajia tai relejohtosarjoja. Canbus\u00a0Edition muutossarja\u00a0poistaa h\u00e4iri\u00f6t useimmissa autoissa, mutta emme voi taata toimivuutta kaikissa autoissa.\u00a0Sarjaa voidaan k\u00e4ytt\u00e4\u00e4 my\u00f6s vanhemmissa, ilman CAN-v\u00e4yl\u00e4\u00e4 olevissa autoissa. 35w sytytinballastin h\u00e4iri\u00f6suojaus on eritt\u00e4in hyv\u00e4, joten sarja ei aiheuta radioh\u00e4iri\u00f6it\u00e4 tai muita ongelmia auton s\u00e4hk\u00f6j\u00e4rjestelm\u00e4lle. H4 ja H7 kannoilla olevat polttimot ovat metallikantaisia, ja ne on helppo asentaa\u00a0alkuper\u00e4isten polttimoiden tilalle.<\/p>\n<p><strong>Sarjassa on kaikki mit\u00e4 tarvitset valojen muuttamiseen xenon-valoiksi: 2kpl polttimoita, 2kpl sytytinballasteja, asennuksessa tarvittavat johdot, suomenkieliset asennusohjeet ja nippusiteit\u00e4.<br \/>\n<\/strong><br \/>\n\u2022Teho: 35w<br \/>\n\u2022K\u00e4ytt\u00f6j\u00e4nnite: LuminaLights ballasti 9-32V<br \/>\n\u2022K\u00e4ytt\u00f6j\u00e4nnite: LuminaLights 2014 miniballasti 12V<br \/>\n\u2022Takuu 12kk, kattaa my\u00f6s polttimot<\/p>\n<p><b>Mik\u00e4li auto on vm.2006 tai uudempi, suosittelemme 35W LuminaLights Canbus 2016 muutossarjaa. vm.2011 ja sit\u00e4 uudemmissa autoissa muutossarja ei v\u00e4ltt\u00e4m\u00e4tt\u00e4 toimi oikein. Varmista sarjan toimivuus esimerkiksi merkkihuollosta tai asiantuntevasta autos\u00e4hk\u00f6liikkeest\u00e4.<\/b><\/p>\n<p><strong>Suuntaa antava lista autoista joissa Canbus Pro ballastia voidaan tarvita:<\/strong><\/p>\n<p>\u2022Audi 2002-&gt; 2010<br \/>\n\u2022Volkswagen 2004-&gt; 2010<br \/>\n\u2022Skoda 2005-&gt; 2010<br \/>\n\u2022Seat 2006-&gt; 2010<br \/>\n\u2022Mercedes 1998-&gt; 2010<br \/>\n\u2022Saab 2005-&gt; 2010<br \/>\n\u2022Opel 2004-&gt; 2010<br \/>\n\u2022BMW 1998-&gt; 2010<br \/>\n\u2022Land Rover 2000-&gt; 2010<br \/>\n\u2022Volvo 2005-&gt; (V70, S60 ja S80 2005-&gt; voi vaatia ohjelmoinnin tai relejohtosarjan)<\/p>\n<p><em>Varmistathan muutossarjan yhteensopivuuden\u00a0merkkikorjaamolta ennen asennusta,\u00a0ongelmien v\u00e4ltt\u00e4misesi.<\/em><\/p>\n","protected":false},"excerpt":{"rendered":"<p>LuminaLights Canbus Edition H3\u00a0xenon-muutossarja\u00a0tarjoaa helpon tavan asentaa xenon-valot nykyaikaisiin autoihin. Useissa CAN-v\u00e4yl\u00e4ll\u00e4 varustetuissa autoissa valojen ohjausj\u00e4rjestelm\u00e4 voi aiheuttaa ongelmia kytkett\u00e4ess\u00e4 tavallinen xenon-muutossarja suoraan auton alkuper\u00e4isten polttimoiden johtoihin. Asennuksen j\u00e4lkeen voi synty\u00e4 valojen vilkkumista, huonoa syttymist\u00e4 tai muita h\u00e4iri\u00f6it\u00e4. Useissa tapauksissa auton valoj\u00e4rjestelm\u00e4 voidaan ohjelmoida toimimaan xenonien kanssa, mutta kaikkien autojen valoj\u00e4rjestelm\u00e4 ei ole ohjelmoitavissa. T\u00e4llaisissa [&hellip;]<\/p>\n","protected":false},"featured_media":15027,"comment_status":"open","ping_status":"closed","template":"","meta":[],"product_brand":[704],"product_cat":[543],"product_tag":[],"class_list":{"0":"post-4332","1":"product","2":"type-product","3":"status-publish","4":"has-post-thumbnail","6":"product_brand-luminalights","7":"product_cat-luokittelematon","9":"first","10":"instock","11":"taxable","12":"shipping-taxable","13":"purchasable","14":"product-type-variable"},"yoast_head":"<!-- This site is optimized with the Yoast SEO plugin v27.5 - https:\/\/yoast.com\/product\/yoast-seo-wordpress\/ -->\n<title>LuminaLights Xenon-muutossarja H3 35w -<\/title>\n<meta name=\"robots\" content=\"index, follow, max-snippet:-1, max-image-preview:large, max-video-preview:-1\" \/>\n<link rel=\"canonical\" href=\"https:\/\/www.duunauspalvelutjarvi.fi\/?product=luminalights-xenon-muutossarja-h3-35w\" \/>\n<meta property=\"og:locale\" content=\"fi_FI\" \/>\n<meta property=\"og:type\" content=\"article\" \/>\n<meta property=\"og:title\" content=\"LuminaLights Xenon-muutossarja H3 35w -\" \/>\n<meta property=\"og:description\" content=\"LuminaLights Canbus Edition H3\u00a0xenon-muutossarja\u00a0tarjoaa helpon tavan asentaa xenon-valot nykyaikaisiin autoihin. Useissa CAN-v\u00e4yl\u00e4ll\u00e4 varustetuissa autoissa valojen ohjausj\u00e4rjestelm\u00e4 voi aiheuttaa ongelmia kytkett\u00e4ess\u00e4 tavallinen xenon-muutossarja suoraan auton alkuper\u00e4isten polttimoiden johtoihin. Asennuksen j\u00e4lkeen voi synty\u00e4 valojen vilkkumista, huonoa syttymist\u00e4 tai muita h\u00e4iri\u00f6it\u00e4. Useissa tapauksissa auton valoj\u00e4rjestelm\u00e4 voidaan ohjelmoida toimimaan xenonien kanssa, mutta kaikkien autojen valoj\u00e4rjestelm\u00e4 ei ole ohjelmoitavissa. T\u00e4llaisissa [&hellip;]\" \/>\n<meta property=\"og:url\" content=\"https:\/\/www.duunauspalvelutjarvi.fi\/?product=luminalights-xenon-muutossarja-h3-35w\" \/>\n<meta property=\"article:modified_time\" content=\"2025-08-10T19:10:55+00:00\" \/>\n<meta property=\"og:image\" content=\"https:\/\/www.duunauspalvelutjarvi.fi\/wp-content\/uploads\/2021\/02\/LuminaLightsXenon-muutossarjaH170w_1010100070_8cf119ee30386da3c501aad48718a71b_1.jpg\" \/>\n\t<meta property=\"og:image:width\" content=\"800\" \/>\n\t<meta property=\"og:image:height\" content=\"800\" \/>\n\t<meta property=\"og:image:type\" content=\"image\/jpeg\" \/>\n<meta name=\"twitter:card\" content=\"summary_large_image\" \/>\n<meta name=\"twitter:label1\" content=\"Arvioitu lukuaika\" \/>\n\t<meta name=\"twitter:data1\" content=\"2 minuuttia\" \/>\n<script type=\"application\/ld+json\" class=\"yoast-schema-graph\">{\"@context\":\"https:\\\/\\\/schema.org\",\"@graph\":[{\"@type\":\"WebPage\",\"@id\":\"https:\\\/\\\/www.duunauspalvelutjarvi.fi\\\/?product=luminalights-xenon-muutossarja-h3-35w\",\"url\":\"https:\\\/\\\/www.duunauspalvelutjarvi.fi\\\/?product=luminalights-xenon-muutossarja-h3-35w\",\"name\":\"LuminaLights Xenon-muutossarja H3 35w -\",\"isPartOf\":{\"@id\":\"https:\\\/\\\/www.duunauspalvelutjarvi.fi\\\/#website\"},\"primaryImageOfPage\":{\"@id\":\"https:\\\/\\\/www.duunauspalvelutjarvi.fi\\\/?product=luminalights-xenon-muutossarja-h3-35w#primaryimage\"},\"image\":{\"@id\":\"https:\\\/\\\/www.duunauspalvelutjarvi.fi\\\/?product=luminalights-xenon-muutossarja-h3-35w#primaryimage\"},\"thumbnailUrl\":\"https:\\\/\\\/www.duunauspalvelutjarvi.fi\\\/wp-content\\\/uploads\\\/2021\\\/02\\\/LuminaLightsXenon-muutossarjaH170w_1010100070_8cf119ee30386da3c501aad48718a71b_1.jpg\",\"datePublished\":\"2021-02-18T22:17:32+00:00\",\"dateModified\":\"2025-08-10T19:10:55+00:00\",\"breadcrumb\":{\"@id\":\"https:\\\/\\\/www.duunauspalvelutjarvi.fi\\\/?product=luminalights-xenon-muutossarja-h3-35w#breadcrumb\"},\"inLanguage\":\"fi\",\"potentialAction\":[{\"@type\":\"ReadAction\",\"target\":[\"https:\\\/\\\/www.duunauspalvelutjarvi.fi\\\/?product=luminalights-xenon-muutossarja-h3-35w\"]}]},{\"@type\":\"ImageObject\",\"inLanguage\":\"fi\",\"@id\":\"https:\\\/\\\/www.duunauspalvelutjarvi.fi\\\/?product=luminalights-xenon-muutossarja-h3-35w#primaryimage\",\"url\":\"https:\\\/\\\/www.duunauspalvelutjarvi.fi\\\/wp-content\\\/uploads\\\/2021\\\/02\\\/LuminaLightsXenon-muutossarjaH170w_1010100070_8cf119ee30386da3c501aad48718a71b_1.jpg\",\"contentUrl\":\"https:\\\/\\\/www.duunauspalvelutjarvi.fi\\\/wp-content\\\/uploads\\\/2021\\\/02\\\/LuminaLightsXenon-muutossarjaH170w_1010100070_8cf119ee30386da3c501aad48718a71b_1.jpg\",\"width\":800,\"height\":800},{\"@type\":\"BreadcrumbList\",\"@id\":\"https:\\\/\\\/www.duunauspalvelutjarvi.fi\\\/?product=luminalights-xenon-muutossarja-h3-35w#breadcrumb\",\"itemListElement\":[{\"@type\":\"ListItem\",\"position\":1,\"name\":\"Etusivu\",\"item\":\"https:\\\/\\\/www.duunauspalvelutjarvi.fi\\\/\"},{\"@type\":\"ListItem\",\"position\":2,\"name\":\"Etusivu\",\"item\":\"https:\\\/\\\/www.duunauspalvelutjarvi.fi\\\/\"},{\"@type\":\"ListItem\",\"position\":3,\"name\":\"LuminaLights Xenon-muutossarja H3 35w\"}]},{\"@type\":\"WebSite\",\"@id\":\"https:\\\/\\\/www.duunauspalvelutjarvi.fi\\\/#website\",\"url\":\"https:\\\/\\\/www.duunauspalvelutjarvi.fi\\\/\",\"name\":\"\",\"description\":\"\",\"potentialAction\":[{\"@type\":\"SearchAction\",\"target\":{\"@type\":\"EntryPoint\",\"urlTemplate\":\"https:\\\/\\\/www.duunauspalvelutjarvi.fi\\\/?s={search_term_string}\"},\"query-input\":{\"@type\":\"PropertyValueSpecification\",\"valueRequired\":true,\"valueName\":\"search_term_string\"}}],\"inLanguage\":\"fi\"}]}<\/script>\n<!-- \/ Yoast SEO plugin. -->","yoast_head_json":{"title":"LuminaLights Xenon-muutossarja H3 35w -","robots":{"index":"index","follow":"follow","max-snippet":"max-snippet:-1","max-image-preview":"max-image-preview:large","max-video-preview":"max-video-preview:-1"},"canonical":"https:\/\/www.duunauspalvelutjarvi.fi\/?product=luminalights-xenon-muutossarja-h3-35w","og_locale":"fi_FI","og_type":"article","og_title":"LuminaLights Xenon-muutossarja H3 35w -","og_description":"LuminaLights Canbus Edition H3\u00a0xenon-muutossarja\u00a0tarjoaa helpon tavan asentaa xenon-valot nykyaikaisiin autoihin. Useissa CAN-v\u00e4yl\u00e4ll\u00e4 varustetuissa autoissa valojen ohjausj\u00e4rjestelm\u00e4 voi aiheuttaa ongelmia kytkett\u00e4ess\u00e4 tavallinen xenon-muutossarja suoraan auton alkuper\u00e4isten polttimoiden johtoihin. Asennuksen j\u00e4lkeen voi synty\u00e4 valojen vilkkumista, huonoa syttymist\u00e4 tai muita h\u00e4iri\u00f6it\u00e4. Useissa tapauksissa auton valoj\u00e4rjestelm\u00e4 voidaan ohjelmoida toimimaan xenonien kanssa, mutta kaikkien autojen valoj\u00e4rjestelm\u00e4 ei ole ohjelmoitavissa. T\u00e4llaisissa [&hellip;]","og_url":"https:\/\/www.duunauspalvelutjarvi.fi\/?product=luminalights-xenon-muutossarja-h3-35w","article_modified_time":"2025-08-10T19:10:55+00:00","og_image":[{"width":800,"height":800,"url":"https:\/\/www.duunauspalvelutjarvi.fi\/wp-content\/uploads\/2021\/02\/LuminaLightsXenon-muutossarjaH170w_1010100070_8cf119ee30386da3c501aad48718a71b_1.jpg","type":"image\/jpeg"}],"twitter_card":"summary_large_image","twitter_misc":{"Arvioitu lukuaika":"2 minuuttia"},"schema":{"@context":"https:\/\/schema.org","@graph":[{"@type":"WebPage","@id":"https:\/\/www.duunauspalvelutjarvi.fi\/?product=luminalights-xenon-muutossarja-h3-35w","url":"https:\/\/www.duunauspalvelutjarvi.fi\/?product=luminalights-xenon-muutossarja-h3-35w","name":"LuminaLights Xenon-muutossarja H3 35w -","isPartOf":{"@id":"https:\/\/www.duunauspalvelutjarvi.fi\/#website"},"primaryImageOfPage":{"@id":"https:\/\/www.duunauspalvelutjarvi.fi\/?product=luminalights-xenon-muutossarja-h3-35w#primaryimage"},"image":{"@id":"https:\/\/www.duunauspalvelutjarvi.fi\/?product=luminalights-xenon-muutossarja-h3-35w#primaryimage"},"thumbnailUrl":"https:\/\/www.duunauspalvelutjarvi.fi\/wp-content\/uploads\/2021\/02\/LuminaLightsXenon-muutossarjaH170w_1010100070_8cf119ee30386da3c501aad48718a71b_1.jpg","datePublished":"2021-02-18T22:17:32+00:00","dateModified":"2025-08-10T19:10:55+00:00","breadcrumb":{"@id":"https:\/\/www.duunauspalvelutjarvi.fi\/?product=luminalights-xenon-muutossarja-h3-35w#breadcrumb"},"inLanguage":"fi","potentialAction":[{"@type":"ReadAction","target":["https:\/\/www.duunauspalvelutjarvi.fi\/?product=luminalights-xenon-muutossarja-h3-35w"]}]},{"@type":"ImageObject","inLanguage":"fi","@id":"https:\/\/www.duunauspalvelutjarvi.fi\/?product=luminalights-xenon-muutossarja-h3-35w#primaryimage","url":"https:\/\/www.duunauspalvelutjarvi.fi\/wp-content\/uploads\/2021\/02\/LuminaLightsXenon-muutossarjaH170w_1010100070_8cf119ee30386da3c501aad48718a71b_1.jpg","contentUrl":"https:\/\/www.duunauspalvelutjarvi.fi\/wp-content\/uploads\/2021\/02\/LuminaLightsXenon-muutossarjaH170w_1010100070_8cf119ee30386da3c501aad48718a71b_1.jpg","width":800,"height":800},{"@type":"BreadcrumbList","@id":"https:\/\/www.duunauspalvelutjarvi.fi\/?product=luminalights-xenon-muutossarja-h3-35w#breadcrumb","itemListElement":[{"@type":"ListItem","position":1,"name":"Etusivu","item":"https:\/\/www.duunauspalvelutjarvi.fi\/"},{"@type":"ListItem","position":2,"name":"Etusivu","item":"https:\/\/www.duunauspalvelutjarvi.fi\/"},{"@type":"ListItem","position":3,"name":"LuminaLights Xenon-muutossarja H3 35w"}]},{"@type":"WebSite","@id":"https:\/\/www.duunauspalvelutjarvi.fi\/#website","url":"https:\/\/www.duunauspalvelutjarvi.fi\/","name":"","description":"","potentialAction":[{"@type":"SearchAction","target":{"@type":"EntryPoint","urlTemplate":"https:\/\/www.duunauspalvelutjarvi.fi\/?s={search_term_string}"},"query-input":{"@type":"PropertyValueSpecification","valueRequired":true,"valueName":"search_term_string"}}],"inLanguage":"fi"}]}},"jetpack_sharing_enabled":true,"_links":{"self":[{"href":"https:\/\/www.duunauspalvelutjarvi.fi\/index.php?rest_route=\/wp\/v2\/product\/4332","targetHints":{"allow":["GET"]}}],"collection":[{"href":"https:\/\/www.duunauspalvelutjarvi.fi\/index.php?rest_route=\/wp\/v2\/product"}],"about":[{"href":"https:\/\/www.duunauspalvelutjarvi.fi\/index.php?rest_route=\/wp\/v2\/types\/product"}],"replies":[{"embeddable":true,"href":"https:\/\/www.duunauspalvelutjarvi.fi\/index.php?rest_route=%2Fwp%2Fv2%2Fcomments&post=4332"}],"wp:featuredmedia":[{"embeddable":true,"href":"https:\/\/www.duunauspalvelutjarvi.fi\/index.php?rest_route=\/wp\/v2\/media\/15027"}],"wp:attachment":[{"href":"https:\/\/www.duunauspalvelutjarvi.fi\/index.php?rest_route=%2Fwp%2Fv2%2Fmedia&parent=4332"}],"wp:term":[{"taxonomy":"product_brand","embeddable":true,"href":"https:\/\/www.duunauspalvelutjarvi.fi\/index.php?rest_route=%2Fwp%2Fv2%2Fproduct_brand&post=4332"},{"taxonomy":"product_cat","embeddable":true,"href":"https:\/\/www.duunauspalvelutjarvi.fi\/index.php?rest_route=%2Fwp%2Fv2%2Fproduct_cat&post=4332"},{"taxonomy":"product_tag","embeddable":true,"href":"https:\/\/www.duunauspalvelutjarvi.fi\/index.php?rest_route=%2Fwp%2Fv2%2Fproduct_tag&post=4332"}],"curies":[{"name":"wp","href":"https:\/\/api.w.org\/{rel}","templated":true}]}}