{"id":4450,"date":"2021-02-22T21:05:55","date_gmt":"2021-02-22T19:05:55","guid":{"rendered":"https:\/\/www.duunauspalvelutjarvi.fi\/?post_type=product&#038;p=4450"},"modified":"2025-10-09T11:38:20","modified_gmt":"2025-10-09T08:38:20","slug":"led-lisavalo-120w-luminalights-striker560-ref-40","status":"publish","type":"product","link":"https:\/\/www.duunauspalvelutjarvi.fi\/?product=led-lisavalo-120w-luminalights-striker560-ref-40","title":{"rendered":"LED-lis\u00e4valo 120w LuminaLights Striker+560, Ref.40"},"content":{"rendered":"<p><strong>LED-lis\u00e4valopaneeli LuminaLights Striker+ 560<\/strong>\u00a0on huippusuositun Striker 560-ledpaneelin uudistettu versio! Pitk\u00e4lle n\u00e4ytt\u00e4v\u00e4 valokuvio t\u00e4ydent\u00e4\u00e4 erinomaisesti auton omia kaukovaloja. Valokuvio on hieman aiempaa leve\u00e4mpi ja valaisimeen on lis\u00e4tty parkkivalotoiminto. Uusien liukus\u00e4\u00e4dett\u00e4vien pohjakiinnikkeiden ansiosta valaisin on helppo asentaa tavalliseen rekisterikilpitelineeseen. T\u00e4ss\u00e4 led-paneelissa on hinta-laatusuhde kohdallaan.\u00a0<strong>Aito LuminaLights kahden vuoden takuulla!<\/strong><\/p>\n<p>Yhteensopiva relejohtosarja Striker+ 560 lis\u00e4valopaneelille on\u00a0<a href=\"https:\/\/www.duunauspalvelutjarvi.fi\/?product=relejohtosarja-kahdelle-lisavalolle-dt-3-liittimella-luminalights\"><strong>Luminalights DT3<\/strong><\/a><\/p>\n<p>&nbsp;<\/p>\n<p><strong>LuminaLights Striker-mallistosta l\u00f6ytyy my\u00f6s l\u00e4mmitett\u00e4v\u00e4ll\u00e4 linssill\u00e4 oleva versio:<br \/>\n<\/strong><a class=\"btn btn-success\" role=\"button\" href=\"https:\/\/www.duunauspalvelutjarvi.fi\/?product=led-lisavalo-luminalights-striker-h-560-lammitettavalla-linssilla\">LED-lis\u00e4valo Luminalights Striker H 560<\/a><\/p>\n<p>&nbsp;<\/p>\n<p><strong>Lis\u00e4valon tekniset tiedot<br \/>\n<\/strong>\u2022 K\u00e4ytt\u00f6j\u00e4nnite 10-30V DC<br \/>\n\u2022 Teoreettinen maksimiteho: 120W (40 x 3W CREE LED)<br \/>\n\u2022 Valoteho: 10800 lm (valmistajan ilmoittama)<br \/>\n\u2022 Referenssiluku: 40<br \/>\n\u2022 V\u00e4ril\u00e4mp\u00f6tila: 6000K<br \/>\n\u2022 Ilmoitetut kantamat: 1650lux\/10m, 1lux\/406m, 0,5lux\/812m<br \/>\n\u2022 Kest\u00e4v\u00e4 Lexan-polykarbonaattilinssi<br \/>\n\u2022 Tukeva alumiinirunko<br \/>\n\u2022 Liukus\u00e4\u00e4dett\u00e4v\u00e4t pohjakiinikkeet<br \/>\n\u2022 RST-ruuvit<br \/>\n\u2022 Mitat: 563 x 79(90) x 65mm (LxKxS)<br \/>\n\u2022 Virtajohdossa (40cm) Deutch DT 3-pin liitin<br \/>\n\u2022 Sis\u00e4lt\u00e4\u00e4 my\u00f6s Deutch DT 3-pin liittimen vastakappaleen 15cm johdolla<br \/>\n\u2022 Helppo tasos\u00e4\u00e4t\u00f6<br \/>\n\u2022 Paino: 4,0kg<br \/>\n\u2022 Hyv\u00e4ksytty tieliikennek\u00e4ytt\u00f6\u00f6n<br \/>\n\u2022 IP67<br \/>\n\u2022 Takuu 24kk<\/p>\n<p><strong>Valot myyd\u00e4\u00e4n kappaleittain. Hinta on kappalehinta.<\/strong><\/p>\n","protected":false},"excerpt":{"rendered":"<p><a href=\"https:\/\/www.duunauspalvelutjarvi.fi\/?term=&amp;s=LuminaLights&amp;post_type=product&amp;taxonomy=product_cat\"><img loading=\"lazy\" decoding=\"async\" class=\"alignnone size-full wp-image-9939\" src=\"https:\/\/www.duunauspalvelutjarvi.fi\/wp-content\/uploads\/2021\/08\/luminalights_manufacturer_image.png\" alt=\"\" width=\"200\" height=\"65\" \/><\/a><\/p>\n","protected":false},"featured_media":0,"comment_status":"open","ping_status":"closed","template":"","meta":[],"product_brand":[704],"product_cat":[44],"product_tag":[],"class_list":{"0":"post-4450","1":"product","2":"type-product","3":"status-publish","5":"product_brand-luminalights","6":"product_cat-led-lisavalopaneelit","7":"product_shipping_class-l-paketti","9":"first","10":"instock","11":"taxable","12":"shipping-taxable","13":"purchasable","14":"product-type-variable"},"yoast_head":"<!-- This site is optimized with the Yoast SEO plugin v27.5 - https:\/\/yoast.com\/product\/yoast-seo-wordpress\/ -->\n<title>LED-lis\u00e4valo 120w LuminaLights Striker+560, Ref.40 -<\/title>\n<meta name=\"robots\" content=\"index, follow, max-snippet:-1, max-image-preview:large, max-video-preview:-1\" \/>\n<link rel=\"canonical\" href=\"https:\/\/www.duunauspalvelutjarvi.fi\/?product=led-lisavalo-120w-luminalights-striker560-ref-40\" \/>\n<meta property=\"og:locale\" content=\"fi_FI\" \/>\n<meta property=\"og:type\" content=\"article\" \/>\n<meta property=\"og:title\" content=\"LED-lis\u00e4valo 120w LuminaLights Striker+560, Ref.40 -\" \/>\n<meta property=\"og:url\" content=\"https:\/\/www.duunauspalvelutjarvi.fi\/?product=led-lisavalo-120w-luminalights-striker560-ref-40\" \/>\n<meta property=\"article:modified_time\" content=\"2025-10-09T08:38:20+00:00\" \/>\n<meta name=\"twitter:card\" content=\"summary_large_image\" \/>\n<meta name=\"twitter:label1\" content=\"Arvioitu lukuaika\" \/>\n\t<meta name=\"twitter:data1\" content=\"1 minuutti\" \/>\n<script type=\"application\/ld+json\" class=\"yoast-schema-graph\">{\"@context\":\"https:\\\/\\\/schema.org\",\"@graph\":[{\"@type\":\"WebPage\",\"@id\":\"https:\\\/\\\/www.duunauspalvelutjarvi.fi\\\/?product=led-lisavalo-120w-luminalights-striker560-ref-40\",\"url\":\"https:\\\/\\\/www.duunauspalvelutjarvi.fi\\\/?product=led-lisavalo-120w-luminalights-striker560-ref-40\",\"name\":\"LED-lis\u00e4valo 120w LuminaLights Striker+560, Ref.40 -\",\"isPartOf\":{\"@id\":\"https:\\\/\\\/www.duunauspalvelutjarvi.fi\\\/#website\"},\"datePublished\":\"2021-02-22T19:05:55+00:00\",\"dateModified\":\"2025-10-09T08:38:20+00:00\",\"breadcrumb\":{\"@id\":\"https:\\\/\\\/www.duunauspalvelutjarvi.fi\\\/?product=led-lisavalo-120w-luminalights-striker560-ref-40#breadcrumb\"},\"inLanguage\":\"fi\",\"potentialAction\":[{\"@type\":\"ReadAction\",\"target\":[\"https:\\\/\\\/www.duunauspalvelutjarvi.fi\\\/?product=led-lisavalo-120w-luminalights-striker560-ref-40\"]}]},{\"@type\":\"BreadcrumbList\",\"@id\":\"https:\\\/\\\/www.duunauspalvelutjarvi.fi\\\/?product=led-lisavalo-120w-luminalights-striker560-ref-40#breadcrumb\",\"itemListElement\":[{\"@type\":\"ListItem\",\"position\":1,\"name\":\"Etusivu\",\"item\":\"https:\\\/\\\/www.duunauspalvelutjarvi.fi\\\/\"},{\"@type\":\"ListItem\",\"position\":2,\"name\":\"Etusivu\",\"item\":\"https:\\\/\\\/www.duunauspalvelutjarvi.fi\\\/\"},{\"@type\":\"ListItem\",\"position\":3,\"name\":\"LED-lis\u00e4valo 120w LuminaLights Striker+560, Ref.40\"}]},{\"@type\":\"WebSite\",\"@id\":\"https:\\\/\\\/www.duunauspalvelutjarvi.fi\\\/#website\",\"url\":\"https:\\\/\\\/www.duunauspalvelutjarvi.fi\\\/\",\"name\":\"\",\"description\":\"\",\"potentialAction\":[{\"@type\":\"SearchAction\",\"target\":{\"@type\":\"EntryPoint\",\"urlTemplate\":\"https:\\\/\\\/www.duunauspalvelutjarvi.fi\\\/?s={search_term_string}\"},\"query-input\":{\"@type\":\"PropertyValueSpecification\",\"valueRequired\":true,\"valueName\":\"search_term_string\"}}],\"inLanguage\":\"fi\"}]}<\/script>\n<!-- \/ Yoast SEO plugin. -->","yoast_head_json":{"title":"LED-lis\u00e4valo 120w LuminaLights Striker+560, Ref.40 -","robots":{"index":"index","follow":"follow","max-snippet":"max-snippet:-1","max-image-preview":"max-image-preview:large","max-video-preview":"max-video-preview:-1"},"canonical":"https:\/\/www.duunauspalvelutjarvi.fi\/?product=led-lisavalo-120w-luminalights-striker560-ref-40","og_locale":"fi_FI","og_type":"article","og_title":"LED-lis\u00e4valo 120w LuminaLights Striker+560, Ref.40 -","og_url":"https:\/\/www.duunauspalvelutjarvi.fi\/?product=led-lisavalo-120w-luminalights-striker560-ref-40","article_modified_time":"2025-10-09T08:38:20+00:00","twitter_card":"summary_large_image","twitter_misc":{"Arvioitu lukuaika":"1 minuutti"},"schema":{"@context":"https:\/\/schema.org","@graph":[{"@type":"WebPage","@id":"https:\/\/www.duunauspalvelutjarvi.fi\/?product=led-lisavalo-120w-luminalights-striker560-ref-40","url":"https:\/\/www.duunauspalvelutjarvi.fi\/?product=led-lisavalo-120w-luminalights-striker560-ref-40","name":"LED-lis\u00e4valo 120w LuminaLights Striker+560, Ref.40 -","isPartOf":{"@id":"https:\/\/www.duunauspalvelutjarvi.fi\/#website"},"datePublished":"2021-02-22T19:05:55+00:00","dateModified":"2025-10-09T08:38:20+00:00","breadcrumb":{"@id":"https:\/\/www.duunauspalvelutjarvi.fi\/?product=led-lisavalo-120w-luminalights-striker560-ref-40#breadcrumb"},"inLanguage":"fi","potentialAction":[{"@type":"ReadAction","target":["https:\/\/www.duunauspalvelutjarvi.fi\/?product=led-lisavalo-120w-luminalights-striker560-ref-40"]}]},{"@type":"BreadcrumbList","@id":"https:\/\/www.duunauspalvelutjarvi.fi\/?product=led-lisavalo-120w-luminalights-striker560-ref-40#breadcrumb","itemListElement":[{"@type":"ListItem","position":1,"name":"Etusivu","item":"https:\/\/www.duunauspalvelutjarvi.fi\/"},{"@type":"ListItem","position":2,"name":"Etusivu","item":"https:\/\/www.duunauspalvelutjarvi.fi\/"},{"@type":"ListItem","position":3,"name":"LED-lis\u00e4valo 120w LuminaLights Striker+560, Ref.40"}]},{"@type":"WebSite","@id":"https:\/\/www.duunauspalvelutjarvi.fi\/#website","url":"https:\/\/www.duunauspalvelutjarvi.fi\/","name":"","description":"","potentialAction":[{"@type":"SearchAction","target":{"@type":"EntryPoint","urlTemplate":"https:\/\/www.duunauspalvelutjarvi.fi\/?s={search_term_string}"},"query-input":{"@type":"PropertyValueSpecification","valueRequired":true,"valueName":"search_term_string"}}],"inLanguage":"fi"}]}},"jetpack_sharing_enabled":true,"_links":{"self":[{"href":"https:\/\/www.duunauspalvelutjarvi.fi\/index.php?rest_route=\/wp\/v2\/product\/4450","targetHints":{"allow":["GET"]}}],"collection":[{"href":"https:\/\/www.duunauspalvelutjarvi.fi\/index.php?rest_route=\/wp\/v2\/product"}],"about":[{"href":"https:\/\/www.duunauspalvelutjarvi.fi\/index.php?rest_route=\/wp\/v2\/types\/product"}],"replies":[{"embeddable":true,"href":"https:\/\/www.duunauspalvelutjarvi.fi\/index.php?rest_route=%2Fwp%2Fv2%2Fcomments&post=4450"}],"wp:attachment":[{"href":"https:\/\/www.duunauspalvelutjarvi.fi\/index.php?rest_route=%2Fwp%2Fv2%2Fmedia&parent=4450"}],"wp:term":[{"taxonomy":"product_brand","embeddable":true,"href":"https:\/\/www.duunauspalvelutjarvi.fi\/index.php?rest_route=%2Fwp%2Fv2%2Fproduct_brand&post=4450"},{"taxonomy":"product_cat","embeddable":true,"href":"https:\/\/www.duunauspalvelutjarvi.fi\/index.php?rest_route=%2Fwp%2Fv2%2Fproduct_cat&post=4450"},{"taxonomy":"product_tag","embeddable":true,"href":"https:\/\/www.duunauspalvelutjarvi.fi\/index.php?rest_route=%2Fwp%2Fv2%2Fproduct_tag&post=4450"}],"curies":[{"name":"wp","href":"https:\/\/api.w.org\/{rel}","templated":true}]}}