{"id":4520,"date":"2021-02-23T20:52:15","date_gmt":"2021-02-23T18:52:15","guid":{"rendered":"https:\/\/www.duunauspalvelutjarvi.fi\/?post_type=product&#038;p=4520"},"modified":"2021-02-23T20:52:15","modified_gmt":"2021-02-23T18:52:15","slug":"led-auravalo-optibeam-ferrum","status":"publish","type":"product","link":"https:\/\/www.duunauspalvelutjarvi.fi\/?product=led-auravalo-optibeam-ferrum","title":{"rendered":"LED-auravalo Optibeam Ferrum"},"content":{"rendered":"<p><strong>Optibeam Ferrum<\/strong><strong>\u00a0on monipuolinen LED-auravalo<\/strong>\u00a0l\u00e4hi-, kauko- ja seisontavalolla sek\u00e4 vilkulla. Lis\u00e4ksi valossa on l\u00e4mp\u00f6vastuksella varustettu etulasi, jonka ansiosta valo pysyy sulana pahemmassakin keliss\u00e4! Vilkkuosa on irroitettava ja sen voi kiinnitt\u00e4\u00e4 valaisimen kummallekin kyljelle tai p\u00e4\u00e4lle. Muunneltavuuden ansiosta sama valaisin k\u00e4y sek\u00e4 vasemmalle, ett\u00e4 oikealle puollelle. Eritt\u00e4in kest\u00e4v\u00e4n alumiinirungon ansiosta valaisin sopii hyvin vaativaan ammattilaisk\u00e4ytt\u00f6\u00f6n. Laadukkaat Philips- ja Cree-ledit takaavat pitk\u00e4n, yli 50 000 tunnin k\u00e4ytt\u00f6i\u00e4n, joten valo on huoleton ja pitk\u00e4ik\u00e4inen. Soveltuu erinomaisesti esimerkiksi ty\u00f6koneisiin ja aurakalustoon.<\/p>\n<p>&nbsp;<\/p>\n<p><strong>Tekniset ominaisuudet:<\/strong><br \/>\n\u2022 Toiminnot: L\u00e4hivalo, kaukovalo, seisontavalo ja vilkku<br \/>\n\u2022 L\u00e4mmitett\u00e4v\u00e4 etulasi<br \/>\n\u2022 Referenssiluku: 12,5<br \/>\n\u2022 K\u00e4ytt\u00f6j\u00e4nnite: 10-30V<br \/>\n\u2022 Valovirta: 3600 lm (pitk\u00e4) \/ 1800 lm (lyhyt) (tehtaan ilmoittamat)<br \/>\n\u2022 V\u00e4ril\u00e4mp\u00f6tila: 5500K<br \/>\n\u2022 Erinomainen valonjakauma<br \/>\n\u2022 Kest\u00e4v\u00e4 alumiinirunko<br \/>\n\u2022 Mitat: L229 x K180 x\u00a0 S80 mm<br \/>\n\u2022 6-napainen Deutsch DT6-pistoke (sis\u00e4lt\u00e4\u00e4 vastakappaleen johdonp\u00e4tk\u00e4ll\u00e4)<br \/>\n\u2022 ECE R112 \/ R7 \/ R10 \/ R6 -hyv\u00e4ksynn\u00e4t<br \/>\n\u2022 IP68<br \/>\n\u2022 Takuu\u00a024kk<\/p>\n","protected":false},"excerpt":{"rendered":"<p>Optibeam Ferrum\u00a0on monipuolinen LED-auravalo\u00a0l\u00e4hi-, kauko- ja seisontavalolla sek\u00e4 vilkulla. Lis\u00e4ksi valossa on l\u00e4mp\u00f6vastuksella varustettu etulasi, jonka ansiosta valo pysyy sulana pahemmassakin keliss\u00e4! Vilkkuosa on irroitettava ja sen voi kiinnitt\u00e4\u00e4 valaisimen kummallekin kyljelle tai p\u00e4\u00e4lle. Muunneltavuuden ansiosta sama valaisin k\u00e4y sek\u00e4 vasemmalle, ett\u00e4 oikealle puollelle. Eritt\u00e4in kest\u00e4v\u00e4n alumiinirungon ansiosta valaisin sopii hyvin vaativaan ammattilaisk\u00e4ytt\u00f6\u00f6n. Laadukkaat Philips- [&hellip;]<\/p>\n","protected":false},"featured_media":0,"comment_status":"open","ping_status":"closed","template":"","meta":[],"product_brand":[],"product_cat":[235],"product_tag":[],"class_list":{"0":"post-4520","1":"product","2":"type-product","3":"status-publish","5":"product_cat-auravalot","7":"first","8":"instock","9":"taxable","10":"shipping-taxable","11":"purchasable","12":"product-type-simple"},"yoast_head":"<!-- This site is optimized with the Yoast SEO plugin v27.5 - https:\/\/yoast.com\/product\/yoast-seo-wordpress\/ -->\n<title>LED-auravalo Optibeam Ferrum -<\/title>\n<meta name=\"robots\" content=\"index, follow, max-snippet:-1, max-image-preview:large, max-video-preview:-1\" \/>\n<link rel=\"canonical\" href=\"https:\/\/www.duunauspalvelutjarvi.fi\/?product=led-auravalo-optibeam-ferrum\" \/>\n<meta property=\"og:locale\" content=\"fi_FI\" \/>\n<meta property=\"og:type\" content=\"article\" \/>\n<meta property=\"og:title\" content=\"LED-auravalo Optibeam Ferrum -\" \/>\n<meta property=\"og:description\" content=\"Optibeam Ferrum\u00a0on monipuolinen LED-auravalo\u00a0l\u00e4hi-, kauko- ja seisontavalolla sek\u00e4 vilkulla. Lis\u00e4ksi valossa on l\u00e4mp\u00f6vastuksella varustettu etulasi, jonka ansiosta valo pysyy sulana pahemmassakin keliss\u00e4! Vilkkuosa on irroitettava ja sen voi kiinnitt\u00e4\u00e4 valaisimen kummallekin kyljelle tai p\u00e4\u00e4lle. Muunneltavuuden ansiosta sama valaisin k\u00e4y sek\u00e4 vasemmalle, ett\u00e4 oikealle puollelle. Eritt\u00e4in kest\u00e4v\u00e4n alumiinirungon ansiosta valaisin sopii hyvin vaativaan ammattilaisk\u00e4ytt\u00f6\u00f6n. Laadukkaat Philips- [&hellip;]\" \/>\n<meta property=\"og:url\" content=\"https:\/\/www.duunauspalvelutjarvi.fi\/?product=led-auravalo-optibeam-ferrum\" \/>\n<meta name=\"twitter:card\" content=\"summary_large_image\" \/>\n<meta name=\"twitter:label1\" content=\"Arvioitu lukuaika\" \/>\n\t<meta name=\"twitter:data1\" content=\"1 minuutti\" \/>\n<script type=\"application\/ld+json\" class=\"yoast-schema-graph\">{\"@context\":\"https:\\\/\\\/schema.org\",\"@graph\":[{\"@type\":\"WebPage\",\"@id\":\"https:\\\/\\\/www.duunauspalvelutjarvi.fi\\\/?product=led-auravalo-optibeam-ferrum\",\"url\":\"https:\\\/\\\/www.duunauspalvelutjarvi.fi\\\/?product=led-auravalo-optibeam-ferrum\",\"name\":\"LED-auravalo Optibeam Ferrum -\",\"isPartOf\":{\"@id\":\"https:\\\/\\\/www.duunauspalvelutjarvi.fi\\\/#website\"},\"datePublished\":\"2021-02-23T18:52:15+00:00\",\"breadcrumb\":{\"@id\":\"https:\\\/\\\/www.duunauspalvelutjarvi.fi\\\/?product=led-auravalo-optibeam-ferrum#breadcrumb\"},\"inLanguage\":\"fi\",\"potentialAction\":[{\"@type\":\"ReadAction\",\"target\":[\"https:\\\/\\\/www.duunauspalvelutjarvi.fi\\\/?product=led-auravalo-optibeam-ferrum\"]}]},{\"@type\":\"BreadcrumbList\",\"@id\":\"https:\\\/\\\/www.duunauspalvelutjarvi.fi\\\/?product=led-auravalo-optibeam-ferrum#breadcrumb\",\"itemListElement\":[{\"@type\":\"ListItem\",\"position\":1,\"name\":\"Etusivu\",\"item\":\"https:\\\/\\\/www.duunauspalvelutjarvi.fi\\\/\"},{\"@type\":\"ListItem\",\"position\":2,\"name\":\"Etusivu\",\"item\":\"https:\\\/\\\/www.duunauspalvelutjarvi.fi\\\/\"},{\"@type\":\"ListItem\",\"position\":3,\"name\":\"LED-auravalo Optibeam Ferrum\"}]},{\"@type\":\"WebSite\",\"@id\":\"https:\\\/\\\/www.duunauspalvelutjarvi.fi\\\/#website\",\"url\":\"https:\\\/\\\/www.duunauspalvelutjarvi.fi\\\/\",\"name\":\"\",\"description\":\"\",\"potentialAction\":[{\"@type\":\"SearchAction\",\"target\":{\"@type\":\"EntryPoint\",\"urlTemplate\":\"https:\\\/\\\/www.duunauspalvelutjarvi.fi\\\/?s={search_term_string}\"},\"query-input\":{\"@type\":\"PropertyValueSpecification\",\"valueRequired\":true,\"valueName\":\"search_term_string\"}}],\"inLanguage\":\"fi\"}]}<\/script>\n<!-- \/ Yoast SEO plugin. -->","yoast_head_json":{"title":"LED-auravalo Optibeam Ferrum -","robots":{"index":"index","follow":"follow","max-snippet":"max-snippet:-1","max-image-preview":"max-image-preview:large","max-video-preview":"max-video-preview:-1"},"canonical":"https:\/\/www.duunauspalvelutjarvi.fi\/?product=led-auravalo-optibeam-ferrum","og_locale":"fi_FI","og_type":"article","og_title":"LED-auravalo Optibeam Ferrum -","og_description":"Optibeam Ferrum\u00a0on monipuolinen LED-auravalo\u00a0l\u00e4hi-, kauko- ja seisontavalolla sek\u00e4 vilkulla. Lis\u00e4ksi valossa on l\u00e4mp\u00f6vastuksella varustettu etulasi, jonka ansiosta valo pysyy sulana pahemmassakin keliss\u00e4! Vilkkuosa on irroitettava ja sen voi kiinnitt\u00e4\u00e4 valaisimen kummallekin kyljelle tai p\u00e4\u00e4lle. Muunneltavuuden ansiosta sama valaisin k\u00e4y sek\u00e4 vasemmalle, ett\u00e4 oikealle puollelle. Eritt\u00e4in kest\u00e4v\u00e4n alumiinirungon ansiosta valaisin sopii hyvin vaativaan ammattilaisk\u00e4ytt\u00f6\u00f6n. Laadukkaat Philips- [&hellip;]","og_url":"https:\/\/www.duunauspalvelutjarvi.fi\/?product=led-auravalo-optibeam-ferrum","twitter_card":"summary_large_image","twitter_misc":{"Arvioitu lukuaika":"1 minuutti"},"schema":{"@context":"https:\/\/schema.org","@graph":[{"@type":"WebPage","@id":"https:\/\/www.duunauspalvelutjarvi.fi\/?product=led-auravalo-optibeam-ferrum","url":"https:\/\/www.duunauspalvelutjarvi.fi\/?product=led-auravalo-optibeam-ferrum","name":"LED-auravalo Optibeam Ferrum -","isPartOf":{"@id":"https:\/\/www.duunauspalvelutjarvi.fi\/#website"},"datePublished":"2021-02-23T18:52:15+00:00","breadcrumb":{"@id":"https:\/\/www.duunauspalvelutjarvi.fi\/?product=led-auravalo-optibeam-ferrum#breadcrumb"},"inLanguage":"fi","potentialAction":[{"@type":"ReadAction","target":["https:\/\/www.duunauspalvelutjarvi.fi\/?product=led-auravalo-optibeam-ferrum"]}]},{"@type":"BreadcrumbList","@id":"https:\/\/www.duunauspalvelutjarvi.fi\/?product=led-auravalo-optibeam-ferrum#breadcrumb","itemListElement":[{"@type":"ListItem","position":1,"name":"Etusivu","item":"https:\/\/www.duunauspalvelutjarvi.fi\/"},{"@type":"ListItem","position":2,"name":"Etusivu","item":"https:\/\/www.duunauspalvelutjarvi.fi\/"},{"@type":"ListItem","position":3,"name":"LED-auravalo Optibeam Ferrum"}]},{"@type":"WebSite","@id":"https:\/\/www.duunauspalvelutjarvi.fi\/#website","url":"https:\/\/www.duunauspalvelutjarvi.fi\/","name":"","description":"","potentialAction":[{"@type":"SearchAction","target":{"@type":"EntryPoint","urlTemplate":"https:\/\/www.duunauspalvelutjarvi.fi\/?s={search_term_string}"},"query-input":{"@type":"PropertyValueSpecification","valueRequired":true,"valueName":"search_term_string"}}],"inLanguage":"fi"}]}},"jetpack_sharing_enabled":true,"_links":{"self":[{"href":"https:\/\/www.duunauspalvelutjarvi.fi\/index.php?rest_route=\/wp\/v2\/product\/4520","targetHints":{"allow":["GET"]}}],"collection":[{"href":"https:\/\/www.duunauspalvelutjarvi.fi\/index.php?rest_route=\/wp\/v2\/product"}],"about":[{"href":"https:\/\/www.duunauspalvelutjarvi.fi\/index.php?rest_route=\/wp\/v2\/types\/product"}],"replies":[{"embeddable":true,"href":"https:\/\/www.duunauspalvelutjarvi.fi\/index.php?rest_route=%2Fwp%2Fv2%2Fcomments&post=4520"}],"wp:attachment":[{"href":"https:\/\/www.duunauspalvelutjarvi.fi\/index.php?rest_route=%2Fwp%2Fv2%2Fmedia&parent=4520"}],"wp:term":[{"taxonomy":"product_brand","embeddable":true,"href":"https:\/\/www.duunauspalvelutjarvi.fi\/index.php?rest_route=%2Fwp%2Fv2%2Fproduct_brand&post=4520"},{"taxonomy":"product_cat","embeddable":true,"href":"https:\/\/www.duunauspalvelutjarvi.fi\/index.php?rest_route=%2Fwp%2Fv2%2Fproduct_cat&post=4520"},{"taxonomy":"product_tag","embeddable":true,"href":"https:\/\/www.duunauspalvelutjarvi.fi\/index.php?rest_route=%2Fwp%2Fv2%2Fproduct_tag&post=4520"}],"curies":[{"name":"wp","href":"https:\/\/api.w.org\/{rel}","templated":true}]}}