{"id":4527,"date":"2021-02-23T20:58:06","date_gmt":"2021-02-23T18:58:06","guid":{"rendered":"https:\/\/www.duunauspalvelutjarvi.fi\/?post_type=product&#038;p=4527"},"modified":"2021-02-23T20:58:07","modified_gmt":"2021-02-23T18:58:07","slug":"led-auravalo-abl-3800led","status":"publish","type":"product","link":"https:\/\/www.duunauspalvelutjarvi.fi\/?product=led-auravalo-abl-3800led","title":{"rendered":"LED-auravalo ABL 3800LED"},"content":{"rendered":"<p><strong>LED-auravalo ABL 3800.\u00a0<\/strong>ABL on tuonut markkinoille LED-auravalon joka soveltuu my\u00f6s kaivosteollisuuden k\u00e4ytt\u00f6\u00f6n.<\/p>\n<p><strong><br \/>\nTekniset tiedot<\/strong><br \/>\n\u2022 Valotoiminnot: L\u00e4hivalo, kaukovalo, seisontavalo ja vilkku<br \/>\n\u2022 Erinomainen valonjakauma<br \/>\n\u2022 Alumiinikuori<br \/>\n\u2022 L\u00e4mmitett\u00e4v\u00e4 polykarbonaattilinssi 24W<br \/>\n\u2022 Musta RST U-jalka<br \/>\n\u2022 6-pin deutsch liitin (huom. ei sis\u00e4ll\u00e4 vastakappaletta)<br \/>\n\u2022 K\u00e4ytt\u00f6j\u00e4nnite 12-24V<br \/>\n\u2022 L\u00e4hivalo 22W<br \/>\n\u2022 Kaukovalo 32W<br \/>\n\u2022 V\u00e4ril\u00e4mp\u00f6tila 6000K<br \/>\n\u2022 Mitat: 240mm x 164mm x 127mm (LxKxS)<br \/>\n\u2022\u00a0T\u00e4rin\u00e4nkesto: 15 Gmrs 20 &#8211; 2000Hz<br \/>\n\u2022\u00a0Iskunkesto: 60 G<br \/>\n\u2022 EMC h\u00e4iri\u00f6suojaus; ISO 13766, ISO 14982, ISO 12895, CISPR25 Class 3<br \/>\n\u2022 IP68, IP69K<br \/>\n\u2022 Suolasumu: ISO 9227<br \/>\n\u2022 K\u00e4ytt\u00f6l\u00e4mp\u00f6tila -40 &#8211; +85\u00b0C<br \/>\n\u2022 Paino 1,95kg<br \/>\n\u2022 Takuu 12kk<\/p>\n","protected":false},"excerpt":{"rendered":"<p>LED-auravalo ABL 3800.\u00a0ABL on tuonut markkinoille LED-auravalon joka soveltuu my\u00f6s kaivosteollisuuden k\u00e4ytt\u00f6\u00f6n. Tekniset tiedot \u2022 Valotoiminnot: L\u00e4hivalo, kaukovalo, seisontavalo ja vilkku \u2022 Erinomainen valonjakauma \u2022 Alumiinikuori \u2022 L\u00e4mmitett\u00e4v\u00e4 polykarbonaattilinssi 24W \u2022 Musta RST U-jalka \u2022 6-pin deutsch liitin (huom. ei sis\u00e4ll\u00e4 vastakappaletta) \u2022 K\u00e4ytt\u00f6j\u00e4nnite 12-24V \u2022 L\u00e4hivalo 22W \u2022 Kaukovalo 32W \u2022 V\u00e4ril\u00e4mp\u00f6tila 6000K \u2022 [&hellip;]<\/p>\n","protected":false},"featured_media":0,"comment_status":"open","ping_status":"closed","template":"","meta":[],"product_brand":[],"product_cat":[235],"product_tag":[],"class_list":{"0":"post-4527","1":"product","2":"type-product","3":"status-publish","5":"product_cat-auravalot","7":"first","8":"instock","9":"taxable","10":"shipping-taxable","11":"purchasable","12":"product-type-variable"},"yoast_head":"<!-- This site is optimized with the Yoast SEO plugin v27.5 - https:\/\/yoast.com\/product\/yoast-seo-wordpress\/ -->\n<title>LED-auravalo ABL 3800LED -<\/title>\n<meta name=\"robots\" content=\"index, follow, max-snippet:-1, max-image-preview:large, max-video-preview:-1\" \/>\n<link rel=\"canonical\" href=\"https:\/\/www.duunauspalvelutjarvi.fi\/?product=led-auravalo-abl-3800led\" \/>\n<meta property=\"og:locale\" content=\"fi_FI\" \/>\n<meta property=\"og:type\" content=\"article\" \/>\n<meta property=\"og:title\" content=\"LED-auravalo ABL 3800LED -\" \/>\n<meta property=\"og:description\" content=\"LED-auravalo ABL 3800.\u00a0ABL on tuonut markkinoille LED-auravalon joka soveltuu my\u00f6s kaivosteollisuuden k\u00e4ytt\u00f6\u00f6n. Tekniset tiedot \u2022 Valotoiminnot: L\u00e4hivalo, kaukovalo, seisontavalo ja vilkku \u2022 Erinomainen valonjakauma \u2022 Alumiinikuori \u2022 L\u00e4mmitett\u00e4v\u00e4 polykarbonaattilinssi 24W \u2022 Musta RST U-jalka \u2022 6-pin deutsch liitin (huom. ei sis\u00e4ll\u00e4 vastakappaletta) \u2022 K\u00e4ytt\u00f6j\u00e4nnite 12-24V \u2022 L\u00e4hivalo 22W \u2022 Kaukovalo 32W \u2022 V\u00e4ril\u00e4mp\u00f6tila 6000K \u2022 [&hellip;]\" \/>\n<meta property=\"og:url\" content=\"https:\/\/www.duunauspalvelutjarvi.fi\/?product=led-auravalo-abl-3800led\" \/>\n<meta property=\"article:modified_time\" content=\"2021-02-23T18:58:07+00:00\" \/>\n<meta name=\"twitter:card\" content=\"summary_large_image\" \/>\n<meta name=\"twitter:label1\" content=\"Arvioitu lukuaika\" \/>\n\t<meta name=\"twitter:data1\" content=\"1 minuutti\" \/>\n<script type=\"application\/ld+json\" class=\"yoast-schema-graph\">{\"@context\":\"https:\\\/\\\/schema.org\",\"@graph\":[{\"@type\":\"WebPage\",\"@id\":\"https:\\\/\\\/www.duunauspalvelutjarvi.fi\\\/?product=led-auravalo-abl-3800led\",\"url\":\"https:\\\/\\\/www.duunauspalvelutjarvi.fi\\\/?product=led-auravalo-abl-3800led\",\"name\":\"LED-auravalo ABL 3800LED -\",\"isPartOf\":{\"@id\":\"https:\\\/\\\/www.duunauspalvelutjarvi.fi\\\/#website\"},\"datePublished\":\"2021-02-23T18:58:06+00:00\",\"dateModified\":\"2021-02-23T18:58:07+00:00\",\"breadcrumb\":{\"@id\":\"https:\\\/\\\/www.duunauspalvelutjarvi.fi\\\/?product=led-auravalo-abl-3800led#breadcrumb\"},\"inLanguage\":\"fi\",\"potentialAction\":[{\"@type\":\"ReadAction\",\"target\":[\"https:\\\/\\\/www.duunauspalvelutjarvi.fi\\\/?product=led-auravalo-abl-3800led\"]}]},{\"@type\":\"BreadcrumbList\",\"@id\":\"https:\\\/\\\/www.duunauspalvelutjarvi.fi\\\/?product=led-auravalo-abl-3800led#breadcrumb\",\"itemListElement\":[{\"@type\":\"ListItem\",\"position\":1,\"name\":\"Etusivu\",\"item\":\"https:\\\/\\\/www.duunauspalvelutjarvi.fi\\\/\"},{\"@type\":\"ListItem\",\"position\":2,\"name\":\"Etusivu\",\"item\":\"https:\\\/\\\/www.duunauspalvelutjarvi.fi\\\/\"},{\"@type\":\"ListItem\",\"position\":3,\"name\":\"LED-auravalo ABL 3800LED\"}]},{\"@type\":\"WebSite\",\"@id\":\"https:\\\/\\\/www.duunauspalvelutjarvi.fi\\\/#website\",\"url\":\"https:\\\/\\\/www.duunauspalvelutjarvi.fi\\\/\",\"name\":\"\",\"description\":\"\",\"potentialAction\":[{\"@type\":\"SearchAction\",\"target\":{\"@type\":\"EntryPoint\",\"urlTemplate\":\"https:\\\/\\\/www.duunauspalvelutjarvi.fi\\\/?s={search_term_string}\"},\"query-input\":{\"@type\":\"PropertyValueSpecification\",\"valueRequired\":true,\"valueName\":\"search_term_string\"}}],\"inLanguage\":\"fi\"}]}<\/script>\n<!-- \/ Yoast SEO plugin. -->","yoast_head_json":{"title":"LED-auravalo ABL 3800LED -","robots":{"index":"index","follow":"follow","max-snippet":"max-snippet:-1","max-image-preview":"max-image-preview:large","max-video-preview":"max-video-preview:-1"},"canonical":"https:\/\/www.duunauspalvelutjarvi.fi\/?product=led-auravalo-abl-3800led","og_locale":"fi_FI","og_type":"article","og_title":"LED-auravalo ABL 3800LED -","og_description":"LED-auravalo ABL 3800.\u00a0ABL on tuonut markkinoille LED-auravalon joka soveltuu my\u00f6s kaivosteollisuuden k\u00e4ytt\u00f6\u00f6n. Tekniset tiedot \u2022 Valotoiminnot: L\u00e4hivalo, kaukovalo, seisontavalo ja vilkku \u2022 Erinomainen valonjakauma \u2022 Alumiinikuori \u2022 L\u00e4mmitett\u00e4v\u00e4 polykarbonaattilinssi 24W \u2022 Musta RST U-jalka \u2022 6-pin deutsch liitin (huom. ei sis\u00e4ll\u00e4 vastakappaletta) \u2022 K\u00e4ytt\u00f6j\u00e4nnite 12-24V \u2022 L\u00e4hivalo 22W \u2022 Kaukovalo 32W \u2022 V\u00e4ril\u00e4mp\u00f6tila 6000K \u2022 [&hellip;]","og_url":"https:\/\/www.duunauspalvelutjarvi.fi\/?product=led-auravalo-abl-3800led","article_modified_time":"2021-02-23T18:58:07+00:00","twitter_card":"summary_large_image","twitter_misc":{"Arvioitu lukuaika":"1 minuutti"},"schema":{"@context":"https:\/\/schema.org","@graph":[{"@type":"WebPage","@id":"https:\/\/www.duunauspalvelutjarvi.fi\/?product=led-auravalo-abl-3800led","url":"https:\/\/www.duunauspalvelutjarvi.fi\/?product=led-auravalo-abl-3800led","name":"LED-auravalo ABL 3800LED -","isPartOf":{"@id":"https:\/\/www.duunauspalvelutjarvi.fi\/#website"},"datePublished":"2021-02-23T18:58:06+00:00","dateModified":"2021-02-23T18:58:07+00:00","breadcrumb":{"@id":"https:\/\/www.duunauspalvelutjarvi.fi\/?product=led-auravalo-abl-3800led#breadcrumb"},"inLanguage":"fi","potentialAction":[{"@type":"ReadAction","target":["https:\/\/www.duunauspalvelutjarvi.fi\/?product=led-auravalo-abl-3800led"]}]},{"@type":"BreadcrumbList","@id":"https:\/\/www.duunauspalvelutjarvi.fi\/?product=led-auravalo-abl-3800led#breadcrumb","itemListElement":[{"@type":"ListItem","position":1,"name":"Etusivu","item":"https:\/\/www.duunauspalvelutjarvi.fi\/"},{"@type":"ListItem","position":2,"name":"Etusivu","item":"https:\/\/www.duunauspalvelutjarvi.fi\/"},{"@type":"ListItem","position":3,"name":"LED-auravalo ABL 3800LED"}]},{"@type":"WebSite","@id":"https:\/\/www.duunauspalvelutjarvi.fi\/#website","url":"https:\/\/www.duunauspalvelutjarvi.fi\/","name":"","description":"","potentialAction":[{"@type":"SearchAction","target":{"@type":"EntryPoint","urlTemplate":"https:\/\/www.duunauspalvelutjarvi.fi\/?s={search_term_string}"},"query-input":{"@type":"PropertyValueSpecification","valueRequired":true,"valueName":"search_term_string"}}],"inLanguage":"fi"}]}},"jetpack_sharing_enabled":true,"_links":{"self":[{"href":"https:\/\/www.duunauspalvelutjarvi.fi\/index.php?rest_route=\/wp\/v2\/product\/4527","targetHints":{"allow":["GET"]}}],"collection":[{"href":"https:\/\/www.duunauspalvelutjarvi.fi\/index.php?rest_route=\/wp\/v2\/product"}],"about":[{"href":"https:\/\/www.duunauspalvelutjarvi.fi\/index.php?rest_route=\/wp\/v2\/types\/product"}],"replies":[{"embeddable":true,"href":"https:\/\/www.duunauspalvelutjarvi.fi\/index.php?rest_route=%2Fwp%2Fv2%2Fcomments&post=4527"}],"wp:attachment":[{"href":"https:\/\/www.duunauspalvelutjarvi.fi\/index.php?rest_route=%2Fwp%2Fv2%2Fmedia&parent=4527"}],"wp:term":[{"taxonomy":"product_brand","embeddable":true,"href":"https:\/\/www.duunauspalvelutjarvi.fi\/index.php?rest_route=%2Fwp%2Fv2%2Fproduct_brand&post=4527"},{"taxonomy":"product_cat","embeddable":true,"href":"https:\/\/www.duunauspalvelutjarvi.fi\/index.php?rest_route=%2Fwp%2Fv2%2Fproduct_cat&post=4527"},{"taxonomy":"product_tag","embeddable":true,"href":"https:\/\/www.duunauspalvelutjarvi.fi\/index.php?rest_route=%2Fwp%2Fv2%2Fproduct_tag&post=4527"}],"curies":[{"name":"wp","href":"https:\/\/api.w.org\/{rel}","templated":true}]}}