{"id":4539,"date":"2021-02-23T21:07:03","date_gmt":"2021-02-23T19:07:03","guid":{"rendered":"https:\/\/www.duunauspalvelutjarvi.fi\/?post_type=product&#038;p=4539"},"modified":"2021-02-23T21:07:03","modified_gmt":"2021-02-23T19:07:03","slug":"hella-3003-lisavalo-kromikehys","status":"publish","type":"product","link":"https:\/\/www.duunauspalvelutjarvi.fi\/?product=hella-3003-lisavalo-kromikehys","title":{"rendered":"Hella 3003 lis\u00e4valo Kromikehys"},"content":{"rendered":"<p><strong>Hella 3003 lis\u00e4valo kromikehyksell\u00e4<\/strong>\u00a0on taattua Hella laatua. Laadukkaista materiaaleista valmistettu lis\u00e4valo on tehty kest\u00e4m\u00e4\u00e4n.<\/p>\n<p><strong><br \/>\nTuotteen tiedot:<\/strong><br \/>\n\u2022 Hella<br \/>\n\u2022 17,5 referenssin umpiossa hyv\u00e4ksynt\u00e4 my\u00f6s xenonvalolle (DR merkint\u00e4)<br \/>\n\u2022 Referenssiluku valittavissa<br \/>\n\u2022 Halkaisija 222mm<br \/>\n\u2022 Parkkivalolla<br \/>\n\u2022 Polttimotyyppu: H1 + T5W<br \/>\n\u2022 Kuori mustaa muovia, hopeinen Hella-logo<br \/>\n\u2022 Kromikehys tyylikk\u00e4ill\u00e4 upporuuveilla<br \/>\n\u2022 FF-heijastaja<br \/>\n\u2022 Kirkas, rihlaamaton lasi<br \/>\n\u2022 1F8009797101 (Referenssiluku 37,5)<br \/>\n\u2022 1F8009797341 (Referenssiluku 50)<br \/>\n\u2022 Valot myyd\u00e4\u00e4n kappaleittain (hinta\/kpl)<\/p>\n<p><strong><em>Huom.\u00a0<\/em><br \/>\n<em>17,5 referenssin umpiossa on hyv\u00e4ksynt\u00e4 my\u00f6s xenon-valolle. Voit tehd\u00e4 lis\u00e4valosta todella tehokkaan asentamalla siihen H1 Xenon-muutossarjan! 35w xenoneilla referenssi 37,5.<\/em><\/strong><\/p>\n<p><strong><em>37,5 ja 50 referenssill\u00e4 olevissa valoissa ei hyv\u00e4ksynt\u00e4\u00e4 xenoneille (ei DR merkint\u00e4\u00e4)<\/em><\/strong><strong><em>\u00a0<\/em><\/strong><\/p>\n","protected":false},"excerpt":{"rendered":"<p>Hella 3003 lis\u00e4valo kromikehyksell\u00e4\u00a0on taattua Hella laatua. Laadukkaista materiaaleista valmistettu lis\u00e4valo on tehty kest\u00e4m\u00e4\u00e4n. Tuotteen tiedot: \u2022 Hella \u2022 17,5 referenssin umpiossa hyv\u00e4ksynt\u00e4 my\u00f6s xenonvalolle (DR merkint\u00e4) \u2022 Referenssiluku valittavissa \u2022 Halkaisija 222mm \u2022 Parkkivalolla \u2022 Polttimotyyppu: H1 + T5W \u2022 Kuori mustaa muovia, hopeinen Hella-logo \u2022 Kromikehys tyylikk\u00e4ill\u00e4 upporuuveilla \u2022 FF-heijastaja \u2022 Kirkas, rihlaamaton [&hellip;]<\/p>\n","protected":false},"featured_media":0,"comment_status":"open","ping_status":"closed","template":"","meta":[],"product_brand":[],"product_cat":[233],"product_tag":[],"class_list":{"0":"post-4539","1":"product","2":"type-product","3":"status-publish","5":"product_cat-halogen-lisavalot","7":"first","8":"instock","9":"taxable","10":"shipping-taxable","11":"purchasable","12":"product-type-variable"},"yoast_head":"<!-- This site is optimized with the Yoast SEO plugin v27.5 - https:\/\/yoast.com\/product\/yoast-seo-wordpress\/ -->\n<title>Hella 3003 lis\u00e4valo Kromikehys -<\/title>\n<meta name=\"robots\" content=\"index, follow, max-snippet:-1, max-image-preview:large, max-video-preview:-1\" \/>\n<link rel=\"canonical\" href=\"https:\/\/www.duunauspalvelutjarvi.fi\/?product=hella-3003-lisavalo-kromikehys\" \/>\n<meta property=\"og:locale\" content=\"fi_FI\" \/>\n<meta property=\"og:type\" content=\"article\" \/>\n<meta property=\"og:title\" content=\"Hella 3003 lis\u00e4valo Kromikehys -\" \/>\n<meta property=\"og:description\" content=\"Hella 3003 lis\u00e4valo kromikehyksell\u00e4\u00a0on taattua Hella laatua. Laadukkaista materiaaleista valmistettu lis\u00e4valo on tehty kest\u00e4m\u00e4\u00e4n. Tuotteen tiedot: \u2022 Hella \u2022 17,5 referenssin umpiossa hyv\u00e4ksynt\u00e4 my\u00f6s xenonvalolle (DR merkint\u00e4) \u2022 Referenssiluku valittavissa \u2022 Halkaisija 222mm \u2022 Parkkivalolla \u2022 Polttimotyyppu: H1 + T5W \u2022 Kuori mustaa muovia, hopeinen Hella-logo \u2022 Kromikehys tyylikk\u00e4ill\u00e4 upporuuveilla \u2022 FF-heijastaja \u2022 Kirkas, rihlaamaton [&hellip;]\" \/>\n<meta property=\"og:url\" content=\"https:\/\/www.duunauspalvelutjarvi.fi\/?product=hella-3003-lisavalo-kromikehys\" \/>\n<meta name=\"twitter:card\" content=\"summary_large_image\" \/>\n<script type=\"application\/ld+json\" class=\"yoast-schema-graph\">{\"@context\":\"https:\\\/\\\/schema.org\",\"@graph\":[{\"@type\":\"WebPage\",\"@id\":\"https:\\\/\\\/www.duunauspalvelutjarvi.fi\\\/?product=hella-3003-lisavalo-kromikehys\",\"url\":\"https:\\\/\\\/www.duunauspalvelutjarvi.fi\\\/?product=hella-3003-lisavalo-kromikehys\",\"name\":\"Hella 3003 lis\u00e4valo Kromikehys -\",\"isPartOf\":{\"@id\":\"https:\\\/\\\/www.duunauspalvelutjarvi.fi\\\/#website\"},\"datePublished\":\"2021-02-23T19:07:03+00:00\",\"breadcrumb\":{\"@id\":\"https:\\\/\\\/www.duunauspalvelutjarvi.fi\\\/?product=hella-3003-lisavalo-kromikehys#breadcrumb\"},\"inLanguage\":\"fi\",\"potentialAction\":[{\"@type\":\"ReadAction\",\"target\":[\"https:\\\/\\\/www.duunauspalvelutjarvi.fi\\\/?product=hella-3003-lisavalo-kromikehys\"]}]},{\"@type\":\"BreadcrumbList\",\"@id\":\"https:\\\/\\\/www.duunauspalvelutjarvi.fi\\\/?product=hella-3003-lisavalo-kromikehys#breadcrumb\",\"itemListElement\":[{\"@type\":\"ListItem\",\"position\":1,\"name\":\"Etusivu\",\"item\":\"https:\\\/\\\/www.duunauspalvelutjarvi.fi\\\/\"},{\"@type\":\"ListItem\",\"position\":2,\"name\":\"Etusivu\",\"item\":\"https:\\\/\\\/www.duunauspalvelutjarvi.fi\\\/\"},{\"@type\":\"ListItem\",\"position\":3,\"name\":\"Hella 3003 lis\u00e4valo Kromikehys\"}]},{\"@type\":\"WebSite\",\"@id\":\"https:\\\/\\\/www.duunauspalvelutjarvi.fi\\\/#website\",\"url\":\"https:\\\/\\\/www.duunauspalvelutjarvi.fi\\\/\",\"name\":\"\",\"description\":\"\",\"potentialAction\":[{\"@type\":\"SearchAction\",\"target\":{\"@type\":\"EntryPoint\",\"urlTemplate\":\"https:\\\/\\\/www.duunauspalvelutjarvi.fi\\\/?s={search_term_string}\"},\"query-input\":{\"@type\":\"PropertyValueSpecification\",\"valueRequired\":true,\"valueName\":\"search_term_string\"}}],\"inLanguage\":\"fi\"}]}<\/script>\n<!-- \/ Yoast SEO plugin. -->","yoast_head_json":{"title":"Hella 3003 lis\u00e4valo Kromikehys -","robots":{"index":"index","follow":"follow","max-snippet":"max-snippet:-1","max-image-preview":"max-image-preview:large","max-video-preview":"max-video-preview:-1"},"canonical":"https:\/\/www.duunauspalvelutjarvi.fi\/?product=hella-3003-lisavalo-kromikehys","og_locale":"fi_FI","og_type":"article","og_title":"Hella 3003 lis\u00e4valo Kromikehys -","og_description":"Hella 3003 lis\u00e4valo kromikehyksell\u00e4\u00a0on taattua Hella laatua. Laadukkaista materiaaleista valmistettu lis\u00e4valo on tehty kest\u00e4m\u00e4\u00e4n. Tuotteen tiedot: \u2022 Hella \u2022 17,5 referenssin umpiossa hyv\u00e4ksynt\u00e4 my\u00f6s xenonvalolle (DR merkint\u00e4) \u2022 Referenssiluku valittavissa \u2022 Halkaisija 222mm \u2022 Parkkivalolla \u2022 Polttimotyyppu: H1 + T5W \u2022 Kuori mustaa muovia, hopeinen Hella-logo \u2022 Kromikehys tyylikk\u00e4ill\u00e4 upporuuveilla \u2022 FF-heijastaja \u2022 Kirkas, rihlaamaton [&hellip;]","og_url":"https:\/\/www.duunauspalvelutjarvi.fi\/?product=hella-3003-lisavalo-kromikehys","twitter_card":"summary_large_image","schema":{"@context":"https:\/\/schema.org","@graph":[{"@type":"WebPage","@id":"https:\/\/www.duunauspalvelutjarvi.fi\/?product=hella-3003-lisavalo-kromikehys","url":"https:\/\/www.duunauspalvelutjarvi.fi\/?product=hella-3003-lisavalo-kromikehys","name":"Hella 3003 lis\u00e4valo Kromikehys -","isPartOf":{"@id":"https:\/\/www.duunauspalvelutjarvi.fi\/#website"},"datePublished":"2021-02-23T19:07:03+00:00","breadcrumb":{"@id":"https:\/\/www.duunauspalvelutjarvi.fi\/?product=hella-3003-lisavalo-kromikehys#breadcrumb"},"inLanguage":"fi","potentialAction":[{"@type":"ReadAction","target":["https:\/\/www.duunauspalvelutjarvi.fi\/?product=hella-3003-lisavalo-kromikehys"]}]},{"@type":"BreadcrumbList","@id":"https:\/\/www.duunauspalvelutjarvi.fi\/?product=hella-3003-lisavalo-kromikehys#breadcrumb","itemListElement":[{"@type":"ListItem","position":1,"name":"Etusivu","item":"https:\/\/www.duunauspalvelutjarvi.fi\/"},{"@type":"ListItem","position":2,"name":"Etusivu","item":"https:\/\/www.duunauspalvelutjarvi.fi\/"},{"@type":"ListItem","position":3,"name":"Hella 3003 lis\u00e4valo Kromikehys"}]},{"@type":"WebSite","@id":"https:\/\/www.duunauspalvelutjarvi.fi\/#website","url":"https:\/\/www.duunauspalvelutjarvi.fi\/","name":"","description":"","potentialAction":[{"@type":"SearchAction","target":{"@type":"EntryPoint","urlTemplate":"https:\/\/www.duunauspalvelutjarvi.fi\/?s={search_term_string}"},"query-input":{"@type":"PropertyValueSpecification","valueRequired":true,"valueName":"search_term_string"}}],"inLanguage":"fi"}]}},"jetpack_sharing_enabled":true,"_links":{"self":[{"href":"https:\/\/www.duunauspalvelutjarvi.fi\/index.php?rest_route=\/wp\/v2\/product\/4539","targetHints":{"allow":["GET"]}}],"collection":[{"href":"https:\/\/www.duunauspalvelutjarvi.fi\/index.php?rest_route=\/wp\/v2\/product"}],"about":[{"href":"https:\/\/www.duunauspalvelutjarvi.fi\/index.php?rest_route=\/wp\/v2\/types\/product"}],"replies":[{"embeddable":true,"href":"https:\/\/www.duunauspalvelutjarvi.fi\/index.php?rest_route=%2Fwp%2Fv2%2Fcomments&post=4539"}],"wp:attachment":[{"href":"https:\/\/www.duunauspalvelutjarvi.fi\/index.php?rest_route=%2Fwp%2Fv2%2Fmedia&parent=4539"}],"wp:term":[{"taxonomy":"product_brand","embeddable":true,"href":"https:\/\/www.duunauspalvelutjarvi.fi\/index.php?rest_route=%2Fwp%2Fv2%2Fproduct_brand&post=4539"},{"taxonomy":"product_cat","embeddable":true,"href":"https:\/\/www.duunauspalvelutjarvi.fi\/index.php?rest_route=%2Fwp%2Fv2%2Fproduct_cat&post=4539"},{"taxonomy":"product_tag","embeddable":true,"href":"https:\/\/www.duunauspalvelutjarvi.fi\/index.php?rest_route=%2Fwp%2Fv2%2Fproduct_tag&post=4539"}],"curies":[{"name":"wp","href":"https:\/\/api.w.org\/{rel}","templated":true}]}}