{"id":5179,"date":"2021-03-10T13:57:05","date_gmt":"2021-03-10T11:57:05","guid":{"rendered":"https:\/\/www.duunauspalvelutjarvi.fi\/?post_type=product&#038;p=5179"},"modified":"2025-10-09T11:38:19","modified_gmt":"2025-10-09T08:38:19","slug":"led-lisavalo-x-vision-genesis-ii-600-yhdistelmakuvio","status":"publish","type":"product","link":"https:\/\/www.duunauspalvelutjarvi.fi\/?product=led-lisavalo-x-vision-genesis-ii-600-yhdistelmakuvio","title":{"rendered":"LED-lis\u00e4valo X-vision Genesis II 600, yhdistelm\u00e4kuvio"},"content":{"rendered":"<p><strong>X-Vision Genesis II 600 yhdistelm\u00e4valokuviolla\u00a0<\/strong>on toisen sukupolven p\u00e4ivitetty malli suositusta X-vision Genesis 600 valaisimesta, joka tarjoaa markkinoiden kehittyneimm\u00e4n heijastintekniikan antaen erinomaisen yhdistelm\u00e4valokuvion. Genesis-sarjan valaisimien v\u00e4ril\u00e4mp\u00f6tila on optimoitu silmiin kohdistuvan rasituksen v\u00e4hent\u00e4miseksi, joka antaa ajamiseen aivan uutta nautintoa valojen ulkoasusta tinkim\u00e4tt\u00e4. Valaisimesta l\u00f6ytyy kaksi eri tehotilaa: Double Up tehotila (Ei tieliikenteeseen hyv\u00e4ksytty) sek\u00e4 tieliikenteeseen hyv\u00e4ksytty matalampi valotehotila. Tehotilan k\u00e4ytt\u00f6 tapahtuu siten, ett\u00e4 kun valaisimen maa ja virta on kytketty, niin valo toimii Double Up tehotilassa. Mik\u00e4li erillinen rajoitinjohto kytket\u00e4\u00e4n, niin valoteho tippuu alemmaksi tieliikenteeseen hyv\u00e4ksyttyyn tasoon.<\/p>\n<p>Genesis II mallisarjan valoissa on erityisen\u00e4 ominaisuutena kehykset\u00f6n etuosa, joka erityisesti lumisilla keleill\u00e4 takaa, ett\u00e4 lumi ja loska ei kerry valaisimen linssiin reunoille. N\u00e4in ollen Genesis II 600 lis\u00e4valot tarjoavat huikeaa toimintavarmuutta haastavammissakin olosuhteissa! Tyylik\u00e4s muotoilu ja moderni tumma heijastinoptiikka takaa, ett\u00e4 valot sopivat mink\u00e4 tahansa ajoneuvon ulkoasuun. Valaisimesta l\u00f6ytyy my\u00f6s tyylik\u00e4s parkkivaloratkaisu, jossa led-moduulien v\u00e4leihin on sijoitettu kirkkaat Gemstone parkit. T\u00e4st\u00e4 lis\u00e4valosta on saatavilla my\u00f6s l\u00e4mmitetyll\u00e4 linssill\u00e4 saatavaa mallia, jonka l\u00f6yd\u00e4t painamalla T\u00c4ST\u00c4.<\/p>\n<p>&nbsp;<\/p>\n<p><strong>Tekniset tiedot:<br \/>\n<\/strong><br \/>\n\u2022 Referenssiluku 50<br \/>\n\u2022 K\u00e4ytt\u00f6j\u00e4nnite: 9-36V<br \/>\n\u2022 Lumen: 7400lm (t\u00e4ysi teho), 4000lm (R112)<br \/>\n\u2022 1 lux @ 650m (t\u00e4ysi teho), 475m hyv\u00e4ksyttyn\u00e4<br \/>\n\u2022 Yhdistelm\u00e4valokuvio \/ Hybrid Beam<br \/>\n\u2022 V\u00e4ril\u00e4mp\u00f6tila 4500K<br \/>\n\u2022 Alumiinikuori<br \/>\n\u2022 Iskunkest\u00e4v\u00e4 polykarbonaattilinssi<br \/>\n\u2022 Leveys: 548 mm<br \/>\n\u2022 Korkeus: 72 mm<br \/>\n\u2022 Syvyys: 92 mm<br \/>\n\u2022 Takuu 60 kk<br \/>\n\u2022 IP68<br \/>\n\u2022 Hyv\u00e4ksytty tieliikennek\u00e4ytt\u00f6\u00f6n ECE R112, ECE R10<\/p>\n","protected":false},"excerpt":{"rendered":"<p>X-Vision Genesis II 600 yhdistelm\u00e4valokuviolla\u00a0on toisen sukupolven p\u00e4ivitetty malli suositusta X-vision Genesis 600 valaisimesta, joka tarjoaa markkinoiden kehittyneimm\u00e4n heijastintekniikan antaen erinomaisen yhdistelm\u00e4valokuvion. Genesis-sarjan valaisimien v\u00e4ril\u00e4mp\u00f6tila on optimoitu silmiin kohdistuvan rasituksen v\u00e4hent\u00e4miseksi, joka antaa ajamiseen aivan uutta nautintoa valojen ulkoasusta tinkim\u00e4tt\u00e4. Valaisimesta l\u00f6ytyy kaksi eri tehotilaa: Double Up tehotila (Ei tieliikenteeseen hyv\u00e4ksytty) sek\u00e4 tieliikenteeseen hyv\u00e4ksytty matalampi [&hellip;]<\/p>\n","protected":false},"featured_media":0,"comment_status":"open","ping_status":"closed","template":"","meta":[],"product_brand":[],"product_cat":[44],"product_tag":[],"class_list":{"0":"post-5179","1":"product","2":"type-product","3":"status-publish","5":"product_cat-led-lisavalopaneelit","6":"product_shipping_class-l-paketti","8":"first","9":"instock","10":"taxable","11":"shipping-taxable","12":"purchasable","13":"product-type-variable"},"yoast_head":"<!-- This site is optimized with the Yoast SEO plugin v27.5 - https:\/\/yoast.com\/product\/yoast-seo-wordpress\/ -->\n<title>LED-lis\u00e4valo X-vision Genesis II 600, yhdistelm\u00e4kuvio -<\/title>\n<meta name=\"robots\" content=\"index, follow, max-snippet:-1, max-image-preview:large, max-video-preview:-1\" \/>\n<link rel=\"canonical\" href=\"https:\/\/www.duunauspalvelutjarvi.fi\/?product=led-lisavalo-x-vision-genesis-ii-600-yhdistelmakuvio\" \/>\n<meta property=\"og:locale\" content=\"fi_FI\" \/>\n<meta property=\"og:type\" content=\"article\" \/>\n<meta property=\"og:title\" content=\"LED-lis\u00e4valo X-vision Genesis II 600, yhdistelm\u00e4kuvio -\" \/>\n<meta property=\"og:description\" content=\"X-Vision Genesis II 600 yhdistelm\u00e4valokuviolla\u00a0on toisen sukupolven p\u00e4ivitetty malli suositusta X-vision Genesis 600 valaisimesta, joka tarjoaa markkinoiden kehittyneimm\u00e4n heijastintekniikan antaen erinomaisen yhdistelm\u00e4valokuvion. Genesis-sarjan valaisimien v\u00e4ril\u00e4mp\u00f6tila on optimoitu silmiin kohdistuvan rasituksen v\u00e4hent\u00e4miseksi, joka antaa ajamiseen aivan uutta nautintoa valojen ulkoasusta tinkim\u00e4tt\u00e4. Valaisimesta l\u00f6ytyy kaksi eri tehotilaa: Double Up tehotila (Ei tieliikenteeseen hyv\u00e4ksytty) sek\u00e4 tieliikenteeseen hyv\u00e4ksytty matalampi [&hellip;]\" \/>\n<meta property=\"og:url\" content=\"https:\/\/www.duunauspalvelutjarvi.fi\/?product=led-lisavalo-x-vision-genesis-ii-600-yhdistelmakuvio\" \/>\n<meta property=\"article:modified_time\" content=\"2025-10-09T08:38:19+00:00\" \/>\n<meta name=\"twitter:card\" content=\"summary_large_image\" \/>\n<meta name=\"twitter:label1\" content=\"Arvioitu lukuaika\" \/>\n\t<meta name=\"twitter:data1\" content=\"1 minuutti\" \/>\n<script type=\"application\/ld+json\" class=\"yoast-schema-graph\">{\"@context\":\"https:\\\/\\\/schema.org\",\"@graph\":[{\"@type\":\"WebPage\",\"@id\":\"https:\\\/\\\/www.duunauspalvelutjarvi.fi\\\/?product=led-lisavalo-x-vision-genesis-ii-600-yhdistelmakuvio\",\"url\":\"https:\\\/\\\/www.duunauspalvelutjarvi.fi\\\/?product=led-lisavalo-x-vision-genesis-ii-600-yhdistelmakuvio\",\"name\":\"LED-lis\u00e4valo X-vision Genesis II 600, yhdistelm\u00e4kuvio -\",\"isPartOf\":{\"@id\":\"https:\\\/\\\/www.duunauspalvelutjarvi.fi\\\/#website\"},\"datePublished\":\"2021-03-10T11:57:05+00:00\",\"dateModified\":\"2025-10-09T08:38:19+00:00\",\"breadcrumb\":{\"@id\":\"https:\\\/\\\/www.duunauspalvelutjarvi.fi\\\/?product=led-lisavalo-x-vision-genesis-ii-600-yhdistelmakuvio#breadcrumb\"},\"inLanguage\":\"fi\",\"potentialAction\":[{\"@type\":\"ReadAction\",\"target\":[\"https:\\\/\\\/www.duunauspalvelutjarvi.fi\\\/?product=led-lisavalo-x-vision-genesis-ii-600-yhdistelmakuvio\"]}]},{\"@type\":\"BreadcrumbList\",\"@id\":\"https:\\\/\\\/www.duunauspalvelutjarvi.fi\\\/?product=led-lisavalo-x-vision-genesis-ii-600-yhdistelmakuvio#breadcrumb\",\"itemListElement\":[{\"@type\":\"ListItem\",\"position\":1,\"name\":\"Etusivu\",\"item\":\"https:\\\/\\\/www.duunauspalvelutjarvi.fi\\\/\"},{\"@type\":\"ListItem\",\"position\":2,\"name\":\"Etusivu\",\"item\":\"https:\\\/\\\/www.duunauspalvelutjarvi.fi\\\/\"},{\"@type\":\"ListItem\",\"position\":3,\"name\":\"LED-lis\u00e4valo X-vision Genesis II 600, yhdistelm\u00e4kuvio\"}]},{\"@type\":\"WebSite\",\"@id\":\"https:\\\/\\\/www.duunauspalvelutjarvi.fi\\\/#website\",\"url\":\"https:\\\/\\\/www.duunauspalvelutjarvi.fi\\\/\",\"name\":\"\",\"description\":\"\",\"potentialAction\":[{\"@type\":\"SearchAction\",\"target\":{\"@type\":\"EntryPoint\",\"urlTemplate\":\"https:\\\/\\\/www.duunauspalvelutjarvi.fi\\\/?s={search_term_string}\"},\"query-input\":{\"@type\":\"PropertyValueSpecification\",\"valueRequired\":true,\"valueName\":\"search_term_string\"}}],\"inLanguage\":\"fi\"}]}<\/script>\n<!-- \/ Yoast SEO plugin. -->","yoast_head_json":{"title":"LED-lis\u00e4valo X-vision Genesis II 600, yhdistelm\u00e4kuvio -","robots":{"index":"index","follow":"follow","max-snippet":"max-snippet:-1","max-image-preview":"max-image-preview:large","max-video-preview":"max-video-preview:-1"},"canonical":"https:\/\/www.duunauspalvelutjarvi.fi\/?product=led-lisavalo-x-vision-genesis-ii-600-yhdistelmakuvio","og_locale":"fi_FI","og_type":"article","og_title":"LED-lis\u00e4valo X-vision Genesis II 600, yhdistelm\u00e4kuvio -","og_description":"X-Vision Genesis II 600 yhdistelm\u00e4valokuviolla\u00a0on toisen sukupolven p\u00e4ivitetty malli suositusta X-vision Genesis 600 valaisimesta, joka tarjoaa markkinoiden kehittyneimm\u00e4n heijastintekniikan antaen erinomaisen yhdistelm\u00e4valokuvion. Genesis-sarjan valaisimien v\u00e4ril\u00e4mp\u00f6tila on optimoitu silmiin kohdistuvan rasituksen v\u00e4hent\u00e4miseksi, joka antaa ajamiseen aivan uutta nautintoa valojen ulkoasusta tinkim\u00e4tt\u00e4. Valaisimesta l\u00f6ytyy kaksi eri tehotilaa: Double Up tehotila (Ei tieliikenteeseen hyv\u00e4ksytty) sek\u00e4 tieliikenteeseen hyv\u00e4ksytty matalampi [&hellip;]","og_url":"https:\/\/www.duunauspalvelutjarvi.fi\/?product=led-lisavalo-x-vision-genesis-ii-600-yhdistelmakuvio","article_modified_time":"2025-10-09T08:38:19+00:00","twitter_card":"summary_large_image","twitter_misc":{"Arvioitu lukuaika":"1 minuutti"},"schema":{"@context":"https:\/\/schema.org","@graph":[{"@type":"WebPage","@id":"https:\/\/www.duunauspalvelutjarvi.fi\/?product=led-lisavalo-x-vision-genesis-ii-600-yhdistelmakuvio","url":"https:\/\/www.duunauspalvelutjarvi.fi\/?product=led-lisavalo-x-vision-genesis-ii-600-yhdistelmakuvio","name":"LED-lis\u00e4valo X-vision Genesis II 600, yhdistelm\u00e4kuvio -","isPartOf":{"@id":"https:\/\/www.duunauspalvelutjarvi.fi\/#website"},"datePublished":"2021-03-10T11:57:05+00:00","dateModified":"2025-10-09T08:38:19+00:00","breadcrumb":{"@id":"https:\/\/www.duunauspalvelutjarvi.fi\/?product=led-lisavalo-x-vision-genesis-ii-600-yhdistelmakuvio#breadcrumb"},"inLanguage":"fi","potentialAction":[{"@type":"ReadAction","target":["https:\/\/www.duunauspalvelutjarvi.fi\/?product=led-lisavalo-x-vision-genesis-ii-600-yhdistelmakuvio"]}]},{"@type":"BreadcrumbList","@id":"https:\/\/www.duunauspalvelutjarvi.fi\/?product=led-lisavalo-x-vision-genesis-ii-600-yhdistelmakuvio#breadcrumb","itemListElement":[{"@type":"ListItem","position":1,"name":"Etusivu","item":"https:\/\/www.duunauspalvelutjarvi.fi\/"},{"@type":"ListItem","position":2,"name":"Etusivu","item":"https:\/\/www.duunauspalvelutjarvi.fi\/"},{"@type":"ListItem","position":3,"name":"LED-lis\u00e4valo X-vision Genesis II 600, yhdistelm\u00e4kuvio"}]},{"@type":"WebSite","@id":"https:\/\/www.duunauspalvelutjarvi.fi\/#website","url":"https:\/\/www.duunauspalvelutjarvi.fi\/","name":"","description":"","potentialAction":[{"@type":"SearchAction","target":{"@type":"EntryPoint","urlTemplate":"https:\/\/www.duunauspalvelutjarvi.fi\/?s={search_term_string}"},"query-input":{"@type":"PropertyValueSpecification","valueRequired":true,"valueName":"search_term_string"}}],"inLanguage":"fi"}]}},"jetpack_sharing_enabled":true,"_links":{"self":[{"href":"https:\/\/www.duunauspalvelutjarvi.fi\/index.php?rest_route=\/wp\/v2\/product\/5179","targetHints":{"allow":["GET"]}}],"collection":[{"href":"https:\/\/www.duunauspalvelutjarvi.fi\/index.php?rest_route=\/wp\/v2\/product"}],"about":[{"href":"https:\/\/www.duunauspalvelutjarvi.fi\/index.php?rest_route=\/wp\/v2\/types\/product"}],"replies":[{"embeddable":true,"href":"https:\/\/www.duunauspalvelutjarvi.fi\/index.php?rest_route=%2Fwp%2Fv2%2Fcomments&post=5179"}],"wp:attachment":[{"href":"https:\/\/www.duunauspalvelutjarvi.fi\/index.php?rest_route=%2Fwp%2Fv2%2Fmedia&parent=5179"}],"wp:term":[{"taxonomy":"product_brand","embeddable":true,"href":"https:\/\/www.duunauspalvelutjarvi.fi\/index.php?rest_route=%2Fwp%2Fv2%2Fproduct_brand&post=5179"},{"taxonomy":"product_cat","embeddable":true,"href":"https:\/\/www.duunauspalvelutjarvi.fi\/index.php?rest_route=%2Fwp%2Fv2%2Fproduct_cat&post=5179"},{"taxonomy":"product_tag","embeddable":true,"href":"https:\/\/www.duunauspalvelutjarvi.fi\/index.php?rest_route=%2Fwp%2Fv2%2Fproduct_tag&post=5179"}],"curies":[{"name":"wp","href":"https:\/\/api.w.org\/{rel}","templated":true}]}}