{"id":6528,"date":"2021-04-14T00:15:13","date_gmt":"2021-04-13T21:15:13","guid":{"rendered":"https:\/\/www.duunauspalvelutjarvi.fi\/?post_type=product&#038;p=6528"},"modified":"2021-09-01T00:28:49","modified_gmt":"2021-08-31T21:28:49","slug":"otsalamppu-fenix-hm65r-superraptor-1400lm","status":"publish","type":"product","link":"https:\/\/www.duunauspalvelutjarvi.fi\/?product=otsalamppu-fenix-hm65r-superraptor-1400lm","title":{"rendered":"Otsalamppu Fenix HM65R SUPERRAPTOR, 1400lm"},"content":{"rendered":"<p><strong>Fenix HM65R SUPERRAPTOR LED-otsalamppu<\/strong>\u00a0on paranneltu versio suositusta HL60R RAPTOR otsavalosta. Entist\u00e4kin tehokkaampi ja suorituskykyisempi valaisin tarjoaa erinomaisen hinta-laatusuhteen. Erinomainen 1400 lumenin valonteho, kevyt magnesiumrunko ja nopea lataus tekev\u00e4t t\u00e4st\u00e4 erinomaisen ja helppok\u00e4ytt\u00f6isen otsavalon vaativammillekin k\u00e4ytt\u00e4jille! Yksinkertainen suunnittelu ilman ylim\u00e4\u00e4r\u00e4isi\u00e4 osia: ei johtoja, ei saranoita tai niveli\u00e4. Valaisin soveltuu loistavasti niille, jotka tarvitsevat hyv\u00e4n ja tehokkaan peruslampun arkip\u00e4iv\u00e4iseen k\u00e4ytt\u00f6\u00f6n, mutta my\u00f6s niille, jotka haluavat lampulta laadun ja tehon lis\u00e4ksi paljon ominaisuuksia.<\/p>\n<p>&nbsp;<\/p>\n<p>Valaisimen suojapiirit saattavat rajoittaa k\u00e4ytt\u00f6aikaa suurilla tehotiloilla, jolloin valaisin siirtyy automaattisesti alempaan tehotilaan.<\/p>\n<p>&nbsp;<\/p>\n<p><strong>Pakkauksen sis\u00e4lt\u00f6:<\/strong><br \/>\n\u2022 HM65R SUPERRAPTOR otsalamppu x 1<br \/>\n\u2022 p\u00e4\u00e4- ja otsapanta x 1<br \/>\n\u2022 Fenix ARB-L18-3500 mAh ladattava akku x 1<br \/>\n\u2022 USB C latausjohto x 1<br \/>\n\u2022 otsapannan solki x 1<br \/>\n\u2022 vaihdettava O-rengastiiviste x 1<br \/>\n\u2022 k\u00e4ytt\u00f6ohje<\/p>\n<p><strong>Tekniset tiedot:<\/strong><br \/>\n\u2022 Valoteho max: 1400lm<br \/>\n\u2022 K\u00e4ytt\u00f6aika max: 300h<br \/>\n\u2022 Valokeilan pituus: 140m<br \/>\n\u2022 Valovoima max: 5609 kandela<br \/>\n\u2022 Iskunkesto: 2 metri\u00e4<br \/>\n\u2022 Vesitiiveys IP68<\/p>\n<p><strong>K\u00e4ytt\u00f6tilat 8kpl:<br \/>\n<\/strong>Turbo 1000 lm \/ 2 h<br \/>\nKorkea I 400 lm \/ 4 h<br \/>\nkorkea II 600 lm \/ 3 h<br \/>\nKeski 130 lm \/ 13,5 h<br \/>\nMatala 30 lm \/ 97 h<\/p>\n<p>&nbsp;<\/p>\n<p>Hajavalo (korkea) 400 lm \/ 4 h<br \/>\nHajavalo (keski) 130 lm \/ 13 h<br \/>\nHajavalo (matala) 8 lm \/ 300 h<\/p>\n","protected":false},"excerpt":{"rendered":"<p><a href=\"https:\/\/www.duunauspalvelutjarvi.fi\/?term=&amp;s=fenix&amp;post_type=product&amp;taxonomy=product_cat\"><img loading=\"lazy\" decoding=\"async\" class=\"alignnone size-full wp-image-10327\" src=\"https:\/\/www.duunauspalvelutjarvi.fi\/wp-content\/uploads\/2021\/09\/kuva_2021-09-01_002656.png\" alt=\"\" width=\"200\" height=\"65\" \/><\/a><\/p>\n","protected":false},"featured_media":0,"comment_status":"open","ping_status":"closed","template":"","meta":[],"product_brand":[],"product_cat":[452],"product_tag":[],"class_list":{"0":"post-6528","1":"product","2":"type-product","3":"status-publish","5":"product_cat-otsalamput","7":"first","8":"instock","9":"taxable","10":"shipping-taxable","11":"purchasable","12":"product-type-simple"},"yoast_head":"<!-- This site is optimized with the Yoast SEO plugin v27.4 - https:\/\/yoast.com\/product\/yoast-seo-wordpress\/ -->\n<title>Otsalamppu Fenix HM65R SUPERRAPTOR, 1400lm -<\/title>\n<meta name=\"robots\" content=\"index, follow, max-snippet:-1, max-image-preview:large, max-video-preview:-1\" \/>\n<link rel=\"canonical\" href=\"https:\/\/www.duunauspalvelutjarvi.fi\/?product=otsalamppu-fenix-hm65r-superraptor-1400lm\" \/>\n<meta property=\"og:locale\" content=\"fi_FI\" \/>\n<meta property=\"og:type\" content=\"article\" \/>\n<meta property=\"og:title\" content=\"Otsalamppu Fenix HM65R SUPERRAPTOR, 1400lm -\" \/>\n<meta property=\"og:url\" content=\"https:\/\/www.duunauspalvelutjarvi.fi\/?product=otsalamppu-fenix-hm65r-superraptor-1400lm\" \/>\n<meta property=\"article:modified_time\" content=\"2021-08-31T21:28:49+00:00\" \/>\n<meta name=\"twitter:card\" content=\"summary_large_image\" \/>\n<meta name=\"twitter:label1\" content=\"Arvioitu lukuaika\" \/>\n\t<meta name=\"twitter:data1\" content=\"1 minuutti\" \/>\n<script type=\"application\/ld+json\" class=\"yoast-schema-graph\">{\"@context\":\"https:\\\/\\\/schema.org\",\"@graph\":[{\"@type\":\"WebPage\",\"@id\":\"https:\\\/\\\/www.duunauspalvelutjarvi.fi\\\/?product=otsalamppu-fenix-hm65r-superraptor-1400lm\",\"url\":\"https:\\\/\\\/www.duunauspalvelutjarvi.fi\\\/?product=otsalamppu-fenix-hm65r-superraptor-1400lm\",\"name\":\"Otsalamppu Fenix HM65R SUPERRAPTOR, 1400lm -\",\"isPartOf\":{\"@id\":\"https:\\\/\\\/www.duunauspalvelutjarvi.fi\\\/#website\"},\"datePublished\":\"2021-04-13T21:15:13+00:00\",\"dateModified\":\"2021-08-31T21:28:49+00:00\",\"breadcrumb\":{\"@id\":\"https:\\\/\\\/www.duunauspalvelutjarvi.fi\\\/?product=otsalamppu-fenix-hm65r-superraptor-1400lm#breadcrumb\"},\"inLanguage\":\"fi\",\"potentialAction\":[{\"@type\":\"ReadAction\",\"target\":[\"https:\\\/\\\/www.duunauspalvelutjarvi.fi\\\/?product=otsalamppu-fenix-hm65r-superraptor-1400lm\"]}]},{\"@type\":\"BreadcrumbList\",\"@id\":\"https:\\\/\\\/www.duunauspalvelutjarvi.fi\\\/?product=otsalamppu-fenix-hm65r-superraptor-1400lm#breadcrumb\",\"itemListElement\":[{\"@type\":\"ListItem\",\"position\":1,\"name\":\"Etusivu\",\"item\":\"https:\\\/\\\/www.duunauspalvelutjarvi.fi\\\/\"},{\"@type\":\"ListItem\",\"position\":2,\"name\":\"Etusivu\",\"item\":\"https:\\\/\\\/www.duunauspalvelutjarvi.fi\\\/\"},{\"@type\":\"ListItem\",\"position\":3,\"name\":\"Otsalamppu Fenix HM65R SUPERRAPTOR, 1400lm\"}]},{\"@type\":\"WebSite\",\"@id\":\"https:\\\/\\\/www.duunauspalvelutjarvi.fi\\\/#website\",\"url\":\"https:\\\/\\\/www.duunauspalvelutjarvi.fi\\\/\",\"name\":\"\",\"description\":\"\",\"potentialAction\":[{\"@type\":\"SearchAction\",\"target\":{\"@type\":\"EntryPoint\",\"urlTemplate\":\"https:\\\/\\\/www.duunauspalvelutjarvi.fi\\\/?s={search_term_string}\"},\"query-input\":{\"@type\":\"PropertyValueSpecification\",\"valueRequired\":true,\"valueName\":\"search_term_string\"}}],\"inLanguage\":\"fi\"}]}<\/script>\n<!-- \/ Yoast SEO plugin. -->","yoast_head_json":{"title":"Otsalamppu Fenix HM65R SUPERRAPTOR, 1400lm -","robots":{"index":"index","follow":"follow","max-snippet":"max-snippet:-1","max-image-preview":"max-image-preview:large","max-video-preview":"max-video-preview:-1"},"canonical":"https:\/\/www.duunauspalvelutjarvi.fi\/?product=otsalamppu-fenix-hm65r-superraptor-1400lm","og_locale":"fi_FI","og_type":"article","og_title":"Otsalamppu Fenix HM65R SUPERRAPTOR, 1400lm -","og_url":"https:\/\/www.duunauspalvelutjarvi.fi\/?product=otsalamppu-fenix-hm65r-superraptor-1400lm","article_modified_time":"2021-08-31T21:28:49+00:00","twitter_card":"summary_large_image","twitter_misc":{"Arvioitu lukuaika":"1 minuutti"},"schema":{"@context":"https:\/\/schema.org","@graph":[{"@type":"WebPage","@id":"https:\/\/www.duunauspalvelutjarvi.fi\/?product=otsalamppu-fenix-hm65r-superraptor-1400lm","url":"https:\/\/www.duunauspalvelutjarvi.fi\/?product=otsalamppu-fenix-hm65r-superraptor-1400lm","name":"Otsalamppu Fenix HM65R SUPERRAPTOR, 1400lm -","isPartOf":{"@id":"https:\/\/www.duunauspalvelutjarvi.fi\/#website"},"datePublished":"2021-04-13T21:15:13+00:00","dateModified":"2021-08-31T21:28:49+00:00","breadcrumb":{"@id":"https:\/\/www.duunauspalvelutjarvi.fi\/?product=otsalamppu-fenix-hm65r-superraptor-1400lm#breadcrumb"},"inLanguage":"fi","potentialAction":[{"@type":"ReadAction","target":["https:\/\/www.duunauspalvelutjarvi.fi\/?product=otsalamppu-fenix-hm65r-superraptor-1400lm"]}]},{"@type":"BreadcrumbList","@id":"https:\/\/www.duunauspalvelutjarvi.fi\/?product=otsalamppu-fenix-hm65r-superraptor-1400lm#breadcrumb","itemListElement":[{"@type":"ListItem","position":1,"name":"Etusivu","item":"https:\/\/www.duunauspalvelutjarvi.fi\/"},{"@type":"ListItem","position":2,"name":"Etusivu","item":"https:\/\/www.duunauspalvelutjarvi.fi\/"},{"@type":"ListItem","position":3,"name":"Otsalamppu Fenix HM65R SUPERRAPTOR, 1400lm"}]},{"@type":"WebSite","@id":"https:\/\/www.duunauspalvelutjarvi.fi\/#website","url":"https:\/\/www.duunauspalvelutjarvi.fi\/","name":"","description":"","potentialAction":[{"@type":"SearchAction","target":{"@type":"EntryPoint","urlTemplate":"https:\/\/www.duunauspalvelutjarvi.fi\/?s={search_term_string}"},"query-input":{"@type":"PropertyValueSpecification","valueRequired":true,"valueName":"search_term_string"}}],"inLanguage":"fi"}]}},"jetpack_sharing_enabled":true,"_links":{"self":[{"href":"https:\/\/www.duunauspalvelutjarvi.fi\/index.php?rest_route=\/wp\/v2\/product\/6528","targetHints":{"allow":["GET"]}}],"collection":[{"href":"https:\/\/www.duunauspalvelutjarvi.fi\/index.php?rest_route=\/wp\/v2\/product"}],"about":[{"href":"https:\/\/www.duunauspalvelutjarvi.fi\/index.php?rest_route=\/wp\/v2\/types\/product"}],"replies":[{"embeddable":true,"href":"https:\/\/www.duunauspalvelutjarvi.fi\/index.php?rest_route=%2Fwp%2Fv2%2Fcomments&post=6528"}],"wp:attachment":[{"href":"https:\/\/www.duunauspalvelutjarvi.fi\/index.php?rest_route=%2Fwp%2Fv2%2Fmedia&parent=6528"}],"wp:term":[{"taxonomy":"product_brand","embeddable":true,"href":"https:\/\/www.duunauspalvelutjarvi.fi\/index.php?rest_route=%2Fwp%2Fv2%2Fproduct_brand&post=6528"},{"taxonomy":"product_cat","embeddable":true,"href":"https:\/\/www.duunauspalvelutjarvi.fi\/index.php?rest_route=%2Fwp%2Fv2%2Fproduct_cat&post=6528"},{"taxonomy":"product_tag","embeddable":true,"href":"https:\/\/www.duunauspalvelutjarvi.fi\/index.php?rest_route=%2Fwp%2Fv2%2Fproduct_tag&post=6528"}],"curies":[{"name":"wp","href":"https:\/\/api.w.org\/{rel}","templated":true}]}}