{"id":6538,"date":"2021-04-14T00:17:42","date_gmt":"2021-04-13T21:17:42","guid":{"rendered":"https:\/\/www.duunauspalvelutjarvi.fi\/?post_type=product&#038;p=6538"},"modified":"2021-04-17T20:46:16","modified_gmt":"2021-04-17T17:46:16","slug":"led-otsalamppu-led-lenser-h7r-core","status":"publish","type":"product","link":"https:\/\/www.duunauspalvelutjarvi.fi\/?product=led-otsalamppu-led-lenser-h7r-core","title":{"rendered":"LED-otsalamppu LED Lenser H7R Core"},"content":{"rendered":"<p><strong>LED-otsalamppu Ledlenser H7R Core.<\/strong>\u00a0Uusi ladattava Ledlenser H7R Core tarjoaa paljon valontehoa kompaktissa paketissa. Valaisin on varustettu 4800mAh Li-ion akulla.<\/p>\n<p>H7R Core sopii yleisvalaisimeksi k\u00e4ytt\u00e4j\u00e4lle, joka tarvitsee kompaktia, tehokasta ja ladattavaa valaisinta. Led Lenser H7R Core on helppok\u00e4ytt\u00f6inen, valaisimessa on kolme eri valotoimintoa ja yksi k\u00e4ytt\u00f6kytkin, jolla ohjaat kaikkia valaisimen toimintoja. Valaisimessa on yhdell\u00e4 k\u00e4dell\u00e4 tapahtuva valokeilan tarkennus Speed Focus ja AFS-tekniikka, jolla s\u00e4\u00e4d\u00e4t valokeilaa portaattomasti ympyr\u00e4nmuotoisesta l\u00e4hivalosta tarkaksi kaukovaloksi.<\/p>\n<p>LED Lenser H7R Core on varustettu helppok\u00e4ytt\u00f6isell\u00e4 magneettilatauksella.<\/p>\n<p>&nbsp;<\/p>\n<p><strong>Ominaisuudet:<\/strong><\/p>\n<p>\u2022 Auto Focus System (AFS)<br \/>\nHeijastin + linssi = heijastinlinssij\u00e4rjestelm\u00e4. Led Lenser on yhdist\u00e4nyt valaisimissaan linssin ja heijastimen parhaat ominaisuudet. Voit tarkentaa AFS-tekniikalla varustetun Led Lenserin portaattomasti ympyr\u00e4nmuotoisesta l\u00e4hivalosta tarkaksi kaukovaloksi.T\u00e4m\u00e4 patentoitu heijastinlinssij\u00e4rjestelm\u00e4 on kehitetty maailman johtaviinvalontutkimuslaitoksiin kuuluvan m\u00fcnchenil\u00e4isen OEC:n (Opticsand Energy Consepts) kanssa.<\/p>\n<p>&nbsp;<\/p>\n<p>\u2022 Modulaarinen rakenne<br \/>\nSen ansiosta valaisinta on helppo huoltaa ja puhdistaa. Valaisin on lis\u00e4ksi roiskevesitiivis.<\/p>\n<p>&nbsp;<\/p>\n<p>\u2022 IP67 Tiiveysluokitus<\/p>\n<p>&nbsp;<\/p>\n<p><strong>Tekniset tiedot:<\/strong><br \/>\n\u2022 Led Lenser<br \/>\n\u2022 Maksimivaloteho 1000lm<br \/>\n\u2022 3 tehotilaa (1000, 600, 15lm)<br \/>\n\u2022 AFS- valokeilan s\u00e4\u00e4t\u00f6<br \/>\n\u2022 Magneettilataus<br \/>\n\u2022 Kuljetuslukitus<br \/>\n\u2022 Paino: 259g (sis. akku)<br \/>\n\u2022 Akku: 4800mAh, 3,7V<br \/>\n\u2022 Takuu: 60kk ( rekister\u00f6ityn\u00e4 84kk)<\/p>\n","protected":false},"excerpt":{"rendered":"<p>LED-otsalamppu Ledlenser H7R Core.\u00a0Uusi ladattava Ledlenser H7R Core tarjoaa paljon valontehoa kompaktissa paketissa. Valaisin on varustettu 4800mAh Li-ion akulla. H7R Core sopii yleisvalaisimeksi k\u00e4ytt\u00e4j\u00e4lle, joka tarvitsee kompaktia, tehokasta ja ladattavaa valaisinta. Led Lenser H7R Core on helppok\u00e4ytt\u00f6inen, valaisimessa on kolme eri valotoimintoa ja yksi k\u00e4ytt\u00f6kytkin, jolla ohjaat kaikkia valaisimen toimintoja. Valaisimessa on yhdell\u00e4 k\u00e4dell\u00e4 tapahtuva [&hellip;]<\/p>\n","protected":false},"featured_media":0,"comment_status":"open","ping_status":"closed","template":"","meta":[],"product_brand":[],"product_cat":[452],"product_tag":[],"class_list":{"0":"post-6538","1":"product","2":"type-product","3":"status-publish","5":"product_cat-otsalamput","7":"first","8":"instock","9":"taxable","10":"shipping-taxable","11":"purchasable","12":"product-type-simple"},"yoast_head":"<!-- This site is optimized with the Yoast SEO plugin v27.4 - https:\/\/yoast.com\/product\/yoast-seo-wordpress\/ -->\n<title>LED-otsalamppu LED Lenser H7R Core -<\/title>\n<meta name=\"robots\" content=\"index, follow, max-snippet:-1, max-image-preview:large, max-video-preview:-1\" \/>\n<link rel=\"canonical\" href=\"https:\/\/www.duunauspalvelutjarvi.fi\/?product=led-otsalamppu-led-lenser-h7r-core\" \/>\n<meta property=\"og:locale\" content=\"fi_FI\" \/>\n<meta property=\"og:type\" content=\"article\" \/>\n<meta property=\"og:title\" content=\"LED-otsalamppu LED Lenser H7R Core -\" \/>\n<meta property=\"og:description\" content=\"LED-otsalamppu Ledlenser H7R Core.\u00a0Uusi ladattava Ledlenser H7R Core tarjoaa paljon valontehoa kompaktissa paketissa. Valaisin on varustettu 4800mAh Li-ion akulla. H7R Core sopii yleisvalaisimeksi k\u00e4ytt\u00e4j\u00e4lle, joka tarvitsee kompaktia, tehokasta ja ladattavaa valaisinta. Led Lenser H7R Core on helppok\u00e4ytt\u00f6inen, valaisimessa on kolme eri valotoimintoa ja yksi k\u00e4ytt\u00f6kytkin, jolla ohjaat kaikkia valaisimen toimintoja. Valaisimessa on yhdell\u00e4 k\u00e4dell\u00e4 tapahtuva [&hellip;]\" \/>\n<meta property=\"og:url\" content=\"https:\/\/www.duunauspalvelutjarvi.fi\/?product=led-otsalamppu-led-lenser-h7r-core\" \/>\n<meta property=\"article:modified_time\" content=\"2021-04-17T17:46:16+00:00\" \/>\n<meta name=\"twitter:card\" content=\"summary_large_image\" \/>\n<meta name=\"twitter:label1\" content=\"Arvioitu lukuaika\" \/>\n\t<meta name=\"twitter:data1\" content=\"1 minuutti\" \/>\n<script type=\"application\/ld+json\" class=\"yoast-schema-graph\">{\"@context\":\"https:\\\/\\\/schema.org\",\"@graph\":[{\"@type\":\"WebPage\",\"@id\":\"https:\\\/\\\/www.duunauspalvelutjarvi.fi\\\/?product=led-otsalamppu-led-lenser-h7r-core\",\"url\":\"https:\\\/\\\/www.duunauspalvelutjarvi.fi\\\/?product=led-otsalamppu-led-lenser-h7r-core\",\"name\":\"LED-otsalamppu LED Lenser H7R Core -\",\"isPartOf\":{\"@id\":\"https:\\\/\\\/www.duunauspalvelutjarvi.fi\\\/#website\"},\"datePublished\":\"2021-04-13T21:17:42+00:00\",\"dateModified\":\"2021-04-17T17:46:16+00:00\",\"breadcrumb\":{\"@id\":\"https:\\\/\\\/www.duunauspalvelutjarvi.fi\\\/?product=led-otsalamppu-led-lenser-h7r-core#breadcrumb\"},\"inLanguage\":\"fi\",\"potentialAction\":[{\"@type\":\"ReadAction\",\"target\":[\"https:\\\/\\\/www.duunauspalvelutjarvi.fi\\\/?product=led-otsalamppu-led-lenser-h7r-core\"]}]},{\"@type\":\"BreadcrumbList\",\"@id\":\"https:\\\/\\\/www.duunauspalvelutjarvi.fi\\\/?product=led-otsalamppu-led-lenser-h7r-core#breadcrumb\",\"itemListElement\":[{\"@type\":\"ListItem\",\"position\":1,\"name\":\"Etusivu\",\"item\":\"https:\\\/\\\/www.duunauspalvelutjarvi.fi\\\/\"},{\"@type\":\"ListItem\",\"position\":2,\"name\":\"Etusivu\",\"item\":\"https:\\\/\\\/www.duunauspalvelutjarvi.fi\\\/\"},{\"@type\":\"ListItem\",\"position\":3,\"name\":\"LED-otsalamppu LED Lenser H7R Core\"}]},{\"@type\":\"WebSite\",\"@id\":\"https:\\\/\\\/www.duunauspalvelutjarvi.fi\\\/#website\",\"url\":\"https:\\\/\\\/www.duunauspalvelutjarvi.fi\\\/\",\"name\":\"\",\"description\":\"\",\"potentialAction\":[{\"@type\":\"SearchAction\",\"target\":{\"@type\":\"EntryPoint\",\"urlTemplate\":\"https:\\\/\\\/www.duunauspalvelutjarvi.fi\\\/?s={search_term_string}\"},\"query-input\":{\"@type\":\"PropertyValueSpecification\",\"valueRequired\":true,\"valueName\":\"search_term_string\"}}],\"inLanguage\":\"fi\"}]}<\/script>\n<!-- \/ Yoast SEO plugin. -->","yoast_head_json":{"title":"LED-otsalamppu LED Lenser H7R Core -","robots":{"index":"index","follow":"follow","max-snippet":"max-snippet:-1","max-image-preview":"max-image-preview:large","max-video-preview":"max-video-preview:-1"},"canonical":"https:\/\/www.duunauspalvelutjarvi.fi\/?product=led-otsalamppu-led-lenser-h7r-core","og_locale":"fi_FI","og_type":"article","og_title":"LED-otsalamppu LED Lenser H7R Core -","og_description":"LED-otsalamppu Ledlenser H7R Core.\u00a0Uusi ladattava Ledlenser H7R Core tarjoaa paljon valontehoa kompaktissa paketissa. Valaisin on varustettu 4800mAh Li-ion akulla. H7R Core sopii yleisvalaisimeksi k\u00e4ytt\u00e4j\u00e4lle, joka tarvitsee kompaktia, tehokasta ja ladattavaa valaisinta. Led Lenser H7R Core on helppok\u00e4ytt\u00f6inen, valaisimessa on kolme eri valotoimintoa ja yksi k\u00e4ytt\u00f6kytkin, jolla ohjaat kaikkia valaisimen toimintoja. Valaisimessa on yhdell\u00e4 k\u00e4dell\u00e4 tapahtuva [&hellip;]","og_url":"https:\/\/www.duunauspalvelutjarvi.fi\/?product=led-otsalamppu-led-lenser-h7r-core","article_modified_time":"2021-04-17T17:46:16+00:00","twitter_card":"summary_large_image","twitter_misc":{"Arvioitu lukuaika":"1 minuutti"},"schema":{"@context":"https:\/\/schema.org","@graph":[{"@type":"WebPage","@id":"https:\/\/www.duunauspalvelutjarvi.fi\/?product=led-otsalamppu-led-lenser-h7r-core","url":"https:\/\/www.duunauspalvelutjarvi.fi\/?product=led-otsalamppu-led-lenser-h7r-core","name":"LED-otsalamppu LED Lenser H7R Core -","isPartOf":{"@id":"https:\/\/www.duunauspalvelutjarvi.fi\/#website"},"datePublished":"2021-04-13T21:17:42+00:00","dateModified":"2021-04-17T17:46:16+00:00","breadcrumb":{"@id":"https:\/\/www.duunauspalvelutjarvi.fi\/?product=led-otsalamppu-led-lenser-h7r-core#breadcrumb"},"inLanguage":"fi","potentialAction":[{"@type":"ReadAction","target":["https:\/\/www.duunauspalvelutjarvi.fi\/?product=led-otsalamppu-led-lenser-h7r-core"]}]},{"@type":"BreadcrumbList","@id":"https:\/\/www.duunauspalvelutjarvi.fi\/?product=led-otsalamppu-led-lenser-h7r-core#breadcrumb","itemListElement":[{"@type":"ListItem","position":1,"name":"Etusivu","item":"https:\/\/www.duunauspalvelutjarvi.fi\/"},{"@type":"ListItem","position":2,"name":"Etusivu","item":"https:\/\/www.duunauspalvelutjarvi.fi\/"},{"@type":"ListItem","position":3,"name":"LED-otsalamppu LED Lenser H7R Core"}]},{"@type":"WebSite","@id":"https:\/\/www.duunauspalvelutjarvi.fi\/#website","url":"https:\/\/www.duunauspalvelutjarvi.fi\/","name":"","description":"","potentialAction":[{"@type":"SearchAction","target":{"@type":"EntryPoint","urlTemplate":"https:\/\/www.duunauspalvelutjarvi.fi\/?s={search_term_string}"},"query-input":{"@type":"PropertyValueSpecification","valueRequired":true,"valueName":"search_term_string"}}],"inLanguage":"fi"}]}},"jetpack_sharing_enabled":true,"_links":{"self":[{"href":"https:\/\/www.duunauspalvelutjarvi.fi\/index.php?rest_route=\/wp\/v2\/product\/6538","targetHints":{"allow":["GET"]}}],"collection":[{"href":"https:\/\/www.duunauspalvelutjarvi.fi\/index.php?rest_route=\/wp\/v2\/product"}],"about":[{"href":"https:\/\/www.duunauspalvelutjarvi.fi\/index.php?rest_route=\/wp\/v2\/types\/product"}],"replies":[{"embeddable":true,"href":"https:\/\/www.duunauspalvelutjarvi.fi\/index.php?rest_route=%2Fwp%2Fv2%2Fcomments&post=6538"}],"wp:attachment":[{"href":"https:\/\/www.duunauspalvelutjarvi.fi\/index.php?rest_route=%2Fwp%2Fv2%2Fmedia&parent=6538"}],"wp:term":[{"taxonomy":"product_brand","embeddable":true,"href":"https:\/\/www.duunauspalvelutjarvi.fi\/index.php?rest_route=%2Fwp%2Fv2%2Fproduct_brand&post=6538"},{"taxonomy":"product_cat","embeddable":true,"href":"https:\/\/www.duunauspalvelutjarvi.fi\/index.php?rest_route=%2Fwp%2Fv2%2Fproduct_cat&post=6538"},{"taxonomy":"product_tag","embeddable":true,"href":"https:\/\/www.duunauspalvelutjarvi.fi\/index.php?rest_route=%2Fwp%2Fv2%2Fproduct_tag&post=6538"}],"curies":[{"name":"wp","href":"https:\/\/api.w.org\/{rel}","templated":true}]}}