{"id":6547,"date":"2021-04-14T00:24:08","date_gmt":"2021-04-13T21:24:08","guid":{"rendered":"https:\/\/www.duunauspalvelutjarvi.fi\/?post_type=product&#038;p=6547"},"modified":"2021-04-14T00:24:09","modified_gmt":"2021-04-13T21:24:09","slug":"union-9-led-24lm-taskulamppu","status":"publish","type":"product","link":"https:\/\/www.duunauspalvelutjarvi.fi\/?product=union-9-led-24lm-taskulamppu","title":{"rendered":"Union 9 Led 24lm taskulamppu"},"content":{"rendered":"<div class=\"row\">\n<div class=\"col-12 col-lg-10\">\n<div class=\"ProductPageContent__description\">\n<div class=\"WysiwygContent\">Pieni ja k\u00e4tev\u00e4 taskulamppu kotiin tai autoon.<\/p>\n<p>Huom!<br \/>\nei sis\u00e4ll\u00e4 paristoja.<\/p>\n<p>Yhteensopiva paristo:<br \/>\nAAA-paristo 3kpl<\/p><\/div>\n<\/div>\n<\/div>\n<div class=\"ProductPageContent__description-details col-sm-12 col-lg-2\">\n<div>\n<h6>Lis\u00e4tiedot<\/h6>\n<div>\n<div class=\"ProductExtraInfo ProductExtraInfo--single-column\">\n<ul class=\"inline-dot\">\n<li>Tuotekoodi:\u00a04250175833408<\/li>\n<li>EAN: 4250175833408<\/li>\n<li><span class=\"ProductWarranty\">Takuu:\u00a0<span class=\"ProductWarranty__warranty\">6 kuukautta<\/span><\/span><\/li>\n<li>Paino:\u00a035 g<\/li>\n<\/ul>\n<\/div>\n<\/div>\n<\/div>\n<\/div>\n<\/div>\n<div class=\"row\"><\/div>\n","protected":false},"excerpt":{"rendered":"<p>Pieni ja k\u00e4tev\u00e4 taskulamppu kotiin tai autoon. Huom! ei sis\u00e4ll\u00e4 paristoja. Yhteensopiva paristo: AAA-paristo 3kpl Lis\u00e4tiedot Tuotekoodi:\u00a04250175833408 EAN: 4250175833408 Takuu:\u00a06 kuukautta Paino:\u00a035 g<\/p>\n","protected":false},"featured_media":0,"comment_status":"open","ping_status":"closed","template":"","meta":[],"product_brand":[],"product_cat":[453],"product_tag":[],"class_list":{"0":"post-6547","1":"product","2":"type-product","3":"status-publish","5":"product_cat-taskulamput","7":"first","8":"instock","9":"taxable","10":"shipping-taxable","11":"purchasable","12":"product-type-simple"},"yoast_head":"<!-- This site is optimized with the Yoast SEO plugin v27.5 - https:\/\/yoast.com\/product\/yoast-seo-wordpress\/ -->\n<title>Union 9 Led 24lm taskulamppu -<\/title>\n<meta name=\"robots\" content=\"index, follow, max-snippet:-1, max-image-preview:large, max-video-preview:-1\" \/>\n<link rel=\"canonical\" href=\"https:\/\/www.duunauspalvelutjarvi.fi\/?product=union-9-led-24lm-taskulamppu\" \/>\n<meta property=\"og:locale\" content=\"fi_FI\" \/>\n<meta property=\"og:type\" content=\"article\" \/>\n<meta property=\"og:title\" content=\"Union 9 Led 24lm taskulamppu -\" \/>\n<meta property=\"og:description\" content=\"Pieni ja k\u00e4tev\u00e4 taskulamppu kotiin tai autoon. Huom! ei sis\u00e4ll\u00e4 paristoja. Yhteensopiva paristo: AAA-paristo 3kpl Lis\u00e4tiedot Tuotekoodi:\u00a04250175833408 EAN: 4250175833408 Takuu:\u00a06 kuukautta Paino:\u00a035 g\" \/>\n<meta property=\"og:url\" content=\"https:\/\/www.duunauspalvelutjarvi.fi\/?product=union-9-led-24lm-taskulamppu\" \/>\n<meta property=\"article:modified_time\" content=\"2021-04-13T21:24:09+00:00\" \/>\n<meta name=\"twitter:card\" content=\"summary_large_image\" \/>\n<script type=\"application\/ld+json\" class=\"yoast-schema-graph\">{\"@context\":\"https:\\\/\\\/schema.org\",\"@graph\":[{\"@type\":\"WebPage\",\"@id\":\"https:\\\/\\\/www.duunauspalvelutjarvi.fi\\\/?product=union-9-led-24lm-taskulamppu\",\"url\":\"https:\\\/\\\/www.duunauspalvelutjarvi.fi\\\/?product=union-9-led-24lm-taskulamppu\",\"name\":\"Union 9 Led 24lm taskulamppu -\",\"isPartOf\":{\"@id\":\"https:\\\/\\\/www.duunauspalvelutjarvi.fi\\\/#website\"},\"datePublished\":\"2021-04-13T21:24:08+00:00\",\"dateModified\":\"2021-04-13T21:24:09+00:00\",\"breadcrumb\":{\"@id\":\"https:\\\/\\\/www.duunauspalvelutjarvi.fi\\\/?product=union-9-led-24lm-taskulamppu#breadcrumb\"},\"inLanguage\":\"fi\",\"potentialAction\":[{\"@type\":\"ReadAction\",\"target\":[\"https:\\\/\\\/www.duunauspalvelutjarvi.fi\\\/?product=union-9-led-24lm-taskulamppu\"]}]},{\"@type\":\"BreadcrumbList\",\"@id\":\"https:\\\/\\\/www.duunauspalvelutjarvi.fi\\\/?product=union-9-led-24lm-taskulamppu#breadcrumb\",\"itemListElement\":[{\"@type\":\"ListItem\",\"position\":1,\"name\":\"Etusivu\",\"item\":\"https:\\\/\\\/www.duunauspalvelutjarvi.fi\\\/\"},{\"@type\":\"ListItem\",\"position\":2,\"name\":\"Etusivu\",\"item\":\"https:\\\/\\\/www.duunauspalvelutjarvi.fi\\\/\"},{\"@type\":\"ListItem\",\"position\":3,\"name\":\"Union 9 Led 24lm taskulamppu\"}]},{\"@type\":\"WebSite\",\"@id\":\"https:\\\/\\\/www.duunauspalvelutjarvi.fi\\\/#website\",\"url\":\"https:\\\/\\\/www.duunauspalvelutjarvi.fi\\\/\",\"name\":\"\",\"description\":\"\",\"potentialAction\":[{\"@type\":\"SearchAction\",\"target\":{\"@type\":\"EntryPoint\",\"urlTemplate\":\"https:\\\/\\\/www.duunauspalvelutjarvi.fi\\\/?s={search_term_string}\"},\"query-input\":{\"@type\":\"PropertyValueSpecification\",\"valueRequired\":true,\"valueName\":\"search_term_string\"}}],\"inLanguage\":\"fi\"}]}<\/script>\n<!-- \/ Yoast SEO plugin. -->","yoast_head_json":{"title":"Union 9 Led 24lm taskulamppu -","robots":{"index":"index","follow":"follow","max-snippet":"max-snippet:-1","max-image-preview":"max-image-preview:large","max-video-preview":"max-video-preview:-1"},"canonical":"https:\/\/www.duunauspalvelutjarvi.fi\/?product=union-9-led-24lm-taskulamppu","og_locale":"fi_FI","og_type":"article","og_title":"Union 9 Led 24lm taskulamppu -","og_description":"Pieni ja k\u00e4tev\u00e4 taskulamppu kotiin tai autoon. Huom! ei sis\u00e4ll\u00e4 paristoja. Yhteensopiva paristo: AAA-paristo 3kpl Lis\u00e4tiedot Tuotekoodi:\u00a04250175833408 EAN: 4250175833408 Takuu:\u00a06 kuukautta Paino:\u00a035 g","og_url":"https:\/\/www.duunauspalvelutjarvi.fi\/?product=union-9-led-24lm-taskulamppu","article_modified_time":"2021-04-13T21:24:09+00:00","twitter_card":"summary_large_image","schema":{"@context":"https:\/\/schema.org","@graph":[{"@type":"WebPage","@id":"https:\/\/www.duunauspalvelutjarvi.fi\/?product=union-9-led-24lm-taskulamppu","url":"https:\/\/www.duunauspalvelutjarvi.fi\/?product=union-9-led-24lm-taskulamppu","name":"Union 9 Led 24lm taskulamppu -","isPartOf":{"@id":"https:\/\/www.duunauspalvelutjarvi.fi\/#website"},"datePublished":"2021-04-13T21:24:08+00:00","dateModified":"2021-04-13T21:24:09+00:00","breadcrumb":{"@id":"https:\/\/www.duunauspalvelutjarvi.fi\/?product=union-9-led-24lm-taskulamppu#breadcrumb"},"inLanguage":"fi","potentialAction":[{"@type":"ReadAction","target":["https:\/\/www.duunauspalvelutjarvi.fi\/?product=union-9-led-24lm-taskulamppu"]}]},{"@type":"BreadcrumbList","@id":"https:\/\/www.duunauspalvelutjarvi.fi\/?product=union-9-led-24lm-taskulamppu#breadcrumb","itemListElement":[{"@type":"ListItem","position":1,"name":"Etusivu","item":"https:\/\/www.duunauspalvelutjarvi.fi\/"},{"@type":"ListItem","position":2,"name":"Etusivu","item":"https:\/\/www.duunauspalvelutjarvi.fi\/"},{"@type":"ListItem","position":3,"name":"Union 9 Led 24lm taskulamppu"}]},{"@type":"WebSite","@id":"https:\/\/www.duunauspalvelutjarvi.fi\/#website","url":"https:\/\/www.duunauspalvelutjarvi.fi\/","name":"","description":"","potentialAction":[{"@type":"SearchAction","target":{"@type":"EntryPoint","urlTemplate":"https:\/\/www.duunauspalvelutjarvi.fi\/?s={search_term_string}"},"query-input":{"@type":"PropertyValueSpecification","valueRequired":true,"valueName":"search_term_string"}}],"inLanguage":"fi"}]}},"jetpack_sharing_enabled":true,"_links":{"self":[{"href":"https:\/\/www.duunauspalvelutjarvi.fi\/index.php?rest_route=\/wp\/v2\/product\/6547","targetHints":{"allow":["GET"]}}],"collection":[{"href":"https:\/\/www.duunauspalvelutjarvi.fi\/index.php?rest_route=\/wp\/v2\/product"}],"about":[{"href":"https:\/\/www.duunauspalvelutjarvi.fi\/index.php?rest_route=\/wp\/v2\/types\/product"}],"replies":[{"embeddable":true,"href":"https:\/\/www.duunauspalvelutjarvi.fi\/index.php?rest_route=%2Fwp%2Fv2%2Fcomments&post=6547"}],"wp:attachment":[{"href":"https:\/\/www.duunauspalvelutjarvi.fi\/index.php?rest_route=%2Fwp%2Fv2%2Fmedia&parent=6547"}],"wp:term":[{"taxonomy":"product_brand","embeddable":true,"href":"https:\/\/www.duunauspalvelutjarvi.fi\/index.php?rest_route=%2Fwp%2Fv2%2Fproduct_brand&post=6547"},{"taxonomy":"product_cat","embeddable":true,"href":"https:\/\/www.duunauspalvelutjarvi.fi\/index.php?rest_route=%2Fwp%2Fv2%2Fproduct_cat&post=6547"},{"taxonomy":"product_tag","embeddable":true,"href":"https:\/\/www.duunauspalvelutjarvi.fi\/index.php?rest_route=%2Fwp%2Fv2%2Fproduct_tag&post=6547"}],"curies":[{"name":"wp","href":"https:\/\/api.w.org\/{rel}","templated":true}]}}